{"id":1218,"date":"2019-04-04T10:21:43","date_gmt":"2019-04-04T10:21:43","guid":{"rendered":"https:\/\/skin-heal.com\/?page_id=1218"},"modified":"2024-09-17T18:09:58","modified_gmt":"2024-09-17T15:09:58","slug":"about-us","status":"publish","type":"page","link":"https:\/\/skin-heal.com\/es\/about-us\/","title":{"rendered":"Sobre nosotros"},"content":{"rendered":"<p><strong>Curaci\u00f3n de la piel<\/strong> es una empresa minorista en l\u00ednea en r\u00e1pida expansi\u00f3n que se fund\u00f3 a finales de la d\u00e9cada de 2010. Desde el primer d\u00eda, nuestro objetivo ha sido ofrecer a nuestros clientes una amplia gama de productos, comodidad y flexibilidad, y ayudarles a disfrutar de todo ello sin tener que gastarse una fortuna. Distribuir productos de belleza aut\u00e9nticos y eficaces y productos sanitarios probados a fondo es <em>nuestra especialidad<\/em>Ser los mejores en lo que hacemos es <em>nuestra ambici\u00f3n<\/em> y la felicidad de nuestros clientes es <em>nuestra pasi\u00f3n<\/em>.<\/p>\r\n\r\n\r\n\r\n<h2 class=\"wp-block-heading\">Qui\u00e9nes somos<\/h2>\r\n\r\n\r\n\r\n<p>Skin Heal es un programa oficial y <em>minorista y proveedor mayorista en l\u00ednea debidamente autorizado<\/em> de una incre\u00edble selecci\u00f3n de aparatos, productos, suministros y suplementos de primera calidad que han sido aprobados para su uso en diversos tratamientos m\u00e9dicos y de belleza. Nuestro educado equipo est\u00e1 formado por especialistas experimentados que cuentan con muchos a\u00f1os de experiencia en ese campo. Por lo tanto, no somos un minorista m\u00e1s que s\u00f3lo se centra en obtener beneficios. Por el contrario, somos expertos motivados que desean utilizar sus conocimientos en la materia y todos los \u00faltimos avances en la industria m\u00e9dica y antienvejecimiento para ayudar a los clientes a encontrar un producto adecuado para ellos.<\/p>\r\n\r\n\r\n\r\n<h2 class=\"wp-block-heading\">Qu\u00e9 vendemos<\/h2>\r\n\r\n\r\n\r\n<p>Basta con echar un vistazo a nuestro cat\u00e1logo para darse cuenta de lo vers\u00e1til que es nuestra selecci\u00f3n de productos. Adem\u00e1s, esa selecci\u00f3n se ampl\u00eda y mejora constantemente porque nunca dejamos de buscar ese pr\u00f3ximo avance antienvejecimiento o milagro de rejuvenecimiento cosm\u00e9tico. Cuando empezamos, nos centramos principalmente en distribuir <strong>rellenos d\u00e9rmicos de HA e inyecciones de mesoterapia populares<\/strong>. Sin embargo, poco despu\u00e9s empezamos a a\u00f1adir m\u00e1s y m\u00e1s soluciones de primera categor\u00eda a nuestro cat\u00e1logo. Por eso ahora puede contar con Skin Heal siempre que quiera hacer un pedido:<\/p>\r\n\r\n\r\n\r\n<ul class=\"wp-block-list\">\r\n<li><em>Rellenos cut\u00e1neos e inyecciones labiales de alta calidad<\/em><\/li>\r\n<li><em>Productos avanzados de mesoterapia<\/em><\/li>\r\n<li><em>Innovadores kits de PRP<\/em><\/li>\r\n<li><em>Soluciones seguras para resolver la grasa<\/em><\/li>\r\n<li><em>Productos cosm\u00e9ticos de venta r\u00e1pida<\/em><\/li>\r\n<li><em>Suplementos para mejorar la salud<\/em><\/li>\r\n<li><em>C\u00e1nulas revisadas y esterilizadas<\/em><\/li>\r\n<\/ul>\r\n\r\n\r\n\r\n<p>Cualquier art\u00edculo que compre a trav\u00e9s de nosotros procede de un fabricante fiable y de renombre y tiene un precio competitivo. S\u00f3lo vendemos productos aut\u00e9nticos y no falsificaciones, por lo que, con nosotros, su dinero siempre estar\u00e1 bien invertido, ya que lo gastar\u00e1 en productos de excelente calidad y eficacia garantizada. Todos y cada uno de los revolucionarios productos y dispositivos antiarrugas y de rejuvenecimiento cosm\u00e9tico que ofrecemos se fabrican y distribuyen en todo el mundo. <em>cumpliendo todas las normas internacionales de seguridad y calidad<\/em>. Aqu\u00ed puedes encontrar marcas de primera l\u00ednea como:<\/p>\r\n\r\n\r\n\r\n<ul class=\"wp-block-list\">\r\n<li><strong>Monalisa<\/strong><\/li>\r\n<li><strong>Teosyal<\/strong><\/li>\r\n<li><strong>Juvederm<\/strong><\/li>\r\n<li><strong>Stylage<\/strong><\/li>\r\n<li><strong>Restylane<\/strong><\/li>\r\n<li><strong>Laboratorio Lipo<\/strong><\/li>\r\n<li><strong>Dermaheal<\/strong><\/li>\r\n<\/ul>\r\n\r\n\r\n\r\n<h3 class=\"wp-block-heading\">Suministramos productos de primera calidad en todo el mundo<\/h3>\r\n\r\n\r\n\r\n<p>Skin Heal es un minorista y distribuidor mayorista en l\u00ednea \u00fanico de productos cosm\u00e9ticos antienvejecimiento de confianza y de dispositivos y suplementos m\u00e9dicos innovadores porque ofrecemos env\u00edos internacionales. Con nosotros, disfrutar\u00e1 de una entrega eficiente en el tiempo a cualquier pa\u00eds. Nos hemos asociado con las mejores empresas de env\u00edos internacionales para garantizar la comodidad de nuestros servicios de compra.<\/p>\r\n\r\n\r\n\r\n<p>Puede ponerse en contacto con nosotros por tel\u00e9fono, correo electr\u00f3nico o a trav\u00e9s de nuestro formulario de contacto en l\u00ednea. Nuestro amable y atento personal est\u00e1 a su disposici\u00f3n de lunes a viernes de 9 a 17 CET para responder a sus preguntas.<\/p>\r\n\r\n\r\n<hr class=\"wp-block-separator is-style-wide\" \/>\r\n\r\n\r\n<div class=\"wp-block-columns has-2-columns is-layout-flex wp-container-core-columns-is-layout-9d6595d7 wp-block-columns-is-layout-flex\">\r\n<div class=\"wp-block-column is-layout-flow wp-block-column-is-layout-flow\">\r\n<figure>Georock Desing SRL<\/figure>\r\n<\/div>\r\n\r\n\r\n\r\n<div class=\"wp-block-column is-layout-flow wp-block-column-is-layout-flow\">\r\n<div class=\"wp-block-columns\">\r\n<div class=\"wp-block-column\">\r\n\r\n\r\n<p>Reg. 38115792<br \/>Poporului Nr. 36<br \/>900178 Constanta, Ruman\u00eda<\/p>\r\n<\/div>\r\n\r\n\r\n\r\n<div class=\"wp-block-column is-layout-flow wp-block-column-is-layout-flow\"><\/div>\r\n<\/div>\r\n<!-- \/wp:post-content -->\r\n\r\n<!-- wp:paragraph -->\r\n<p>Tel (RO): +40 (312) 295-414<br \/>Tel (EE.UU.): +1 (201) 366-6420<br \/>Tel (Reino Unido): +44 (560) 372-8671<br \/>Correo electr\u00f3nico: office@skin-heal.com<\/p>\r\n<!-- \/wp:paragraph --><\/div>\r\n<!-- \/wp:column --><\/div>\r\n<!-- \/wp:columns -->\r\n\r\n<!-- wp:paragraph -->\r\n<p>&nbsp;<\/p>\r\n<!-- \/wp:paragraph -->","protected":false},"excerpt":{"rendered":"<p>Skin Heal es una empresa de venta online en r\u00e1pida expansi\u00f3n que se cre\u00f3 a finales de la d\u00e9cada de 2010. Desde el primer d\u00eda, nuestro objetivo ha sido proporcionar a nuestros clientes una amplia selecci\u00f3n, comodidad y flexibilidad, y ayudarles a disfrutar de todo ello sin tener que gastar una fortuna. Nuestra especialidad es distribuir productos de belleza aut\u00e9nticos y eficaces, as\u00ed como dispositivos m\u00e9dicos probados... <\/p>","protected":false},"author":1,"featured_media":0,"parent":0,"menu_order":0,"comment_status":"closed","ping_status":"closed","template":"","meta":{"footnotes":""},"class_list":["post-1218","page","type-page","status-publish","hentry","clearfix"],"yoast_head":"<!-- This site is optimized with the Yoast SEO plugin v27.4 - https:\/\/yoast.com\/product\/yoast-seo-wordpress\/ -->\n<title>About Us - Skin Heal<\/title>\n<meta name=\"description\" content=\"Use Skin Heal for superb cosmetic products and medical devices. We are the best wholesale distributor of HA-based dermal fillers and mesotherapy solutions.\" \/>\n<meta name=\"robots\" content=\"index, follow, max-snippet:-1, max-image-preview:large, max-video-preview:-1\" \/>\n<link rel=\"canonical\" href=\"https:\/\/skin-heal.com\/es\/about-us\/\" \/>\n<meta property=\"og:locale\" content=\"es_MX\" \/>\n<meta property=\"og:type\" content=\"article\" \/>\n<meta property=\"og:title\" content=\"About Us - Skin Heal\" \/>\n<meta property=\"og:description\" content=\"Use Skin Heal for superb cosmetic products and medical devices. We are the best wholesale distributor of HA-based dermal fillers and mesotherapy solutions.\" \/>\n<meta property=\"og:url\" content=\"https:\/\/skin-heal.com\/es\/about-us\/\" \/>\n<meta property=\"og:site_name\" content=\"Skin Heal\" \/>\n<meta property=\"article:modified_time\" content=\"2024-09-17T15:09:58+00:00\" \/>\n<meta property=\"og:image\" content=\"https:\/\/cdn.skin-heal.com\/wp-content\/uploads\/2018\/11\/SH-logo-3.png\" \/>\n\t<meta property=\"og:image:width\" content=\"350\" \/>\n\t<meta property=\"og:image:height\" content=\"139\" \/>\n\t<meta property=\"og:image:type\" content=\"image\/png\" \/>\n<meta name=\"twitter:card\" content=\"summary_large_image\" \/>\n<meta name=\"twitter:label1\" content=\"Tiempo de lectura\" \/>\n\t<meta name=\"twitter:data1\" content=\"3 minutos\" \/>\n<script type=\"application\/ld+json\" class=\"yoast-schema-graph\">{\"@context\":\"https:\\\/\\\/schema.org\",\"@graph\":[{\"@type\":\"WebPage\",\"@id\":\"https:\\\/\\\/skin-heal.com\\\/about-us\\\/\",\"url\":\"https:\\\/\\\/skin-heal.com\\\/about-us\\\/\",\"name\":\"About Us - Skin Heal\",\"isPartOf\":{\"@id\":\"https:\\\/\\\/skin-heal.com\\\/#website\"},\"datePublished\":\"2019-04-04T10:21:43+00:00\",\"dateModified\":\"2024-09-17T15:09:58+00:00\",\"description\":\"Use Skin Heal for superb cosmetic products and medical devices. We are the best wholesale distributor of HA-based dermal fillers and mesotherapy solutions.\",\"breadcrumb\":{\"@id\":\"https:\\\/\\\/skin-heal.com\\\/about-us\\\/#breadcrumb\"},\"inLanguage\":\"es\",\"potentialAction\":[{\"@type\":\"ReadAction\",\"target\":[\"https:\\\/\\\/skin-heal.com\\\/about-us\\\/\"]}]},{\"@type\":\"BreadcrumbList\",\"@id\":\"https:\\\/\\\/skin-heal.com\\\/about-us\\\/#breadcrumb\",\"itemListElement\":[{\"@type\":\"ListItem\",\"position\":1,\"name\":\"Home\",\"item\":\"https:\\\/\\\/skin-heal.com\\\/\"},{\"@type\":\"ListItem\",\"position\":2,\"name\":\"About Us\"}]},{\"@type\":\"WebSite\",\"@id\":\"https:\\\/\\\/skin-heal.com\\\/#website\",\"url\":\"https:\\\/\\\/skin-heal.com\\\/\",\"name\":\"Skin Heal\",\"description\":\"Lowest Prices for Dermal Fillers\",\"potentialAction\":[{\"@type\":\"SearchAction\",\"target\":{\"@type\":\"EntryPoint\",\"urlTemplate\":\"https:\\\/\\\/skin-heal.com\\\/?s={search_term_string}\"},\"query-input\":{\"@type\":\"PropertyValueSpecification\",\"valueRequired\":true,\"valueName\":\"search_term_string\"}}],\"inLanguage\":\"es\"}]}<\/script>\n<!-- \/ Yoast SEO plugin. -->","yoast_head_json":{"title":"Sobre nosotros - Skin Heal","description":"Utilice Skin Heal para obtener excelentes productos cosm\u00e9ticos y dispositivos m\u00e9dicos. Somos el mejor distribuidor mayorista de rellenos d\u00e9rmicos a base de HA y soluciones de mesoterapia.","robots":{"index":"index","follow":"follow","max-snippet":"max-snippet:-1","max-image-preview":"max-image-preview:large","max-video-preview":"max-video-preview:-1"},"canonical":"https:\/\/skin-heal.com\/es\/about-us\/","og_locale":"es_MX","og_type":"article","og_title":"About Us - Skin Heal","og_description":"Use Skin Heal for superb cosmetic products and medical devices. We are the best wholesale distributor of HA-based dermal fillers and mesotherapy solutions.","og_url":"https:\/\/skin-heal.com\/es\/about-us\/","og_site_name":"Skin Heal","article_modified_time":"2024-09-17T15:09:58+00:00","og_image":[{"width":350,"height":139,"url":"https:\/\/cdn.skin-heal.com\/wp-content\/uploads\/2018\/11\/SH-logo-3.png","type":"image\/png"}],"twitter_card":"summary_large_image","twitter_misc":{"Tiempo de lectura":"3 minutos"},"schema":{"@context":"https:\/\/schema.org","@graph":[{"@type":"WebPage","@id":"https:\/\/skin-heal.com\/about-us\/","url":"https:\/\/skin-heal.com\/about-us\/","name":"Sobre nosotros - Skin Heal","isPartOf":{"@id":"https:\/\/skin-heal.com\/#website"},"datePublished":"2019-04-04T10:21:43+00:00","dateModified":"2024-09-17T15:09:58+00:00","description":"Utilice Skin Heal para obtener excelentes productos cosm\u00e9ticos y dispositivos m\u00e9dicos. Somos el mejor distribuidor mayorista de rellenos d\u00e9rmicos a base de HA y soluciones de mesoterapia.","breadcrumb":{"@id":"https:\/\/skin-heal.com\/about-us\/#breadcrumb"},"inLanguage":"es","potentialAction":[{"@type":"ReadAction","target":["https:\/\/skin-heal.com\/about-us\/"]}]},{"@type":"BreadcrumbList","@id":"https:\/\/skin-heal.com\/about-us\/#breadcrumb","itemListElement":[{"@type":"ListItem","position":1,"name":"Home","item":"https:\/\/skin-heal.com\/"},{"@type":"ListItem","position":2,"name":"About Us"}]},{"@type":"WebSite","@id":"https:\/\/skin-heal.com\/#website","url":"https:\/\/skin-heal.com\/","name":"Curaci\u00f3n de la piel","description":"Los precios m\u00e1s bajos para los rellenos d\u00e9rmicos","potentialAction":[{"@type":"SearchAction","target":{"@type":"EntryPoint","urlTemplate":"https:\/\/skin-heal.com\/?s={search_term_string}"},"query-input":{"@type":"PropertyValueSpecification","valueRequired":true,"valueName":"search_term_string"}}],"inLanguage":"es"}]}},"_links":{"self":[{"href":"https:\/\/skin-heal.com\/es\/wp-json\/wp\/v2\/pages\/1218","targetHints":{"allow":["GET"]}}],"collection":[{"href":"https:\/\/skin-heal.com\/es\/wp-json\/wp\/v2\/pages"}],"about":[{"href":"https:\/\/skin-heal.com\/es\/wp-json\/wp\/v2\/types\/page"}],"author":[{"embeddable":true,"href":"https:\/\/skin-heal.com\/es\/wp-json\/wp\/v2\/users\/1"}],"replies":[{"embeddable":true,"href":"https:\/\/skin-heal.com\/es\/wp-json\/wp\/v2\/comments?post=1218"}],"version-history":[{"count":11,"href":"https:\/\/skin-heal.com\/es\/wp-json\/wp\/v2\/pages\/1218\/revisions"}],"predecessor-version":[{"id":36686,"href":"https:\/\/skin-heal.com\/es\/wp-json\/wp\/v2\/pages\/1218\/revisions\/36686"}],"wp:attachment":[{"href":"https:\/\/skin-heal.com\/es\/wp-json\/wp\/v2\/media?parent=1218"}],"curies":[{"name":"wp","href":"https:\/\/api.w.org\/{rel}","templated":true}]}}