{"id":558,"date":"2018-11-19T13:35:46","date_gmt":"2018-11-19T13:35:46","guid":{"rendered":"https:\/\/skin-heal.com\/?page_id=558"},"modified":"2024-09-17T18:10:42","modified_gmt":"2024-09-17T15:10:42","slug":"contact-us","status":"publish","type":"page","link":"https:\/\/skin-heal.com\/es\/contact-us\/","title":{"rendered":"Contacto"},"content":{"rendered":"<div id=\"pl-558\"  class=\"panel-layout\" >\n<div id=\"pg-558-0\"  class=\"panel-grid panel-no-style\"  data-style=\"{&quot;background_image_attachment&quot;:false,&quot;background_display&quot;:&quot;tile&quot;,&quot;full_height&quot;:&quot;&quot;,&quot;lsow_dark_bg&quot;:&quot;&quot;,&quot;cell_alignment&quot;:&quot;flex-start&quot;}\" >\n<div id=\"pgc-558-0-0\"  class=\"panel-grid-cell\"  data-weight=\"0.24998504818223\" >\n<div id=\"panel-558-0-0-0\" class=\"so-panel widget widget_sow-editor panel-first-child panel-last-child widgetopts-SO\" data-index=\"0\" data-style=\"{&quot;background_image_attachment&quot;:false,&quot;background_display&quot;:&quot;tile&quot;,&quot;background_image_size&quot;:&quot;full&quot;,&quot;background_image_opacity&quot;:&quot;100&quot;,&quot;border_thickness&quot;:&quot;1px&quot;}\" >\n<div\n\t\t\t\n\t\t\tclass=\"so-widget-sow-editor so-widget-sow-editor-base\"\n\t\t\t\n\t\t><\/p>\n<div class=\"siteorigin-widget-tinymce textwidget\">\n\t<strong>Georock Desing SRL<\/strong><\/p>\n<p>VAT: RO38115792<br \/>\nPoporului Nr. 36<br \/>\n900178 Constanta, Romania<\/p>\n<p>Tel: <a href=\"tel:+40312295414\">+40 (312) 295-414<\/a><br \/>\nTel: <a href=\"tel:+12013666420\">+1 (201) 366-6420<\/a><br \/>\nTel: <a href=\"tel:+445603728671\">+44 (560) 372-8671<\/a><br \/>\nEmail: <a href=\"mailto:office@skin-heal.com\">office@skin-heal.com<\/a><\/p>\n<p>Work Time &#8211; 09:00-17:00 CET<br \/>\nMonday to Friday<\/p><\/div>\n<\/div>\n<\/div>\n<\/div>\n<div id=\"pgc-558-0-1\"  class=\"panel-grid-cell\"  data-weight=\"0.75001495181777\" >\n<div id=\"panel-558-0-1-0\" class=\"so-panel widget widget_custom_html panel-first-child panel-last-child\" data-index=\"1\" data-style=\"{&quot;id&quot;:&quot;cpage-form&quot;,&quot;background_image_attachment&quot;:false,&quot;background_display&quot;:&quot;tile&quot;}\" >\n<div id=\"cpage-form\" class=\"panel-widget-style panel-widget-style-for-558-0-1-0\" >[siteorigin_widget class=&#8221;WP_Widget_Custom_HTML&#8221;]<input type=\"hidden\" value=\"{&quot;instance&quot;:{&quot;title&quot;:&quot;&quot;,&quot;content&quot;:&quot;&lt;p class=&quot;wpcf7-contact-form-not-found&quot;&gt;&lt;strong&gt;Error:&lt;\/strong&gt; No se encontr\u00f3 ning\u00fan formulario de contacto.&lt;\/p&gt;&quot;,&quot;id&quot;:&quot;custom_html-55810001&quot;,&quot;option_name&quot;:&quot;widget_custom_html&quot;,&quot;so_sidebar_emulator_id&quot;:&quot;custom_html-55810001&quot;},&quot;args&quot;:{&quot;before_widget&quot;:&quot;&lt;div id=\\&quot;panel-558-0-1-0\\&quot; class=\\&quot;so-panel widget widget_custom_html panel-first-child panel-last-child\\&quot; data-index=\\&quot;1\\&quot; data-style=\\&quot;{&amp;quot;id&amp;quot;:&amp;quot;cpage-form&amp;quot;,&amp;quot;background_image_attachment&amp;quot;:false,&amp;quot;background_display&amp;quot;:&amp;quot;tile&amp;quot;}\\&quot; &gt;&lt;div id=\\&quot;cpage-form\\&quot; class=\\&quot;panel-widget-style panel-widget-style-for-558-0-1-0\\&quot; &gt;&quot;,&quot;after_widget&quot;:&quot;&lt;\\\/div&gt;&lt;\\\/div&gt;&quot;,&quot;before_title&quot;:&quot;&lt;h3 class=\\&quot;widget-title\\&quot;&gt;&quot;,&quot;after_title&quot;:&quot;&lt;\\\/h3&gt;&quot;,&quot;widget_id&quot;:&quot;widget-0-1-0&quot;}}\" \/>[\/siteorigin_widget]<\/div>\n<\/div>\n<\/div>\n<\/div>\n<\/div>\n","protected":false},"excerpt":{"rendered":"<p>Georock Desing SRL VAT: RO38115792 Poporului Nr. 36 900178 Constanta, Romania Tel: +40 (312) 295-414 Tel: +1 (201) 366-6420 Tel: +44 (560) 372-8671 Email: office@skin-heal.com Work Time &#8211; 09:00-17:00 CET Monday to Friday [siteorigin_widget class=&#8221;WP_Widget_Custom_HTML&#8221;][\/siteorigin_widget]<\/p>\n","protected":false},"author":1,"featured_media":0,"parent":0,"menu_order":0,"comment_status":"closed","ping_status":"closed","template":"","meta":{"footnotes":""},"class_list":["post-558","page","type-page","status-publish","hentry","clearfix"],"yoast_head":"<!-- This site is optimized with the Yoast SEO plugin v27.3 - https:\/\/yoast.com\/product\/yoast-seo-wordpress\/ -->\n<title>Contact Us - Skin Heal<\/title>\n<meta name=\"description\" content=\"Contact us, at Skin Heal, for more information on the top-notch dermal fillers, mesotherapy products and health-friendly Botox injectables on our catalog.\" \/>\n<meta name=\"robots\" content=\"index, follow, max-snippet:-1, max-image-preview:large, max-video-preview:-1\" \/>\n<link rel=\"canonical\" href=\"https:\/\/skin-heal.com\/es\/contact-us\/\" \/>\n<meta property=\"og:locale\" content=\"es_MX\" \/>\n<meta property=\"og:type\" content=\"article\" \/>\n<meta property=\"og:title\" content=\"Contact Us - Skin Heal\" \/>\n<meta property=\"og:description\" content=\"Contact us, at Skin Heal, for more information on the top-notch dermal fillers, mesotherapy products and health-friendly Botox injectables on our catalog.\" \/>\n<meta property=\"og:url\" content=\"https:\/\/skin-heal.com\/es\/contact-us\/\" \/>\n<meta property=\"og:site_name\" content=\"Skin Heal\" \/>\n<meta property=\"article:modified_time\" content=\"2024-09-17T15:10:42+00:00\" \/>\n<meta property=\"og:image\" content=\"https:\/\/cdn.skin-heal.com\/wp-content\/uploads\/2018\/11\/SH-logo-3.png\" \/>\n\t<meta property=\"og:image:width\" content=\"350\" \/>\n\t<meta property=\"og:image:height\" content=\"139\" \/>\n\t<meta property=\"og:image:type\" content=\"image\/png\" \/>\n<meta name=\"twitter:card\" content=\"summary_large_image\" \/>\n<meta name=\"twitter:label1\" content=\"Tiempo de lectura\" \/>\n\t<meta name=\"twitter:data1\" content=\"1 minuto\" \/>\n<script type=\"application\/ld+json\" class=\"yoast-schema-graph\">{\"@context\":\"https:\\\/\\\/schema.org\",\"@graph\":[{\"@type\":\"WebPage\",\"@id\":\"https:\\\/\\\/skin-heal.com\\\/contact-us\\\/\",\"url\":\"https:\\\/\\\/skin-heal.com\\\/contact-us\\\/\",\"name\":\"Contact Us - Skin Heal\",\"isPartOf\":{\"@id\":\"https:\\\/\\\/skin-heal.com\\\/#website\"},\"datePublished\":\"2018-11-19T13:35:46+00:00\",\"dateModified\":\"2024-09-17T15:10:42+00:00\",\"description\":\"Contact us, at Skin Heal, for more information on the top-notch dermal fillers, mesotherapy products and health-friendly Botox injectables on our catalog.\",\"breadcrumb\":{\"@id\":\"https:\\\/\\\/skin-heal.com\\\/contact-us\\\/#breadcrumb\"},\"inLanguage\":\"es\",\"potentialAction\":[{\"@type\":\"ReadAction\",\"target\":[\"https:\\\/\\\/skin-heal.com\\\/contact-us\\\/\"]}]},{\"@type\":\"BreadcrumbList\",\"@id\":\"https:\\\/\\\/skin-heal.com\\\/contact-us\\\/#breadcrumb\",\"itemListElement\":[{\"@type\":\"ListItem\",\"position\":1,\"name\":\"Home\",\"item\":\"https:\\\/\\\/skin-heal.com\\\/\"},{\"@type\":\"ListItem\",\"position\":2,\"name\":\"Contact Us\"}]},{\"@type\":\"WebSite\",\"@id\":\"https:\\\/\\\/skin-heal.com\\\/#website\",\"url\":\"https:\\\/\\\/skin-heal.com\\\/\",\"name\":\"Skin Heal\",\"description\":\"Lowest Prices for Dermal Fillers\",\"potentialAction\":[{\"@type\":\"SearchAction\",\"target\":{\"@type\":\"EntryPoint\",\"urlTemplate\":\"https:\\\/\\\/skin-heal.com\\\/?s={search_term_string}\"},\"query-input\":{\"@type\":\"PropertyValueSpecification\",\"valueRequired\":true,\"valueName\":\"search_term_string\"}}],\"inLanguage\":\"es\"}]}<\/script>\n<!-- \/ Yoast SEO plugin. -->","yoast_head_json":{"title":"Contacto - Skin Heal","description":"P\u00f3ngase en contacto con nosotros, en Skin Heal, para obtener m\u00e1s informaci\u00f3n sobre los rellenos d\u00e9rmicos de primera categor\u00eda, los productos de mesoterapia y los inyectables de Botox saludables de nuestro cat\u00e1logo.","robots":{"index":"index","follow":"follow","max-snippet":"max-snippet:-1","max-image-preview":"max-image-preview:large","max-video-preview":"max-video-preview:-1"},"canonical":"https:\/\/skin-heal.com\/es\/contact-us\/","og_locale":"es_MX","og_type":"article","og_title":"Contact Us - Skin Heal","og_description":"Contact us, at Skin Heal, for more information on the top-notch dermal fillers, mesotherapy products and health-friendly Botox injectables on our catalog.","og_url":"https:\/\/skin-heal.com\/es\/contact-us\/","og_site_name":"Skin Heal","article_modified_time":"2024-09-17T15:10:42+00:00","og_image":[{"width":350,"height":139,"url":"https:\/\/cdn.skin-heal.com\/wp-content\/uploads\/2018\/11\/SH-logo-3.png","type":"image\/png"}],"twitter_card":"summary_large_image","twitter_misc":{"Tiempo de lectura":"1 minuto"},"schema":{"@context":"https:\/\/schema.org","@graph":[{"@type":"WebPage","@id":"https:\/\/skin-heal.com\/contact-us\/","url":"https:\/\/skin-heal.com\/contact-us\/","name":"Contacto - Skin Heal","isPartOf":{"@id":"https:\/\/skin-heal.com\/#website"},"datePublished":"2018-11-19T13:35:46+00:00","dateModified":"2024-09-17T15:10:42+00:00","description":"P\u00f3ngase en contacto con nosotros, en Skin Heal, para obtener m\u00e1s informaci\u00f3n sobre los rellenos d\u00e9rmicos de primera categor\u00eda, los productos de mesoterapia y los inyectables de Botox saludables de nuestro cat\u00e1logo.","breadcrumb":{"@id":"https:\/\/skin-heal.com\/contact-us\/#breadcrumb"},"inLanguage":"es","potentialAction":[{"@type":"ReadAction","target":["https:\/\/skin-heal.com\/contact-us\/"]}]},{"@type":"BreadcrumbList","@id":"https:\/\/skin-heal.com\/contact-us\/#breadcrumb","itemListElement":[{"@type":"ListItem","position":1,"name":"Home","item":"https:\/\/skin-heal.com\/"},{"@type":"ListItem","position":2,"name":"Contact Us"}]},{"@type":"WebSite","@id":"https:\/\/skin-heal.com\/#website","url":"https:\/\/skin-heal.com\/","name":"Curaci\u00f3n de la piel","description":"Los precios m\u00e1s bajos para los rellenos d\u00e9rmicos","potentialAction":[{"@type":"SearchAction","target":{"@type":"EntryPoint","urlTemplate":"https:\/\/skin-heal.com\/?s={search_term_string}"},"query-input":{"@type":"PropertyValueSpecification","valueRequired":true,"valueName":"search_term_string"}}],"inLanguage":"es"}]}},"_links":{"self":[{"href":"https:\/\/skin-heal.com\/es\/wp-json\/wp\/v2\/pages\/558","targetHints":{"allow":["GET"]}}],"collection":[{"href":"https:\/\/skin-heal.com\/es\/wp-json\/wp\/v2\/pages"}],"about":[{"href":"https:\/\/skin-heal.com\/es\/wp-json\/wp\/v2\/types\/page"}],"author":[{"embeddable":true,"href":"https:\/\/skin-heal.com\/es\/wp-json\/wp\/v2\/users\/1"}],"replies":[{"embeddable":true,"href":"https:\/\/skin-heal.com\/es\/wp-json\/wp\/v2\/comments?post=558"}],"version-history":[{"count":56,"href":"https:\/\/skin-heal.com\/es\/wp-json\/wp\/v2\/pages\/558\/revisions"}],"predecessor-version":[{"id":564,"href":"https:\/\/skin-heal.com\/es\/wp-json\/wp\/v2\/pages\/558\/revisions\/564"}],"wp:attachment":[{"href":"https:\/\/skin-heal.com\/es\/wp-json\/wp\/v2\/media?parent=558"}],"curies":[{"name":"wp","href":"https:\/\/api.w.org\/{rel}","templated":true}]}}