{"id":600,"date":"2018-11-19T16:56:12","date_gmt":"2018-11-19T16:56:12","guid":{"rendered":"https:\/\/skin-heal.com\/?page_id=600"},"modified":"2022-12-29T15:28:58","modified_gmt":"2022-12-29T13:28:58","slug":"shipping-delivery","status":"publish","type":"page","link":"https:\/\/skin-heal.com\/es\/shipping-delivery\/","title":{"rendered":"Env\u00edo y entrega"},"content":{"rendered":"<p class=\"Standard\">Esta p\u00e1gina contiene los t\u00e9rminos de nuestra pol\u00edtica de env\u00edo y entrega. Esta p\u00e1gina debe ser tratada como un ap\u00e9ndice inseparable de la <a href=\"\/es\/terms-conditions\/\" rel=\"nofollow\">T\u00e9rminos y condiciones<\/a>que tambi\u00e9n hacen referencia a ella. Al aceptar los T\u00e9rminos y Condiciones tambi\u00e9n est\u00e1 aceptando autom\u00e1ticamente las condiciones de env\u00edo y entrega de esta p\u00e1gina. Aseg\u00farese de leer los T\u00e9rminos y Condiciones y <a href=\"\/es\/return-policy\/\" rel=\"nofollow\">Pol\u00edtica de devoluciones<\/a> para obtener m\u00e1s informaci\u00f3n al respecto.<\/p>\n<h2>M\u00e9todos de env\u00edo<\/h2>\n<p class=\"Standard\">Ofrecemos dos m\u00e9todos principales de env\u00edo a nuestros clientes: entrega postal y entrega por mensajer\u00eda. Cada uno tiene dos opciones disponibles. La entrega postal est\u00e1 disponible con las opciones de Correo Est\u00e1ndar y Correo Prioritario. La entrega por mensajer\u00eda est\u00e1 disponible con las opciones de mensajer\u00eda est\u00e1ndar y mensajer\u00eda urgente.<\/p>\n<p class=\"Standard\">El coste y la duraci\u00f3n del env\u00edo dependen de la opci\u00f3n de entrega seleccionada y de la ubicaci\u00f3n del cliente.<\/p>\n<h2>Tiempo de entrega y retrasos<\/h2>\n<p class=\"Standard\">Todos los art\u00edculos marcados como \"En stock\" que est\u00e1n disponibles en nuestro almac\u00e9n se env\u00edan normalmente en un plazo de 48 horas despu\u00e9s de haber recibido el pago (sin tener en cuenta los fines de semana y los d\u00edas festivos oficiales). Por favor, revise los T\u00e9rminos y Condiciones para conocer los posibles retrasos de los art\u00edculos atrasados, secci\u00f3n <b>Disponibilidad de art\u00edculos y terminolog\u00eda de existencias.<\/b><\/p>\n<h3>Entrega de mensajer\u00eda<\/h3>\n<p class=\"Textbody\">Normalmente, la entrega por mensajer\u00eda es de 2 a 3 d\u00edas laborables dentro de la UE y de 3 a 4 d\u00edas a pa\u00edses europeos no pertenecientes a la UE. A nivel mundial, la entrega por mensajer\u00eda suele ser. Considere estos n\u00fameros citados s\u00f3lo como una referencia. Los retrasos son posibles.<\/p>\n<h3>Entrega postal<\/h3>\n<p class=\"Textbody\">Los art\u00edculos enviados por correo a los pa\u00edses de la UE suelen entregarse en un plazo de 4 a 7 d\u00edas laborables. El plazo de entrega en el resto del mundo var\u00eda seg\u00fan el lugar, pero es de 10 a 15 d\u00edas laborables de media (en algunos pa\u00edses, hasta 20 o m\u00e1s). Estas cifras son s\u00f3lo de referencia. Es posible que se produzcan retrasos.<\/p>\n<h3>Retrasos<\/h3>\n<p>Los plazos anteriores son s\u00f3lo una estimaci\u00f3n basada en el tiempo de env\u00edo est\u00e1ndar. La entrega postal puede tardar hasta 50 d\u00edas laborables. La entrega de DHL puede tardar hasta 2 semanas. Ninguno de estos plazos incluye la tramitaci\u00f3n adicional del transportista ni las inspecciones aduaneras (u otros retrasos relacionados con las aduanas). Un paquete entregado en el respectivo plazo de 50 d\u00edas h\u00e1biles o 2 semanas (seg\u00fan el servicio) se considerar\u00e1 entregado sin demora. Para cualquier otro retraso, antes de tomar medidas adicionales, el cliente debe ponerse en contacto con nosotros.<\/p>\n<p class=\"Textbody\">Al hacer un pedido, en nuestra p\u00e1gina web podr\u00e1 ver las tarifas de env\u00edo y el plazo de entrega estimado, en funci\u00f3n de su ubicaci\u00f3n, al hacer un pedido. El precio del env\u00edo se calcula en funci\u00f3n de su ubicaci\u00f3n, el m\u00e9todo de entrega y el peso del paquete. Los m\u00e9todos de entrega pueden variar en funci\u00f3n de su ubicaci\u00f3n, el producto adquirido y el peso total de la compra.<\/p>\n<p class=\"Textbody\">El cliente es el \u00fanico responsable de proporcionar informaci\u00f3n precisa sobre la entrega y la direcci\u00f3n de entrega. Nuestra empresa no ser\u00e1 responsable de los retrasos o cargos adicionales que sean consecuencia de la informaci\u00f3n inexacta o incompleta que el cliente haya presentado.<\/p>","protected":false},"excerpt":{"rendered":"<p>Esta p\u00e1gina contiene las condiciones de nuestra pol\u00edtica de env\u00edo y entrega. Esta p\u00e1gina debe considerarse un ap\u00e9ndice inseparable de las Condiciones Generales, a las que tambi\u00e9n se hace referencia. Al aceptar las Condiciones Generales, tambi\u00e9n acepta autom\u00e1ticamente las condiciones de env\u00edo y entrega de esta p\u00e1gina. Aseg\u00farese de leer las p\u00e1ginas T\u00e9rminos y condiciones y Pol\u00edtica de devoluciones para... <\/p>","protected":false},"author":1,"featured_media":0,"parent":0,"menu_order":0,"comment_status":"closed","ping_status":"closed","template":"","meta":{"footnotes":""},"class_list":["post-600","page","type-page","status-publish","hentry","clearfix"],"yoast_head":"<!-- This site is optimized with the Yoast SEO plugin v27.3 - https:\/\/yoast.com\/product\/yoast-seo-wordpress\/ -->\n<title>Shipping &amp; Delivery - Skin Heal<\/title>\n<meta name=\"robots\" content=\"noindex, nofollow\" \/>\n<meta property=\"og:locale\" content=\"es_MX\" \/>\n<meta property=\"og:type\" content=\"article\" \/>\n<meta property=\"og:title\" content=\"Shipping &amp; Delivery - Skin Heal\" \/>\n<meta property=\"og:description\" content=\"This page contains the terms for our Shipping &amp; Delivery policy. This page is to be treated as an inseparable appendage to the Terms &amp; Conditions, which also reference it. When you agree to the Terms &amp; Conditions you are also automatically agreeing to the Shipping &amp; Delivery terms of this page. Be sure to read the Terms &amp; Conditions and Return Policy pages for&hellip;\" \/>\n<meta property=\"og:url\" content=\"https:\/\/skin-heal.com\/es\/shipping-delivery\/\" \/>\n<meta property=\"og:site_name\" content=\"Skin Heal\" \/>\n<meta property=\"article:modified_time\" content=\"2022-12-29T13:28:58+00:00\" \/>\n<meta property=\"og:image\" content=\"https:\/\/cdn.skin-heal.com\/wp-content\/uploads\/2018\/11\/SH-logo-3.png\" \/>\n\t<meta property=\"og:image:width\" content=\"350\" \/>\n\t<meta property=\"og:image:height\" content=\"139\" \/>\n\t<meta property=\"og:image:type\" content=\"image\/png\" \/>\n<meta name=\"twitter:card\" content=\"summary_large_image\" \/>\n<meta name=\"twitter:label1\" content=\"Tiempo de lectura\" \/>\n\t<meta name=\"twitter:data1\" content=\"2 minutos\" \/>\n<script type=\"application\/ld+json\" class=\"yoast-schema-graph\">{\"@context\":\"https:\\\/\\\/schema.org\",\"@graph\":[{\"@type\":\"WebPage\",\"@id\":\"https:\\\/\\\/skin-heal.com\\\/shipping-delivery\\\/\",\"url\":\"https:\\\/\\\/skin-heal.com\\\/shipping-delivery\\\/\",\"name\":\"Shipping & Delivery - Skin Heal\",\"isPartOf\":{\"@id\":\"https:\\\/\\\/skin-heal.com\\\/#website\"},\"datePublished\":\"2018-11-19T16:56:12+00:00\",\"dateModified\":\"2022-12-29T13:28:58+00:00\",\"breadcrumb\":{\"@id\":\"https:\\\/\\\/skin-heal.com\\\/shipping-delivery\\\/#breadcrumb\"},\"inLanguage\":\"es\",\"potentialAction\":[{\"@type\":\"ReadAction\",\"target\":[\"https:\\\/\\\/skin-heal.com\\\/shipping-delivery\\\/\"]}]},{\"@type\":\"BreadcrumbList\",\"@id\":\"https:\\\/\\\/skin-heal.com\\\/shipping-delivery\\\/#breadcrumb\",\"itemListElement\":[{\"@type\":\"ListItem\",\"position\":1,\"name\":\"Home\",\"item\":\"https:\\\/\\\/skin-heal.com\\\/\"},{\"@type\":\"ListItem\",\"position\":2,\"name\":\"Shipping &#038; Delivery\"}]},{\"@type\":\"WebSite\",\"@id\":\"https:\\\/\\\/skin-heal.com\\\/#website\",\"url\":\"https:\\\/\\\/skin-heal.com\\\/\",\"name\":\"Skin Heal\",\"description\":\"Lowest Prices for Dermal Fillers\",\"potentialAction\":[{\"@type\":\"SearchAction\",\"target\":{\"@type\":\"EntryPoint\",\"urlTemplate\":\"https:\\\/\\\/skin-heal.com\\\/?s={search_term_string}\"},\"query-input\":{\"@type\":\"PropertyValueSpecification\",\"valueRequired\":true,\"valueName\":\"search_term_string\"}}],\"inLanguage\":\"es\"}]}<\/script>\n<!-- \/ Yoast SEO plugin. -->","yoast_head_json":{"title":"Shipping & Delivery - Skin Heal","robots":{"index":"noindex","follow":"nofollow"},"og_locale":"es_MX","og_type":"article","og_title":"Shipping & Delivery - Skin Heal","og_description":"This page contains the terms for our Shipping &amp; Delivery policy. This page is to be treated as an inseparable appendage to the Terms &amp; Conditions, which also reference it. When you agree to the Terms &amp; Conditions you are also automatically agreeing to the Shipping &amp; Delivery terms of this page. Be sure to read the Terms &amp; Conditions and Return Policy pages for&hellip;","og_url":"https:\/\/skin-heal.com\/es\/shipping-delivery\/","og_site_name":"Skin Heal","article_modified_time":"2022-12-29T13:28:58+00:00","og_image":[{"width":350,"height":139,"url":"https:\/\/cdn.skin-heal.com\/wp-content\/uploads\/2018\/11\/SH-logo-3.png","type":"image\/png"}],"twitter_card":"summary_large_image","twitter_misc":{"Tiempo de lectura":"2 minutos"},"schema":{"@context":"https:\/\/schema.org","@graph":[{"@type":"WebPage","@id":"https:\/\/skin-heal.com\/shipping-delivery\/","url":"https:\/\/skin-heal.com\/shipping-delivery\/","name":"Shipping & Delivery - Skin Heal","isPartOf":{"@id":"https:\/\/skin-heal.com\/#website"},"datePublished":"2018-11-19T16:56:12+00:00","dateModified":"2022-12-29T13:28:58+00:00","breadcrumb":{"@id":"https:\/\/skin-heal.com\/shipping-delivery\/#breadcrumb"},"inLanguage":"es","potentialAction":[{"@type":"ReadAction","target":["https:\/\/skin-heal.com\/shipping-delivery\/"]}]},{"@type":"BreadcrumbList","@id":"https:\/\/skin-heal.com\/shipping-delivery\/#breadcrumb","itemListElement":[{"@type":"ListItem","position":1,"name":"Home","item":"https:\/\/skin-heal.com\/"},{"@type":"ListItem","position":2,"name":"Shipping &#038; Delivery"}]},{"@type":"WebSite","@id":"https:\/\/skin-heal.com\/#website","url":"https:\/\/skin-heal.com\/","name":"Curaci\u00f3n de la piel","description":"Los precios m\u00e1s bajos para los rellenos d\u00e9rmicos","potentialAction":[{"@type":"SearchAction","target":{"@type":"EntryPoint","urlTemplate":"https:\/\/skin-heal.com\/?s={search_term_string}"},"query-input":{"@type":"PropertyValueSpecification","valueRequired":true,"valueName":"search_term_string"}}],"inLanguage":"es"}]}},"_links":{"self":[{"href":"https:\/\/skin-heal.com\/es\/wp-json\/wp\/v2\/pages\/600","targetHints":{"allow":["GET"]}}],"collection":[{"href":"https:\/\/skin-heal.com\/es\/wp-json\/wp\/v2\/pages"}],"about":[{"href":"https:\/\/skin-heal.com\/es\/wp-json\/wp\/v2\/types\/page"}],"author":[{"embeddable":true,"href":"https:\/\/skin-heal.com\/es\/wp-json\/wp\/v2\/users\/1"}],"replies":[{"embeddable":true,"href":"https:\/\/skin-heal.com\/es\/wp-json\/wp\/v2\/comments?post=600"}],"version-history":[{"count":6,"href":"https:\/\/skin-heal.com\/es\/wp-json\/wp\/v2\/pages\/600\/revisions"}],"predecessor-version":[{"id":26884,"href":"https:\/\/skin-heal.com\/es\/wp-json\/wp\/v2\/pages\/600\/revisions\/26884"}],"wp:attachment":[{"href":"https:\/\/skin-heal.com\/es\/wp-json\/wp\/v2\/media?parent=600"}],"curies":[{"name":"wp","href":"https:\/\/api.w.org\/{rel}","templated":true}]}}