{"id":605,"date":"2018-11-19T16:59:30","date_gmt":"2018-11-19T16:59:30","guid":{"rendered":"https:\/\/skin-heal.com\/?page_id=605"},"modified":"2022-12-29T15:28:38","modified_gmt":"2022-12-29T13:28:38","slug":"privacy-policy","status":"publish","type":"page","link":"https:\/\/skin-heal.com\/es\/privacy-policy\/","title":{"rendered":"Pol\u00edtica de privacidad"},"content":{"rendered":"<h2>P\u00e1gina web<\/h2>\n<p>Esta pol\u00edtica de privacidad cubre el uso de skin-heal.com<\/p>\n<h2>Qu\u00e9 datos personales se recogen y por qu\u00e9<\/h2>\n<h3>Datos personales del formulario de contacto y de la correspondencia por correo electr\u00f3nico<\/h3>\n<p>Cuando se pone en contacto con nosotros por correo electr\u00f3nico o mediante el formulario de contacto de nuestro sitio web, necesitamos que se nos proporcione un m\u00ednimo de informaci\u00f3n. Esto incluye su nombre, direcci\u00f3n de correo electr\u00f3nico, pero potencialmente solicitamos informaci\u00f3n adicional como el n\u00famero de tel\u00e9fono, su ubicaci\u00f3n, los detalles de su negocio. Dicha informaci\u00f3n es necesaria para responder a sus consultas como el tiempo de env\u00edo, los gastos de env\u00edo, la aplicaci\u00f3n del IVA y otros. Cualquier informaci\u00f3n personal que nos proporcione en nuestra correspondencia est\u00e1 completamente protegida y nunca se comparte con terceros.<\/p>\n<h4>Galletas<\/h4>\n<p>Para que nuestro sitio web funcione con normalidad, es necesario utilizar cookies. Se trata de peque\u00f1os paquetes de datos almacenados en el navegador de los usuarios, que contienen diversos tipos de informaci\u00f3n, y que ayudan a la comunicaci\u00f3n entre su navegador y nuestro sitio web. Ayudan tanto a que nuestro sistema reconozca su navegador como al funcionamiento normal del sitio web. Para conocer en detalle qu\u00e9 son las cookies, visite el siguiente enlace: <u><a href=\"http:\/\/ec.europa.eu\/ipg\/basics\/legal\/cookies\/index_en.htm\" rel=\"nofollow\">http:\/\/ec.europa.eu\/ipg\/basics\/legal\/cookies\/index_en.htm<\/a><\/u>.<\/p>\n<p>Pero, \u00bfpor qu\u00e9 es necesario el uso de cookies? Es imposible que una tienda online funcione correctamente sin utilizar cookies. Los datos contenidos y almacenados en nuestras cookies est\u00e1n estrictamente relacionados con su experiencia de compra y de usuario en nuestro sitio web, conteniendo informaci\u00f3n como los productos a\u00f1adidos a su tarjeta, el estado de acceso a nuestra cuenta. No existe ning\u00fan riesgo de que estas cookies se almacenen en la cach\u00e9 de su navegador y garantizamos que los datos de nuestras cookies no est\u00e1n disponibles ni se facilitan a terceros.<\/p>\n<p>El uso principal de las cookies en nuestro sitio web son las \"cookies de sesi\u00f3n\". Estas cookies s\u00f3lo se utilizan durante la sesi\u00f3n de navegaci\u00f3n del usuario y se eliminan al cerrar el navegador. S\u00f3lo contienen los datos b\u00e1sicos de navegaci\u00f3n que necesita nuestro sistema para funcionar correctamente.<\/p>\n<p>Las cookies del carrito utilizadas por nuestra tienda s\u00f3lo contienen informaci\u00f3n relacionada con el contenido de su cesta, es decir, el producto que ha a\u00f1adido. Estas cookies se conservan en su navegador durante un mes como m\u00e1ximo, pero no contienen ning\u00fan otro dato, especialmente de car\u00e1cter personal.<\/p>\n<p>El tercer tipo principal de nuestras cookies son las que rastrean su estado de conexi\u00f3n. Si, al iniciar la sesi\u00f3n en nuestro sistema, usted elige la opci\u00f3n de que nuestro sitio web recuerde que ha iniciado la sesi\u00f3n, se almacenar\u00e1 una cookie en su navegador que, en su pr\u00f3xima visita, indicar\u00e1 a nuestro sistema que su cuenta de usuario ha iniciado la sesi\u00f3n y no tendr\u00e1 que introducir sus credenciales de usuario. Esta cookie se almacena en su navegador hasta un mes.<\/p>\n<h3>Cookies de terceros<\/h3>\n<p>El servicio de pago con tarjeta utilizado en nuestro sitio web necesita utilizar cookies para poder procesar los pagos. Se trata de una cookie de sesi\u00f3n de terceros que almacenar\u00e1 temporalmente sus datos durante el proceso de pago. La informaci\u00f3n s\u00f3lo ser\u00e1 accesible y manejada por nuestro proveedor de servicios de pago.<\/p>\n<p>Toda la informaci\u00f3n enviada durante el pago seguro y la informaci\u00f3n de su tarjeta, en particular, est\u00e1 disponible s\u00f3lo para el proveedor de servicios de procesamiento.<\/p>\n<h3>Contenido incrustado<\/h3>\n<p>En nuestro sitio web puede encontrar varios tipos de contenido incrustado. Contenido incrustado alojado en otro sitio web, que se integra en nuestro sitio web a trav\u00e9s de un iframe u otra forma de incrustaci\u00f3n, que se muestra como visible en el sitio web original. El ejemplo m\u00e1s com\u00fan de contenido incrustado son los v\u00eddeos, pero esto puede extenderse a otras formas de medios de comunicaci\u00f3n, texto u otro contenido web.<\/p>\n<p>Los terceros que poseen y controlan el contenido incrustado pueden incluir cookies cuando se muestra su contenido. No tenemos control directo sobre la pol\u00edtica de cookies o de seguimiento de terceros, pero intentamos incluir contenidos incrustados solo de fuentes de confianza como Youtube.<\/p>\n<p><strong>Google Analytics<\/strong><\/p>\n<p>Como la mayor\u00eda de los sitios web comerciales en l\u00ednea, utilizamos servicios que analizan la navegaci\u00f3n y el uso del sitio por parte de los visitantes y clientes para ayudarnos a mejorar nuestros servicios. Hemos integrado Google Analytics en nuestro sitio web. El servicio recoger\u00e1 datos an\u00f3nimos de navegaci\u00f3n para su experiencia al visitar nuestro sitio web. Google no recoge datos personales.<\/p>\n<p>Para proteger mejor su privacidad, hemos anonimizado los tres \u00faltimos d\u00edgitos de su direcci\u00f3n IP, lo que nos impide a nuestro Google rastrear su ubicaci\u00f3n exacta.<\/p>\n<p>Todos los datos recogidos con Analytics est\u00e1n relacionados con la navegaci\u00f3n y no son personales y son almacenados de forma segura por Google. Garantizamos que no se venden ni se facilitan a terceros.<\/p>\n<h2>Pol\u00edtica de intercambio de datos<\/h2>\n<p>Nuestra pol\u00edtica principal es no compartir nunca los datos personales que recogemos con terceros. La \u00fanica informaci\u00f3n personal que ser\u00e1 tratada por terceros es la informaci\u00f3n necesaria que env\u00ede al pagar con tarjeta de cr\u00e9dito o d\u00e9bito, que ser\u00e1 procesada por el proveedor de servicios de pago.<\/p>\n<p>Los datos de uso del sitio, que no son personales, son visibles para Google, que proporciona el servicio Analytics que utilizamos. Sin embargo, no se les permite proporcionarlos a otros terceros.<\/p>\n<h2>\u00bfCu\u00e1nto tiempo se conservan sus datos?<\/h2>\n<p>Con la excepci\u00f3n de los asuntos pendientes o de que estemos obligados a mantener los datos personales por razones legales o administrativas, almacenaremos los datos personales durante no m\u00e1s de 5 a\u00f1os, si una cuenta de usuario ha estado inactiva. Los pedidos realizados como \"invitado\" no se almacenan m\u00e1s de 5 a\u00f1os, salvo las excepciones mencionadas.<\/p>\n<h2>Control de sus datos - Derechos<\/h2>\n<p>La legislaci\u00f3n de la UE y el RGPD, en particular, ofrecen una amplia protecci\u00f3n de las personas sobre sus datos personales en l\u00ednea. Una persona tiene derecho a solicitar todos los datos personales almacenados por un sitio web sobre ella. Adem\u00e1s, tiene derecho a solicitar la eliminaci\u00f3n total de sus datos personales, tambi\u00e9n conocido como \"derecho al olvido\". En cualquier momento puede ponerse en contacto con nosotros por correo electr\u00f3nico para solicitar sus datos personales o su eliminaci\u00f3n.<\/p>\n<h2>\u00bfC\u00f3mo se facilitan los datos personales?<\/h2>\n<p>Una vez que haya realizado una solicitud, le enviaremos toda la informaci\u00f3n personal disponible sobre usted almacenada en nuestro sistema a su correo electr\u00f3nico, utilizando la herramienta de exportaci\u00f3n integrada.<\/p>\n<h2>M\u00e1s informaci\u00f3n sobre el tratamiento de datos personales<\/h2>\n<h3>Protecci\u00f3n de datos personales<\/h3>\n<p>La informaci\u00f3n personal que ha presentado en su sistema en su cuenta de usuario o en un pedido que ha realizado, no estar\u00e1 disponible para terceros bajo ninguna circunstancia, s\u00f3lo se accede y se procesa por nuestros empleados.<\/p>\n<p>Por favor, tenga en cuenta que cuando cree un perfil de usuario en nuestro sitio web, deber\u00e1 proporcionar una contrase\u00f1a lo suficientemente fuerte y vincular su cuenta a una cuenta de correo electr\u00f3nico bien protegida. Si no lo hace, sus datos personales pueden verse comprometidos, por lo que nuestra empresa no se hace responsable.<\/p>\n<p>Nuestro sitio web est\u00e1 alojado en un servidor seguro y hemos tomado medidas est\u00e1ndar para proporcionar un nivel suficiente de protecci\u00f3n de nuestro sitio web y de la informaci\u00f3n almacenada en \u00e9l.<\/p>\n<h3>Procedimientos para la violaci\u00f3n de datos<\/h3>\n<p>Aunque hemos tomado todas las medidas para proporcionar el nivel necesario de protecci\u00f3n de datos, en el improbable caso de que se produzca una violaci\u00f3n de datos, nuestro equipo le notificar\u00e1 inmediatamente por correo electr\u00f3nico o por tel\u00e9fono el tipo espec\u00edfico de violaci\u00f3n y lo que nuestro equipo y el proveedor de alojamiento est\u00e1n haciendo para solucionar el problema. Tambi\u00e9n es posible que se le pida que tome ciertas medidas para ayudar a proteger a\u00fan m\u00e1s sus datos, como cambiar la direcci\u00f3n de correo electr\u00f3nico vinculada a su cuenta y\/o cambiar la contrase\u00f1a de su cuenta de usuario.<\/p>\n<h3>Tratamiento autom\u00e1tico de datos<\/h3>\n<p>Nuestro sistema est\u00e1 configurado para eliminar autom\u00e1ticamente todas las cuentas de usuario despu\u00e9s de un per\u00edodo de cinco a\u00f1os de inactividad. Quedan excluidas las cuentas implicadas en problemas no resueltos.<\/p>\n<p>El sitio web proporciona autom\u00e1ticamente datos de navegaci\u00f3n a Google Analytics, pero nuestra configuraci\u00f3n de privacidad le permite desactivar ese servicio de seguimiento para usted. Tenga en cuenta que nuestro sistema almacenar\u00e1 una cookie en su navegador para indicar al sitio web que no rastree su uso.<\/p>\n<h3>Regulador de datos<\/h3>\n<p>Si cree que sus datos han sido mal tratados y no hemos abordado el problema adecuadamente o resuelto la situaci\u00f3n, puede dirigir su queja a nuestro regulador local de datos de la UE:<\/p>\n<p><u><a href=\"http:\/\/www.dataprotection.ro\/\" rel=\"nofollow\">http:\/\/www.dataprotection.ro\/<\/a><\/u><\/p>","protected":false},"excerpt":{"rendered":"<p>Sitio web Esta pol\u00edtica de privacidad cubre el uso de skin-heal.com Qu\u00e9 datos personales se recopilan y por qu\u00e9 Datos personales del formulario de contacto y correspondencia por correo electr\u00f3nico Cuando se pone en contacto con nosotros por correo electr\u00f3nico o mediante el formulario de contacto de nuestro sitio web, necesitamos que nos proporcione un m\u00ednimo de informaci\u00f3n. Esto incluye su nombre, direcci\u00f3n de correo electr\u00f3nico, pero potencialmente solicitamos informaci\u00f3n adicional como n\u00famero de tel\u00e9fono,... <\/p>","protected":false},"author":1,"featured_media":0,"parent":0,"menu_order":0,"comment_status":"closed","ping_status":"closed","template":"","meta":{"footnotes":""},"class_list":["post-605","page","type-page","status-publish","hentry","clearfix"],"yoast_head":"<!-- This site is optimized with the Yoast SEO plugin v27.3 - https:\/\/yoast.com\/product\/yoast-seo-wordpress\/ -->\n<title>Privacy Policy - Skin Heal<\/title>\n<meta name=\"robots\" content=\"noindex, nofollow\" \/>\n<meta property=\"og:locale\" content=\"es_MX\" \/>\n<meta property=\"og:type\" content=\"article\" \/>\n<meta property=\"og:title\" content=\"Privacy Policy - Skin Heal\" \/>\n<meta property=\"og:description\" content=\"Website This privacy policy covers the usage of skin-heal.com What Personal Data is Collected and Why Personal Data from The Contact Form and Email Correspondence When you contact us via email or using the contact form on our website, we require a certain minimum of information is provided to us. This includes your name, email address, but we potentially request additional information like phone number,&hellip;\" \/>\n<meta property=\"og:url\" content=\"https:\/\/skin-heal.com\/es\/privacy-policy\/\" \/>\n<meta property=\"og:site_name\" content=\"Skin Heal\" \/>\n<meta property=\"article:modified_time\" content=\"2022-12-29T13:28:38+00:00\" \/>\n<meta property=\"og:image\" content=\"https:\/\/cdn.skin-heal.com\/wp-content\/uploads\/2018\/11\/SH-logo-3.png\" \/>\n\t<meta property=\"og:image:width\" content=\"350\" \/>\n\t<meta property=\"og:image:height\" content=\"139\" \/>\n\t<meta property=\"og:image:type\" content=\"image\/png\" \/>\n<meta name=\"twitter:card\" content=\"summary_large_image\" \/>\n<meta name=\"twitter:label1\" content=\"Tiempo de lectura\" \/>\n\t<meta name=\"twitter:data1\" content=\"6 minutos\" \/>\n<script type=\"application\/ld+json\" class=\"yoast-schema-graph\">{\"@context\":\"https:\\\/\\\/schema.org\",\"@graph\":[{\"@type\":\"WebPage\",\"@id\":\"https:\\\/\\\/skin-heal.com\\\/privacy-policy\\\/\",\"url\":\"https:\\\/\\\/skin-heal.com\\\/privacy-policy\\\/\",\"name\":\"Privacy Policy - Skin Heal\",\"isPartOf\":{\"@id\":\"https:\\\/\\\/skin-heal.com\\\/#website\"},\"datePublished\":\"2018-11-19T16:59:30+00:00\",\"dateModified\":\"2022-12-29T13:28:38+00:00\",\"breadcrumb\":{\"@id\":\"https:\\\/\\\/skin-heal.com\\\/privacy-policy\\\/#breadcrumb\"},\"inLanguage\":\"es\",\"potentialAction\":[{\"@type\":\"ReadAction\",\"target\":[\"https:\\\/\\\/skin-heal.com\\\/privacy-policy\\\/\"]}]},{\"@type\":\"BreadcrumbList\",\"@id\":\"https:\\\/\\\/skin-heal.com\\\/privacy-policy\\\/#breadcrumb\",\"itemListElement\":[{\"@type\":\"ListItem\",\"position\":1,\"name\":\"Home\",\"item\":\"https:\\\/\\\/skin-heal.com\\\/\"},{\"@type\":\"ListItem\",\"position\":2,\"name\":\"Privacy Policy\"}]},{\"@type\":\"WebSite\",\"@id\":\"https:\\\/\\\/skin-heal.com\\\/#website\",\"url\":\"https:\\\/\\\/skin-heal.com\\\/\",\"name\":\"Skin Heal\",\"description\":\"Lowest Prices for Dermal Fillers\",\"potentialAction\":[{\"@type\":\"SearchAction\",\"target\":{\"@type\":\"EntryPoint\",\"urlTemplate\":\"https:\\\/\\\/skin-heal.com\\\/?s={search_term_string}\"},\"query-input\":{\"@type\":\"PropertyValueSpecification\",\"valueRequired\":true,\"valueName\":\"search_term_string\"}}],\"inLanguage\":\"es\"}]}<\/script>\n<!-- \/ Yoast SEO plugin. -->","yoast_head_json":{"title":"Pol\u00edtica de privacidad - Skin Heal","robots":{"index":"noindex","follow":"nofollow"},"og_locale":"es_MX","og_type":"article","og_title":"Privacy Policy - Skin Heal","og_description":"Website This privacy policy covers the usage of skin-heal.com What Personal Data is Collected and Why Personal Data from The Contact Form and Email Correspondence When you contact us via email or using the contact form on our website, we require a certain minimum of information is provided to us. This includes your name, email address, but we potentially request additional information like phone number,&hellip;","og_url":"https:\/\/skin-heal.com\/es\/privacy-policy\/","og_site_name":"Skin Heal","article_modified_time":"2022-12-29T13:28:38+00:00","og_image":[{"width":350,"height":139,"url":"https:\/\/cdn.skin-heal.com\/wp-content\/uploads\/2018\/11\/SH-logo-3.png","type":"image\/png"}],"twitter_card":"summary_large_image","twitter_misc":{"Tiempo de lectura":"6 minutos"},"schema":{"@context":"https:\/\/schema.org","@graph":[{"@type":"WebPage","@id":"https:\/\/skin-heal.com\/privacy-policy\/","url":"https:\/\/skin-heal.com\/privacy-policy\/","name":"Pol\u00edtica de privacidad - Skin Heal","isPartOf":{"@id":"https:\/\/skin-heal.com\/#website"},"datePublished":"2018-11-19T16:59:30+00:00","dateModified":"2022-12-29T13:28:38+00:00","breadcrumb":{"@id":"https:\/\/skin-heal.com\/privacy-policy\/#breadcrumb"},"inLanguage":"es","potentialAction":[{"@type":"ReadAction","target":["https:\/\/skin-heal.com\/privacy-policy\/"]}]},{"@type":"BreadcrumbList","@id":"https:\/\/skin-heal.com\/privacy-policy\/#breadcrumb","itemListElement":[{"@type":"ListItem","position":1,"name":"Home","item":"https:\/\/skin-heal.com\/"},{"@type":"ListItem","position":2,"name":"Privacy Policy"}]},{"@type":"WebSite","@id":"https:\/\/skin-heal.com\/#website","url":"https:\/\/skin-heal.com\/","name":"Curaci\u00f3n de la piel","description":"Los precios m\u00e1s bajos para los rellenos d\u00e9rmicos","potentialAction":[{"@type":"SearchAction","target":{"@type":"EntryPoint","urlTemplate":"https:\/\/skin-heal.com\/?s={search_term_string}"},"query-input":{"@type":"PropertyValueSpecification","valueRequired":true,"valueName":"search_term_string"}}],"inLanguage":"es"}]}},"_links":{"self":[{"href":"https:\/\/skin-heal.com\/es\/wp-json\/wp\/v2\/pages\/605","targetHints":{"allow":["GET"]}}],"collection":[{"href":"https:\/\/skin-heal.com\/es\/wp-json\/wp\/v2\/pages"}],"about":[{"href":"https:\/\/skin-heal.com\/es\/wp-json\/wp\/v2\/types\/page"}],"author":[{"embeddable":true,"href":"https:\/\/skin-heal.com\/es\/wp-json\/wp\/v2\/users\/1"}],"replies":[{"embeddable":true,"href":"https:\/\/skin-heal.com\/es\/wp-json\/wp\/v2\/comments?post=605"}],"version-history":[{"count":8,"href":"https:\/\/skin-heal.com\/es\/wp-json\/wp\/v2\/pages\/605\/revisions"}],"predecessor-version":[{"id":12056,"href":"https:\/\/skin-heal.com\/es\/wp-json\/wp\/v2\/pages\/605\/revisions\/12056"}],"wp:attachment":[{"href":"https:\/\/skin-heal.com\/es\/wp-json\/wp\/v2\/media?parent=605"}],"curies":[{"name":"wp","href":"https:\/\/api.w.org\/{rel}","templated":true}]}}