{"id":10620,"date":"2019-10-09T10:28:27","date_gmt":"2019-10-09T10:28:27","guid":{"rendered":"https:\/\/skin-heal.com\/?post_type=product&#038;p=10620"},"modified":"2023-08-14T18:47:06","modified_gmt":"2023-08-14T15:47:06","slug":"profhilo-h-l-1-x-2ml","status":"publish","type":"product","link":"https:\/\/skin-heal.com\/es\/producto\/profhilo-h-l-1-x-2ml\/","title":{"rendered":"Profhilo H + L (1 x 2ml)"},"content":{"rendered":"<h3>El relleno d\u00e9rmico con la mayor concentraci\u00f3n de AH del mundo<\/h3>\n<p>Una de las cosas por las que Profhilo es conocido es por su inigualable concentraci\u00f3n de \u00e1cido hialur\u00f3nico. Mientras que la mayor\u00eda de las inyecciones de relleno de tejidos blandos de grado profesional tienen una concentraci\u00f3n de AH de 20mg\/ml, este campe\u00f3n empaca <u>un total de 64mg por 2ml<\/u>. Gracias a ello tiene las siguientes ventajas:<\/p>\n<ul>\n<li>Porcentaje de viscosidad reducido<\/li>\n<li>Riesgo m\u00ednimo de inflamaciones tras el tratamiento<\/li>\n<li>Mayor control de la inyecci\u00f3n<\/li>\n<li>Distribuci\u00f3n uniforme del gel bajo la piel para un contorno est\u00e9tico<\/li>\n<li>Cero BDDE para un menor riesgo de efectos secundarios<\/li>\n<li>Impresionante longevidad de los efectos (unos 6 meses)<\/li>\n<\/ul>\n<p>Este producto cosm\u00e9tico \u00fanico puede inyectarse en varias partes de la cara y del cuerpo, incluyendo el <em>barbilla, mejillas, nariz, cuello, dorso de las manos, interior de los brazos<\/em> y mucho m\u00e1s. Los pacientes podr\u00e1n disfrutar de sus incre\u00edbles acciones tensoras, biorrejuvenecedoras, voluminizadoras y de contorno despu\u00e9s de s\u00f3lo dos sesiones.<\/p>\n<h3>Tasa de satisfacci\u00f3n del paciente dif\u00edcil de igualar<\/h3>\n<p>El Grupo IBSA produce tanto este producto como las materias primas utilizadas en la elaboraci\u00f3n del \u00c1cido Hialur\u00f3nico purificado en su f\u00f3rmula. Que <strong>garantiza una calidad superior<\/strong> y f\u00e1cilmente conduce a un incre\u00edble \u00edndice de satisfacci\u00f3n de los pacientes. Cualquiera que se someta a una <em>contorno facial m\u00ednimamente invasivo, antiflacidez<\/em> o tratamiento de remodelaci\u00f3n corporal con este magn\u00edfico producto se beneficiar\u00e1:<\/p>\n<ul>\n<li>Casi no hay tiempo de inactividad<\/li>\n<li>Protocolo de tratamiento r\u00e1pido y sencillo (s\u00f3lo 2 sesiones por tratamiento)<\/li>\n<li>Reducci\u00f3n del dolor gracias a la suavidad de la inyecci\u00f3n y al f\u00e1cil flujo del gel<\/li>\n<li>Menor n\u00famero de puntos de inyecci\u00f3n<\/li>\n<\/ul>","protected":false},"excerpt":{"rendered":"<p>Para combatir la p\u00e9rdida de volumen bajo la piel relacionada con la edad y mejorar el contorno del rostro y del cuerpo, los cirujanos pl\u00e1sticos experimentados prefieren confiar en Profhilo. Se trata de un <u>innovador relleno de bioremodelaci\u00f3n a base de HA<\/u>. Ahora parte del cat\u00e1logo de Skin Heal, este eficaz producto de remodelaci\u00f3n y restauraci\u00f3n de la piel, a\u00f1ade volumen bajo la piel, aumenta la producci\u00f3n de col\u00e1geno y elastina, hidrata y ofrece una excelente <strong>biorrejuvenecimiento y bioremodelaci\u00f3n<\/strong> resultados.<\/p>","protected":false},"featured_media":10621,"template":"","meta":[],"product_brand":[],"product_cat":[79,117,116,144],"product_tag":[145],"class_list":{"0":"post-10620","1":"product","2":"type-product","3":"status-publish","4":"has-post-thumbnail","6":"product_cat-dermal-fillers","7":"product_cat-ibsa","8":"product_cat-profhilo","9":"product_cat-holiday-mega-sale","10":"product_tag-5off","11":"clearfix","13":"first","14":"instock","15":"sale","16":"taxable","17":"shipping-taxable","18":"purchasable","19":"product-type-simple"},"yoast_head":"<!-- This site is optimized with the Yoast SEO plugin v27.5 - https:\/\/yoast.com\/product\/yoast-seo-wordpress\/ -->\n<title>Profhilo H + L (1 x 2ml) - Skin Heal<\/title>\n<meta name=\"description\" content=\"Visit Skin Heal to buy Profhilo \u2013 a purified HA filler with powerful biorevitalizing properties. Profhilo offers non-surgical remodeling of body and face.\" \/>\n<meta name=\"robots\" content=\"index, follow, max-snippet:-1, max-image-preview:large, max-video-preview:-1\" \/>\n<link rel=\"canonical\" href=\"https:\/\/skin-heal.com\/es\/producto\/profhilo-h-l-1-x-2ml\/\" \/>\n<meta property=\"og:locale\" content=\"es_MX\" \/>\n<meta property=\"og:type\" content=\"article\" \/>\n<meta property=\"og:title\" content=\"Profhilo H + L (1 x 2ml) - Skin Heal\" \/>\n<meta property=\"og:description\" content=\"Visit Skin Heal to buy Profhilo \u2013 a purified HA filler with powerful biorevitalizing properties. Profhilo offers non-surgical remodeling of body and face.\" \/>\n<meta property=\"og:url\" content=\"https:\/\/skin-heal.com\/es\/producto\/profhilo-h-l-1-x-2ml\/\" \/>\n<meta property=\"og:site_name\" content=\"Skin Heal\" \/>\n<meta property=\"article:modified_time\" content=\"2023-08-14T15:47:06+00:00\" \/>\n<meta property=\"og:image\" content=\"https:\/\/cdn.skin-heal.com\/wp-content\/uploads\/2019\/10\/Profhilo.jpg\" \/>\n\t<meta property=\"og:image:width\" content=\"600\" \/>\n\t<meta property=\"og:image:height\" content=\"600\" \/>\n\t<meta property=\"og:image:type\" content=\"image\/jpeg\" \/>\n<meta name=\"twitter:card\" content=\"summary_large_image\" \/>\n<meta name=\"twitter:label1\" content=\"Tiempo de lectura\" \/>\n\t<meta name=\"twitter:data1\" content=\"1 minuto\" \/>\n<script type=\"application\/ld+json\" class=\"yoast-schema-graph\">{\"@context\":\"https:\\\/\\\/schema.org\",\"@graph\":[{\"@type\":\"WebPage\",\"@id\":\"https:\\\/\\\/skin-heal.com\\\/product\\\/profhilo-h-l-1-x-2ml\\\/\",\"url\":\"https:\\\/\\\/skin-heal.com\\\/product\\\/profhilo-h-l-1-x-2ml\\\/\",\"name\":\"Profhilo H + L (1 x 2ml) - Skin Heal\",\"isPartOf\":{\"@id\":\"https:\\\/\\\/skin-heal.com\\\/#website\"},\"primaryImageOfPage\":{\"@id\":\"https:\\\/\\\/skin-heal.com\\\/product\\\/profhilo-h-l-1-x-2ml\\\/#primaryimage\"},\"image\":{\"@id\":\"https:\\\/\\\/skin-heal.com\\\/product\\\/profhilo-h-l-1-x-2ml\\\/#primaryimage\"},\"thumbnailUrl\":\"https:\\\/\\\/skin-heal.com\\\/wp-content\\\/uploads\\\/2019\\\/10\\\/Profhilo.jpg\",\"datePublished\":\"2019-10-09T10:28:27+00:00\",\"dateModified\":\"2023-08-14T15:47:06+00:00\",\"description\":\"Visit Skin Heal to buy Profhilo \u2013 a purified HA filler with powerful biorevitalizing properties. Profhilo offers non-surgical remodeling of body and face.\",\"breadcrumb\":{\"@id\":\"https:\\\/\\\/skin-heal.com\\\/product\\\/profhilo-h-l-1-x-2ml\\\/#breadcrumb\"},\"inLanguage\":\"es\",\"potentialAction\":[{\"@type\":\"ReadAction\",\"target\":[\"https:\\\/\\\/skin-heal.com\\\/product\\\/profhilo-h-l-1-x-2ml\\\/\"]}]},{\"@type\":\"ImageObject\",\"inLanguage\":\"es\",\"@id\":\"https:\\\/\\\/skin-heal.com\\\/product\\\/profhilo-h-l-1-x-2ml\\\/#primaryimage\",\"url\":\"https:\\\/\\\/skin-heal.com\\\/wp-content\\\/uploads\\\/2019\\\/10\\\/Profhilo.jpg\",\"contentUrl\":\"https:\\\/\\\/skin-heal.com\\\/wp-content\\\/uploads\\\/2019\\\/10\\\/Profhilo.jpg\",\"width\":600,\"height\":600},{\"@type\":\"BreadcrumbList\",\"@id\":\"https:\\\/\\\/skin-heal.com\\\/product\\\/profhilo-h-l-1-x-2ml\\\/#breadcrumb\",\"itemListElement\":[{\"@type\":\"ListItem\",\"position\":1,\"name\":\"Home\",\"item\":\"https:\\\/\\\/skin-heal.com\\\/\"},{\"@type\":\"ListItem\",\"position\":2,\"name\":\"Store\",\"item\":\"https:\\\/\\\/skin-heal.com\\\/store\\\/\"},{\"@type\":\"ListItem\",\"position\":3,\"name\":\"Profhilo H + L (1 x 2ml)\"}]},{\"@type\":\"WebSite\",\"@id\":\"https:\\\/\\\/skin-heal.com\\\/#website\",\"url\":\"https:\\\/\\\/skin-heal.com\\\/\",\"name\":\"Skin Heal\",\"description\":\"Lowest Prices for Dermal Fillers\",\"potentialAction\":[{\"@type\":\"SearchAction\",\"target\":{\"@type\":\"EntryPoint\",\"urlTemplate\":\"https:\\\/\\\/skin-heal.com\\\/?s={search_term_string}\"},\"query-input\":{\"@type\":\"PropertyValueSpecification\",\"valueRequired\":true,\"valueName\":\"search_term_string\"}}],\"inLanguage\":\"es\"}]}<\/script>\n<!-- \/ Yoast SEO plugin. -->","yoast_head_json":{"title":"Profhilo H + L (1 x 2ml) - Piel sana","description":"Visite Skin Heal para comprar Profhilo, un relleno de AH purificado con potentes propiedades biorrevitalizantes. Profhilo ofrece remodelaci\u00f3n no quir\u00fargica del cuerpo y la cara.","robots":{"index":"index","follow":"follow","max-snippet":"max-snippet:-1","max-image-preview":"max-image-preview:large","max-video-preview":"max-video-preview:-1"},"canonical":"https:\/\/skin-heal.com\/es\/producto\/profhilo-h-l-1-x-2ml\/","og_locale":"es_MX","og_type":"article","og_title":"Profhilo H + L (1 x 2ml) - Skin Heal","og_description":"Visit Skin Heal to buy Profhilo \u2013 a purified HA filler with powerful biorevitalizing properties. Profhilo offers non-surgical remodeling of body and face.","og_url":"https:\/\/skin-heal.com\/es\/producto\/profhilo-h-l-1-x-2ml\/","og_site_name":"Skin Heal","article_modified_time":"2023-08-14T15:47:06+00:00","og_image":[{"width":600,"height":600,"url":"https:\/\/cdn.skin-heal.com\/wp-content\/uploads\/2019\/10\/Profhilo.jpg","type":"image\/jpeg"}],"twitter_card":"summary_large_image","twitter_misc":{"Tiempo de lectura":"1 minuto"},"schema":{"@context":"https:\/\/schema.org","@graph":[{"@type":"WebPage","@id":"https:\/\/skin-heal.com\/product\/profhilo-h-l-1-x-2ml\/","url":"https:\/\/skin-heal.com\/product\/profhilo-h-l-1-x-2ml\/","name":"Profhilo H + L (1 x 2ml) - Piel sana","isPartOf":{"@id":"https:\/\/skin-heal.com\/#website"},"primaryImageOfPage":{"@id":"https:\/\/skin-heal.com\/product\/profhilo-h-l-1-x-2ml\/#primaryimage"},"image":{"@id":"https:\/\/skin-heal.com\/product\/profhilo-h-l-1-x-2ml\/#primaryimage"},"thumbnailUrl":"https:\/\/cdn.skin-heal.com\/wp-content\/uploads\/2019\/10\/Profhilo.jpg","datePublished":"2019-10-09T10:28:27+00:00","dateModified":"2023-08-14T15:47:06+00:00","description":"Visite Skin Heal para comprar Profhilo, un relleno de AH purificado con potentes propiedades biorrevitalizantes. Profhilo ofrece remodelaci\u00f3n no quir\u00fargica del cuerpo y la cara.","breadcrumb":{"@id":"https:\/\/skin-heal.com\/product\/profhilo-h-l-1-x-2ml\/#breadcrumb"},"inLanguage":"es","potentialAction":[{"@type":"ReadAction","target":["https:\/\/skin-heal.com\/product\/profhilo-h-l-1-x-2ml\/"]}]},{"@type":"ImageObject","inLanguage":"es","@id":"https:\/\/skin-heal.com\/product\/profhilo-h-l-1-x-2ml\/#primaryimage","url":"https:\/\/cdn.skin-heal.com\/wp-content\/uploads\/2019\/10\/Profhilo.jpg","contentUrl":"https:\/\/cdn.skin-heal.com\/wp-content\/uploads\/2019\/10\/Profhilo.jpg","width":600,"height":600},{"@type":"BreadcrumbList","@id":"https:\/\/skin-heal.com\/product\/profhilo-h-l-1-x-2ml\/#breadcrumb","itemListElement":[{"@type":"ListItem","position":1,"name":"Home","item":"https:\/\/skin-heal.com\/"},{"@type":"ListItem","position":2,"name":"Store","item":"https:\/\/skin-heal.com\/store\/"},{"@type":"ListItem","position":3,"name":"Profhilo H + L (1 x 2ml)"}]},{"@type":"WebSite","@id":"https:\/\/skin-heal.com\/#website","url":"https:\/\/skin-heal.com\/","name":"Curaci\u00f3n de la piel","description":"Los precios m\u00e1s bajos para los rellenos d\u00e9rmicos","potentialAction":[{"@type":"SearchAction","target":{"@type":"EntryPoint","urlTemplate":"https:\/\/skin-heal.com\/?s={search_term_string}"},"query-input":{"@type":"PropertyValueSpecification","valueRequired":true,"valueName":"search_term_string"}}],"inLanguage":"es"}]}},"_links":{"self":[{"href":"https:\/\/skin-heal.com\/es\/wp-json\/wp\/v2\/product\/10620","targetHints":{"allow":["GET"]}}],"collection":[{"href":"https:\/\/skin-heal.com\/es\/wp-json\/wp\/v2\/product"}],"about":[{"href":"https:\/\/skin-heal.com\/es\/wp-json\/wp\/v2\/types\/product"}],"wp:featuredmedia":[{"embeddable":true,"href":"https:\/\/skin-heal.com\/es\/wp-json\/wp\/v2\/media\/10621"}],"wp:attachment":[{"href":"https:\/\/skin-heal.com\/es\/wp-json\/wp\/v2\/media?parent=10620"}],"wp:term":[{"taxonomy":"product_brand","embeddable":true,"href":"https:\/\/skin-heal.com\/es\/wp-json\/wp\/v2\/product_brand?post=10620"},{"taxonomy":"product_cat","embeddable":true,"href":"https:\/\/skin-heal.com\/es\/wp-json\/wp\/v2\/product_cat?post=10620"},{"taxonomy":"product_tag","embeddable":true,"href":"https:\/\/skin-heal.com\/es\/wp-json\/wp\/v2\/product_tag?post=10620"}],"curies":[{"name":"wp","href":"https:\/\/api.w.org\/{rel}","templated":true}]}}