{"id":10677,"date":"2019-10-10T09:23:06","date_gmt":"2019-10-10T09:23:06","guid":{"rendered":"https:\/\/skin-heal.com\/?post_type=product&#038;p=10677"},"modified":"2022-12-16T18:26:52","modified_gmt":"2022-12-16T16:26:52","slug":"aqualyx-10-x-8ml","status":"publish","type":"product","link":"https:\/\/skin-heal.com\/es\/producto\/aqualyx-10-x-8ml\/","title":{"rendered":"Aqualyx (10 x 8ml)"},"content":{"rendered":"<h3>Tratamiento sin dolor de la adiposidad localizada<\/h3>\n<p>Todos los tratamientos no quir\u00fargicos de disoluci\u00f3n de grasa con inyectables lipol\u00edticos de nueva generaci\u00f3n como Aqualyx son varias veces menos invasivos, indoloros y m\u00e1s r\u00e1pidos que la liposucci\u00f3n. Pero con este producto \u00fanico, se garantiza que la adiposidad localizada no supondr\u00e1 ning\u00fan dolor ni molestia. Cl\u00ednicos cualificados <em>ni siquiera es necesario utilizar anestesia<\/em> antes de un procedimiento con \u00e9l. Esto se debe a que siempre se administra a trav\u00e9s de la <u>innovadora inyecci\u00f3n infusi\u00f3n Intralipoterapia<\/u> que est\u00e1 especialmente dise\u00f1ado para esta soluci\u00f3n y supone el uso de agujas de pared fina de la gama Lipoinject.<\/p>\n<ul>\n<li>Correcci\u00f3n de la papada<\/li>\n<li>Eliminaci\u00f3n de la grasa del abdomen<\/li>\n<li>Reducci\u00f3n de las puntas de los panecillos<\/li>\n<li>Tratamiento de la pseudoginecomastia<\/li>\n<li>Eliminaci\u00f3n de las bolsas de grasa en las caderas, los muslos, debajo de las nalgas o alrededor de las rodillas<\/li>\n<li>Eliminaci\u00f3n de las alas de bingo<\/li>\n<\/ul>\n<p>Para obtener efectos de fusi\u00f3n de la grasa m\u00e1s r\u00e1pidos y pronunciados, los cirujanos est\u00e9ticos pueden realizar una adipocitolisis cavitacional. En <em>sonificaci\u00f3n del tejido adiposo<\/em> y los dep\u00f3sitos de grasa con un ultrasonido (300 a 900Khz), los cl\u00ednicos lograr\u00e1n resultados m\u00e1s duraderos<\/p>\n<h3>\u00bfQui\u00e9n puede realizar un tratamiento con Aqualyx?<\/h3>\n<p>Dado que la aplicaci\u00f3n de Aqualyx debe realizarse con la t\u00e9cnica de inyecci\u00f3n de Intralipoterapia, no puede llevarse a cabo por <em>los cl\u00ednicos que no han sido formados para utilizarlo<\/em>. De lo contrario, la comodidad del paciente y la seguridad y eficacia del tratamiento se ver\u00e1n comprometidas. El procedimiento se realiza siempre con <strong>Agujas Lipoinject<\/strong> porque han sido dise\u00f1adas espec\u00edficamente para este producto. S\u00f3lo ellos pueden proporcionar un flujo suave y una distribuci\u00f3n uniforme de la soluci\u00f3n.<\/p>","protected":false},"excerpt":{"rendered":"<p>Aqualyx es un <strong>producto de calidad superior para resolver la grasa<\/strong> con una eficacia insuperable en el tratamiento m\u00ednimamente invasivo de la adiposidad localizada. Ahora aparece en el cat\u00e1logo de productos de Skin Heal, y es m\u00e1s que capaz de ofrecer resultados de disoluci\u00f3n de la grasa que son casi tan eficaces como la liposucci\u00f3n. Los pacientes que se someten a la Intralipoterapia con o sin adipocitolisis cavitacional pueden disfrutar de <u>eliminaci\u00f3n permanente de las bolsas de grasa<\/u> en varias zonas del cuerpo (brazos, caderas, espalda, est\u00f3mago, barbilla, etc.).<\/p>","protected":false},"featured_media":10680,"template":"","meta":[],"product_brand":[],"product_cat":[118,86,119,144],"product_tag":[146],"class_list":{"0":"post-10677","1":"product","2":"type-product","3":"status-publish","4":"has-post-thumbnail","6":"product_cat-aqualyx","7":"product_cat-fat-resolving","8":"product_cat-marllor","9":"product_cat-holiday-mega-sale","10":"product_tag-10off","11":"clearfix","13":"first","14":"instock","15":"sale","16":"taxable","17":"shipping-taxable","18":"purchasable","19":"product-type-simple"},"yoast_head":"<!-- This site is optimized with the Yoast SEO plugin v27.3 - https:\/\/yoast.com\/product\/yoast-seo-wordpress\/ -->\n<title>Aqualyx (10 x 8ml) - Skin Heal<\/title>\n<meta name=\"description\" content=\"Get superb fat-resolving product Aqualyx via Skin Heal. Aqualyx uses Intralipotherapy and cavitational adipocytolysis to remove fat deposits in the body.\" \/>\n<meta name=\"robots\" content=\"index, follow, max-snippet:-1, max-image-preview:large, max-video-preview:-1\" \/>\n<link rel=\"canonical\" href=\"https:\/\/skin-heal.com\/es\/producto\/aqualyx-10-x-8ml\/\" \/>\n<meta property=\"og:locale\" content=\"es_MX\" \/>\n<meta property=\"og:type\" content=\"article\" \/>\n<meta property=\"og:title\" content=\"Aqualyx (10 x 8ml) - Skin Heal\" \/>\n<meta property=\"og:description\" content=\"Get superb fat-resolving product Aqualyx via Skin Heal. Aqualyx uses Intralipotherapy and cavitational adipocytolysis to remove fat deposits in the body.\" \/>\n<meta property=\"og:url\" content=\"https:\/\/skin-heal.com\/es\/producto\/aqualyx-10-x-8ml\/\" \/>\n<meta property=\"og:site_name\" content=\"Skin Heal\" \/>\n<meta property=\"article:modified_time\" content=\"2022-12-16T16:26:52+00:00\" \/>\n<meta property=\"og:image\" content=\"https:\/\/cdn.skin-heal.com\/wp-content\/uploads\/2019\/10\/Aqualyx.jpg\" \/>\n\t<meta property=\"og:image:width\" content=\"600\" \/>\n\t<meta property=\"og:image:height\" content=\"600\" \/>\n\t<meta property=\"og:image:type\" content=\"image\/jpeg\" \/>\n<meta name=\"twitter:card\" content=\"summary_large_image\" \/>\n<meta name=\"twitter:label1\" content=\"Tiempo de lectura\" \/>\n\t<meta name=\"twitter:data1\" content=\"1 minuto\" \/>\n<script type=\"application\/ld+json\" class=\"yoast-schema-graph\">{\"@context\":\"https:\\\/\\\/schema.org\",\"@graph\":[{\"@type\":\"WebPage\",\"@id\":\"https:\\\/\\\/skin-heal.com\\\/product\\\/aqualyx-10-x-8ml\\\/\",\"url\":\"https:\\\/\\\/skin-heal.com\\\/product\\\/aqualyx-10-x-8ml\\\/\",\"name\":\"Aqualyx (10 x 8ml) - Skin Heal\",\"isPartOf\":{\"@id\":\"https:\\\/\\\/skin-heal.com\\\/#website\"},\"primaryImageOfPage\":{\"@id\":\"https:\\\/\\\/skin-heal.com\\\/product\\\/aqualyx-10-x-8ml\\\/#primaryimage\"},\"image\":{\"@id\":\"https:\\\/\\\/skin-heal.com\\\/product\\\/aqualyx-10-x-8ml\\\/#primaryimage\"},\"thumbnailUrl\":\"https:\\\/\\\/skin-heal.com\\\/wp-content\\\/uploads\\\/2019\\\/10\\\/Aqualyx.jpg\",\"datePublished\":\"2019-10-10T09:23:06+00:00\",\"dateModified\":\"2022-12-16T16:26:52+00:00\",\"description\":\"Get superb fat-resolving product Aqualyx via Skin Heal. Aqualyx uses Intralipotherapy and cavitational adipocytolysis to remove fat deposits in the body.\",\"breadcrumb\":{\"@id\":\"https:\\\/\\\/skin-heal.com\\\/product\\\/aqualyx-10-x-8ml\\\/#breadcrumb\"},\"inLanguage\":\"es\",\"potentialAction\":[{\"@type\":\"ReadAction\",\"target\":[\"https:\\\/\\\/skin-heal.com\\\/product\\\/aqualyx-10-x-8ml\\\/\"]}]},{\"@type\":\"ImageObject\",\"inLanguage\":\"es\",\"@id\":\"https:\\\/\\\/skin-heal.com\\\/product\\\/aqualyx-10-x-8ml\\\/#primaryimage\",\"url\":\"https:\\\/\\\/skin-heal.com\\\/wp-content\\\/uploads\\\/2019\\\/10\\\/Aqualyx.jpg\",\"contentUrl\":\"https:\\\/\\\/skin-heal.com\\\/wp-content\\\/uploads\\\/2019\\\/10\\\/Aqualyx.jpg\",\"width\":600,\"height\":600,\"caption\":\"Aqualyx\"},{\"@type\":\"BreadcrumbList\",\"@id\":\"https:\\\/\\\/skin-heal.com\\\/product\\\/aqualyx-10-x-8ml\\\/#breadcrumb\",\"itemListElement\":[{\"@type\":\"ListItem\",\"position\":1,\"name\":\"Home\",\"item\":\"https:\\\/\\\/skin-heal.com\\\/\"},{\"@type\":\"ListItem\",\"position\":2,\"name\":\"Store\",\"item\":\"https:\\\/\\\/skin-heal.com\\\/store\\\/\"},{\"@type\":\"ListItem\",\"position\":3,\"name\":\"Aqualyx (10 x 8ml)\"}]},{\"@type\":\"WebSite\",\"@id\":\"https:\\\/\\\/skin-heal.com\\\/#website\",\"url\":\"https:\\\/\\\/skin-heal.com\\\/\",\"name\":\"Skin Heal\",\"description\":\"Lowest Prices for Dermal Fillers\",\"potentialAction\":[{\"@type\":\"SearchAction\",\"target\":{\"@type\":\"EntryPoint\",\"urlTemplate\":\"https:\\\/\\\/skin-heal.com\\\/?s={search_term_string}\"},\"query-input\":{\"@type\":\"PropertyValueSpecification\",\"valueRequired\":true,\"valueName\":\"search_term_string\"}}],\"inLanguage\":\"es\"}]}<\/script>\n<!-- \/ Yoast SEO plugin. -->","yoast_head_json":{"title":"Aqualyx (10 x 8ml) - Piel sana","description":"Consiga el magn\u00edfico producto Aqualyx para eliminar la grasa a trav\u00e9s de Skin Heal. Aqualyx utiliza la intralipoterapia y la adipocitolisis cavitacional para eliminar los dep\u00f3sitos de grasa del cuerpo.","robots":{"index":"index","follow":"follow","max-snippet":"max-snippet:-1","max-image-preview":"max-image-preview:large","max-video-preview":"max-video-preview:-1"},"canonical":"https:\/\/skin-heal.com\/es\/producto\/aqualyx-10-x-8ml\/","og_locale":"es_MX","og_type":"article","og_title":"Aqualyx (10 x 8ml) - Skin Heal","og_description":"Get superb fat-resolving product Aqualyx via Skin Heal. Aqualyx uses Intralipotherapy and cavitational adipocytolysis to remove fat deposits in the body.","og_url":"https:\/\/skin-heal.com\/es\/producto\/aqualyx-10-x-8ml\/","og_site_name":"Skin Heal","article_modified_time":"2022-12-16T16:26:52+00:00","og_image":[{"width":600,"height":600,"url":"https:\/\/cdn.skin-heal.com\/wp-content\/uploads\/2019\/10\/Aqualyx.jpg","type":"image\/jpeg"}],"twitter_card":"summary_large_image","twitter_misc":{"Tiempo de lectura":"1 minuto"},"schema":{"@context":"https:\/\/schema.org","@graph":[{"@type":"WebPage","@id":"https:\/\/skin-heal.com\/product\/aqualyx-10-x-8ml\/","url":"https:\/\/skin-heal.com\/product\/aqualyx-10-x-8ml\/","name":"Aqualyx (10 x 8ml) - Piel sana","isPartOf":{"@id":"https:\/\/skin-heal.com\/#website"},"primaryImageOfPage":{"@id":"https:\/\/skin-heal.com\/product\/aqualyx-10-x-8ml\/#primaryimage"},"image":{"@id":"https:\/\/skin-heal.com\/product\/aqualyx-10-x-8ml\/#primaryimage"},"thumbnailUrl":"https:\/\/cdn.skin-heal.com\/wp-content\/uploads\/2019\/10\/Aqualyx.jpg","datePublished":"2019-10-10T09:23:06+00:00","dateModified":"2022-12-16T16:26:52+00:00","description":"Consiga el magn\u00edfico producto Aqualyx para eliminar la grasa a trav\u00e9s de Skin Heal. Aqualyx utiliza la intralipoterapia y la adipocitolisis cavitacional para eliminar los dep\u00f3sitos de grasa del cuerpo.","breadcrumb":{"@id":"https:\/\/skin-heal.com\/product\/aqualyx-10-x-8ml\/#breadcrumb"},"inLanguage":"es","potentialAction":[{"@type":"ReadAction","target":["https:\/\/skin-heal.com\/product\/aqualyx-10-x-8ml\/"]}]},{"@type":"ImageObject","inLanguage":"es","@id":"https:\/\/skin-heal.com\/product\/aqualyx-10-x-8ml\/#primaryimage","url":"https:\/\/cdn.skin-heal.com\/wp-content\/uploads\/2019\/10\/Aqualyx.jpg","contentUrl":"https:\/\/cdn.skin-heal.com\/wp-content\/uploads\/2019\/10\/Aqualyx.jpg","width":600,"height":600,"caption":"Aqualyx"},{"@type":"BreadcrumbList","@id":"https:\/\/skin-heal.com\/product\/aqualyx-10-x-8ml\/#breadcrumb","itemListElement":[{"@type":"ListItem","position":1,"name":"Home","item":"https:\/\/skin-heal.com\/"},{"@type":"ListItem","position":2,"name":"Store","item":"https:\/\/skin-heal.com\/store\/"},{"@type":"ListItem","position":3,"name":"Aqualyx (10 x 8ml)"}]},{"@type":"WebSite","@id":"https:\/\/skin-heal.com\/#website","url":"https:\/\/skin-heal.com\/","name":"Curaci\u00f3n de la piel","description":"Los precios m\u00e1s bajos para los rellenos d\u00e9rmicos","potentialAction":[{"@type":"SearchAction","target":{"@type":"EntryPoint","urlTemplate":"https:\/\/skin-heal.com\/?s={search_term_string}"},"query-input":{"@type":"PropertyValueSpecification","valueRequired":true,"valueName":"search_term_string"}}],"inLanguage":"es"}]}},"_links":{"self":[{"href":"https:\/\/skin-heal.com\/es\/wp-json\/wp\/v2\/product\/10677","targetHints":{"allow":["GET"]}}],"collection":[{"href":"https:\/\/skin-heal.com\/es\/wp-json\/wp\/v2\/product"}],"about":[{"href":"https:\/\/skin-heal.com\/es\/wp-json\/wp\/v2\/types\/product"}],"wp:featuredmedia":[{"embeddable":true,"href":"https:\/\/skin-heal.com\/es\/wp-json\/wp\/v2\/media\/10680"}],"wp:attachment":[{"href":"https:\/\/skin-heal.com\/es\/wp-json\/wp\/v2\/media?parent=10677"}],"wp:term":[{"taxonomy":"product_brand","embeddable":true,"href":"https:\/\/skin-heal.com\/es\/wp-json\/wp\/v2\/product_brand?post=10677"},{"taxonomy":"product_cat","embeddable":true,"href":"https:\/\/skin-heal.com\/es\/wp-json\/wp\/v2\/product_cat?post=10677"},{"taxonomy":"product_tag","embeddable":true,"href":"https:\/\/skin-heal.com\/es\/wp-json\/wp\/v2\/product_tag?post=10677"}],"curies":[{"name":"wp","href":"https:\/\/api.w.org\/{rel}","templated":true}]}}