{"id":10911,"date":"2019-10-14T12:18:37","date_gmt":"2019-10-14T12:18:37","guid":{"rendered":"https:\/\/skin-heal.com\/?post_type=product&#038;p=10911"},"modified":"2020-10-12T10:25:55","modified_gmt":"2020-10-12T10:25:55","slug":"aliaxin-sr-shape-restore-2-x-1ml","status":"publish","type":"product","link":"https:\/\/skin-heal.com\/es\/producto\/aliaxin-sr-shape-restore-2-x-1ml\/","title":{"rendered":"Aliaxin SR - Shape &amp; Restore (2 x 1ml)"},"content":{"rendered":"<h3>Principales indicaciones de Aliaxin SR<\/h3>\n<p>Este magn\u00edfico relleno de \u00e1cido hialur\u00f3nico del Grupo IBSA est\u00e1 indicado para la correcci\u00f3n no quir\u00fargica de una amplia gama de imperfecciones faciales que se producen en la capa media o profunda de la dermis. Es particularmente eficaz cuando se utiliza para la <em>tratamiento de la piel fl\u00e1cida del rostro<\/em>.<\/p>\n<ul>\n<li>Tratamiento m\u00ednimamente invasivo de las depresiones faciales<\/li>\n<li>Correcci\u00f3n exitosa de cicatrices y arrugas<\/li>\n<li>Mejora segura del volumen facial<\/li>\n<li>Aumento garantizado de la tonicidad, la firmeza y la elasticidad de la piel<\/li>\n<li>Rejuvenecimiento y remodelaci\u00f3n duradera de la parte media y baja de la cara<\/li>\n<li>Mejora indolora del contorno facial<\/li>\n<\/ul>\n<h3>Protocolo de administraci\u00f3n y dosificaci\u00f3n<\/h3>\n<p>Al igual que la mayor\u00eda de <strong>rellenos d\u00e9rmicos de calidad profesional<\/strong>Aliaxin SR se inyecta bajo la piel. Est\u00e1 dise\u00f1ado para ser administrado espec\u00edficamente en el tejido cut\u00e1neo y nunca debe inyectarse en los vasos sangu\u00edneos. Dado que el producto se presenta en dos jeringas precargadas de 1 ml y que el envase tambi\u00e9n incluye cuatro agujas Sterimedix de 27 G, los cirujanos pl\u00e1sticos certificados no tendr\u00e1n que perder tiempo en la preparaci\u00f3n del tratamiento. Las dosis pueden variar de un paciente a otro y deben ser estimadas por los m\u00e9dicos de forma individual. Para conservar y prolongar la <em>impresionantes efectos antiarrugas y de remodelaci\u00f3n de la piel<\/em> de este producto, los pacientes necesitan someterse a tratamientos de mantenimiento <u>cada 6 a 12 meses<\/u>.<\/p>","protected":false},"excerpt":{"rendered":"<p>Nosotros, desde Skin Heal, le daremos tres razones para pedir los productos del Grupo IBSA <strong>Relleno cut\u00e1neo revolucionario Aliaxin SR<\/strong>. En primer lugar, es excepcionalmente seguro, ya que se basa totalmente en ingredientes biodegradables y biocompatibles. En segundo lugar, es innovador ya que su f\u00f3rmula <u>combina HA natural y reticulado<\/u>. En tercer lugar, es excelente para modelar f\u00e1cilmente el contorno del rostro y a\u00f1adir m\u00e1s volumen bajo la piel. Pero \u00e9stas son s\u00f3lo algunas de las muchas ventajas de este producto.<\/p>","protected":false},"featured_media":10917,"template":"","meta":[],"product_brand":[],"product_cat":[120,79,117],"product_tag":[],"class_list":{"0":"post-10911","1":"product","2":"type-product","3":"status-publish","4":"has-post-thumbnail","6":"product_cat-aliaxin","7":"product_cat-dermal-fillers","8":"product_cat-ibsa","9":"clearfix","11":"first","12":"outofstock","13":"taxable","14":"shipping-taxable","15":"purchasable","16":"product-type-simple"},"yoast_head":"<!-- This site is optimized with the Yoast SEO plugin v27.4 - https:\/\/yoast.com\/product\/yoast-seo-wordpress\/ -->\n<title>Aliaxin SR - Shape &amp; Restore (2 x 1ml) - Skin Heal<\/title>\n<meta name=\"description\" content=\"Visit Skin Heal to order Aliaxin SR \u2013 a superb Hyaluronic Acid filler for rapid facial reshaping and contouring. Aliaxin SR improves skin\u2019s elasticity.\" \/>\n<meta name=\"robots\" content=\"index, follow, max-snippet:-1, max-image-preview:large, max-video-preview:-1\" \/>\n<link rel=\"canonical\" href=\"https:\/\/skin-heal.com\/es\/producto\/aliaxin-sr-shape-restore-2-x-1ml\/\" \/>\n<meta property=\"og:locale\" content=\"es_MX\" \/>\n<meta property=\"og:type\" content=\"article\" \/>\n<meta property=\"og:title\" content=\"Aliaxin SR - Shape &amp; Restore (2 x 1ml) - Skin Heal\" \/>\n<meta property=\"og:description\" content=\"Visit Skin Heal to order Aliaxin SR \u2013 a superb Hyaluronic Acid filler for rapid facial reshaping and contouring. Aliaxin SR improves skin\u2019s elasticity.\" \/>\n<meta property=\"og:url\" content=\"https:\/\/skin-heal.com\/es\/producto\/aliaxin-sr-shape-restore-2-x-1ml\/\" \/>\n<meta property=\"og:site_name\" content=\"Skin Heal\" \/>\n<meta property=\"article:modified_time\" content=\"2020-10-12T10:25:55+00:00\" \/>\n<meta property=\"og:image\" content=\"https:\/\/cdn.skin-heal.com\/wp-content\/uploads\/2019\/10\/Aliaxin-SR.jpg\" \/>\n\t<meta property=\"og:image:width\" content=\"600\" \/>\n\t<meta property=\"og:image:height\" content=\"600\" \/>\n\t<meta property=\"og:image:type\" content=\"image\/jpeg\" \/>\n<meta name=\"twitter:card\" content=\"summary_large_image\" \/>\n<meta name=\"twitter:label1\" content=\"Tiempo de lectura\" \/>\n\t<meta name=\"twitter:data1\" content=\"1 minuto\" \/>\n<script type=\"application\/ld+json\" class=\"yoast-schema-graph\">{\"@context\":\"https:\\\/\\\/schema.org\",\"@graph\":[{\"@type\":\"WebPage\",\"@id\":\"https:\\\/\\\/skin-heal.com\\\/product\\\/aliaxin-sr-shape-restore-2-x-1ml\\\/\",\"url\":\"https:\\\/\\\/skin-heal.com\\\/product\\\/aliaxin-sr-shape-restore-2-x-1ml\\\/\",\"name\":\"Aliaxin SR - Shape & Restore (2 x 1ml) - Skin Heal\",\"isPartOf\":{\"@id\":\"https:\\\/\\\/skin-heal.com\\\/#website\"},\"primaryImageOfPage\":{\"@id\":\"https:\\\/\\\/skin-heal.com\\\/product\\\/aliaxin-sr-shape-restore-2-x-1ml\\\/#primaryimage\"},\"image\":{\"@id\":\"https:\\\/\\\/skin-heal.com\\\/product\\\/aliaxin-sr-shape-restore-2-x-1ml\\\/#primaryimage\"},\"thumbnailUrl\":\"https:\\\/\\\/skin-heal.com\\\/wp-content\\\/uploads\\\/2019\\\/10\\\/Aliaxin-SR.jpg\",\"datePublished\":\"2019-10-14T12:18:37+00:00\",\"dateModified\":\"2020-10-12T10:25:55+00:00\",\"description\":\"Visit Skin Heal to order Aliaxin SR \u2013 a superb Hyaluronic Acid filler for rapid facial reshaping and contouring. Aliaxin SR improves skin\u2019s elasticity.\",\"breadcrumb\":{\"@id\":\"https:\\\/\\\/skin-heal.com\\\/product\\\/aliaxin-sr-shape-restore-2-x-1ml\\\/#breadcrumb\"},\"inLanguage\":\"es\",\"potentialAction\":[{\"@type\":\"ReadAction\",\"target\":[\"https:\\\/\\\/skin-heal.com\\\/product\\\/aliaxin-sr-shape-restore-2-x-1ml\\\/\"]}]},{\"@type\":\"ImageObject\",\"inLanguage\":\"es\",\"@id\":\"https:\\\/\\\/skin-heal.com\\\/product\\\/aliaxin-sr-shape-restore-2-x-1ml\\\/#primaryimage\",\"url\":\"https:\\\/\\\/skin-heal.com\\\/wp-content\\\/uploads\\\/2019\\\/10\\\/Aliaxin-SR.jpg\",\"contentUrl\":\"https:\\\/\\\/skin-heal.com\\\/wp-content\\\/uploads\\\/2019\\\/10\\\/Aliaxin-SR.jpg\",\"width\":600,\"height\":600,\"caption\":\"Aliaxin SR\"},{\"@type\":\"BreadcrumbList\",\"@id\":\"https:\\\/\\\/skin-heal.com\\\/product\\\/aliaxin-sr-shape-restore-2-x-1ml\\\/#breadcrumb\",\"itemListElement\":[{\"@type\":\"ListItem\",\"position\":1,\"name\":\"Home\",\"item\":\"https:\\\/\\\/skin-heal.com\\\/\"},{\"@type\":\"ListItem\",\"position\":2,\"name\":\"Store\",\"item\":\"https:\\\/\\\/skin-heal.com\\\/store\\\/\"},{\"@type\":\"ListItem\",\"position\":3,\"name\":\"Aliaxin SR &#8211; Shape &#038; Restore (2 x 1ml)\"}]},{\"@type\":\"WebSite\",\"@id\":\"https:\\\/\\\/skin-heal.com\\\/#website\",\"url\":\"https:\\\/\\\/skin-heal.com\\\/\",\"name\":\"Skin Heal\",\"description\":\"Lowest Prices for Dermal Fillers\",\"potentialAction\":[{\"@type\":\"SearchAction\",\"target\":{\"@type\":\"EntryPoint\",\"urlTemplate\":\"https:\\\/\\\/skin-heal.com\\\/?s={search_term_string}\"},\"query-input\":{\"@type\":\"PropertyValueSpecification\",\"valueRequired\":true,\"valueName\":\"search_term_string\"}}],\"inLanguage\":\"es\"}]}<\/script>\n<!-- \/ Yoast SEO plugin. -->","yoast_head_json":{"title":"Aliaxin SR - Shape &amp; Restore (2 x 1ml) - Skin Heal","description":"Visite Skin Heal para solicitar Aliaxin SR, un magn\u00edfico relleno de \u00e1cido hialur\u00f3nico para remodelar y contornear r\u00e1pidamente el rostro. Aliaxin SR mejora la elasticidad de la piel.","robots":{"index":"index","follow":"follow","max-snippet":"max-snippet:-1","max-image-preview":"max-image-preview:large","max-video-preview":"max-video-preview:-1"},"canonical":"https:\/\/skin-heal.com\/es\/producto\/aliaxin-sr-shape-restore-2-x-1ml\/","og_locale":"es_MX","og_type":"article","og_title":"Aliaxin SR - Shape & Restore (2 x 1ml) - Skin Heal","og_description":"Visit Skin Heal to order Aliaxin SR \u2013 a superb Hyaluronic Acid filler for rapid facial reshaping and contouring. Aliaxin SR improves skin\u2019s elasticity.","og_url":"https:\/\/skin-heal.com\/es\/producto\/aliaxin-sr-shape-restore-2-x-1ml\/","og_site_name":"Skin Heal","article_modified_time":"2020-10-12T10:25:55+00:00","og_image":[{"width":600,"height":600,"url":"https:\/\/cdn.skin-heal.com\/wp-content\/uploads\/2019\/10\/Aliaxin-SR.jpg","type":"image\/jpeg"}],"twitter_card":"summary_large_image","twitter_misc":{"Tiempo de lectura":"1 minuto"},"schema":{"@context":"https:\/\/schema.org","@graph":[{"@type":"WebPage","@id":"https:\/\/skin-heal.com\/product\/aliaxin-sr-shape-restore-2-x-1ml\/","url":"https:\/\/skin-heal.com\/product\/aliaxin-sr-shape-restore-2-x-1ml\/","name":"Aliaxin SR - Shape &amp; Restore (2 x 1ml) - Skin Heal","isPartOf":{"@id":"https:\/\/skin-heal.com\/#website"},"primaryImageOfPage":{"@id":"https:\/\/skin-heal.com\/product\/aliaxin-sr-shape-restore-2-x-1ml\/#primaryimage"},"image":{"@id":"https:\/\/skin-heal.com\/product\/aliaxin-sr-shape-restore-2-x-1ml\/#primaryimage"},"thumbnailUrl":"https:\/\/cdn.skin-heal.com\/wp-content\/uploads\/2019\/10\/Aliaxin-SR.jpg","datePublished":"2019-10-14T12:18:37+00:00","dateModified":"2020-10-12T10:25:55+00:00","description":"Visite Skin Heal para solicitar Aliaxin SR, un magn\u00edfico relleno de \u00e1cido hialur\u00f3nico para remodelar y contornear r\u00e1pidamente el rostro. Aliaxin SR mejora la elasticidad de la piel.","breadcrumb":{"@id":"https:\/\/skin-heal.com\/product\/aliaxin-sr-shape-restore-2-x-1ml\/#breadcrumb"},"inLanguage":"es","potentialAction":[{"@type":"ReadAction","target":["https:\/\/skin-heal.com\/product\/aliaxin-sr-shape-restore-2-x-1ml\/"]}]},{"@type":"ImageObject","inLanguage":"es","@id":"https:\/\/skin-heal.com\/product\/aliaxin-sr-shape-restore-2-x-1ml\/#primaryimage","url":"https:\/\/cdn.skin-heal.com\/wp-content\/uploads\/2019\/10\/Aliaxin-SR.jpg","contentUrl":"https:\/\/cdn.skin-heal.com\/wp-content\/uploads\/2019\/10\/Aliaxin-SR.jpg","width":600,"height":600,"caption":"Aliaxin SR"},{"@type":"BreadcrumbList","@id":"https:\/\/skin-heal.com\/product\/aliaxin-sr-shape-restore-2-x-1ml\/#breadcrumb","itemListElement":[{"@type":"ListItem","position":1,"name":"Home","item":"https:\/\/skin-heal.com\/"},{"@type":"ListItem","position":2,"name":"Store","item":"https:\/\/skin-heal.com\/store\/"},{"@type":"ListItem","position":3,"name":"Aliaxin SR &#8211; Shape &#038; Restore (2 x 1ml)"}]},{"@type":"WebSite","@id":"https:\/\/skin-heal.com\/#website","url":"https:\/\/skin-heal.com\/","name":"Curaci\u00f3n de la piel","description":"Los precios m\u00e1s bajos para los rellenos d\u00e9rmicos","potentialAction":[{"@type":"SearchAction","target":{"@type":"EntryPoint","urlTemplate":"https:\/\/skin-heal.com\/?s={search_term_string}"},"query-input":{"@type":"PropertyValueSpecification","valueRequired":true,"valueName":"search_term_string"}}],"inLanguage":"es"}]}},"_links":{"self":[{"href":"https:\/\/skin-heal.com\/es\/wp-json\/wp\/v2\/product\/10911","targetHints":{"allow":["GET"]}}],"collection":[{"href":"https:\/\/skin-heal.com\/es\/wp-json\/wp\/v2\/product"}],"about":[{"href":"https:\/\/skin-heal.com\/es\/wp-json\/wp\/v2\/types\/product"}],"wp:featuredmedia":[{"embeddable":true,"href":"https:\/\/skin-heal.com\/es\/wp-json\/wp\/v2\/media\/10917"}],"wp:attachment":[{"href":"https:\/\/skin-heal.com\/es\/wp-json\/wp\/v2\/media?parent=10911"}],"wp:term":[{"taxonomy":"product_brand","embeddable":true,"href":"https:\/\/skin-heal.com\/es\/wp-json\/wp\/v2\/product_brand?post=10911"},{"taxonomy":"product_cat","embeddable":true,"href":"https:\/\/skin-heal.com\/es\/wp-json\/wp\/v2\/product_cat?post=10911"},{"taxonomy":"product_tag","embeddable":true,"href":"https:\/\/skin-heal.com\/es\/wp-json\/wp\/v2\/product_tag?post=10911"}],"curies":[{"name":"wp","href":"https:\/\/api.w.org\/{rel}","templated":true}]}}