{"id":1138,"date":"2019-02-11T08:20:58","date_gmt":"2019-02-11T08:20:58","guid":{"rendered":"https:\/\/skin-heal.com\/?post_type=product&#038;p=1138"},"modified":"2021-01-03T18:54:25","modified_gmt":"2021-01-03T18:54:25","slug":"regenovue-deep-1-x-1ml","status":"publish","type":"product","link":"https:\/\/skin-heal.com\/es\/producto\/regenovue-deep-1-x-1ml\/","title":{"rendered":"Regenovue Deep (1 x 1ml)"},"content":{"rendered":"<h3>Lugares de inyecci\u00f3n recomendados<\/h3>\n<p>Este innovador relleno de HA puede inyectarse en la sub-Q superior o en la dermis inferior para eliminar arrugas y pliegues de medios a graves o para realzar y contornear diferentes zonas de la cara. Regenovue Deep puede restaurar o a\u00f1adir volumen a la piel cuando se aplica en los siguientes lugares:<\/p>\n<ul>\n<li><strong>L\u00edneas periorales<\/strong><\/li>\n<li><strong>Pliegues nasolabiales<\/strong><\/li>\n<li><strong>Labios<\/strong><\/li>\n<li><strong>Frente<\/strong><\/li>\n<li><strong>Chin<\/strong><\/li>\n<li><strong>Zygoma<\/strong><\/li>\n<li><strong>L\u00edneas glabelares<\/strong><\/li>\n<li><strong>L\u00edneas de preocupaci\u00f3n<\/strong><\/li>\n<\/ul>\n<p>Este producto se presenta junto con dos agujas de un solo uso de 27G y tiene una concentraci\u00f3n de \u00e1cido hialur\u00f3nico de 24mg\/ml. Se recomienda almacenar a una temperatura que oscile entre los 2 y los 25\u00b0C para que sus fant\u00e1sticas propiedades de rejuvenecimiento de la piel se conserven plenamente durante toda su vida \u00fatil (24 meses).<\/p>\n<h3>Duraci\u00f3n de los efectos de Regenovue Deep<\/h3>\n<p>A diferencia de la mayor\u00eda de los procedimientos cosm\u00e9ticos, con Regenovue Deep los resultados son inmediatos y duran m\u00e1s. Los pacientes s\u00f3lo necesitan una sesi\u00f3n de inyecciones para ver los resultados. Dado que el potente AH de este producto se disuelve completamente en la piel, ser\u00e1 necesario acudir a citas de seguimiento. De lo contrario, los efectos del tratamiento se perder\u00e1n. No obstante, en comparaci\u00f3n con la mayor\u00eda de los rellenos d\u00e9rmicos de calidad profesional, \u00e9ste es m\u00e1s duradero (8-12 meses). Esto significa que los pacientes no necesitan programar sus procedimientos de mantenimiento con mucha frecuencia.<\/p>","protected":false},"excerpt":{"rendered":"<p>Regenovue Deep es un relleno cut\u00e1neo asequible que puede utilizarse para mejorar el aspecto de un paciente adulto mediante la eliminaci\u00f3n instant\u00e1nea de arrugas medias y profundas o la redefinici\u00f3n del contorno de los labios. Gracias a la estructura monof\u00e1sica de este fiable relleno inyectable y a su \u00e1cido hialur\u00f3nico reticulado de primera calidad, tambi\u00e9n puede utilizarse para el aumento del ment\u00f3n, el zigoma y la frente. Para asegurarse de que obtiene el producto original de NeoGenesis, p\u00eddalo siempre a Skin Heal.<\/p>","protected":false},"featured_media":1161,"template":"","meta":[],"product_brand":[],"product_cat":[79,94,93],"product_tag":[],"class_list":{"0":"post-1138","1":"product","2":"type-product","3":"status-publish","4":"has-post-thumbnail","6":"product_cat-dermal-fillers","7":"product_cat-neogenesis","8":"product_cat-regenovue","9":"clearfix","11":"first","12":"outofstock","13":"sale","14":"taxable","15":"shipping-taxable","16":"purchasable","17":"product-type-simple"},"yoast_head":"<!-- This site is optimized with the Yoast SEO plugin v27.4 - https:\/\/yoast.com\/product\/yoast-seo-wordpress\/ -->\n<title>Regenovue Deep (1 x 1ml) - Skin Heal<\/title>\n<meta name=\"description\" content=\"Get Regenovue Deep via Skin Heal to enjoy patient-friendly medium to severe wrinkle removal. Chin augmentation is also possible with this top HA filler.\" \/>\n<meta name=\"robots\" content=\"index, follow, max-snippet:-1, max-image-preview:large, max-video-preview:-1\" \/>\n<link rel=\"canonical\" href=\"https:\/\/skin-heal.com\/es\/producto\/regenovue-deep-1-x-1ml\/\" \/>\n<meta property=\"og:locale\" content=\"es_MX\" \/>\n<meta property=\"og:type\" content=\"article\" \/>\n<meta property=\"og:title\" content=\"Regenovue Deep (1 x 1ml) - Skin Heal\" \/>\n<meta property=\"og:description\" content=\"Get Regenovue Deep via Skin Heal to enjoy patient-friendly medium to severe wrinkle removal. Chin augmentation is also possible with this top HA filler.\" \/>\n<meta property=\"og:url\" content=\"https:\/\/skin-heal.com\/es\/producto\/regenovue-deep-1-x-1ml\/\" \/>\n<meta property=\"og:site_name\" content=\"Skin Heal\" \/>\n<meta property=\"article:modified_time\" content=\"2021-01-03T18:54:25+00:00\" \/>\n<meta property=\"og:image\" content=\"https:\/\/cdn.skin-heal.com\/wp-content\/uploads\/2019\/02\/Regenovue-Deep-1.jpg\" \/>\n\t<meta property=\"og:image:width\" content=\"600\" \/>\n\t<meta property=\"og:image:height\" content=\"600\" \/>\n\t<meta property=\"og:image:type\" content=\"image\/jpeg\" \/>\n<meta name=\"twitter:card\" content=\"summary_large_image\" \/>\n<meta name=\"twitter:label1\" content=\"Tiempo de lectura\" \/>\n\t<meta name=\"twitter:data1\" content=\"1 minuto\" \/>\n<script type=\"application\/ld+json\" class=\"yoast-schema-graph\">{\"@context\":\"https:\\\/\\\/schema.org\",\"@graph\":[{\"@type\":\"WebPage\",\"@id\":\"https:\\\/\\\/skin-heal.com\\\/product\\\/regenovue-deep-1-x-1ml\\\/\",\"url\":\"https:\\\/\\\/skin-heal.com\\\/product\\\/regenovue-deep-1-x-1ml\\\/\",\"name\":\"Regenovue Deep (1 x 1ml) - Skin Heal\",\"isPartOf\":{\"@id\":\"https:\\\/\\\/skin-heal.com\\\/#website\"},\"primaryImageOfPage\":{\"@id\":\"https:\\\/\\\/skin-heal.com\\\/product\\\/regenovue-deep-1-x-1ml\\\/#primaryimage\"},\"image\":{\"@id\":\"https:\\\/\\\/skin-heal.com\\\/product\\\/regenovue-deep-1-x-1ml\\\/#primaryimage\"},\"thumbnailUrl\":\"https:\\\/\\\/skin-heal.com\\\/wp-content\\\/uploads\\\/2019\\\/02\\\/Regenovue-Deep-1.jpg\",\"datePublished\":\"2019-02-11T08:20:58+00:00\",\"dateModified\":\"2021-01-03T18:54:25+00:00\",\"description\":\"Get Regenovue Deep via Skin Heal to enjoy patient-friendly medium to severe wrinkle removal. Chin augmentation is also possible with this top HA filler.\",\"breadcrumb\":{\"@id\":\"https:\\\/\\\/skin-heal.com\\\/product\\\/regenovue-deep-1-x-1ml\\\/#breadcrumb\"},\"inLanguage\":\"es\",\"potentialAction\":[{\"@type\":\"ReadAction\",\"target\":[\"https:\\\/\\\/skin-heal.com\\\/product\\\/regenovue-deep-1-x-1ml\\\/\"]}]},{\"@type\":\"ImageObject\",\"inLanguage\":\"es\",\"@id\":\"https:\\\/\\\/skin-heal.com\\\/product\\\/regenovue-deep-1-x-1ml\\\/#primaryimage\",\"url\":\"https:\\\/\\\/skin-heal.com\\\/wp-content\\\/uploads\\\/2019\\\/02\\\/Regenovue-Deep-1.jpg\",\"contentUrl\":\"https:\\\/\\\/skin-heal.com\\\/wp-content\\\/uploads\\\/2019\\\/02\\\/Regenovue-Deep-1.jpg\",\"width\":600,\"height\":600,\"caption\":\"Regenovue Deep\"},{\"@type\":\"BreadcrumbList\",\"@id\":\"https:\\\/\\\/skin-heal.com\\\/product\\\/regenovue-deep-1-x-1ml\\\/#breadcrumb\",\"itemListElement\":[{\"@type\":\"ListItem\",\"position\":1,\"name\":\"Home\",\"item\":\"https:\\\/\\\/skin-heal.com\\\/\"},{\"@type\":\"ListItem\",\"position\":2,\"name\":\"Store\",\"item\":\"https:\\\/\\\/skin-heal.com\\\/store\\\/\"},{\"@type\":\"ListItem\",\"position\":3,\"name\":\"Regenovue Deep (1 x 1ml)\"}]},{\"@type\":\"WebSite\",\"@id\":\"https:\\\/\\\/skin-heal.com\\\/#website\",\"url\":\"https:\\\/\\\/skin-heal.com\\\/\",\"name\":\"Skin Heal\",\"description\":\"Lowest Prices for Dermal Fillers\",\"potentialAction\":[{\"@type\":\"SearchAction\",\"target\":{\"@type\":\"EntryPoint\",\"urlTemplate\":\"https:\\\/\\\/skin-heal.com\\\/?s={search_term_string}\"},\"query-input\":{\"@type\":\"PropertyValueSpecification\",\"valueRequired\":true,\"valueName\":\"search_term_string\"}}],\"inLanguage\":\"es\"}]}<\/script>\n<!-- \/ Yoast SEO plugin. -->","yoast_head_json":{"title":"Regenovue Deep (1 x 1ml) - Skin Heal","description":"Obtenga Regenovue Deep a trav\u00e9s de Skin Heal para disfrutar de una eliminaci\u00f3n de arrugas de medias a graves f\u00e1cil para el paciente. El aumento de ment\u00f3n tambi\u00e9n es posible con este relleno HA superior.","robots":{"index":"index","follow":"follow","max-snippet":"max-snippet:-1","max-image-preview":"max-image-preview:large","max-video-preview":"max-video-preview:-1"},"canonical":"https:\/\/skin-heal.com\/es\/producto\/regenovue-deep-1-x-1ml\/","og_locale":"es_MX","og_type":"article","og_title":"Regenovue Deep (1 x 1ml) - Skin Heal","og_description":"Get Regenovue Deep via Skin Heal to enjoy patient-friendly medium to severe wrinkle removal. Chin augmentation is also possible with this top HA filler.","og_url":"https:\/\/skin-heal.com\/es\/producto\/regenovue-deep-1-x-1ml\/","og_site_name":"Skin Heal","article_modified_time":"2021-01-03T18:54:25+00:00","og_image":[{"width":600,"height":600,"url":"https:\/\/cdn.skin-heal.com\/wp-content\/uploads\/2019\/02\/Regenovue-Deep-1.jpg","type":"image\/jpeg"}],"twitter_card":"summary_large_image","twitter_misc":{"Tiempo de lectura":"1 minuto"},"schema":{"@context":"https:\/\/schema.org","@graph":[{"@type":"WebPage","@id":"https:\/\/skin-heal.com\/product\/regenovue-deep-1-x-1ml\/","url":"https:\/\/skin-heal.com\/product\/regenovue-deep-1-x-1ml\/","name":"Regenovue Deep (1 x 1ml) - Skin Heal","isPartOf":{"@id":"https:\/\/skin-heal.com\/#website"},"primaryImageOfPage":{"@id":"https:\/\/skin-heal.com\/product\/regenovue-deep-1-x-1ml\/#primaryimage"},"image":{"@id":"https:\/\/skin-heal.com\/product\/regenovue-deep-1-x-1ml\/#primaryimage"},"thumbnailUrl":"https:\/\/cdn.skin-heal.com\/wp-content\/uploads\/2019\/02\/Regenovue-Deep-1.jpg","datePublished":"2019-02-11T08:20:58+00:00","dateModified":"2021-01-03T18:54:25+00:00","description":"Obtenga Regenovue Deep a trav\u00e9s de Skin Heal para disfrutar de una eliminaci\u00f3n de arrugas de medias a graves f\u00e1cil para el paciente. El aumento de ment\u00f3n tambi\u00e9n es posible con este relleno HA superior.","breadcrumb":{"@id":"https:\/\/skin-heal.com\/product\/regenovue-deep-1-x-1ml\/#breadcrumb"},"inLanguage":"es","potentialAction":[{"@type":"ReadAction","target":["https:\/\/skin-heal.com\/product\/regenovue-deep-1-x-1ml\/"]}]},{"@type":"ImageObject","inLanguage":"es","@id":"https:\/\/skin-heal.com\/product\/regenovue-deep-1-x-1ml\/#primaryimage","url":"https:\/\/cdn.skin-heal.com\/wp-content\/uploads\/2019\/02\/Regenovue-Deep-1.jpg","contentUrl":"https:\/\/cdn.skin-heal.com\/wp-content\/uploads\/2019\/02\/Regenovue-Deep-1.jpg","width":600,"height":600,"caption":"Regenovue Deep"},{"@type":"BreadcrumbList","@id":"https:\/\/skin-heal.com\/product\/regenovue-deep-1-x-1ml\/#breadcrumb","itemListElement":[{"@type":"ListItem","position":1,"name":"Home","item":"https:\/\/skin-heal.com\/"},{"@type":"ListItem","position":2,"name":"Store","item":"https:\/\/skin-heal.com\/store\/"},{"@type":"ListItem","position":3,"name":"Regenovue Deep (1 x 1ml)"}]},{"@type":"WebSite","@id":"https:\/\/skin-heal.com\/#website","url":"https:\/\/skin-heal.com\/","name":"Curaci\u00f3n de la piel","description":"Los precios m\u00e1s bajos para los rellenos d\u00e9rmicos","potentialAction":[{"@type":"SearchAction","target":{"@type":"EntryPoint","urlTemplate":"https:\/\/skin-heal.com\/?s={search_term_string}"},"query-input":{"@type":"PropertyValueSpecification","valueRequired":true,"valueName":"search_term_string"}}],"inLanguage":"es"}]}},"_links":{"self":[{"href":"https:\/\/skin-heal.com\/es\/wp-json\/wp\/v2\/product\/1138","targetHints":{"allow":["GET"]}}],"collection":[{"href":"https:\/\/skin-heal.com\/es\/wp-json\/wp\/v2\/product"}],"about":[{"href":"https:\/\/skin-heal.com\/es\/wp-json\/wp\/v2\/types\/product"}],"wp:featuredmedia":[{"embeddable":true,"href":"https:\/\/skin-heal.com\/es\/wp-json\/wp\/v2\/media\/1161"}],"wp:attachment":[{"href":"https:\/\/skin-heal.com\/es\/wp-json\/wp\/v2\/media?parent=1138"}],"wp:term":[{"taxonomy":"product_brand","embeddable":true,"href":"https:\/\/skin-heal.com\/es\/wp-json\/wp\/v2\/product_brand?post=1138"},{"taxonomy":"product_cat","embeddable":true,"href":"https:\/\/skin-heal.com\/es\/wp-json\/wp\/v2\/product_cat?post=1138"},{"taxonomy":"product_tag","embeddable":true,"href":"https:\/\/skin-heal.com\/es\/wp-json\/wp\/v2\/product_tag?post=1138"}],"curies":[{"name":"wp","href":"https:\/\/api.w.org\/{rel}","templated":true}]}}