{"id":1139,"date":"2019-02-11T08:20:31","date_gmt":"2019-02-11T08:20:31","guid":{"rendered":"https:\/\/skin-heal.com\/?post_type=product&#038;p=1139"},"modified":"2020-10-15T13:42:43","modified_gmt":"2020-10-15T13:42:43","slug":"regenovue-fine-1-x-1ml","status":"publish","type":"product","link":"https:\/\/skin-heal.com\/es\/producto\/regenovue-fine-1-x-1ml\/","title":{"rendered":"Regenovue Fine (1 x 1ml)"},"content":{"rendered":"<h3>\u00bfC\u00f3mo elimina el HA de Regenovue Fine las l\u00edneas de expresi\u00f3n?<\/h3>\n<p>El \u00e1cido hialur\u00f3nico es una sustancia que se encuentra en nuestro cuerpo y es incre\u00edblemente importante porque ayuda a que nuestra piel tenga un aspecto m\u00e1s radiante y juvenil al mantener sus niveles de hidrataci\u00f3n y estimular el proceso de producci\u00f3n de col\u00e1geno. Sin embargo, con la edad, la piel empieza a perder r\u00e1pidamente HA y, como consecuencia, las arrugas superficiales entran en escena. Dado que cada caja de Regenovue Fine contiene una jeringa desechable precargada que contiene 24mg\/ml de \u00c1cido Hialur\u00f3nico de calidad fina, tendr\u00e1 la oportunidad de hacer retroceder el tiempo y rejuvenecer la piel de su rostro. Este revolucionario relleno de la piel est\u00e1 especialmente indicado para la correcci\u00f3n temporal de:<\/p>\n<ul>\n<li>L\u00edneas glabelares<\/li>\n<li>L\u00edneas periorbitales (arrugas superficiales alrededor de los ojos)<\/li>\n<li>Pliegues del cuello<\/li>\n<li>Otras peque\u00f1as arrugas que aparecen en las zonas de piel fina de la cara<\/li>\n<\/ul>\n<h3>Los principales beneficios de este relleno d\u00e9rmico de calidad<\/h3>\n<p>Regenovue Fine ha sido desarrollado por NeoGenesis a trav\u00e9s de una tecnolog\u00eda de producci\u00f3n de nueva generaci\u00f3n que ha dotado a este innovador producto de una alta viscosidad, una estructura monof\u00e1sica reticulada estable y 100% de HA biocompatible. Como resultado, este magn\u00edfico relleno de tejidos blandos es:<\/p>\n<ul>\n<li>Mayor duraci\u00f3n (8-12 meses)<\/li>\n<li>Completamente disoluble y totalmente absorbida por la piel<\/li>\n<li>Seguro con cero efectos secundarios de riesgo<\/li>\n<li>F\u00e1cil de usar y de inyectar<\/li>\n<li>Capaz de ofrecer resultados instant\u00e1neos<\/li>\n<\/ul>\n<p>P\u00eddalo ahora y no se arrepentir\u00e1.<\/p>","protected":false},"excerpt":{"rendered":"<p>No hay muchos otros rellenos d\u00e9rmicos a base de HA que puedan proporcionarle un tratamiento antiarrugas de aspecto natural, con efectos que duren hasta 12 meses y a un precio m\u00e1s que razonable, pero Regenovue Fine de NeoGenesis consigue efectivamente marcar todas estas casillas. Pida este impresionante producto de rejuvenecimiento de la piel a Skin Heal y las posibilidades de supervivencia de las l\u00edneas finas y las arrugas se reducir\u00e1n r\u00e1pidamente.<\/p>","protected":false},"featured_media":1160,"template":"","meta":[],"product_brand":[],"product_cat":[79,94,93],"product_tag":[],"class_list":{"0":"post-1139","1":"product","2":"type-product","3":"status-publish","4":"has-post-thumbnail","6":"product_cat-dermal-fillers","7":"product_cat-neogenesis","8":"product_cat-regenovue","9":"clearfix","11":"first","12":"outofstock","13":"sale","14":"taxable","15":"shipping-taxable","16":"purchasable","17":"product-type-simple"},"yoast_head":"<!-- This site is optimized with the Yoast SEO plugin v27.3 - https:\/\/yoast.com\/product\/yoast-seo-wordpress\/ -->\n<title>Regenovue Fine (1 x 1ml) - Skin Heal<\/title>\n<meta name=\"description\" content=\"Regenovue Fine is a trusted HA filler that can be purchased via Skin Heal. It offers instant fine line removal and it has high biological compatibility.\" \/>\n<meta name=\"robots\" content=\"index, follow, max-snippet:-1, max-image-preview:large, max-video-preview:-1\" \/>\n<link rel=\"canonical\" href=\"https:\/\/skin-heal.com\/es\/producto\/regenovue-fine-1-x-1ml\/\" \/>\n<meta property=\"og:locale\" content=\"es_MX\" \/>\n<meta property=\"og:type\" content=\"article\" \/>\n<meta property=\"og:title\" content=\"Regenovue Fine (1 x 1ml) - Skin Heal\" \/>\n<meta property=\"og:description\" content=\"Regenovue Fine is a trusted HA filler that can be purchased via Skin Heal. It offers instant fine line removal and it has high biological compatibility.\" \/>\n<meta property=\"og:url\" content=\"https:\/\/skin-heal.com\/es\/producto\/regenovue-fine-1-x-1ml\/\" \/>\n<meta property=\"og:site_name\" content=\"Skin Heal\" \/>\n<meta property=\"article:modified_time\" content=\"2020-10-15T13:42:43+00:00\" \/>\n<meta property=\"og:image\" content=\"https:\/\/cdn.skin-heal.com\/wp-content\/uploads\/2019\/02\/Regenovue-Fine-Plus-2.jpg\" \/>\n\t<meta property=\"og:image:width\" content=\"600\" \/>\n\t<meta property=\"og:image:height\" content=\"600\" \/>\n\t<meta property=\"og:image:type\" content=\"image\/jpeg\" \/>\n<meta name=\"twitter:card\" content=\"summary_large_image\" \/>\n<meta name=\"twitter:label1\" content=\"Tiempo de lectura\" \/>\n\t<meta name=\"twitter:data1\" content=\"1 minuto\" \/>\n<script type=\"application\/ld+json\" class=\"yoast-schema-graph\">{\"@context\":\"https:\\\/\\\/schema.org\",\"@graph\":[{\"@type\":\"WebPage\",\"@id\":\"https:\\\/\\\/skin-heal.com\\\/product\\\/regenovue-fine-1-x-1ml\\\/\",\"url\":\"https:\\\/\\\/skin-heal.com\\\/product\\\/regenovue-fine-1-x-1ml\\\/\",\"name\":\"Regenovue Fine (1 x 1ml) - Skin Heal\",\"isPartOf\":{\"@id\":\"https:\\\/\\\/skin-heal.com\\\/#website\"},\"primaryImageOfPage\":{\"@id\":\"https:\\\/\\\/skin-heal.com\\\/product\\\/regenovue-fine-1-x-1ml\\\/#primaryimage\"},\"image\":{\"@id\":\"https:\\\/\\\/skin-heal.com\\\/product\\\/regenovue-fine-1-x-1ml\\\/#primaryimage\"},\"thumbnailUrl\":\"https:\\\/\\\/skin-heal.com\\\/wp-content\\\/uploads\\\/2019\\\/02\\\/Regenovue-Fine-Plus-2.jpg\",\"datePublished\":\"2019-02-11T08:20:31+00:00\",\"dateModified\":\"2020-10-15T13:42:43+00:00\",\"description\":\"Regenovue Fine is a trusted HA filler that can be purchased via Skin Heal. It offers instant fine line removal and it has high biological compatibility.\",\"breadcrumb\":{\"@id\":\"https:\\\/\\\/skin-heal.com\\\/product\\\/regenovue-fine-1-x-1ml\\\/#breadcrumb\"},\"inLanguage\":\"es\",\"potentialAction\":[{\"@type\":\"ReadAction\",\"target\":[\"https:\\\/\\\/skin-heal.com\\\/product\\\/regenovue-fine-1-x-1ml\\\/\"]}]},{\"@type\":\"ImageObject\",\"inLanguage\":\"es\",\"@id\":\"https:\\\/\\\/skin-heal.com\\\/product\\\/regenovue-fine-1-x-1ml\\\/#primaryimage\",\"url\":\"https:\\\/\\\/skin-heal.com\\\/wp-content\\\/uploads\\\/2019\\\/02\\\/Regenovue-Fine-Plus-2.jpg\",\"contentUrl\":\"https:\\\/\\\/skin-heal.com\\\/wp-content\\\/uploads\\\/2019\\\/02\\\/Regenovue-Fine-Plus-2.jpg\",\"width\":600,\"height\":600,\"caption\":\"Regenovue Fine Plus\"},{\"@type\":\"BreadcrumbList\",\"@id\":\"https:\\\/\\\/skin-heal.com\\\/product\\\/regenovue-fine-1-x-1ml\\\/#breadcrumb\",\"itemListElement\":[{\"@type\":\"ListItem\",\"position\":1,\"name\":\"Home\",\"item\":\"https:\\\/\\\/skin-heal.com\\\/\"},{\"@type\":\"ListItem\",\"position\":2,\"name\":\"Store\",\"item\":\"https:\\\/\\\/skin-heal.com\\\/store\\\/\"},{\"@type\":\"ListItem\",\"position\":3,\"name\":\"Regenovue Fine (1 x 1ml)\"}]},{\"@type\":\"WebSite\",\"@id\":\"https:\\\/\\\/skin-heal.com\\\/#website\",\"url\":\"https:\\\/\\\/skin-heal.com\\\/\",\"name\":\"Skin Heal\",\"description\":\"Lowest Prices for Dermal Fillers\",\"potentialAction\":[{\"@type\":\"SearchAction\",\"target\":{\"@type\":\"EntryPoint\",\"urlTemplate\":\"https:\\\/\\\/skin-heal.com\\\/?s={search_term_string}\"},\"query-input\":{\"@type\":\"PropertyValueSpecification\",\"valueRequired\":true,\"valueName\":\"search_term_string\"}}],\"inLanguage\":\"es\"}]}<\/script>\n<!-- \/ Yoast SEO plugin. -->","yoast_head_json":{"title":"Regenovue Fino (1 x 1ml) - Skin Heal","description":"Regenovue Fine es un relleno de HA de confianza que puede adquirirse a trav\u00e9s de Skin Heal. Ofrece una eliminaci\u00f3n instant\u00e1nea de las l\u00edneas finas y tiene una alta compatibilidad biol\u00f3gica.","robots":{"index":"index","follow":"follow","max-snippet":"max-snippet:-1","max-image-preview":"max-image-preview:large","max-video-preview":"max-video-preview:-1"},"canonical":"https:\/\/skin-heal.com\/es\/producto\/regenovue-fine-1-x-1ml\/","og_locale":"es_MX","og_type":"article","og_title":"Regenovue Fine (1 x 1ml) - Skin Heal","og_description":"Regenovue Fine is a trusted HA filler that can be purchased via Skin Heal. It offers instant fine line removal and it has high biological compatibility.","og_url":"https:\/\/skin-heal.com\/es\/producto\/regenovue-fine-1-x-1ml\/","og_site_name":"Skin Heal","article_modified_time":"2020-10-15T13:42:43+00:00","og_image":[{"width":600,"height":600,"url":"https:\/\/cdn.skin-heal.com\/wp-content\/uploads\/2019\/02\/Regenovue-Fine-Plus-2.jpg","type":"image\/jpeg"}],"twitter_card":"summary_large_image","twitter_misc":{"Tiempo de lectura":"1 minuto"},"schema":{"@context":"https:\/\/schema.org","@graph":[{"@type":"WebPage","@id":"https:\/\/skin-heal.com\/product\/regenovue-fine-1-x-1ml\/","url":"https:\/\/skin-heal.com\/product\/regenovue-fine-1-x-1ml\/","name":"Regenovue Fino (1 x 1ml) - Skin Heal","isPartOf":{"@id":"https:\/\/skin-heal.com\/#website"},"primaryImageOfPage":{"@id":"https:\/\/skin-heal.com\/product\/regenovue-fine-1-x-1ml\/#primaryimage"},"image":{"@id":"https:\/\/skin-heal.com\/product\/regenovue-fine-1-x-1ml\/#primaryimage"},"thumbnailUrl":"https:\/\/cdn.skin-heal.com\/wp-content\/uploads\/2019\/02\/Regenovue-Fine-Plus-2.jpg","datePublished":"2019-02-11T08:20:31+00:00","dateModified":"2020-10-15T13:42:43+00:00","description":"Regenovue Fine es un relleno de HA de confianza que puede adquirirse a trav\u00e9s de Skin Heal. Ofrece una eliminaci\u00f3n instant\u00e1nea de las l\u00edneas finas y tiene una alta compatibilidad biol\u00f3gica.","breadcrumb":{"@id":"https:\/\/skin-heal.com\/product\/regenovue-fine-1-x-1ml\/#breadcrumb"},"inLanguage":"es","potentialAction":[{"@type":"ReadAction","target":["https:\/\/skin-heal.com\/product\/regenovue-fine-1-x-1ml\/"]}]},{"@type":"ImageObject","inLanguage":"es","@id":"https:\/\/skin-heal.com\/product\/regenovue-fine-1-x-1ml\/#primaryimage","url":"https:\/\/cdn.skin-heal.com\/wp-content\/uploads\/2019\/02\/Regenovue-Fine-Plus-2.jpg","contentUrl":"https:\/\/cdn.skin-heal.com\/wp-content\/uploads\/2019\/02\/Regenovue-Fine-Plus-2.jpg","width":600,"height":600,"caption":"Regenovue Fine Plus"},{"@type":"BreadcrumbList","@id":"https:\/\/skin-heal.com\/product\/regenovue-fine-1-x-1ml\/#breadcrumb","itemListElement":[{"@type":"ListItem","position":1,"name":"Home","item":"https:\/\/skin-heal.com\/"},{"@type":"ListItem","position":2,"name":"Store","item":"https:\/\/skin-heal.com\/store\/"},{"@type":"ListItem","position":3,"name":"Regenovue Fine (1 x 1ml)"}]},{"@type":"WebSite","@id":"https:\/\/skin-heal.com\/#website","url":"https:\/\/skin-heal.com\/","name":"Curaci\u00f3n de la piel","description":"Los precios m\u00e1s bajos para los rellenos d\u00e9rmicos","potentialAction":[{"@type":"SearchAction","target":{"@type":"EntryPoint","urlTemplate":"https:\/\/skin-heal.com\/?s={search_term_string}"},"query-input":{"@type":"PropertyValueSpecification","valueRequired":true,"valueName":"search_term_string"}}],"inLanguage":"es"}]}},"_links":{"self":[{"href":"https:\/\/skin-heal.com\/es\/wp-json\/wp\/v2\/product\/1139","targetHints":{"allow":["GET"]}}],"collection":[{"href":"https:\/\/skin-heal.com\/es\/wp-json\/wp\/v2\/product"}],"about":[{"href":"https:\/\/skin-heal.com\/es\/wp-json\/wp\/v2\/types\/product"}],"wp:featuredmedia":[{"embeddable":true,"href":"https:\/\/skin-heal.com\/es\/wp-json\/wp\/v2\/media\/1160"}],"wp:attachment":[{"href":"https:\/\/skin-heal.com\/es\/wp-json\/wp\/v2\/media?parent=1139"}],"wp:term":[{"taxonomy":"product_brand","embeddable":true,"href":"https:\/\/skin-heal.com\/es\/wp-json\/wp\/v2\/product_brand?post=1139"},{"taxonomy":"product_cat","embeddable":true,"href":"https:\/\/skin-heal.com\/es\/wp-json\/wp\/v2\/product_cat?post=1139"},{"taxonomy":"product_tag","embeddable":true,"href":"https:\/\/skin-heal.com\/es\/wp-json\/wp\/v2\/product_tag?post=1139"}],"curies":[{"name":"wp","href":"https:\/\/api.w.org\/{rel}","templated":true}]}}