{"id":1140,"date":"2019-02-11T08:21:23","date_gmt":"2019-02-11T08:21:23","guid":{"rendered":"https:\/\/skin-heal.com\/?post_type=product&#038;p=1140"},"modified":"2021-01-03T18:54:25","modified_gmt":"2021-01-03T18:54:25","slug":"regenovue-sub-q-1-x-1ml","status":"publish","type":"product","link":"https:\/\/skin-heal.com\/es\/producto\/regenovue-sub-q-1-x-1ml\/","title":{"rendered":"Regenovue Sub-Q (1 x 1ml)"},"content":{"rendered":"<h3>\u00bfCu\u00e1les son los usos de este relleno cut\u00e1neo de calidad?<\/h3>\n<p>Al ser un gel de relleno d\u00e9rmico de primera categor\u00eda que tiene un tama\u00f1o molecular impresionante y que fue desarrollado para ser aplicado a trav\u00e9s de una inyecci\u00f3n subcut\u00e1nea, Regenovue Sub-Q no es desafiado ni un poco por las arrugas profundas. Al contrario, las rellena r\u00e1pidamente y proporciona a las zonas tratadas un volumen extra. Como resultado, la piel se rejuvenece al instante. Cada envase de este producto especial contiene 24mg\/ml de \u00e1cido hialur\u00f3nico de clase mundial que tambi\u00e9n tiene un efecto hidratante y refrescante. Esta valiosa sustancia, que se encuentra de forma natural en el organismo humano, mejora la elasticidad, la firmeza y la textura de la piel para proporcionar a los pacientes un aspecto juvenil natural.<\/p>\n<h3>\u00bfQu\u00e9 hace que Regenovue Sub-Q sea tan seguro?<\/h3>\n<p>Cuando lo aplican cirujanos est\u00e9ticos formados y de confianza, este eficaz relleno de tejidos blandos garantiza unos resultados excelentes y sin efectos indeseados o no deseados. Es mucho m\u00e1s seguro en comparaci\u00f3n con las cirug\u00edas pl\u00e1sticas, por ejemplo, porque implica un procedimiento de inyecci\u00f3n r\u00e1pido y m\u00ednimamente invasivo que debe repetirse cada pocos meses. Otras razones por las que este excelente producto de rejuvenecimiento est\u00e9tico no entra\u00f1a riesgos es porque:<\/p>\n<ul>\n<li>No contiene ingredientes de origen animal<\/li>\n<li>Ha sido probado a fondo<\/li>\n<li>Presenta una cantidad apenas detectable de endotoxina y BDDE para evitar los efectos secundarios<\/li>\n<li>El 100% es biol\u00f3gicamente compatible y biodegradable<\/li>\n<\/ul>\n<p>Muchos cirujanos pl\u00e1sticos tambi\u00e9n conf\u00edan en Regenovue Sub-Q durante las cirug\u00edas de nariz para proporcionar a sus pacientes una correcci\u00f3n mejor y m\u00e1s est\u00e9tica.<\/p>","protected":false},"excerpt":{"rendered":"<p>Regenovue Sub-Q es un relleno d\u00e9rmico tan poderoso y supremo que puede f\u00e1cilmente tomar y eliminar completamente incluso las arrugas y pliegues faciales muy severos. Fabricado por NeoGenesis y distribuido por Skin Heal, este producto de rejuvenecimiento cosm\u00e9tico de nueva generaci\u00f3n est\u00e1 altamente purificado, lo que hace que su uso sea extremadamente seguro, y su f\u00f3rmula avanzada garantiza que sus efectos hagan su magia durante mucho tiempo.<\/p>","protected":false},"featured_media":1162,"template":"","meta":[],"product_brand":[],"product_cat":[79,94,93],"product_tag":[],"class_list":{"0":"post-1140","1":"product","2":"type-product","3":"status-publish","4":"has-post-thumbnail","6":"product_cat-dermal-fillers","7":"product_cat-neogenesis","8":"product_cat-regenovue","9":"clearfix","11":"first","12":"outofstock","13":"sale","14":"taxable","15":"shipping-taxable","16":"purchasable","17":"product-type-simple"},"yoast_head":"<!-- This site is optimized with the Yoast SEO plugin v27.3 - https:\/\/yoast.com\/product\/yoast-seo-wordpress\/ -->\n<title>Regenovue Sub-Q (1 x 1ml) - Skin Heal<\/title>\n<meta name=\"description\" content=\"Regenovue Sub-Q, a top-range dermal filler for guaranteed deep wrinkle removal, is now part of Skin Heal\u2019s catalog. Get this safe HA filler injection today.\" \/>\n<meta name=\"robots\" content=\"index, follow, max-snippet:-1, max-image-preview:large, max-video-preview:-1\" \/>\n<link rel=\"canonical\" href=\"https:\/\/skin-heal.com\/es\/producto\/regenovue-sub-q-1-x-1ml\/\" \/>\n<meta property=\"og:locale\" content=\"es_MX\" \/>\n<meta property=\"og:type\" content=\"article\" \/>\n<meta property=\"og:title\" content=\"Regenovue Sub-Q (1 x 1ml) - Skin Heal\" \/>\n<meta property=\"og:description\" content=\"Regenovue Sub-Q, a top-range dermal filler for guaranteed deep wrinkle removal, is now part of Skin Heal\u2019s catalog. Get this safe HA filler injection today.\" \/>\n<meta property=\"og:url\" content=\"https:\/\/skin-heal.com\/es\/producto\/regenovue-sub-q-1-x-1ml\/\" \/>\n<meta property=\"og:site_name\" content=\"Skin Heal\" \/>\n<meta property=\"article:modified_time\" content=\"2021-01-03T18:54:25+00:00\" \/>\n<meta property=\"og:image\" content=\"https:\/\/cdn.skin-heal.com\/wp-content\/uploads\/2019\/02\/Regenovue-Sub-Q-1.jpg\" \/>\n\t<meta property=\"og:image:width\" content=\"600\" \/>\n\t<meta property=\"og:image:height\" content=\"600\" \/>\n\t<meta property=\"og:image:type\" content=\"image\/jpeg\" \/>\n<meta name=\"twitter:card\" content=\"summary_large_image\" \/>\n<meta name=\"twitter:label1\" content=\"Tiempo de lectura\" \/>\n\t<meta name=\"twitter:data1\" content=\"1 minuto\" \/>\n<script type=\"application\/ld+json\" class=\"yoast-schema-graph\">{\"@context\":\"https:\\\/\\\/schema.org\",\"@graph\":[{\"@type\":\"WebPage\",\"@id\":\"https:\\\/\\\/skin-heal.com\\\/product\\\/regenovue-sub-q-1-x-1ml\\\/\",\"url\":\"https:\\\/\\\/skin-heal.com\\\/product\\\/regenovue-sub-q-1-x-1ml\\\/\",\"name\":\"Regenovue Sub-Q (1 x 1ml) - Skin Heal\",\"isPartOf\":{\"@id\":\"https:\\\/\\\/skin-heal.com\\\/#website\"},\"primaryImageOfPage\":{\"@id\":\"https:\\\/\\\/skin-heal.com\\\/product\\\/regenovue-sub-q-1-x-1ml\\\/#primaryimage\"},\"image\":{\"@id\":\"https:\\\/\\\/skin-heal.com\\\/product\\\/regenovue-sub-q-1-x-1ml\\\/#primaryimage\"},\"thumbnailUrl\":\"https:\\\/\\\/skin-heal.com\\\/wp-content\\\/uploads\\\/2019\\\/02\\\/Regenovue-Sub-Q-1.jpg\",\"datePublished\":\"2019-02-11T08:21:23+00:00\",\"dateModified\":\"2021-01-03T18:54:25+00:00\",\"description\":\"Regenovue Sub-Q, a top-range dermal filler for guaranteed deep wrinkle removal, is now part of Skin Heal\u2019s catalog. Get this safe HA filler injection today.\",\"breadcrumb\":{\"@id\":\"https:\\\/\\\/skin-heal.com\\\/product\\\/regenovue-sub-q-1-x-1ml\\\/#breadcrumb\"},\"inLanguage\":\"es\",\"potentialAction\":[{\"@type\":\"ReadAction\",\"target\":[\"https:\\\/\\\/skin-heal.com\\\/product\\\/regenovue-sub-q-1-x-1ml\\\/\"]}]},{\"@type\":\"ImageObject\",\"inLanguage\":\"es\",\"@id\":\"https:\\\/\\\/skin-heal.com\\\/product\\\/regenovue-sub-q-1-x-1ml\\\/#primaryimage\",\"url\":\"https:\\\/\\\/skin-heal.com\\\/wp-content\\\/uploads\\\/2019\\\/02\\\/Regenovue-Sub-Q-1.jpg\",\"contentUrl\":\"https:\\\/\\\/skin-heal.com\\\/wp-content\\\/uploads\\\/2019\\\/02\\\/Regenovue-Sub-Q-1.jpg\",\"width\":600,\"height\":600,\"caption\":\"Regenovue Sub-Q\"},{\"@type\":\"BreadcrumbList\",\"@id\":\"https:\\\/\\\/skin-heal.com\\\/product\\\/regenovue-sub-q-1-x-1ml\\\/#breadcrumb\",\"itemListElement\":[{\"@type\":\"ListItem\",\"position\":1,\"name\":\"Home\",\"item\":\"https:\\\/\\\/skin-heal.com\\\/\"},{\"@type\":\"ListItem\",\"position\":2,\"name\":\"Store\",\"item\":\"https:\\\/\\\/skin-heal.com\\\/store\\\/\"},{\"@type\":\"ListItem\",\"position\":3,\"name\":\"Regenovue Sub-Q (1 x 1ml)\"}]},{\"@type\":\"WebSite\",\"@id\":\"https:\\\/\\\/skin-heal.com\\\/#website\",\"url\":\"https:\\\/\\\/skin-heal.com\\\/\",\"name\":\"Skin Heal\",\"description\":\"Lowest Prices for Dermal Fillers\",\"potentialAction\":[{\"@type\":\"SearchAction\",\"target\":{\"@type\":\"EntryPoint\",\"urlTemplate\":\"https:\\\/\\\/skin-heal.com\\\/?s={search_term_string}\"},\"query-input\":{\"@type\":\"PropertyValueSpecification\",\"valueRequired\":true,\"valueName\":\"search_term_string\"}}],\"inLanguage\":\"es\"}]}<\/script>\n<!-- \/ Yoast SEO plugin. -->","yoast_head_json":{"title":"Regenovue Sub-Q (1 x 1ml) - Skin Heal","description":"Regenovue Sub-Q, un relleno d\u00e9rmico de gama alta para la eliminaci\u00f3n garantizada de arrugas profundas, forma parte ahora del cat\u00e1logo de Skin Heal. Consigue hoy mismo esta inyecci\u00f3n segura de relleno de HA.","robots":{"index":"index","follow":"follow","max-snippet":"max-snippet:-1","max-image-preview":"max-image-preview:large","max-video-preview":"max-video-preview:-1"},"canonical":"https:\/\/skin-heal.com\/es\/producto\/regenovue-sub-q-1-x-1ml\/","og_locale":"es_MX","og_type":"article","og_title":"Regenovue Sub-Q (1 x 1ml) - Skin Heal","og_description":"Regenovue Sub-Q, a top-range dermal filler for guaranteed deep wrinkle removal, is now part of Skin Heal\u2019s catalog. Get this safe HA filler injection today.","og_url":"https:\/\/skin-heal.com\/es\/producto\/regenovue-sub-q-1-x-1ml\/","og_site_name":"Skin Heal","article_modified_time":"2021-01-03T18:54:25+00:00","og_image":[{"width":600,"height":600,"url":"https:\/\/cdn.skin-heal.com\/wp-content\/uploads\/2019\/02\/Regenovue-Sub-Q-1.jpg","type":"image\/jpeg"}],"twitter_card":"summary_large_image","twitter_misc":{"Tiempo de lectura":"1 minuto"},"schema":{"@context":"https:\/\/schema.org","@graph":[{"@type":"WebPage","@id":"https:\/\/skin-heal.com\/product\/regenovue-sub-q-1-x-1ml\/","url":"https:\/\/skin-heal.com\/product\/regenovue-sub-q-1-x-1ml\/","name":"Regenovue Sub-Q (1 x 1ml) - Skin Heal","isPartOf":{"@id":"https:\/\/skin-heal.com\/#website"},"primaryImageOfPage":{"@id":"https:\/\/skin-heal.com\/product\/regenovue-sub-q-1-x-1ml\/#primaryimage"},"image":{"@id":"https:\/\/skin-heal.com\/product\/regenovue-sub-q-1-x-1ml\/#primaryimage"},"thumbnailUrl":"https:\/\/cdn.skin-heal.com\/wp-content\/uploads\/2019\/02\/Regenovue-Sub-Q-1.jpg","datePublished":"2019-02-11T08:21:23+00:00","dateModified":"2021-01-03T18:54:25+00:00","description":"Regenovue Sub-Q, un relleno d\u00e9rmico de gama alta para la eliminaci\u00f3n garantizada de arrugas profundas, forma parte ahora del cat\u00e1logo de Skin Heal. Consigue hoy mismo esta inyecci\u00f3n segura de relleno de HA.","breadcrumb":{"@id":"https:\/\/skin-heal.com\/product\/regenovue-sub-q-1-x-1ml\/#breadcrumb"},"inLanguage":"es","potentialAction":[{"@type":"ReadAction","target":["https:\/\/skin-heal.com\/product\/regenovue-sub-q-1-x-1ml\/"]}]},{"@type":"ImageObject","inLanguage":"es","@id":"https:\/\/skin-heal.com\/product\/regenovue-sub-q-1-x-1ml\/#primaryimage","url":"https:\/\/cdn.skin-heal.com\/wp-content\/uploads\/2019\/02\/Regenovue-Sub-Q-1.jpg","contentUrl":"https:\/\/cdn.skin-heal.com\/wp-content\/uploads\/2019\/02\/Regenovue-Sub-Q-1.jpg","width":600,"height":600,"caption":"Regenovue Sub-Q"},{"@type":"BreadcrumbList","@id":"https:\/\/skin-heal.com\/product\/regenovue-sub-q-1-x-1ml\/#breadcrumb","itemListElement":[{"@type":"ListItem","position":1,"name":"Home","item":"https:\/\/skin-heal.com\/"},{"@type":"ListItem","position":2,"name":"Store","item":"https:\/\/skin-heal.com\/store\/"},{"@type":"ListItem","position":3,"name":"Regenovue Sub-Q (1 x 1ml)"}]},{"@type":"WebSite","@id":"https:\/\/skin-heal.com\/#website","url":"https:\/\/skin-heal.com\/","name":"Curaci\u00f3n de la piel","description":"Los precios m\u00e1s bajos para los rellenos d\u00e9rmicos","potentialAction":[{"@type":"SearchAction","target":{"@type":"EntryPoint","urlTemplate":"https:\/\/skin-heal.com\/?s={search_term_string}"},"query-input":{"@type":"PropertyValueSpecification","valueRequired":true,"valueName":"search_term_string"}}],"inLanguage":"es"}]}},"_links":{"self":[{"href":"https:\/\/skin-heal.com\/es\/wp-json\/wp\/v2\/product\/1140","targetHints":{"allow":["GET"]}}],"collection":[{"href":"https:\/\/skin-heal.com\/es\/wp-json\/wp\/v2\/product"}],"about":[{"href":"https:\/\/skin-heal.com\/es\/wp-json\/wp\/v2\/types\/product"}],"wp:featuredmedia":[{"embeddable":true,"href":"https:\/\/skin-heal.com\/es\/wp-json\/wp\/v2\/media\/1162"}],"wp:attachment":[{"href":"https:\/\/skin-heal.com\/es\/wp-json\/wp\/v2\/media?parent=1140"}],"wp:term":[{"taxonomy":"product_brand","embeddable":true,"href":"https:\/\/skin-heal.com\/es\/wp-json\/wp\/v2\/product_brand?post=1140"},{"taxonomy":"product_cat","embeddable":true,"href":"https:\/\/skin-heal.com\/es\/wp-json\/wp\/v2\/product_cat?post=1140"},{"taxonomy":"product_tag","embeddable":true,"href":"https:\/\/skin-heal.com\/es\/wp-json\/wp\/v2\/product_tag?post=1140"}],"curies":[{"name":"wp","href":"https:\/\/api.w.org\/{rel}","templated":true}]}}