{"id":1141,"date":"2019-02-11T08:19:45","date_gmt":"2019-02-11T08:19:45","guid":{"rendered":"https:\/\/skin-heal.com\/?post_type=product&#038;p=1141"},"modified":"2019-11-01T15:26:23","modified_gmt":"2019-11-01T15:26:23","slug":"regenovue-aqua-shine-plus-2-5-ml-x-4-ea","status":"publish","type":"product","link":"https:\/\/skin-heal.com\/es\/producto\/regenovue-aqua-shine-plus-2-5-ml-x-4-ea\/","title":{"rendered":"Regenovue Aqua Shine Plus (3 x 3ml)"},"content":{"rendered":"<h3>Un producto de mesoterapia antienvejecimiento excepcional<\/h3>\n<ul>\n<li><strong>Estructura:<\/strong> Enlace cruzado<\/li>\n<li><strong>Ingrediente principal:<\/strong> \u00c1cido hialur\u00f3nico<\/li>\n<li><strong>Ingrediente adicional:<\/strong> Lidoca\u00edna<\/li>\n<li><strong>Paquete:<\/strong>5ml x 4ea<\/li>\n<\/ul>\n<p>Esta magn\u00edfica soluci\u00f3n de rejuvenecimiento cosm\u00e9tico act\u00faa en varios frentes para devolver a la piel su aspecto juvenil. Lo consigue con gran facilidad, ya que contiene \u00c1cido Hialur\u00f3nico de clase fina de origen no animal. Esta sustancia se encuentra de forma natural en el organismo. Por lo tanto, Regenovue Aqua Shine Plus tiene una biocompatibilidad garantizada y ser\u00e1 completamente absorbido por el tejido blando en el que se ha inyectado y luego se disolver\u00e1 completamente. El AH de este producto hidratar\u00e1 y rehidratar\u00e1 r\u00e1pidamente la piel desde el interior. Al hacerlo, tambi\u00e9n reducir\u00e1 la apariencia de las arrugas y l\u00edneas superficiales y la de los poros dilatados. Este efecto domin\u00f3 ayuda a que la piel se vuelva m\u00e1s clara, suave y brillante.<\/p>\n<h3>Regenovue Aqua Shine Plus s\u00f3lo tiene pros y no tiene contras<\/h3>\n<p>Pr\u00e1cticamente todas las zonas del rostro pueden tratarse y rejuvenecerse con este producto de mesoterapia altamente valorado, incluyendo la frente, el ment\u00f3n, las zonas nasolabiales y periorbitales e incluso los labios. El tratamiento en s\u00ed es muy eficaz en cuanto al tiempo.<\/p>\n<ul>\n<li>Incre\u00edblemente asequible<\/li>\n<li>Efectos instant\u00e1neos y duraderos<\/li>\n<li>Tratamiento no quir\u00fargico sin tiempo de inactividad<\/li>\n<li>Cero efectos secundarios perjudiciales<\/li>\n<li>No hay dolor ni molestias<\/li>\n<\/ul>\n<p>Es necesario realizar tratamientos de seguimiento con Regenovue Aqua Shine Plus cada pocos meses para que los efectos se mantengan y sean m\u00e1s pronunciados.<\/p>","protected":false},"excerpt":{"rendered":"<p>Regenovue Aqua Shine Plus es un fant\u00e1stico producto de mesoterapia que ahora puede solicitarse a un precio econ\u00f3mico a trav\u00e9s de Skin Heal. Se puede aplicar en muchas zonas diferentes del rostro para restaurarlo y revitalizarlo desde el interior. S\u00f3lo despu\u00e9s de una sesi\u00f3n de inyecciones con este avanzado producto de rejuvenecimiento de la piel a base de HA, las l\u00edneas finas y las arrugas se reducen, los poros se cierran y el tono y la elasticidad de la piel mejoran.<\/p>","protected":false},"featured_media":1158,"template":"","meta":[],"product_brand":[],"product_cat":[80,94,93],"product_tag":[],"class_list":{"0":"post-1141","1":"product","2":"type-product","3":"status-publish","4":"has-post-thumbnail","6":"product_cat-mesotherapy","7":"product_cat-neogenesis","8":"product_cat-regenovue","9":"clearfix","11":"first","12":"outofstock","13":"taxable","14":"shipping-taxable","15":"purchasable","16":"product-type-simple"},"yoast_head":"<!-- This site is optimized with the Yoast SEO plugin v27.3 - https:\/\/yoast.com\/product\/yoast-seo-wordpress\/ -->\n<title>Regenovue Aqua Shine Plus (3 x 3ml) - Skin Heal<\/title>\n<meta name=\"description\" content=\"Get Regenovue Aqua Shine Plus from Skin Heal to provide the skin with instant skin rejuvenation. This new HA mesotherapy product is very reliable.\" \/>\n<meta name=\"robots\" content=\"index, follow, max-snippet:-1, max-image-preview:large, max-video-preview:-1\" \/>\n<link rel=\"canonical\" href=\"https:\/\/skin-heal.com\/es\/producto\/regenovue-aqua-shine-plus-2-5-ml-x-4-ea\/\" \/>\n<meta property=\"og:locale\" content=\"es_MX\" \/>\n<meta property=\"og:type\" content=\"article\" \/>\n<meta property=\"og:title\" content=\"Regenovue Aqua Shine Plus (3 x 3ml) - Skin Heal\" \/>\n<meta property=\"og:description\" content=\"Get Regenovue Aqua Shine Plus from Skin Heal to provide the skin with instant skin rejuvenation. This new HA mesotherapy product is very reliable.\" \/>\n<meta property=\"og:url\" content=\"https:\/\/skin-heal.com\/es\/producto\/regenovue-aqua-shine-plus-2-5-ml-x-4-ea\/\" \/>\n<meta property=\"og:site_name\" content=\"Skin Heal\" \/>\n<meta property=\"article:modified_time\" content=\"2019-11-01T15:26:23+00:00\" \/>\n<meta property=\"og:image\" content=\"https:\/\/cdn.skin-heal.com\/wp-content\/uploads\/2019\/02\/Regenovue-Aqua-Shine-Plus-1.jpg\" \/>\n\t<meta property=\"og:image:width\" content=\"600\" \/>\n\t<meta property=\"og:image:height\" content=\"600\" \/>\n\t<meta property=\"og:image:type\" content=\"image\/jpeg\" \/>\n<meta name=\"twitter:card\" content=\"summary_large_image\" \/>\n<meta name=\"twitter:label1\" content=\"Tiempo de lectura\" \/>\n\t<meta name=\"twitter:data1\" content=\"1 minuto\" \/>\n<script type=\"application\/ld+json\" class=\"yoast-schema-graph\">{\"@context\":\"https:\\\/\\\/schema.org\",\"@graph\":[{\"@type\":\"WebPage\",\"@id\":\"https:\\\/\\\/skin-heal.com\\\/product\\\/regenovue-aqua-shine-plus-2-5-ml-x-4-ea\\\/\",\"url\":\"https:\\\/\\\/skin-heal.com\\\/product\\\/regenovue-aqua-shine-plus-2-5-ml-x-4-ea\\\/\",\"name\":\"Regenovue Aqua Shine Plus (3 x 3ml) - Skin Heal\",\"isPartOf\":{\"@id\":\"https:\\\/\\\/skin-heal.com\\\/#website\"},\"primaryImageOfPage\":{\"@id\":\"https:\\\/\\\/skin-heal.com\\\/product\\\/regenovue-aqua-shine-plus-2-5-ml-x-4-ea\\\/#primaryimage\"},\"image\":{\"@id\":\"https:\\\/\\\/skin-heal.com\\\/product\\\/regenovue-aqua-shine-plus-2-5-ml-x-4-ea\\\/#primaryimage\"},\"thumbnailUrl\":\"https:\\\/\\\/skin-heal.com\\\/wp-content\\\/uploads\\\/2019\\\/02\\\/Regenovue-Aqua-Shine-Plus-1.jpg\",\"datePublished\":\"2019-02-11T08:19:45+00:00\",\"dateModified\":\"2019-11-01T15:26:23+00:00\",\"description\":\"Get Regenovue Aqua Shine Plus from Skin Heal to provide the skin with instant skin rejuvenation. This new HA mesotherapy product is very reliable.\",\"breadcrumb\":{\"@id\":\"https:\\\/\\\/skin-heal.com\\\/product\\\/regenovue-aqua-shine-plus-2-5-ml-x-4-ea\\\/#breadcrumb\"},\"inLanguage\":\"es\",\"potentialAction\":[{\"@type\":\"ReadAction\",\"target\":[\"https:\\\/\\\/skin-heal.com\\\/product\\\/regenovue-aqua-shine-plus-2-5-ml-x-4-ea\\\/\"]}]},{\"@type\":\"ImageObject\",\"inLanguage\":\"es\",\"@id\":\"https:\\\/\\\/skin-heal.com\\\/product\\\/regenovue-aqua-shine-plus-2-5-ml-x-4-ea\\\/#primaryimage\",\"url\":\"https:\\\/\\\/skin-heal.com\\\/wp-content\\\/uploads\\\/2019\\\/02\\\/Regenovue-Aqua-Shine-Plus-1.jpg\",\"contentUrl\":\"https:\\\/\\\/skin-heal.com\\\/wp-content\\\/uploads\\\/2019\\\/02\\\/Regenovue-Aqua-Shine-Plus-1.jpg\",\"width\":600,\"height\":600,\"caption\":\"Regenovue Aqua Shine Plus\"},{\"@type\":\"BreadcrumbList\",\"@id\":\"https:\\\/\\\/skin-heal.com\\\/product\\\/regenovue-aqua-shine-plus-2-5-ml-x-4-ea\\\/#breadcrumb\",\"itemListElement\":[{\"@type\":\"ListItem\",\"position\":1,\"name\":\"Home\",\"item\":\"https:\\\/\\\/skin-heal.com\\\/\"},{\"@type\":\"ListItem\",\"position\":2,\"name\":\"Store\",\"item\":\"https:\\\/\\\/skin-heal.com\\\/store\\\/\"},{\"@type\":\"ListItem\",\"position\":3,\"name\":\"Regenovue Aqua Shine Plus (3 x 3ml)\"}]},{\"@type\":\"WebSite\",\"@id\":\"https:\\\/\\\/skin-heal.com\\\/#website\",\"url\":\"https:\\\/\\\/skin-heal.com\\\/\",\"name\":\"Skin Heal\",\"description\":\"Lowest Prices for Dermal Fillers\",\"potentialAction\":[{\"@type\":\"SearchAction\",\"target\":{\"@type\":\"EntryPoint\",\"urlTemplate\":\"https:\\\/\\\/skin-heal.com\\\/?s={search_term_string}\"},\"query-input\":{\"@type\":\"PropertyValueSpecification\",\"valueRequired\":true,\"valueName\":\"search_term_string\"}}],\"inLanguage\":\"es\"}]}<\/script>\n<!-- \/ Yoast SEO plugin. -->","yoast_head_json":{"title":"Regenovue Aqua Shine Plus (3 x 3ml) - Skin Heal","description":"Consiga Regenovue Aqua Shine Plus de Skin Heal para proporcionar a la piel un rejuvenecimiento cut\u00e1neo instant\u00e1neo. Este nuevo producto de mesoterapia HA es muy fiable.","robots":{"index":"index","follow":"follow","max-snippet":"max-snippet:-1","max-image-preview":"max-image-preview:large","max-video-preview":"max-video-preview:-1"},"canonical":"https:\/\/skin-heal.com\/es\/producto\/regenovue-aqua-shine-plus-2-5-ml-x-4-ea\/","og_locale":"es_MX","og_type":"article","og_title":"Regenovue Aqua Shine Plus (3 x 3ml) - Skin Heal","og_description":"Get Regenovue Aqua Shine Plus from Skin Heal to provide the skin with instant skin rejuvenation. This new HA mesotherapy product is very reliable.","og_url":"https:\/\/skin-heal.com\/es\/producto\/regenovue-aqua-shine-plus-2-5-ml-x-4-ea\/","og_site_name":"Skin Heal","article_modified_time":"2019-11-01T15:26:23+00:00","og_image":[{"width":600,"height":600,"url":"https:\/\/cdn.skin-heal.com\/wp-content\/uploads\/2019\/02\/Regenovue-Aqua-Shine-Plus-1.jpg","type":"image\/jpeg"}],"twitter_card":"summary_large_image","twitter_misc":{"Tiempo de lectura":"1 minuto"},"schema":{"@context":"https:\/\/schema.org","@graph":[{"@type":"WebPage","@id":"https:\/\/skin-heal.com\/product\/regenovue-aqua-shine-plus-2-5-ml-x-4-ea\/","url":"https:\/\/skin-heal.com\/product\/regenovue-aqua-shine-plus-2-5-ml-x-4-ea\/","name":"Regenovue Aqua Shine Plus (3 x 3ml) - Skin Heal","isPartOf":{"@id":"https:\/\/skin-heal.com\/#website"},"primaryImageOfPage":{"@id":"https:\/\/skin-heal.com\/product\/regenovue-aqua-shine-plus-2-5-ml-x-4-ea\/#primaryimage"},"image":{"@id":"https:\/\/skin-heal.com\/product\/regenovue-aqua-shine-plus-2-5-ml-x-4-ea\/#primaryimage"},"thumbnailUrl":"https:\/\/cdn.skin-heal.com\/wp-content\/uploads\/2019\/02\/Regenovue-Aqua-Shine-Plus-1.jpg","datePublished":"2019-02-11T08:19:45+00:00","dateModified":"2019-11-01T15:26:23+00:00","description":"Consiga Regenovue Aqua Shine Plus de Skin Heal para proporcionar a la piel un rejuvenecimiento cut\u00e1neo instant\u00e1neo. Este nuevo producto de mesoterapia HA es muy fiable.","breadcrumb":{"@id":"https:\/\/skin-heal.com\/product\/regenovue-aqua-shine-plus-2-5-ml-x-4-ea\/#breadcrumb"},"inLanguage":"es","potentialAction":[{"@type":"ReadAction","target":["https:\/\/skin-heal.com\/product\/regenovue-aqua-shine-plus-2-5-ml-x-4-ea\/"]}]},{"@type":"ImageObject","inLanguage":"es","@id":"https:\/\/skin-heal.com\/product\/regenovue-aqua-shine-plus-2-5-ml-x-4-ea\/#primaryimage","url":"https:\/\/cdn.skin-heal.com\/wp-content\/uploads\/2019\/02\/Regenovue-Aqua-Shine-Plus-1.jpg","contentUrl":"https:\/\/cdn.skin-heal.com\/wp-content\/uploads\/2019\/02\/Regenovue-Aqua-Shine-Plus-1.jpg","width":600,"height":600,"caption":"Regenovue Aqua Shine Plus"},{"@type":"BreadcrumbList","@id":"https:\/\/skin-heal.com\/product\/regenovue-aqua-shine-plus-2-5-ml-x-4-ea\/#breadcrumb","itemListElement":[{"@type":"ListItem","position":1,"name":"Home","item":"https:\/\/skin-heal.com\/"},{"@type":"ListItem","position":2,"name":"Store","item":"https:\/\/skin-heal.com\/store\/"},{"@type":"ListItem","position":3,"name":"Regenovue Aqua Shine Plus (3 x 3ml)"}]},{"@type":"WebSite","@id":"https:\/\/skin-heal.com\/#website","url":"https:\/\/skin-heal.com\/","name":"Curaci\u00f3n de la piel","description":"Los precios m\u00e1s bajos para los rellenos d\u00e9rmicos","potentialAction":[{"@type":"SearchAction","target":{"@type":"EntryPoint","urlTemplate":"https:\/\/skin-heal.com\/?s={search_term_string}"},"query-input":{"@type":"PropertyValueSpecification","valueRequired":true,"valueName":"search_term_string"}}],"inLanguage":"es"}]}},"_links":{"self":[{"href":"https:\/\/skin-heal.com\/es\/wp-json\/wp\/v2\/product\/1141","targetHints":{"allow":["GET"]}}],"collection":[{"href":"https:\/\/skin-heal.com\/es\/wp-json\/wp\/v2\/product"}],"about":[{"href":"https:\/\/skin-heal.com\/es\/wp-json\/wp\/v2\/types\/product"}],"wp:featuredmedia":[{"embeddable":true,"href":"https:\/\/skin-heal.com\/es\/wp-json\/wp\/v2\/media\/1158"}],"wp:attachment":[{"href":"https:\/\/skin-heal.com\/es\/wp-json\/wp\/v2\/media?parent=1141"}],"wp:term":[{"taxonomy":"product_brand","embeddable":true,"href":"https:\/\/skin-heal.com\/es\/wp-json\/wp\/v2\/product_brand?post=1141"},{"taxonomy":"product_cat","embeddable":true,"href":"https:\/\/skin-heal.com\/es\/wp-json\/wp\/v2\/product_cat?post=1141"},{"taxonomy":"product_tag","embeddable":true,"href":"https:\/\/skin-heal.com\/es\/wp-json\/wp\/v2\/product_tag?post=1141"}],"curies":[{"name":"wp","href":"https:\/\/api.w.org\/{rel}","templated":true}]}}