{"id":1142,"date":"2019-02-11T08:19:21","date_gmt":"2019-02-11T08:19:21","guid":{"rendered":"https:\/\/skin-heal.com\/?post_type=product&#038;p=1142"},"modified":"2020-03-04T09:46:07","modified_gmt":"2020-03-04T09:46:07","slug":"regenovue-deep-plus-1-x-1-1ml","status":"publish","type":"product","link":"https:\/\/skin-heal.com\/es\/producto\/regenovue-deep-plus-1-x-1-1ml\/","title":{"rendered":"Regenovue Deep Plus (1 x 1,1ml)"},"content":{"rendered":"<h3>Eliminaci\u00f3n de arrugas a costa de ning\u00fan dolor<\/h3>\n<p>Este fiable relleno de HA de la gama de productos Regenovue contiene 0,1 ml de lidoca\u00edna. Esto convierte cualquier procedimiento de inyecci\u00f3n antiarrugas o de aumento con esta soluci\u00f3n en una experiencia indolora y muy gratificante. Los pacientes que se someten a un tratamiento est\u00e9tico con Regenovue Deep Plus dejar\u00e1n de pagar su edad con sus arrugas y sus procedimientos de eliminaci\u00f3n de arrugas con dolor. Esa forma de terapia viene sin ninguna molestia tambi\u00e9n porque este producto innovador:<\/p>\n<ul>\n<li>Es muy f\u00e1cil de inyectar<\/li>\n<li>Tiene una impresionante viscoelasticidad<\/li>\n<li>Viene con dos agujas m\u00e9dicas superfinas<\/li>\n<li>Se aplica bajo la piel en pocos minutos<\/li>\n<\/ul>\n<p>Los m\u00e9dicos cualificados prefieren confiar en \u00e9l cuando necesitan reducir las arrugas medias y profundas de la frente, alrededor de los ojos o de la boca o entre los ojos. Cuando se trata de procedimientos m\u00ednimamente invasivos de aumento y contorneado, este relleno cut\u00e1neo de calidad no dar\u00e1 lugar a una sobrecorrecci\u00f3n, ya que tiene una textura muy consistente que proporciona un volumen natural.<\/p>\n<h3>Antes y despu\u00e9s - resultados, efectos secundarios, expectativas<\/h3>\n<p>Antes del tratamiento, los pacientes deben abstenerse de tomar analg\u00e9sicos y medicamentos anticoagulantes. Tampoco se recomienda el consumo de alcohol porque puede aumentar el riesgo de efectos adversos como el enrojecimiento, la hinchaz\u00f3n y los hematomas posteriores. La HA duradera de Regenovue Deep Plus with Lidocaine comienza a actuar desde el momento en que se inyecta en la dermis inferior o en la sub-Q superior del paciente y sus efectos desaparecen lentamente en un plazo de 12 a 18 meses.<\/p>","protected":false},"excerpt":{"rendered":"<p>Regenovue Deep Plus de NeoGenesis es un avanzado relleno d\u00e9rmico dise\u00f1ado espec\u00edficamente para corregir el aspecto de las arrugas y pliegues faciales medios y profundos, as\u00ed como para ofrecer un contorno de labios de aspecto natural o un aumento de la barbilla y la frente. Lo hace utilizando los poderes naturales del \u00e1cido hialur\u00f3nico de origen no animal. Consiga este eficaz producto de rejuvenecimiento de la piel de Skin Heal al precio m\u00e1s bajo posible.<\/p>","protected":false},"featured_media":1157,"template":"","meta":[],"product_brand":[],"product_cat":[79,94,93],"product_tag":[],"class_list":{"0":"post-1142","1":"product","2":"type-product","3":"status-publish","4":"has-post-thumbnail","6":"product_cat-dermal-fillers","7":"product_cat-neogenesis","8":"product_cat-regenovue","9":"clearfix","11":"first","12":"outofstock","13":"taxable","14":"shipping-taxable","15":"purchasable","16":"product-type-simple"},"yoast_head":"<!-- This site is optimized with the Yoast SEO plugin v27.4 - https:\/\/yoast.com\/product\/yoast-seo-wordpress\/ -->\n<title>Regenovue Deep Plus (1 x 1.1ml) - Skin Heal<\/title>\n<meta name=\"description\" content=\"For a painless and fast removal of medium to deep wrinkles and folds, rely on Regenovue Deep Plus with Lidocaine \u2013 a safe skin filler sold by Skin Heal.\" \/>\n<meta name=\"robots\" content=\"index, follow, max-snippet:-1, max-image-preview:large, max-video-preview:-1\" \/>\n<link rel=\"canonical\" href=\"https:\/\/skin-heal.com\/es\/producto\/regenovue-deep-plus-1-x-1-1ml\/\" \/>\n<meta property=\"og:locale\" content=\"es_MX\" \/>\n<meta property=\"og:type\" content=\"article\" \/>\n<meta property=\"og:title\" content=\"Regenovue Deep Plus (1 x 1.1ml) - Skin Heal\" \/>\n<meta property=\"og:description\" content=\"For a painless and fast removal of medium to deep wrinkles and folds, rely on Regenovue Deep Plus with Lidocaine \u2013 a safe skin filler sold by Skin Heal.\" \/>\n<meta property=\"og:url\" content=\"https:\/\/skin-heal.com\/es\/producto\/regenovue-deep-plus-1-x-1-1ml\/\" \/>\n<meta property=\"og:site_name\" content=\"Skin Heal\" \/>\n<meta property=\"article:modified_time\" content=\"2020-03-04T09:46:07+00:00\" \/>\n<meta property=\"og:image\" content=\"https:\/\/cdn.skin-heal.com\/wp-content\/uploads\/2019\/02\/Regenovue-Deep-Plus-1.jpg\" \/>\n\t<meta property=\"og:image:width\" content=\"600\" \/>\n\t<meta property=\"og:image:height\" content=\"600\" \/>\n\t<meta property=\"og:image:type\" content=\"image\/jpeg\" \/>\n<meta name=\"twitter:card\" content=\"summary_large_image\" \/>\n<meta name=\"twitter:label1\" content=\"Tiempo de lectura\" \/>\n\t<meta name=\"twitter:data1\" content=\"1 minuto\" \/>\n<script type=\"application\/ld+json\" class=\"yoast-schema-graph\">{\"@context\":\"https:\\\/\\\/schema.org\",\"@graph\":[{\"@type\":\"WebPage\",\"@id\":\"https:\\\/\\\/skin-heal.com\\\/product\\\/regenovue-deep-plus-1-x-1-1ml\\\/\",\"url\":\"https:\\\/\\\/skin-heal.com\\\/product\\\/regenovue-deep-plus-1-x-1-1ml\\\/\",\"name\":\"Regenovue Deep Plus (1 x 1.1ml) - Skin Heal\",\"isPartOf\":{\"@id\":\"https:\\\/\\\/skin-heal.com\\\/#website\"},\"primaryImageOfPage\":{\"@id\":\"https:\\\/\\\/skin-heal.com\\\/product\\\/regenovue-deep-plus-1-x-1-1ml\\\/#primaryimage\"},\"image\":{\"@id\":\"https:\\\/\\\/skin-heal.com\\\/product\\\/regenovue-deep-plus-1-x-1-1ml\\\/#primaryimage\"},\"thumbnailUrl\":\"https:\\\/\\\/skin-heal.com\\\/wp-content\\\/uploads\\\/2019\\\/02\\\/Regenovue-Deep-Plus-1.jpg\",\"datePublished\":\"2019-02-11T08:19:21+00:00\",\"dateModified\":\"2020-03-04T09:46:07+00:00\",\"description\":\"For a painless and fast removal of medium to deep wrinkles and folds, rely on Regenovue Deep Plus with Lidocaine \u2013 a safe skin filler sold by Skin Heal.\",\"breadcrumb\":{\"@id\":\"https:\\\/\\\/skin-heal.com\\\/product\\\/regenovue-deep-plus-1-x-1-1ml\\\/#breadcrumb\"},\"inLanguage\":\"es\",\"potentialAction\":[{\"@type\":\"ReadAction\",\"target\":[\"https:\\\/\\\/skin-heal.com\\\/product\\\/regenovue-deep-plus-1-x-1-1ml\\\/\"]}]},{\"@type\":\"ImageObject\",\"inLanguage\":\"es\",\"@id\":\"https:\\\/\\\/skin-heal.com\\\/product\\\/regenovue-deep-plus-1-x-1-1ml\\\/#primaryimage\",\"url\":\"https:\\\/\\\/skin-heal.com\\\/wp-content\\\/uploads\\\/2019\\\/02\\\/Regenovue-Deep-Plus-1.jpg\",\"contentUrl\":\"https:\\\/\\\/skin-heal.com\\\/wp-content\\\/uploads\\\/2019\\\/02\\\/Regenovue-Deep-Plus-1.jpg\",\"width\":600,\"height\":600,\"caption\":\"Regenovue Deep Plus\"},{\"@type\":\"BreadcrumbList\",\"@id\":\"https:\\\/\\\/skin-heal.com\\\/product\\\/regenovue-deep-plus-1-x-1-1ml\\\/#breadcrumb\",\"itemListElement\":[{\"@type\":\"ListItem\",\"position\":1,\"name\":\"Home\",\"item\":\"https:\\\/\\\/skin-heal.com\\\/\"},{\"@type\":\"ListItem\",\"position\":2,\"name\":\"Store\",\"item\":\"https:\\\/\\\/skin-heal.com\\\/store\\\/\"},{\"@type\":\"ListItem\",\"position\":3,\"name\":\"Regenovue Deep Plus (1 x 1.1ml)\"}]},{\"@type\":\"WebSite\",\"@id\":\"https:\\\/\\\/skin-heal.com\\\/#website\",\"url\":\"https:\\\/\\\/skin-heal.com\\\/\",\"name\":\"Skin Heal\",\"description\":\"Lowest Prices for Dermal Fillers\",\"potentialAction\":[{\"@type\":\"SearchAction\",\"target\":{\"@type\":\"EntryPoint\",\"urlTemplate\":\"https:\\\/\\\/skin-heal.com\\\/?s={search_term_string}\"},\"query-input\":{\"@type\":\"PropertyValueSpecification\",\"valueRequired\":true,\"valueName\":\"search_term_string\"}}],\"inLanguage\":\"es\"}]}<\/script>\n<!-- \/ Yoast SEO plugin. -->","yoast_head_json":{"title":"Regenovue Deep Plus (1 x 1,1ml) - Skin Heal","description":"Para una eliminaci\u00f3n r\u00e1pida e indolora de las arrugas y pliegues de medianos a profundos, conf\u00ede en Regenovue Deep Plus con Lidoca\u00edna - un relleno cut\u00e1neo seguro vendido por Skin Heal.","robots":{"index":"index","follow":"follow","max-snippet":"max-snippet:-1","max-image-preview":"max-image-preview:large","max-video-preview":"max-video-preview:-1"},"canonical":"https:\/\/skin-heal.com\/es\/producto\/regenovue-deep-plus-1-x-1-1ml\/","og_locale":"es_MX","og_type":"article","og_title":"Regenovue Deep Plus (1 x 1.1ml) - Skin Heal","og_description":"For a painless and fast removal of medium to deep wrinkles and folds, rely on Regenovue Deep Plus with Lidocaine \u2013 a safe skin filler sold by Skin Heal.","og_url":"https:\/\/skin-heal.com\/es\/producto\/regenovue-deep-plus-1-x-1-1ml\/","og_site_name":"Skin Heal","article_modified_time":"2020-03-04T09:46:07+00:00","og_image":[{"width":600,"height":600,"url":"https:\/\/cdn.skin-heal.com\/wp-content\/uploads\/2019\/02\/Regenovue-Deep-Plus-1.jpg","type":"image\/jpeg"}],"twitter_card":"summary_large_image","twitter_misc":{"Tiempo de lectura":"1 minuto"},"schema":{"@context":"https:\/\/schema.org","@graph":[{"@type":"WebPage","@id":"https:\/\/skin-heal.com\/product\/regenovue-deep-plus-1-x-1-1ml\/","url":"https:\/\/skin-heal.com\/product\/regenovue-deep-plus-1-x-1-1ml\/","name":"Regenovue Deep Plus (1 x 1,1ml) - Skin Heal","isPartOf":{"@id":"https:\/\/skin-heal.com\/#website"},"primaryImageOfPage":{"@id":"https:\/\/skin-heal.com\/product\/regenovue-deep-plus-1-x-1-1ml\/#primaryimage"},"image":{"@id":"https:\/\/skin-heal.com\/product\/regenovue-deep-plus-1-x-1-1ml\/#primaryimage"},"thumbnailUrl":"https:\/\/cdn.skin-heal.com\/wp-content\/uploads\/2019\/02\/Regenovue-Deep-Plus-1.jpg","datePublished":"2019-02-11T08:19:21+00:00","dateModified":"2020-03-04T09:46:07+00:00","description":"Para una eliminaci\u00f3n r\u00e1pida e indolora de las arrugas y pliegues de medianos a profundos, conf\u00ede en Regenovue Deep Plus con Lidoca\u00edna - un relleno cut\u00e1neo seguro vendido por Skin Heal.","breadcrumb":{"@id":"https:\/\/skin-heal.com\/product\/regenovue-deep-plus-1-x-1-1ml\/#breadcrumb"},"inLanguage":"es","potentialAction":[{"@type":"ReadAction","target":["https:\/\/skin-heal.com\/product\/regenovue-deep-plus-1-x-1-1ml\/"]}]},{"@type":"ImageObject","inLanguage":"es","@id":"https:\/\/skin-heal.com\/product\/regenovue-deep-plus-1-x-1-1ml\/#primaryimage","url":"https:\/\/cdn.skin-heal.com\/wp-content\/uploads\/2019\/02\/Regenovue-Deep-Plus-1.jpg","contentUrl":"https:\/\/cdn.skin-heal.com\/wp-content\/uploads\/2019\/02\/Regenovue-Deep-Plus-1.jpg","width":600,"height":600,"caption":"Regenovue Deep Plus"},{"@type":"BreadcrumbList","@id":"https:\/\/skin-heal.com\/product\/regenovue-deep-plus-1-x-1-1ml\/#breadcrumb","itemListElement":[{"@type":"ListItem","position":1,"name":"Home","item":"https:\/\/skin-heal.com\/"},{"@type":"ListItem","position":2,"name":"Store","item":"https:\/\/skin-heal.com\/store\/"},{"@type":"ListItem","position":3,"name":"Regenovue Deep Plus (1 x 1.1ml)"}]},{"@type":"WebSite","@id":"https:\/\/skin-heal.com\/#website","url":"https:\/\/skin-heal.com\/","name":"Curaci\u00f3n de la piel","description":"Los precios m\u00e1s bajos para los rellenos d\u00e9rmicos","potentialAction":[{"@type":"SearchAction","target":{"@type":"EntryPoint","urlTemplate":"https:\/\/skin-heal.com\/?s={search_term_string}"},"query-input":{"@type":"PropertyValueSpecification","valueRequired":true,"valueName":"search_term_string"}}],"inLanguage":"es"}]}},"_links":{"self":[{"href":"https:\/\/skin-heal.com\/es\/wp-json\/wp\/v2\/product\/1142","targetHints":{"allow":["GET"]}}],"collection":[{"href":"https:\/\/skin-heal.com\/es\/wp-json\/wp\/v2\/product"}],"about":[{"href":"https:\/\/skin-heal.com\/es\/wp-json\/wp\/v2\/types\/product"}],"wp:featuredmedia":[{"embeddable":true,"href":"https:\/\/skin-heal.com\/es\/wp-json\/wp\/v2\/media\/1157"}],"wp:attachment":[{"href":"https:\/\/skin-heal.com\/es\/wp-json\/wp\/v2\/media?parent=1142"}],"wp:term":[{"taxonomy":"product_brand","embeddable":true,"href":"https:\/\/skin-heal.com\/es\/wp-json\/wp\/v2\/product_brand?post=1142"},{"taxonomy":"product_cat","embeddable":true,"href":"https:\/\/skin-heal.com\/es\/wp-json\/wp\/v2\/product_cat?post=1142"},{"taxonomy":"product_tag","embeddable":true,"href":"https:\/\/skin-heal.com\/es\/wp-json\/wp\/v2\/product_tag?post=1142"}],"curies":[{"name":"wp","href":"https:\/\/api.w.org\/{rel}","templated":true}]}}