{"id":1143,"date":"2019-02-11T08:20:07","date_gmt":"2019-02-11T08:20:07","guid":{"rendered":"https:\/\/skin-heal.com\/?post_type=product&#038;p=1143"},"modified":"2021-01-03T18:54:25","modified_gmt":"2021-01-03T18:54:25","slug":"regenovue-aqua-shine-2-5-ml-x-4-ea","status":"publish","type":"product","link":"https:\/\/skin-heal.com\/es\/producto\/regenovue-aqua-shine-2-5-ml-x-4-ea\/","title":{"rendered":"Regenovue Aqua Shine (3 x 3ml)"},"content":{"rendered":"<h3>Propiedades y efectos<\/h3>\n<p>Este avanzado producto de mesoterapia est\u00e1 indicado tanto para hombres como para mujeres que desean mejorar el aspecto de su piel de forma natural y r\u00e1pida pero no quieren someterse a una intervenci\u00f3n quir\u00fargica. Regenovue Aqua Shine puede aplicarse mediante una inyecci\u00f3n en una o varias de las siguientes zonas del rostro:<\/p>\n<ul>\n<li><em>Pliegues nasolabiales<\/em><\/li>\n<li><em>Frente<\/em><\/li>\n<li><em>Chin<\/em><\/li>\n<li><em>Labios<\/em><\/li>\n<li><em>Entre las cejas<\/em><\/li>\n<li><em>El borde de los ojos<\/em><\/li>\n<\/ul>\n<p>Este proceso dura aproximadamente entre 15 y 30 minutos y debe ser realizado por cirujanos pl\u00e1sticos cualificados y certificados. Dado que esta fiable inyecci\u00f3n de mesoterapia se compone de \u00e1cido hialur\u00f3nico no reticulado, se caracteriza por sus incre\u00edbles propiedades antienvejecimiento. Los pacientes que se someten a su tratamiento pueden esperar disfrutar de una piel bien hidratada, m\u00e1s el\u00e1stica y con un tono mejorado. Adem\u00e1s, las l\u00edneas finas y las arrugas se corregir\u00e1n temporalmente y los poros dilatados ser\u00e1n menos visibles.<\/p>\n<h3>\u00bfEn qu\u00e9 se diferencia Regenovue Aqua Shine de los rellenos de HA?<\/h3>\n<p>A diferencia de los rellenos d\u00e9rmicos de HA, el poder de Regenovue Aqua Shine no se limita \u00fanicamente a los efectos antiarrugas. En lugar de rellenar la piel para dar la impresi\u00f3n de que ha sido rejuvenecida, en realidad la ayuda a revitalizarse y a regenerarse por s\u00ed misma aport\u00e1ndole valiosas sustancias.<\/p>","protected":false},"excerpt":{"rendered":"<p>Regenovue Aqua Shine es un producto de mesoterapia \u00fanico e innovador que tiene efectos sorprendentes y duraderos de restauraci\u00f3n de la piel. Desde la mejora de la elasticidad y el aumento de los niveles de hidrataci\u00f3n hasta la correcci\u00f3n de la apariencia de las l\u00edneas superficiales, esta soluci\u00f3n de rejuvenecimiento cosm\u00e9tico de nueva generaci\u00f3n utiliza las impresionantes cualidades del \u00c1cido Hialur\u00f3nico para suministrar a la piel seca, envejecida y\/o cansada todos los ingredientes y sustancias que necesita para mantenerse joven y radiante. Adqui\u00e9ralo en Skin Heal y disfrute de un precio competitivo.<\/p>","protected":false},"featured_media":1159,"template":"","meta":[],"product_brand":[],"product_cat":[80,94,93],"product_tag":[],"class_list":{"0":"post-1143","1":"product","2":"type-product","3":"status-publish","4":"has-post-thumbnail","6":"product_cat-mesotherapy","7":"product_cat-neogenesis","8":"product_cat-regenovue","9":"clearfix","11":"first","12":"outofstock","13":"taxable","14":"shipping-taxable","15":"purchasable","16":"product-type-simple"},"yoast_head":"<!-- This site is optimized with the Yoast SEO plugin v27.3 - https:\/\/yoast.com\/product\/yoast-seo-wordpress\/ -->\n<title>Regenovue Aqua Shine (3 x 3ml) - Skin Heal<\/title>\n<meta name=\"description\" content=\"Regenovue Aqua Shine is a premium HA mesotherapy product. Buy from Skin Heal at a low price to enjoy its fast fine line removal and anti-aging effects.\" \/>\n<meta name=\"robots\" content=\"index, follow, max-snippet:-1, max-image-preview:large, max-video-preview:-1\" \/>\n<link rel=\"canonical\" href=\"https:\/\/skin-heal.com\/es\/producto\/regenovue-aqua-shine-2-5-ml-x-4-ea\/\" \/>\n<meta property=\"og:locale\" content=\"es_MX\" \/>\n<meta property=\"og:type\" content=\"article\" \/>\n<meta property=\"og:title\" content=\"Regenovue Aqua Shine (3 x 3ml) - Skin Heal\" \/>\n<meta property=\"og:description\" content=\"Regenovue Aqua Shine is a premium HA mesotherapy product. Buy from Skin Heal at a low price to enjoy its fast fine line removal and anti-aging effects.\" \/>\n<meta property=\"og:url\" content=\"https:\/\/skin-heal.com\/es\/producto\/regenovue-aqua-shine-2-5-ml-x-4-ea\/\" \/>\n<meta property=\"og:site_name\" content=\"Skin Heal\" \/>\n<meta property=\"article:modified_time\" content=\"2021-01-03T18:54:25+00:00\" \/>\n<meta property=\"og:image\" content=\"https:\/\/cdn.skin-heal.com\/wp-content\/uploads\/2019\/02\/Regenovue-Aqua-Shine-1.jpg\" \/>\n\t<meta property=\"og:image:width\" content=\"600\" \/>\n\t<meta property=\"og:image:height\" content=\"600\" \/>\n\t<meta property=\"og:image:type\" content=\"image\/jpeg\" \/>\n<meta name=\"twitter:card\" content=\"summary_large_image\" \/>\n<meta name=\"twitter:label1\" content=\"Tiempo de lectura\" \/>\n\t<meta name=\"twitter:data1\" content=\"1 minuto\" \/>\n<script type=\"application\/ld+json\" class=\"yoast-schema-graph\">{\"@context\":\"https:\\\/\\\/schema.org\",\"@graph\":[{\"@type\":\"WebPage\",\"@id\":\"https:\\\/\\\/skin-heal.com\\\/product\\\/regenovue-aqua-shine-2-5-ml-x-4-ea\\\/\",\"url\":\"https:\\\/\\\/skin-heal.com\\\/product\\\/regenovue-aqua-shine-2-5-ml-x-4-ea\\\/\",\"name\":\"Regenovue Aqua Shine (3 x 3ml) - Skin Heal\",\"isPartOf\":{\"@id\":\"https:\\\/\\\/skin-heal.com\\\/#website\"},\"primaryImageOfPage\":{\"@id\":\"https:\\\/\\\/skin-heal.com\\\/product\\\/regenovue-aqua-shine-2-5-ml-x-4-ea\\\/#primaryimage\"},\"image\":{\"@id\":\"https:\\\/\\\/skin-heal.com\\\/product\\\/regenovue-aqua-shine-2-5-ml-x-4-ea\\\/#primaryimage\"},\"thumbnailUrl\":\"https:\\\/\\\/skin-heal.com\\\/wp-content\\\/uploads\\\/2019\\\/02\\\/Regenovue-Aqua-Shine-1.jpg\",\"datePublished\":\"2019-02-11T08:20:07+00:00\",\"dateModified\":\"2021-01-03T18:54:25+00:00\",\"description\":\"Regenovue Aqua Shine is a premium HA mesotherapy product. Buy from Skin Heal at a low price to enjoy its fast fine line removal and anti-aging effects.\",\"breadcrumb\":{\"@id\":\"https:\\\/\\\/skin-heal.com\\\/product\\\/regenovue-aqua-shine-2-5-ml-x-4-ea\\\/#breadcrumb\"},\"inLanguage\":\"es\",\"potentialAction\":[{\"@type\":\"ReadAction\",\"target\":[\"https:\\\/\\\/skin-heal.com\\\/product\\\/regenovue-aqua-shine-2-5-ml-x-4-ea\\\/\"]}]},{\"@type\":\"ImageObject\",\"inLanguage\":\"es\",\"@id\":\"https:\\\/\\\/skin-heal.com\\\/product\\\/regenovue-aqua-shine-2-5-ml-x-4-ea\\\/#primaryimage\",\"url\":\"https:\\\/\\\/skin-heal.com\\\/wp-content\\\/uploads\\\/2019\\\/02\\\/Regenovue-Aqua-Shine-1.jpg\",\"contentUrl\":\"https:\\\/\\\/skin-heal.com\\\/wp-content\\\/uploads\\\/2019\\\/02\\\/Regenovue-Aqua-Shine-1.jpg\",\"width\":600,\"height\":600,\"caption\":\"Regenovue Aqua Shine\"},{\"@type\":\"BreadcrumbList\",\"@id\":\"https:\\\/\\\/skin-heal.com\\\/product\\\/regenovue-aqua-shine-2-5-ml-x-4-ea\\\/#breadcrumb\",\"itemListElement\":[{\"@type\":\"ListItem\",\"position\":1,\"name\":\"Home\",\"item\":\"https:\\\/\\\/skin-heal.com\\\/\"},{\"@type\":\"ListItem\",\"position\":2,\"name\":\"Store\",\"item\":\"https:\\\/\\\/skin-heal.com\\\/store\\\/\"},{\"@type\":\"ListItem\",\"position\":3,\"name\":\"Regenovue Aqua Shine (3 x 3ml)\"}]},{\"@type\":\"WebSite\",\"@id\":\"https:\\\/\\\/skin-heal.com\\\/#website\",\"url\":\"https:\\\/\\\/skin-heal.com\\\/\",\"name\":\"Skin Heal\",\"description\":\"Lowest Prices for Dermal Fillers\",\"potentialAction\":[{\"@type\":\"SearchAction\",\"target\":{\"@type\":\"EntryPoint\",\"urlTemplate\":\"https:\\\/\\\/skin-heal.com\\\/?s={search_term_string}\"},\"query-input\":{\"@type\":\"PropertyValueSpecification\",\"valueRequired\":true,\"valueName\":\"search_term_string\"}}],\"inLanguage\":\"es\"}]}<\/script>\n<!-- \/ Yoast SEO plugin. -->","yoast_head_json":{"title":"Regenovue Aqua Shine (3 x 3ml) - Skin Heal","description":"Regenovue Aqua Shine es un producto premium de mesoterapia HA. C\u00f3mprelo en Skin Heal a bajo precio para disfrutar de su r\u00e1pida eliminaci\u00f3n de l\u00edneas finas y sus efectos antienvejecimiento.","robots":{"index":"index","follow":"follow","max-snippet":"max-snippet:-1","max-image-preview":"max-image-preview:large","max-video-preview":"max-video-preview:-1"},"canonical":"https:\/\/skin-heal.com\/es\/producto\/regenovue-aqua-shine-2-5-ml-x-4-ea\/","og_locale":"es_MX","og_type":"article","og_title":"Regenovue Aqua Shine (3 x 3ml) - Skin Heal","og_description":"Regenovue Aqua Shine is a premium HA mesotherapy product. Buy from Skin Heal at a low price to enjoy its fast fine line removal and anti-aging effects.","og_url":"https:\/\/skin-heal.com\/es\/producto\/regenovue-aqua-shine-2-5-ml-x-4-ea\/","og_site_name":"Skin Heal","article_modified_time":"2021-01-03T18:54:25+00:00","og_image":[{"width":600,"height":600,"url":"https:\/\/cdn.skin-heal.com\/wp-content\/uploads\/2019\/02\/Regenovue-Aqua-Shine-1.jpg","type":"image\/jpeg"}],"twitter_card":"summary_large_image","twitter_misc":{"Tiempo de lectura":"1 minuto"},"schema":{"@context":"https:\/\/schema.org","@graph":[{"@type":"WebPage","@id":"https:\/\/skin-heal.com\/product\/regenovue-aqua-shine-2-5-ml-x-4-ea\/","url":"https:\/\/skin-heal.com\/product\/regenovue-aqua-shine-2-5-ml-x-4-ea\/","name":"Regenovue Aqua Shine (3 x 3ml) - Skin Heal","isPartOf":{"@id":"https:\/\/skin-heal.com\/#website"},"primaryImageOfPage":{"@id":"https:\/\/skin-heal.com\/product\/regenovue-aqua-shine-2-5-ml-x-4-ea\/#primaryimage"},"image":{"@id":"https:\/\/skin-heal.com\/product\/regenovue-aqua-shine-2-5-ml-x-4-ea\/#primaryimage"},"thumbnailUrl":"https:\/\/cdn.skin-heal.com\/wp-content\/uploads\/2019\/02\/Regenovue-Aqua-Shine-1.jpg","datePublished":"2019-02-11T08:20:07+00:00","dateModified":"2021-01-03T18:54:25+00:00","description":"Regenovue Aqua Shine es un producto premium de mesoterapia HA. C\u00f3mprelo en Skin Heal a bajo precio para disfrutar de su r\u00e1pida eliminaci\u00f3n de l\u00edneas finas y sus efectos antienvejecimiento.","breadcrumb":{"@id":"https:\/\/skin-heal.com\/product\/regenovue-aqua-shine-2-5-ml-x-4-ea\/#breadcrumb"},"inLanguage":"es","potentialAction":[{"@type":"ReadAction","target":["https:\/\/skin-heal.com\/product\/regenovue-aqua-shine-2-5-ml-x-4-ea\/"]}]},{"@type":"ImageObject","inLanguage":"es","@id":"https:\/\/skin-heal.com\/product\/regenovue-aqua-shine-2-5-ml-x-4-ea\/#primaryimage","url":"https:\/\/cdn.skin-heal.com\/wp-content\/uploads\/2019\/02\/Regenovue-Aqua-Shine-1.jpg","contentUrl":"https:\/\/cdn.skin-heal.com\/wp-content\/uploads\/2019\/02\/Regenovue-Aqua-Shine-1.jpg","width":600,"height":600,"caption":"Regenovue Aqua Shine"},{"@type":"BreadcrumbList","@id":"https:\/\/skin-heal.com\/product\/regenovue-aqua-shine-2-5-ml-x-4-ea\/#breadcrumb","itemListElement":[{"@type":"ListItem","position":1,"name":"Home","item":"https:\/\/skin-heal.com\/"},{"@type":"ListItem","position":2,"name":"Store","item":"https:\/\/skin-heal.com\/store\/"},{"@type":"ListItem","position":3,"name":"Regenovue Aqua Shine (3 x 3ml)"}]},{"@type":"WebSite","@id":"https:\/\/skin-heal.com\/#website","url":"https:\/\/skin-heal.com\/","name":"Curaci\u00f3n de la piel","description":"Los precios m\u00e1s bajos para los rellenos d\u00e9rmicos","potentialAction":[{"@type":"SearchAction","target":{"@type":"EntryPoint","urlTemplate":"https:\/\/skin-heal.com\/?s={search_term_string}"},"query-input":{"@type":"PropertyValueSpecification","valueRequired":true,"valueName":"search_term_string"}}],"inLanguage":"es"}]}},"_links":{"self":[{"href":"https:\/\/skin-heal.com\/es\/wp-json\/wp\/v2\/product\/1143","targetHints":{"allow":["GET"]}}],"collection":[{"href":"https:\/\/skin-heal.com\/es\/wp-json\/wp\/v2\/product"}],"about":[{"href":"https:\/\/skin-heal.com\/es\/wp-json\/wp\/v2\/types\/product"}],"wp:featuredmedia":[{"embeddable":true,"href":"https:\/\/skin-heal.com\/es\/wp-json\/wp\/v2\/media\/1159"}],"wp:attachment":[{"href":"https:\/\/skin-heal.com\/es\/wp-json\/wp\/v2\/media?parent=1143"}],"wp:term":[{"taxonomy":"product_brand","embeddable":true,"href":"https:\/\/skin-heal.com\/es\/wp-json\/wp\/v2\/product_brand?post=1143"},{"taxonomy":"product_cat","embeddable":true,"href":"https:\/\/skin-heal.com\/es\/wp-json\/wp\/v2\/product_cat?post=1143"},{"taxonomy":"product_tag","embeddable":true,"href":"https:\/\/skin-heal.com\/es\/wp-json\/wp\/v2\/product_tag?post=1143"}],"curies":[{"name":"wp","href":"https:\/\/api.w.org\/{rel}","templated":true}]}}