{"id":1144,"date":"2019-02-11T08:18:46","date_gmt":"2019-02-11T08:18:46","guid":{"rendered":"https:\/\/skin-heal.com\/?post_type=product&#038;p=1144"},"modified":"2020-03-04T09:46:07","modified_gmt":"2020-03-04T09:46:07","slug":"regenovue-fine-plus-1-x-1-1ml","status":"publish","type":"product","link":"https:\/\/skin-heal.com\/es\/producto\/regenovue-fine-plus-1-x-1-1ml\/","title":{"rendered":"Regenovue Fine Plus (1 x 1,1ml)"},"content":{"rendered":"<h3>Protocolo de tratamiento recomendado<\/h3>\n<p>Regenovue Fine Plus puede utilizarse en una amplia gama de pacientes adultos que desean mejorar el aspecto de las arrugas superficiales, como las l\u00edneas periorbitales finas, los pliegues del cuello o las l\u00edneas glabelares. El producto se inyecta en las zonas problem\u00e1ticas mediante una t\u00e9cnica especial. Se trata de un procedimiento que debe llevar a cabo un cirujano est\u00e9tico experto y que suele durar s\u00f3lo unos minutos. Los pacientes pueden ver y sentir los resultados inmediatamente y no necesitan tomarse tiempo libre para recuperarse de la sesi\u00f3n de inyecciones, ya que es m\u00ednimamente invasiva. Despu\u00e9s de cada inyecci\u00f3n, los pacientes necesitan:<\/p>\n<ul>\n<li>Hablar de sus citas de mantenimiento con su m\u00e9dico<\/li>\n<li>Evitar exponerse a temperaturas extremas (utilizando una sauna, un sol\u00e1rium, tomando el sol, etc.)<\/li>\n<li>Evitar los medicamentos anticoagulantes, los analg\u00e9sicos y el alcohol<\/li>\n<li>Estar atentos a cualquier efecto adverso y consultar con su cirujano pl\u00e1stico si \u00e9ste no desaparece despu\u00e9s de una semana<\/li>\n<\/ul>\n<h3>\u00bfLa lidoca\u00edna de este relleno de HA reduce su eficacia?<\/h3>\n<p>Una terapia de rejuvenecimiento de la piel con Regenovue Fine Plus con Lidoca\u00edna no es dolorosa y puede aplicarse incluso en pacientes que tienen una tolerancia muy baja al dolor. La lidoca\u00edna de este relleno cut\u00e1neo de primera clase act\u00faa como anest\u00e9sico local, pero no impide que el \u00e1cido hialur\u00f3nico purificado de este impresionante producto haga su trabajo, es decir, que elimine completamente las arrugas superficiales durante un periodo de unos 8-12 meses.<\/p>","protected":false},"excerpt":{"rendered":"<p>Las arrugas finas y las l\u00edneas causadas como resultado directo del proceso natural de envejecimiento u otros factores como la exposici\u00f3n prolongada al sol, el tabaquismo, etc., ahora pueden eliminarse r\u00e1pidamente con la ayuda de un relleno d\u00e9rmico verdaderamente pionero: Regenovue Fine Plus. Comercializado por Skin Heal, este incre\u00edble producto de rejuvenecimiento cosm\u00e9tico a base de HA proporciona un aspecto m\u00e1s juvenil mediante un procedimiento r\u00e1pido, no quir\u00fargico y sin dolor.<\/p>","protected":false},"featured_media":1156,"template":"","meta":[],"product_brand":[],"product_cat":[79,94,93],"product_tag":[],"class_list":{"0":"post-1144","1":"product","2":"type-product","3":"status-publish","4":"has-post-thumbnail","6":"product_cat-dermal-fillers","7":"product_cat-neogenesis","8":"product_cat-regenovue","9":"clearfix","11":"first","12":"outofstock","13":"taxable","14":"shipping-taxable","15":"purchasable","16":"product-type-simple"},"yoast_head":"<!-- This site is optimized with the Yoast SEO plugin v27.4 - https:\/\/yoast.com\/product\/yoast-seo-wordpress\/ -->\n<title>Regenovue Fine Plus (1 x 1.1ml) - Skin Heal<\/title>\n<meta name=\"description\" content=\"Visit Skin Heal to get Regenovue Fine Plus with Lidocaine \u2013 an innovative HA skin filler that offers speedy fine line removal through a pain-free procedure.\" \/>\n<meta name=\"robots\" content=\"index, follow, max-snippet:-1, max-image-preview:large, max-video-preview:-1\" \/>\n<link rel=\"canonical\" href=\"https:\/\/skin-heal.com\/es\/producto\/regenovue-fine-plus-1-x-1-1ml\/\" \/>\n<meta property=\"og:locale\" content=\"es_MX\" \/>\n<meta property=\"og:type\" content=\"article\" \/>\n<meta property=\"og:title\" content=\"Regenovue Fine Plus (1 x 1.1ml) - Skin Heal\" \/>\n<meta property=\"og:description\" content=\"Visit Skin Heal to get Regenovue Fine Plus with Lidocaine \u2013 an innovative HA skin filler that offers speedy fine line removal through a pain-free procedure.\" \/>\n<meta property=\"og:url\" content=\"https:\/\/skin-heal.com\/es\/producto\/regenovue-fine-plus-1-x-1-1ml\/\" \/>\n<meta property=\"og:site_name\" content=\"Skin Heal\" \/>\n<meta property=\"article:modified_time\" content=\"2020-03-04T09:46:07+00:00\" \/>\n<meta property=\"og:image\" content=\"https:\/\/cdn.skin-heal.com\/wp-content\/uploads\/2019\/02\/Regenovue-Fine-Plus-1.jpg\" \/>\n\t<meta property=\"og:image:width\" content=\"600\" \/>\n\t<meta property=\"og:image:height\" content=\"600\" \/>\n\t<meta property=\"og:image:type\" content=\"image\/jpeg\" \/>\n<meta name=\"twitter:card\" content=\"summary_large_image\" \/>\n<meta name=\"twitter:label1\" content=\"Tiempo de lectura\" \/>\n\t<meta name=\"twitter:data1\" content=\"1 minuto\" \/>\n<script type=\"application\/ld+json\" class=\"yoast-schema-graph\">{\"@context\":\"https:\\\/\\\/schema.org\",\"@graph\":[{\"@type\":\"WebPage\",\"@id\":\"https:\\\/\\\/skin-heal.com\\\/product\\\/regenovue-fine-plus-1-x-1-1ml\\\/\",\"url\":\"https:\\\/\\\/skin-heal.com\\\/product\\\/regenovue-fine-plus-1-x-1-1ml\\\/\",\"name\":\"Regenovue Fine Plus (1 x 1.1ml) - Skin Heal\",\"isPartOf\":{\"@id\":\"https:\\\/\\\/skin-heal.com\\\/#website\"},\"primaryImageOfPage\":{\"@id\":\"https:\\\/\\\/skin-heal.com\\\/product\\\/regenovue-fine-plus-1-x-1-1ml\\\/#primaryimage\"},\"image\":{\"@id\":\"https:\\\/\\\/skin-heal.com\\\/product\\\/regenovue-fine-plus-1-x-1-1ml\\\/#primaryimage\"},\"thumbnailUrl\":\"https:\\\/\\\/skin-heal.com\\\/wp-content\\\/uploads\\\/2019\\\/02\\\/Regenovue-Fine-Plus-1.jpg\",\"datePublished\":\"2019-02-11T08:18:46+00:00\",\"dateModified\":\"2020-03-04T09:46:07+00:00\",\"description\":\"Visit Skin Heal to get Regenovue Fine Plus with Lidocaine \u2013 an innovative HA skin filler that offers speedy fine line removal through a pain-free procedure.\",\"breadcrumb\":{\"@id\":\"https:\\\/\\\/skin-heal.com\\\/product\\\/regenovue-fine-plus-1-x-1-1ml\\\/#breadcrumb\"},\"inLanguage\":\"es\",\"potentialAction\":[{\"@type\":\"ReadAction\",\"target\":[\"https:\\\/\\\/skin-heal.com\\\/product\\\/regenovue-fine-plus-1-x-1-1ml\\\/\"]}]},{\"@type\":\"ImageObject\",\"inLanguage\":\"es\",\"@id\":\"https:\\\/\\\/skin-heal.com\\\/product\\\/regenovue-fine-plus-1-x-1-1ml\\\/#primaryimage\",\"url\":\"https:\\\/\\\/skin-heal.com\\\/wp-content\\\/uploads\\\/2019\\\/02\\\/Regenovue-Fine-Plus-1.jpg\",\"contentUrl\":\"https:\\\/\\\/skin-heal.com\\\/wp-content\\\/uploads\\\/2019\\\/02\\\/Regenovue-Fine-Plus-1.jpg\",\"width\":600,\"height\":600,\"caption\":\"Regenovue Fine Plus\"},{\"@type\":\"BreadcrumbList\",\"@id\":\"https:\\\/\\\/skin-heal.com\\\/product\\\/regenovue-fine-plus-1-x-1-1ml\\\/#breadcrumb\",\"itemListElement\":[{\"@type\":\"ListItem\",\"position\":1,\"name\":\"Home\",\"item\":\"https:\\\/\\\/skin-heal.com\\\/\"},{\"@type\":\"ListItem\",\"position\":2,\"name\":\"Store\",\"item\":\"https:\\\/\\\/skin-heal.com\\\/store\\\/\"},{\"@type\":\"ListItem\",\"position\":3,\"name\":\"Regenovue Fine Plus (1 x 1.1ml)\"}]},{\"@type\":\"WebSite\",\"@id\":\"https:\\\/\\\/skin-heal.com\\\/#website\",\"url\":\"https:\\\/\\\/skin-heal.com\\\/\",\"name\":\"Skin Heal\",\"description\":\"Lowest Prices for Dermal Fillers\",\"potentialAction\":[{\"@type\":\"SearchAction\",\"target\":{\"@type\":\"EntryPoint\",\"urlTemplate\":\"https:\\\/\\\/skin-heal.com\\\/?s={search_term_string}\"},\"query-input\":{\"@type\":\"PropertyValueSpecification\",\"valueRequired\":true,\"valueName\":\"search_term_string\"}}],\"inLanguage\":\"es\"}]}<\/script>\n<!-- \/ Yoast SEO plugin. -->","yoast_head_json":{"title":"Regenovue Fine Plus (1 x 1,1ml) - Skin Heal","description":"Visite Skin Heal para obtener Regenovue Fine Plus con Lidoca\u00edna - un innovador relleno de HA para la piel que ofrece una r\u00e1pida eliminaci\u00f3n de las l\u00edneas finas a trav\u00e9s de un procedimiento sin dolor.","robots":{"index":"index","follow":"follow","max-snippet":"max-snippet:-1","max-image-preview":"max-image-preview:large","max-video-preview":"max-video-preview:-1"},"canonical":"https:\/\/skin-heal.com\/es\/producto\/regenovue-fine-plus-1-x-1-1ml\/","og_locale":"es_MX","og_type":"article","og_title":"Regenovue Fine Plus (1 x 1.1ml) - Skin Heal","og_description":"Visit Skin Heal to get Regenovue Fine Plus with Lidocaine \u2013 an innovative HA skin filler that offers speedy fine line removal through a pain-free procedure.","og_url":"https:\/\/skin-heal.com\/es\/producto\/regenovue-fine-plus-1-x-1-1ml\/","og_site_name":"Skin Heal","article_modified_time":"2020-03-04T09:46:07+00:00","og_image":[{"width":600,"height":600,"url":"https:\/\/cdn.skin-heal.com\/wp-content\/uploads\/2019\/02\/Regenovue-Fine-Plus-1.jpg","type":"image\/jpeg"}],"twitter_card":"summary_large_image","twitter_misc":{"Tiempo de lectura":"1 minuto"},"schema":{"@context":"https:\/\/schema.org","@graph":[{"@type":"WebPage","@id":"https:\/\/skin-heal.com\/product\/regenovue-fine-plus-1-x-1-1ml\/","url":"https:\/\/skin-heal.com\/product\/regenovue-fine-plus-1-x-1-1ml\/","name":"Regenovue Fine Plus (1 x 1,1ml) - Skin Heal","isPartOf":{"@id":"https:\/\/skin-heal.com\/#website"},"primaryImageOfPage":{"@id":"https:\/\/skin-heal.com\/product\/regenovue-fine-plus-1-x-1-1ml\/#primaryimage"},"image":{"@id":"https:\/\/skin-heal.com\/product\/regenovue-fine-plus-1-x-1-1ml\/#primaryimage"},"thumbnailUrl":"https:\/\/cdn.skin-heal.com\/wp-content\/uploads\/2019\/02\/Regenovue-Fine-Plus-1.jpg","datePublished":"2019-02-11T08:18:46+00:00","dateModified":"2020-03-04T09:46:07+00:00","description":"Visite Skin Heal para obtener Regenovue Fine Plus con Lidoca\u00edna - un innovador relleno de HA para la piel que ofrece una r\u00e1pida eliminaci\u00f3n de las l\u00edneas finas a trav\u00e9s de un procedimiento sin dolor.","breadcrumb":{"@id":"https:\/\/skin-heal.com\/product\/regenovue-fine-plus-1-x-1-1ml\/#breadcrumb"},"inLanguage":"es","potentialAction":[{"@type":"ReadAction","target":["https:\/\/skin-heal.com\/product\/regenovue-fine-plus-1-x-1-1ml\/"]}]},{"@type":"ImageObject","inLanguage":"es","@id":"https:\/\/skin-heal.com\/product\/regenovue-fine-plus-1-x-1-1ml\/#primaryimage","url":"https:\/\/cdn.skin-heal.com\/wp-content\/uploads\/2019\/02\/Regenovue-Fine-Plus-1.jpg","contentUrl":"https:\/\/cdn.skin-heal.com\/wp-content\/uploads\/2019\/02\/Regenovue-Fine-Plus-1.jpg","width":600,"height":600,"caption":"Regenovue Fine Plus"},{"@type":"BreadcrumbList","@id":"https:\/\/skin-heal.com\/product\/regenovue-fine-plus-1-x-1-1ml\/#breadcrumb","itemListElement":[{"@type":"ListItem","position":1,"name":"Home","item":"https:\/\/skin-heal.com\/"},{"@type":"ListItem","position":2,"name":"Store","item":"https:\/\/skin-heal.com\/store\/"},{"@type":"ListItem","position":3,"name":"Regenovue Fine Plus (1 x 1.1ml)"}]},{"@type":"WebSite","@id":"https:\/\/skin-heal.com\/#website","url":"https:\/\/skin-heal.com\/","name":"Curaci\u00f3n de la piel","description":"Los precios m\u00e1s bajos para los rellenos d\u00e9rmicos","potentialAction":[{"@type":"SearchAction","target":{"@type":"EntryPoint","urlTemplate":"https:\/\/skin-heal.com\/?s={search_term_string}"},"query-input":{"@type":"PropertyValueSpecification","valueRequired":true,"valueName":"search_term_string"}}],"inLanguage":"es"}]}},"_links":{"self":[{"href":"https:\/\/skin-heal.com\/es\/wp-json\/wp\/v2\/product\/1144","targetHints":{"allow":["GET"]}}],"collection":[{"href":"https:\/\/skin-heal.com\/es\/wp-json\/wp\/v2\/product"}],"about":[{"href":"https:\/\/skin-heal.com\/es\/wp-json\/wp\/v2\/types\/product"}],"wp:featuredmedia":[{"embeddable":true,"href":"https:\/\/skin-heal.com\/es\/wp-json\/wp\/v2\/media\/1156"}],"wp:attachment":[{"href":"https:\/\/skin-heal.com\/es\/wp-json\/wp\/v2\/media?parent=1144"}],"wp:term":[{"taxonomy":"product_brand","embeddable":true,"href":"https:\/\/skin-heal.com\/es\/wp-json\/wp\/v2\/product_brand?post=1144"},{"taxonomy":"product_cat","embeddable":true,"href":"https:\/\/skin-heal.com\/es\/wp-json\/wp\/v2\/product_cat?post=1144"},{"taxonomy":"product_tag","embeddable":true,"href":"https:\/\/skin-heal.com\/es\/wp-json\/wp\/v2\/product_tag?post=1144"}],"curies":[{"name":"wp","href":"https:\/\/api.w.org\/{rel}","templated":true}]}}