{"id":1145,"date":"2019-02-11T08:00:03","date_gmt":"2019-02-11T08:00:03","guid":{"rendered":"https:\/\/skin-heal.com\/?post_type=product&#038;p=1145"},"modified":"2020-03-04T09:46:08","modified_gmt":"2020-03-04T09:46:08","slug":"regenovue-sub-q-plus-1-x-1-1ml","status":"publish","type":"product","link":"https:\/\/skin-heal.com\/es\/producto\/regenovue-sub-q-plus-1-x-1-1ml\/","title":{"rendered":"Regenovue Sub-Q Plus (1 x 1,1ml)"},"content":{"rendered":"<h3>Caracter\u00edsticas de Regenovue Sub-Q Plus con Lidoca\u00edna<\/h3>\n<p>Regenovue Sub-Q Plus puede adquirirse a un precio econ\u00f3mico en Skin Heal, pero la calidad que ofrece y sus caracter\u00edsticas pueden describirse como nada menos que de primera calidad. Este eficaz relleno d\u00e9rmico tiene:<\/p>\n<ul>\n<li>Una estructura monof\u00e1sica estable y regular para unos resultados de aspecto natural y m\u00e1s duraderos (12-18 meses)<\/li>\n<li>\u00c1cido hialur\u00f3nico de primera calidad como ingrediente principal, lo que significa que es seguro y 100% biodegradable<\/li>\n<li>Niveles apenas rastreables de residuos de BDDE y endotoxinas, lo que reduce las posibilidades de efectos secundarios<\/li>\n<li>Una viscosidad incre\u00edblemente alta que tambi\u00e9n prolonga los efectos del tratamiento<\/li>\n<li>Lidoca\u00edna en su f\u00f3rmula para garantizar una inyecci\u00f3n sin dolor<\/li>\n<\/ul>\n<p>Esta inyecci\u00f3n de relleno de HA sorprendentemente asequible se vende en una caja que contiene una jeringa precargada de 1 ml y dos agujas de grado m\u00e9dico de 27G.<\/p>\n<h3>Puntos de inyecci\u00f3n<\/h3>\n<p>NeoGenesis, la empresa que desarrolla y fabrica Regenovue Sub-Q Plus con Lidoca\u00edna, ha dise\u00f1ado este pionero relleno cut\u00e1neo para ser inyectado espec\u00edficamente en la capa subcut\u00e1nea inferior de la piel, de modo que pueda proporcionar a los pacientes un efecto visible de eliminaci\u00f3n de arrugas profundas. Por lo tanto, este innovador producto de rejuvenecimiento de la piel no debe utilizarse en zonas faciales caracterizadas por una piel muy fina (por ejemplo, alrededor de los ojos) y s\u00f3lo debe aplicarse en pieles maduras con arrugas y pliegues graves.<\/p>","protected":false},"excerpt":{"rendered":"<p>Las arrugas profundas son dif\u00edciles de corregir, pero Regenovue Sub-Q Plus es un potente relleno de la piel que puede rellenar y eliminar pliegues y arrugas severas de forma r\u00e1pida, indolora y duradera. Ahora disponible en la tienda online de Skin Heal, este impresionante producto de rejuvenecimiento cosm\u00e9tico a base de HA tiene una tasa de efectos adversos muy baja y puede mejorar en gran medida la textura y la elasticidad de la piel a trav\u00e9s de un procedimiento m\u00ednimamente invasivo y no quir\u00fargico.<\/p>","protected":false},"featured_media":1152,"template":"","meta":[],"product_brand":[],"product_cat":[79,94,93],"product_tag":[],"class_list":{"0":"post-1145","1":"product","2":"type-product","3":"status-publish","4":"has-post-thumbnail","6":"product_cat-dermal-fillers","7":"product_cat-neogenesis","8":"product_cat-regenovue","9":"clearfix","11":"first","12":"outofstock","13":"taxable","14":"shipping-taxable","15":"purchasable","16":"product-type-simple"},"yoast_head":"<!-- This site is optimized with the Yoast SEO plugin v27.3 - https:\/\/yoast.com\/product\/yoast-seo-wordpress\/ -->\n<title>Regenovue Sub-Q Plus (1 x 1.1ml) - Skin Heal<\/title>\n<meta name=\"description\" content=\"Sold by Skin Heal, Regenovue Sub-Q Plus with Lidocaine is a strong dermal filler that offers impressive deep wrinkle removal without pain or surgery.\" \/>\n<meta name=\"robots\" content=\"index, follow, max-snippet:-1, max-image-preview:large, max-video-preview:-1\" \/>\n<link rel=\"canonical\" href=\"https:\/\/skin-heal.com\/es\/producto\/regenovue-sub-q-plus-1-x-1-1ml\/\" \/>\n<meta property=\"og:locale\" content=\"es_MX\" \/>\n<meta property=\"og:type\" content=\"article\" \/>\n<meta property=\"og:title\" content=\"Regenovue Sub-Q Plus (1 x 1.1ml) - Skin Heal\" \/>\n<meta property=\"og:description\" content=\"Sold by Skin Heal, Regenovue Sub-Q Plus with Lidocaine is a strong dermal filler that offers impressive deep wrinkle removal without pain or surgery.\" \/>\n<meta property=\"og:url\" content=\"https:\/\/skin-heal.com\/es\/producto\/regenovue-sub-q-plus-1-x-1-1ml\/\" \/>\n<meta property=\"og:site_name\" content=\"Skin Heal\" \/>\n<meta property=\"article:modified_time\" content=\"2020-03-04T09:46:08+00:00\" \/>\n<meta property=\"og:image\" content=\"https:\/\/cdn.skin-heal.com\/wp-content\/uploads\/2019\/02\/Regenovue-Sub-Q-Plus.jpg\" \/>\n\t<meta property=\"og:image:width\" content=\"600\" \/>\n\t<meta property=\"og:image:height\" content=\"600\" \/>\n\t<meta property=\"og:image:type\" content=\"image\/jpeg\" \/>\n<meta name=\"twitter:card\" content=\"summary_large_image\" \/>\n<meta name=\"twitter:label1\" content=\"Tiempo de lectura\" \/>\n\t<meta name=\"twitter:data1\" content=\"1 minuto\" \/>\n<script type=\"application\/ld+json\" class=\"yoast-schema-graph\">{\"@context\":\"https:\\\/\\\/schema.org\",\"@graph\":[{\"@type\":\"WebPage\",\"@id\":\"https:\\\/\\\/skin-heal.com\\\/product\\\/regenovue-sub-q-plus-1-x-1-1ml\\\/\",\"url\":\"https:\\\/\\\/skin-heal.com\\\/product\\\/regenovue-sub-q-plus-1-x-1-1ml\\\/\",\"name\":\"Regenovue Sub-Q Plus (1 x 1.1ml) - Skin Heal\",\"isPartOf\":{\"@id\":\"https:\\\/\\\/skin-heal.com\\\/#website\"},\"primaryImageOfPage\":{\"@id\":\"https:\\\/\\\/skin-heal.com\\\/product\\\/regenovue-sub-q-plus-1-x-1-1ml\\\/#primaryimage\"},\"image\":{\"@id\":\"https:\\\/\\\/skin-heal.com\\\/product\\\/regenovue-sub-q-plus-1-x-1-1ml\\\/#primaryimage\"},\"thumbnailUrl\":\"https:\\\/\\\/skin-heal.com\\\/wp-content\\\/uploads\\\/2019\\\/02\\\/Regenovue-Sub-Q-Plus.jpg\",\"datePublished\":\"2019-02-11T08:00:03+00:00\",\"dateModified\":\"2020-03-04T09:46:08+00:00\",\"description\":\"Sold by Skin Heal, Regenovue Sub-Q Plus with Lidocaine is a strong dermal filler that offers impressive deep wrinkle removal without pain or surgery.\",\"breadcrumb\":{\"@id\":\"https:\\\/\\\/skin-heal.com\\\/product\\\/regenovue-sub-q-plus-1-x-1-1ml\\\/#breadcrumb\"},\"inLanguage\":\"es\",\"potentialAction\":[{\"@type\":\"ReadAction\",\"target\":[\"https:\\\/\\\/skin-heal.com\\\/product\\\/regenovue-sub-q-plus-1-x-1-1ml\\\/\"]}]},{\"@type\":\"ImageObject\",\"inLanguage\":\"es\",\"@id\":\"https:\\\/\\\/skin-heal.com\\\/product\\\/regenovue-sub-q-plus-1-x-1-1ml\\\/#primaryimage\",\"url\":\"https:\\\/\\\/skin-heal.com\\\/wp-content\\\/uploads\\\/2019\\\/02\\\/Regenovue-Sub-Q-Plus.jpg\",\"contentUrl\":\"https:\\\/\\\/skin-heal.com\\\/wp-content\\\/uploads\\\/2019\\\/02\\\/Regenovue-Sub-Q-Plus.jpg\",\"width\":600,\"height\":600,\"caption\":\"Regenovue Sub-Q Plus\"},{\"@type\":\"BreadcrumbList\",\"@id\":\"https:\\\/\\\/skin-heal.com\\\/product\\\/regenovue-sub-q-plus-1-x-1-1ml\\\/#breadcrumb\",\"itemListElement\":[{\"@type\":\"ListItem\",\"position\":1,\"name\":\"Home\",\"item\":\"https:\\\/\\\/skin-heal.com\\\/\"},{\"@type\":\"ListItem\",\"position\":2,\"name\":\"Store\",\"item\":\"https:\\\/\\\/skin-heal.com\\\/store\\\/\"},{\"@type\":\"ListItem\",\"position\":3,\"name\":\"Regenovue Sub-Q Plus (1 x 1.1ml)\"}]},{\"@type\":\"WebSite\",\"@id\":\"https:\\\/\\\/skin-heal.com\\\/#website\",\"url\":\"https:\\\/\\\/skin-heal.com\\\/\",\"name\":\"Skin Heal\",\"description\":\"Lowest Prices for Dermal Fillers\",\"potentialAction\":[{\"@type\":\"SearchAction\",\"target\":{\"@type\":\"EntryPoint\",\"urlTemplate\":\"https:\\\/\\\/skin-heal.com\\\/?s={search_term_string}\"},\"query-input\":{\"@type\":\"PropertyValueSpecification\",\"valueRequired\":true,\"valueName\":\"search_term_string\"}}],\"inLanguage\":\"es\"}]}<\/script>\n<!-- \/ Yoast SEO plugin. -->","yoast_head_json":{"title":"Regenovue Sub-Q Plus (1 x 1,1ml) - Skin Heal","description":"Vendido por Skin Heal, Regenovue Sub-Q Plus con Lidoca\u00edna es un fuerte relleno d\u00e9rmico que ofrece una impresionante eliminaci\u00f3n de arrugas profundas sin dolor ni cirug\u00eda.","robots":{"index":"index","follow":"follow","max-snippet":"max-snippet:-1","max-image-preview":"max-image-preview:large","max-video-preview":"max-video-preview:-1"},"canonical":"https:\/\/skin-heal.com\/es\/producto\/regenovue-sub-q-plus-1-x-1-1ml\/","og_locale":"es_MX","og_type":"article","og_title":"Regenovue Sub-Q Plus (1 x 1.1ml) - Skin Heal","og_description":"Sold by Skin Heal, Regenovue Sub-Q Plus with Lidocaine is a strong dermal filler that offers impressive deep wrinkle removal without pain or surgery.","og_url":"https:\/\/skin-heal.com\/es\/producto\/regenovue-sub-q-plus-1-x-1-1ml\/","og_site_name":"Skin Heal","article_modified_time":"2020-03-04T09:46:08+00:00","og_image":[{"width":600,"height":600,"url":"https:\/\/cdn.skin-heal.com\/wp-content\/uploads\/2019\/02\/Regenovue-Sub-Q-Plus.jpg","type":"image\/jpeg"}],"twitter_card":"summary_large_image","twitter_misc":{"Tiempo de lectura":"1 minuto"},"schema":{"@context":"https:\/\/schema.org","@graph":[{"@type":"WebPage","@id":"https:\/\/skin-heal.com\/product\/regenovue-sub-q-plus-1-x-1-1ml\/","url":"https:\/\/skin-heal.com\/product\/regenovue-sub-q-plus-1-x-1-1ml\/","name":"Regenovue Sub-Q Plus (1 x 1,1ml) - Skin Heal","isPartOf":{"@id":"https:\/\/skin-heal.com\/#website"},"primaryImageOfPage":{"@id":"https:\/\/skin-heal.com\/product\/regenovue-sub-q-plus-1-x-1-1ml\/#primaryimage"},"image":{"@id":"https:\/\/skin-heal.com\/product\/regenovue-sub-q-plus-1-x-1-1ml\/#primaryimage"},"thumbnailUrl":"https:\/\/cdn.skin-heal.com\/wp-content\/uploads\/2019\/02\/Regenovue-Sub-Q-Plus.jpg","datePublished":"2019-02-11T08:00:03+00:00","dateModified":"2020-03-04T09:46:08+00:00","description":"Vendido por Skin Heal, Regenovue Sub-Q Plus con Lidoca\u00edna es un fuerte relleno d\u00e9rmico que ofrece una impresionante eliminaci\u00f3n de arrugas profundas sin dolor ni cirug\u00eda.","breadcrumb":{"@id":"https:\/\/skin-heal.com\/product\/regenovue-sub-q-plus-1-x-1-1ml\/#breadcrumb"},"inLanguage":"es","potentialAction":[{"@type":"ReadAction","target":["https:\/\/skin-heal.com\/product\/regenovue-sub-q-plus-1-x-1-1ml\/"]}]},{"@type":"ImageObject","inLanguage":"es","@id":"https:\/\/skin-heal.com\/product\/regenovue-sub-q-plus-1-x-1-1ml\/#primaryimage","url":"https:\/\/cdn.skin-heal.com\/wp-content\/uploads\/2019\/02\/Regenovue-Sub-Q-Plus.jpg","contentUrl":"https:\/\/cdn.skin-heal.com\/wp-content\/uploads\/2019\/02\/Regenovue-Sub-Q-Plus.jpg","width":600,"height":600,"caption":"Regenovue Sub-Q Plus"},{"@type":"BreadcrumbList","@id":"https:\/\/skin-heal.com\/product\/regenovue-sub-q-plus-1-x-1-1ml\/#breadcrumb","itemListElement":[{"@type":"ListItem","position":1,"name":"Home","item":"https:\/\/skin-heal.com\/"},{"@type":"ListItem","position":2,"name":"Store","item":"https:\/\/skin-heal.com\/store\/"},{"@type":"ListItem","position":3,"name":"Regenovue Sub-Q Plus (1 x 1.1ml)"}]},{"@type":"WebSite","@id":"https:\/\/skin-heal.com\/#website","url":"https:\/\/skin-heal.com\/","name":"Curaci\u00f3n de la piel","description":"Los precios m\u00e1s bajos para los rellenos d\u00e9rmicos","potentialAction":[{"@type":"SearchAction","target":{"@type":"EntryPoint","urlTemplate":"https:\/\/skin-heal.com\/?s={search_term_string}"},"query-input":{"@type":"PropertyValueSpecification","valueRequired":true,"valueName":"search_term_string"}}],"inLanguage":"es"}]}},"_links":{"self":[{"href":"https:\/\/skin-heal.com\/es\/wp-json\/wp\/v2\/product\/1145","targetHints":{"allow":["GET"]}}],"collection":[{"href":"https:\/\/skin-heal.com\/es\/wp-json\/wp\/v2\/product"}],"about":[{"href":"https:\/\/skin-heal.com\/es\/wp-json\/wp\/v2\/types\/product"}],"wp:featuredmedia":[{"embeddable":true,"href":"https:\/\/skin-heal.com\/es\/wp-json\/wp\/v2\/media\/1152"}],"wp:attachment":[{"href":"https:\/\/skin-heal.com\/es\/wp-json\/wp\/v2\/media?parent=1145"}],"wp:term":[{"taxonomy":"product_brand","embeddable":true,"href":"https:\/\/skin-heal.com\/es\/wp-json\/wp\/v2\/product_brand?post=1145"},{"taxonomy":"product_cat","embeddable":true,"href":"https:\/\/skin-heal.com\/es\/wp-json\/wp\/v2\/product_cat?post=1145"},{"taxonomy":"product_tag","embeddable":true,"href":"https:\/\/skin-heal.com\/es\/wp-json\/wp\/v2\/product_tag?post=1145"}],"curies":[{"name":"wp","href":"https:\/\/api.w.org\/{rel}","templated":true}]}}