{"id":1184,"date":"2019-02-25T09:32:36","date_gmt":"2019-02-25T09:32:36","guid":{"rendered":"https:\/\/skin-heal.com\/?post_type=product&#038;p=1184"},"modified":"2020-04-16T13:21:33","modified_gmt":"2020-04-16T13:21:33","slug":"otesaly-derm-plus-1-x-20-ml","status":"publish","type":"product","link":"https:\/\/skin-heal.com\/es\/producto\/otesaly-derm-plus-1-x-20-ml\/","title":{"rendered":"Otesaly Derm Plus (1 x 20 ml)"},"content":{"rendered":"<h3>Aumento de gl\u00fateos y pechos de aspecto natural<\/h3>\n<p>Otesaly Derm Plus 20ml contiene una nueva generaci\u00f3n de HA (25mg\/ml), cuya concentraci\u00f3n y f\u00f3rmula han sido especialmente modificadas para garantizar una mejora duradera de los senos y los gl\u00fateos. Lo aplica un cirujano pl\u00e1stico cualificado en el tejido blando objetivo a trav\u00e9s de una inyecci\u00f3n y sus efectos son inmediatos, lo que lo convierte en una soluci\u00f3n cosm\u00e9tica incre\u00edblemente r\u00e1pida.<\/p>\n<ul>\n<li>Riesgo cero de sobrecorrecci\u00f3n<\/li>\n<li>Efectos de longevidad de 8 a 12 meses<\/li>\n<li>Resultados inmediatos<\/li>\n<li>R\u00e1pida recuperaci\u00f3n tras la intervenci\u00f3n<\/li>\n<li>Se realiza mediante una r\u00e1pida y sencilla inyecci\u00f3n en el tejido blando<\/li>\n<\/ul>\n<p>Al igual que otros rellenos cut\u00e1neos de nivel mundial basados en HA, \u00e9ste s\u00f3lo ofrece una correcci\u00f3n temporal. Por lo tanto, los pacientes que quieran prolongar la duraci\u00f3n de los resultados del tratamiento tendr\u00e1n que programar sesiones de retoque adicionales con un cirujano est\u00e9tico certificado.<\/p>\n<h3>\u00bfEs seguro Otesaly Derm Plus 20ml?<\/h3>\n<p>Se trata de una de las inyecciones de relleno de tejidos blandos m\u00e1s libres de riesgo para el modelado y el contorno corporal, lo que la ha convertido en la opci\u00f3n preferida de los m\u00e9dicos experimentados.<\/p>\n<ul>\n<li>HA de origen no animal: menor riesgo de alergias y efectos secundarios<\/li>\n<li>Dise\u00f1ado por laboratorios franceses establecidos<\/li>\n<li>Se absorbe completamente y se disuelve en el cuerpo en cuesti\u00f3n de meses<\/li>\n<li>Se aplica mediante un procedimiento no quir\u00fargico<\/li>\n<\/ul>","protected":false},"excerpt":{"rendered":"<p>Otesaly Derm Plus 20ml es un atajo para un aumento de senos y gl\u00fateos sin complicaciones. Este revolucionario relleno d\u00e9rmico, que puede adquirirse a trav\u00e9s de la tienda online de Skin Heal, est\u00e1 aqu\u00ed para cambiar el juego eliminando el dolor, el tiempo de inactividad y los bistur\u00edes de la ecuaci\u00f3n para los pacientes que desean una soluci\u00f3n de aumento de gl\u00fateos y senos eficiente en el tiempo. Est\u00e1 hecho de un \u00e1cido hialur\u00f3nico modificado y reticulado y ofrece resultados instant\u00e1neos que duran hasta 12 meses.<\/p>","protected":false},"featured_media":1173,"template":"","meta":[],"product_brand":[],"product_cat":[79,95,96],"product_tag":[],"class_list":{"0":"post-1184","1":"product","2":"type-product","3":"status-publish","4":"has-post-thumbnail","6":"product_cat-dermal-fillers","7":"product_cat-otesaly","8":"product_cat-revitacare","9":"clearfix","11":"first","12":"outofstock","13":"taxable","14":"shipping-taxable","15":"product-type-simple"},"yoast_head":"<!-- This site is optimized with the Yoast SEO plugin v27.3 - https:\/\/yoast.com\/product\/yoast-seo-wordpress\/ -->\n<title>Otesaly Derm Plus (1 x 20 ml) - Skin Heal<\/title>\n<meta name=\"description\" content=\"Sold by Skin Heal, Otesaly Derm Plus 20ml is a safe dermal filler developed to offer natural-looking breast enhancement and durable buttocks augmentation.\" \/>\n<meta name=\"robots\" content=\"index, follow, max-snippet:-1, max-image-preview:large, max-video-preview:-1\" \/>\n<link rel=\"canonical\" href=\"https:\/\/skin-heal.com\/es\/producto\/otesaly-derm-plus-1-x-20-ml\/\" \/>\n<meta property=\"og:locale\" content=\"es_MX\" \/>\n<meta property=\"og:type\" content=\"article\" \/>\n<meta property=\"og:title\" content=\"Otesaly Derm Plus (1 x 20 ml) - Skin Heal\" \/>\n<meta property=\"og:description\" content=\"Sold by Skin Heal, Otesaly Derm Plus 20ml is a safe dermal filler developed to offer natural-looking breast enhancement and durable buttocks augmentation.\" \/>\n<meta property=\"og:url\" content=\"https:\/\/skin-heal.com\/es\/producto\/otesaly-derm-plus-1-x-20-ml\/\" \/>\n<meta property=\"og:site_name\" content=\"Skin Heal\" \/>\n<meta property=\"article:modified_time\" content=\"2020-04-16T13:21:33+00:00\" \/>\n<meta property=\"og:image\" content=\"https:\/\/cdn.skin-heal.com\/wp-content\/uploads\/2019\/02\/OTESALY-Hyaluronic-Acid-Filler-Derm-Plus-20-ml.jpg\" \/>\n\t<meta property=\"og:image:width\" content=\"600\" \/>\n\t<meta property=\"og:image:height\" content=\"600\" \/>\n\t<meta property=\"og:image:type\" content=\"image\/jpeg\" \/>\n<meta name=\"twitter:card\" content=\"summary_large_image\" \/>\n<meta name=\"twitter:label1\" content=\"Tiempo de lectura\" \/>\n\t<meta name=\"twitter:data1\" content=\"1 minuto\" \/>\n<script type=\"application\/ld+json\" class=\"yoast-schema-graph\">{\"@context\":\"https:\\\/\\\/schema.org\",\"@graph\":[{\"@type\":\"WebPage\",\"@id\":\"https:\\\/\\\/skin-heal.com\\\/product\\\/otesaly-derm-plus-1-x-20-ml\\\/\",\"url\":\"https:\\\/\\\/skin-heal.com\\\/product\\\/otesaly-derm-plus-1-x-20-ml\\\/\",\"name\":\"Otesaly Derm Plus (1 x 20 ml) - Skin Heal\",\"isPartOf\":{\"@id\":\"https:\\\/\\\/skin-heal.com\\\/#website\"},\"primaryImageOfPage\":{\"@id\":\"https:\\\/\\\/skin-heal.com\\\/product\\\/otesaly-derm-plus-1-x-20-ml\\\/#primaryimage\"},\"image\":{\"@id\":\"https:\\\/\\\/skin-heal.com\\\/product\\\/otesaly-derm-plus-1-x-20-ml\\\/#primaryimage\"},\"thumbnailUrl\":\"https:\\\/\\\/skin-heal.com\\\/wp-content\\\/uploads\\\/2019\\\/02\\\/OTESALY-Hyaluronic-Acid-Filler-Derm-Plus-20-ml.jpg\",\"datePublished\":\"2019-02-25T09:32:36+00:00\",\"dateModified\":\"2020-04-16T13:21:33+00:00\",\"description\":\"Sold by Skin Heal, Otesaly Derm Plus 20ml is a safe dermal filler developed to offer natural-looking breast enhancement and durable buttocks augmentation.\",\"breadcrumb\":{\"@id\":\"https:\\\/\\\/skin-heal.com\\\/product\\\/otesaly-derm-plus-1-x-20-ml\\\/#breadcrumb\"},\"inLanguage\":\"es\",\"potentialAction\":[{\"@type\":\"ReadAction\",\"target\":[\"https:\\\/\\\/skin-heal.com\\\/product\\\/otesaly-derm-plus-1-x-20-ml\\\/\"]}]},{\"@type\":\"ImageObject\",\"inLanguage\":\"es\",\"@id\":\"https:\\\/\\\/skin-heal.com\\\/product\\\/otesaly-derm-plus-1-x-20-ml\\\/#primaryimage\",\"url\":\"https:\\\/\\\/skin-heal.com\\\/wp-content\\\/uploads\\\/2019\\\/02\\\/OTESALY-Hyaluronic-Acid-Filler-Derm-Plus-20-ml.jpg\",\"contentUrl\":\"https:\\\/\\\/skin-heal.com\\\/wp-content\\\/uploads\\\/2019\\\/02\\\/OTESALY-Hyaluronic-Acid-Filler-Derm-Plus-20-ml.jpg\",\"width\":600,\"height\":600,\"caption\":\"OTESALY Hyaluronic Acid Filler Derm Plus 20 ml\"},{\"@type\":\"BreadcrumbList\",\"@id\":\"https:\\\/\\\/skin-heal.com\\\/product\\\/otesaly-derm-plus-1-x-20-ml\\\/#breadcrumb\",\"itemListElement\":[{\"@type\":\"ListItem\",\"position\":1,\"name\":\"Home\",\"item\":\"https:\\\/\\\/skin-heal.com\\\/\"},{\"@type\":\"ListItem\",\"position\":2,\"name\":\"Store\",\"item\":\"https:\\\/\\\/skin-heal.com\\\/store\\\/\"},{\"@type\":\"ListItem\",\"position\":3,\"name\":\"Otesaly Derm Plus (1 x 20 ml)\"}]},{\"@type\":\"WebSite\",\"@id\":\"https:\\\/\\\/skin-heal.com\\\/#website\",\"url\":\"https:\\\/\\\/skin-heal.com\\\/\",\"name\":\"Skin Heal\",\"description\":\"Lowest Prices for Dermal Fillers\",\"potentialAction\":[{\"@type\":\"SearchAction\",\"target\":{\"@type\":\"EntryPoint\",\"urlTemplate\":\"https:\\\/\\\/skin-heal.com\\\/?s={search_term_string}\"},\"query-input\":{\"@type\":\"PropertyValueSpecification\",\"valueRequired\":true,\"valueName\":\"search_term_string\"}}],\"inLanguage\":\"es\"}]}<\/script>\n<!-- \/ Yoast SEO plugin. -->","yoast_head_json":{"title":"Otesaly Derm Plus (1 x 20 ml) - Skin Heal","description":"Comercializado por Skin Heal, Otesaly Derm Plus 20ml es un relleno d\u00e9rmico seguro desarrollado para ofrecer un aumento de pecho de aspecto natural y un aumento de gl\u00fateos duradero.","robots":{"index":"index","follow":"follow","max-snippet":"max-snippet:-1","max-image-preview":"max-image-preview:large","max-video-preview":"max-video-preview:-1"},"canonical":"https:\/\/skin-heal.com\/es\/producto\/otesaly-derm-plus-1-x-20-ml\/","og_locale":"es_MX","og_type":"article","og_title":"Otesaly Derm Plus (1 x 20 ml) - Skin Heal","og_description":"Sold by Skin Heal, Otesaly Derm Plus 20ml is a safe dermal filler developed to offer natural-looking breast enhancement and durable buttocks augmentation.","og_url":"https:\/\/skin-heal.com\/es\/producto\/otesaly-derm-plus-1-x-20-ml\/","og_site_name":"Skin Heal","article_modified_time":"2020-04-16T13:21:33+00:00","og_image":[{"width":600,"height":600,"url":"https:\/\/cdn.skin-heal.com\/wp-content\/uploads\/2019\/02\/OTESALY-Hyaluronic-Acid-Filler-Derm-Plus-20-ml.jpg","type":"image\/jpeg"}],"twitter_card":"summary_large_image","twitter_misc":{"Tiempo de lectura":"1 minuto"},"schema":{"@context":"https:\/\/schema.org","@graph":[{"@type":"WebPage","@id":"https:\/\/skin-heal.com\/product\/otesaly-derm-plus-1-x-20-ml\/","url":"https:\/\/skin-heal.com\/product\/otesaly-derm-plus-1-x-20-ml\/","name":"Otesaly Derm Plus (1 x 20 ml) - Skin Heal","isPartOf":{"@id":"https:\/\/skin-heal.com\/#website"},"primaryImageOfPage":{"@id":"https:\/\/skin-heal.com\/product\/otesaly-derm-plus-1-x-20-ml\/#primaryimage"},"image":{"@id":"https:\/\/skin-heal.com\/product\/otesaly-derm-plus-1-x-20-ml\/#primaryimage"},"thumbnailUrl":"https:\/\/cdn.skin-heal.com\/wp-content\/uploads\/2019\/02\/OTESALY-Hyaluronic-Acid-Filler-Derm-Plus-20-ml.jpg","datePublished":"2019-02-25T09:32:36+00:00","dateModified":"2020-04-16T13:21:33+00:00","description":"Comercializado por Skin Heal, Otesaly Derm Plus 20ml es un relleno d\u00e9rmico seguro desarrollado para ofrecer un aumento de pecho de aspecto natural y un aumento de gl\u00fateos duradero.","breadcrumb":{"@id":"https:\/\/skin-heal.com\/product\/otesaly-derm-plus-1-x-20-ml\/#breadcrumb"},"inLanguage":"es","potentialAction":[{"@type":"ReadAction","target":["https:\/\/skin-heal.com\/product\/otesaly-derm-plus-1-x-20-ml\/"]}]},{"@type":"ImageObject","inLanguage":"es","@id":"https:\/\/skin-heal.com\/product\/otesaly-derm-plus-1-x-20-ml\/#primaryimage","url":"https:\/\/cdn.skin-heal.com\/wp-content\/uploads\/2019\/02\/OTESALY-Hyaluronic-Acid-Filler-Derm-Plus-20-ml.jpg","contentUrl":"https:\/\/cdn.skin-heal.com\/wp-content\/uploads\/2019\/02\/OTESALY-Hyaluronic-Acid-Filler-Derm-Plus-20-ml.jpg","width":600,"height":600,"caption":"OTESALY Hyaluronic Acid Filler Derm Plus 20 ml"},{"@type":"BreadcrumbList","@id":"https:\/\/skin-heal.com\/product\/otesaly-derm-plus-1-x-20-ml\/#breadcrumb","itemListElement":[{"@type":"ListItem","position":1,"name":"Home","item":"https:\/\/skin-heal.com\/"},{"@type":"ListItem","position":2,"name":"Store","item":"https:\/\/skin-heal.com\/store\/"},{"@type":"ListItem","position":3,"name":"Otesaly Derm Plus (1 x 20 ml)"}]},{"@type":"WebSite","@id":"https:\/\/skin-heal.com\/#website","url":"https:\/\/skin-heal.com\/","name":"Curaci\u00f3n de la piel","description":"Los precios m\u00e1s bajos para los rellenos d\u00e9rmicos","potentialAction":[{"@type":"SearchAction","target":{"@type":"EntryPoint","urlTemplate":"https:\/\/skin-heal.com\/?s={search_term_string}"},"query-input":{"@type":"PropertyValueSpecification","valueRequired":true,"valueName":"search_term_string"}}],"inLanguage":"es"}]}},"_links":{"self":[{"href":"https:\/\/skin-heal.com\/es\/wp-json\/wp\/v2\/product\/1184","targetHints":{"allow":["GET"]}}],"collection":[{"href":"https:\/\/skin-heal.com\/es\/wp-json\/wp\/v2\/product"}],"about":[{"href":"https:\/\/skin-heal.com\/es\/wp-json\/wp\/v2\/types\/product"}],"wp:featuredmedia":[{"embeddable":true,"href":"https:\/\/skin-heal.com\/es\/wp-json\/wp\/v2\/media\/1173"}],"wp:attachment":[{"href":"https:\/\/skin-heal.com\/es\/wp-json\/wp\/v2\/media?parent=1184"}],"wp:term":[{"taxonomy":"product_brand","embeddable":true,"href":"https:\/\/skin-heal.com\/es\/wp-json\/wp\/v2\/product_brand?post=1184"},{"taxonomy":"product_cat","embeddable":true,"href":"https:\/\/skin-heal.com\/es\/wp-json\/wp\/v2\/product_cat?post=1184"},{"taxonomy":"product_tag","embeddable":true,"href":"https:\/\/skin-heal.com\/es\/wp-json\/wp\/v2\/product_tag?post=1184"}],"curies":[{"name":"wp","href":"https:\/\/api.w.org\/{rel}","templated":true}]}}