{"id":1185,"date":"2019-02-25T09:32:21","date_gmt":"2019-02-25T09:32:21","guid":{"rendered":"https:\/\/skin-heal.com\/?post_type=product&#038;p=1185"},"modified":"2020-04-16T13:21:33","modified_gmt":"2020-04-16T13:21:33","slug":"otesaly-derm-plus-1-x-10ml","status":"publish","type":"product","link":"https:\/\/skin-heal.com\/es\/producto\/otesaly-derm-plus-1-x-10ml\/","title":{"rendered":"Otesaly Derm Plus (1 x 10ml)"},"content":{"rendered":"<h3>Otesaly Derm Plus 10ml lleva los rellenos a un nuevo nivel<\/h3>\n<p>Mientras que la mayor\u00eda de los rellenos cut\u00e1neos de calidad profesional se limitan a suavizar las l\u00edneas y arrugas faciales, este producto m\u00e9dico de categor\u00eda mundial constituye una alternativa r\u00e1pida y segura a las cirug\u00edas est\u00e9ticas. Puede inyectarse directamente en el tejido blando para a\u00f1adir volumen a zonas como los senos o los gl\u00fateos. En comparaci\u00f3n con un procedimiento de cirug\u00eda pl\u00e1stica, esta opci\u00f3n es m\u00ednimamente invasiva con un tiempo de inactividad m\u00ednimo y no requiere el uso de anestesia.<\/p>\n<ul>\n<li><strong>Durabilidad:<\/strong> 9-12 meses<\/li>\n<li><strong>Ingrediente principal:<\/strong> \u00c1cido Hialur\u00f3nico (AH) estabilizado<\/li>\n<li><strong>Vida \u00fatil:<\/strong> 24 meses<\/li>\n<li><strong>Efectos secundarios:<\/strong> poco frecuentes, leves y de corta duraci\u00f3n (enrojecimiento, hematomas, hinchaz\u00f3n, etc.)<\/li>\n<li><strong>Usos:<\/strong> aumento de senos y gl\u00fateos sin dolor<\/li>\n<\/ul>\n<h3>Un producto cosm\u00e9tico innovador digno de su confianza<\/h3>\n<p>Otesaly Derm Plus 10ml es un relleno d\u00e9rmico de f\u00e1cil aplicaci\u00f3n para el paciente, desarrollado por los mejores laboratorios de medicina est\u00e9tica de Francia. Es totalmente biocompatible y el AH de su estructura es biodegradable 100%. El producto se presenta en una jeringa de vidrio de un solo uso que tiene un \u00e9mbolo de dise\u00f1o ergon\u00f3mico que proporciona una inyecci\u00f3n suave, precisa y sin dolor.<\/p>","protected":false},"excerpt":{"rendered":"<p>Uno cree que conoce los rellenos d\u00e9rmicos de primera categor\u00eda y sus puntos fuertes y entonces aparece en el horizonte un producto de nueva generaci\u00f3n como Otesaly Derm Plus 10ml. Con su densa composici\u00f3n de HA y sus part\u00edculas de gel ampliadas, este impresionante relleno de tejidos blandos puede utilizarse no s\u00f3lo para eliminar con \u00e9xito las arrugas graves, sino tambi\u00e9n para el contorno y la escultura corporal de larga duraci\u00f3n. Ofrece unos resultados fant\u00e1sticos en el aumento de pecho y en la mejora de los gl\u00fateos y puede pedirse a Skin Heal.<\/p>","protected":false},"featured_media":1172,"template":"","meta":[],"product_brand":[],"product_cat":[79,95,96],"product_tag":[],"class_list":{"0":"post-1185","1":"product","2":"type-product","3":"status-publish","4":"has-post-thumbnail","6":"product_cat-dermal-fillers","7":"product_cat-otesaly","8":"product_cat-revitacare","9":"clearfix","11":"first","12":"outofstock","13":"taxable","14":"shipping-taxable","15":"product-type-simple"},"yoast_head":"<!-- This site is optimized with the Yoast SEO plugin v27.3 - https:\/\/yoast.com\/product\/yoast-seo-wordpress\/ -->\n<title>Otesaly Derm Plus (1 x 10ml) - Skin Heal<\/title>\n<meta name=\"description\" content=\"Visit Skin Heal and get Otesaly Derm Plus 10ml \u2013 a trusted skin filler made of stabilized HA for painless breast augmentation and fast buttocks enhancement.\" \/>\n<meta name=\"robots\" content=\"index, follow, max-snippet:-1, max-image-preview:large, max-video-preview:-1\" \/>\n<link rel=\"canonical\" href=\"https:\/\/skin-heal.com\/es\/producto\/otesaly-derm-plus-1-x-10ml\/\" \/>\n<meta property=\"og:locale\" content=\"es_MX\" \/>\n<meta property=\"og:type\" content=\"article\" \/>\n<meta property=\"og:title\" content=\"Otesaly Derm Plus (1 x 10ml) - Skin Heal\" \/>\n<meta property=\"og:description\" content=\"Visit Skin Heal and get Otesaly Derm Plus 10ml \u2013 a trusted skin filler made of stabilized HA for painless breast augmentation and fast buttocks enhancement.\" \/>\n<meta property=\"og:url\" content=\"https:\/\/skin-heal.com\/es\/producto\/otesaly-derm-plus-1-x-10ml\/\" \/>\n<meta property=\"og:site_name\" content=\"Skin Heal\" \/>\n<meta property=\"article:modified_time\" content=\"2020-04-16T13:21:33+00:00\" \/>\n<meta property=\"og:image\" content=\"https:\/\/cdn.skin-heal.com\/wp-content\/uploads\/2019\/02\/OTESALY-Hyaluronic-Acid-Filler-Derm-Plus-10-ml.jpg\" \/>\n\t<meta property=\"og:image:width\" content=\"600\" \/>\n\t<meta property=\"og:image:height\" content=\"600\" \/>\n\t<meta property=\"og:image:type\" content=\"image\/jpeg\" \/>\n<meta name=\"twitter:card\" content=\"summary_large_image\" \/>\n<meta name=\"twitter:label1\" content=\"Tiempo de lectura\" \/>\n\t<meta name=\"twitter:data1\" content=\"1 minuto\" \/>\n<script type=\"application\/ld+json\" class=\"yoast-schema-graph\">{\"@context\":\"https:\\\/\\\/schema.org\",\"@graph\":[{\"@type\":\"WebPage\",\"@id\":\"https:\\\/\\\/skin-heal.com\\\/product\\\/otesaly-derm-plus-1-x-10ml\\\/\",\"url\":\"https:\\\/\\\/skin-heal.com\\\/product\\\/otesaly-derm-plus-1-x-10ml\\\/\",\"name\":\"Otesaly Derm Plus (1 x 10ml) - Skin Heal\",\"isPartOf\":{\"@id\":\"https:\\\/\\\/skin-heal.com\\\/#website\"},\"primaryImageOfPage\":{\"@id\":\"https:\\\/\\\/skin-heal.com\\\/product\\\/otesaly-derm-plus-1-x-10ml\\\/#primaryimage\"},\"image\":{\"@id\":\"https:\\\/\\\/skin-heal.com\\\/product\\\/otesaly-derm-plus-1-x-10ml\\\/#primaryimage\"},\"thumbnailUrl\":\"https:\\\/\\\/skin-heal.com\\\/wp-content\\\/uploads\\\/2019\\\/02\\\/OTESALY-Hyaluronic-Acid-Filler-Derm-Plus-10-ml.jpg\",\"datePublished\":\"2019-02-25T09:32:21+00:00\",\"dateModified\":\"2020-04-16T13:21:33+00:00\",\"description\":\"Visit Skin Heal and get Otesaly Derm Plus 10ml \u2013 a trusted skin filler made of stabilized HA for painless breast augmentation and fast buttocks enhancement.\",\"breadcrumb\":{\"@id\":\"https:\\\/\\\/skin-heal.com\\\/product\\\/otesaly-derm-plus-1-x-10ml\\\/#breadcrumb\"},\"inLanguage\":\"es\",\"potentialAction\":[{\"@type\":\"ReadAction\",\"target\":[\"https:\\\/\\\/skin-heal.com\\\/product\\\/otesaly-derm-plus-1-x-10ml\\\/\"]}]},{\"@type\":\"ImageObject\",\"inLanguage\":\"es\",\"@id\":\"https:\\\/\\\/skin-heal.com\\\/product\\\/otesaly-derm-plus-1-x-10ml\\\/#primaryimage\",\"url\":\"https:\\\/\\\/skin-heal.com\\\/wp-content\\\/uploads\\\/2019\\\/02\\\/OTESALY-Hyaluronic-Acid-Filler-Derm-Plus-10-ml.jpg\",\"contentUrl\":\"https:\\\/\\\/skin-heal.com\\\/wp-content\\\/uploads\\\/2019\\\/02\\\/OTESALY-Hyaluronic-Acid-Filler-Derm-Plus-10-ml.jpg\",\"width\":600,\"height\":600,\"caption\":\"OTESALY Hyaluronic Acid Filler Derm Plus 10 ml\"},{\"@type\":\"BreadcrumbList\",\"@id\":\"https:\\\/\\\/skin-heal.com\\\/product\\\/otesaly-derm-plus-1-x-10ml\\\/#breadcrumb\",\"itemListElement\":[{\"@type\":\"ListItem\",\"position\":1,\"name\":\"Home\",\"item\":\"https:\\\/\\\/skin-heal.com\\\/\"},{\"@type\":\"ListItem\",\"position\":2,\"name\":\"Store\",\"item\":\"https:\\\/\\\/skin-heal.com\\\/store\\\/\"},{\"@type\":\"ListItem\",\"position\":3,\"name\":\"Otesaly Derm Plus (1 x 10ml)\"}]},{\"@type\":\"WebSite\",\"@id\":\"https:\\\/\\\/skin-heal.com\\\/#website\",\"url\":\"https:\\\/\\\/skin-heal.com\\\/\",\"name\":\"Skin Heal\",\"description\":\"Lowest Prices for Dermal Fillers\",\"potentialAction\":[{\"@type\":\"SearchAction\",\"target\":{\"@type\":\"EntryPoint\",\"urlTemplate\":\"https:\\\/\\\/skin-heal.com\\\/?s={search_term_string}\"},\"query-input\":{\"@type\":\"PropertyValueSpecification\",\"valueRequired\":true,\"valueName\":\"search_term_string\"}}],\"inLanguage\":\"es\"}]}<\/script>\n<!-- \/ Yoast SEO plugin. -->","yoast_head_json":{"title":"Otesaly Derm Plus (1 x 10ml) - Skin Heal","description":"Visite Skin Heal y consiga Otesaly Derm Plus 10ml - un relleno cut\u00e1neo de confianza hecho de HA estabilizado para un aumento de pecho sin dolor y un r\u00e1pido realce de los gl\u00fateos.","robots":{"index":"index","follow":"follow","max-snippet":"max-snippet:-1","max-image-preview":"max-image-preview:large","max-video-preview":"max-video-preview:-1"},"canonical":"https:\/\/skin-heal.com\/es\/producto\/otesaly-derm-plus-1-x-10ml\/","og_locale":"es_MX","og_type":"article","og_title":"Otesaly Derm Plus (1 x 10ml) - Skin Heal","og_description":"Visit Skin Heal and get Otesaly Derm Plus 10ml \u2013 a trusted skin filler made of stabilized HA for painless breast augmentation and fast buttocks enhancement.","og_url":"https:\/\/skin-heal.com\/es\/producto\/otesaly-derm-plus-1-x-10ml\/","og_site_name":"Skin Heal","article_modified_time":"2020-04-16T13:21:33+00:00","og_image":[{"width":600,"height":600,"url":"https:\/\/cdn.skin-heal.com\/wp-content\/uploads\/2019\/02\/OTESALY-Hyaluronic-Acid-Filler-Derm-Plus-10-ml.jpg","type":"image\/jpeg"}],"twitter_card":"summary_large_image","twitter_misc":{"Tiempo de lectura":"1 minuto"},"schema":{"@context":"https:\/\/schema.org","@graph":[{"@type":"WebPage","@id":"https:\/\/skin-heal.com\/product\/otesaly-derm-plus-1-x-10ml\/","url":"https:\/\/skin-heal.com\/product\/otesaly-derm-plus-1-x-10ml\/","name":"Otesaly Derm Plus (1 x 10ml) - Skin Heal","isPartOf":{"@id":"https:\/\/skin-heal.com\/#website"},"primaryImageOfPage":{"@id":"https:\/\/skin-heal.com\/product\/otesaly-derm-plus-1-x-10ml\/#primaryimage"},"image":{"@id":"https:\/\/skin-heal.com\/product\/otesaly-derm-plus-1-x-10ml\/#primaryimage"},"thumbnailUrl":"https:\/\/cdn.skin-heal.com\/wp-content\/uploads\/2019\/02\/OTESALY-Hyaluronic-Acid-Filler-Derm-Plus-10-ml.jpg","datePublished":"2019-02-25T09:32:21+00:00","dateModified":"2020-04-16T13:21:33+00:00","description":"Visite Skin Heal y consiga Otesaly Derm Plus 10ml - un relleno cut\u00e1neo de confianza hecho de HA estabilizado para un aumento de pecho sin dolor y un r\u00e1pido realce de los gl\u00fateos.","breadcrumb":{"@id":"https:\/\/skin-heal.com\/product\/otesaly-derm-plus-1-x-10ml\/#breadcrumb"},"inLanguage":"es","potentialAction":[{"@type":"ReadAction","target":["https:\/\/skin-heal.com\/product\/otesaly-derm-plus-1-x-10ml\/"]}]},{"@type":"ImageObject","inLanguage":"es","@id":"https:\/\/skin-heal.com\/product\/otesaly-derm-plus-1-x-10ml\/#primaryimage","url":"https:\/\/cdn.skin-heal.com\/wp-content\/uploads\/2019\/02\/OTESALY-Hyaluronic-Acid-Filler-Derm-Plus-10-ml.jpg","contentUrl":"https:\/\/cdn.skin-heal.com\/wp-content\/uploads\/2019\/02\/OTESALY-Hyaluronic-Acid-Filler-Derm-Plus-10-ml.jpg","width":600,"height":600,"caption":"OTESALY Hyaluronic Acid Filler Derm Plus 10 ml"},{"@type":"BreadcrumbList","@id":"https:\/\/skin-heal.com\/product\/otesaly-derm-plus-1-x-10ml\/#breadcrumb","itemListElement":[{"@type":"ListItem","position":1,"name":"Home","item":"https:\/\/skin-heal.com\/"},{"@type":"ListItem","position":2,"name":"Store","item":"https:\/\/skin-heal.com\/store\/"},{"@type":"ListItem","position":3,"name":"Otesaly Derm Plus (1 x 10ml)"}]},{"@type":"WebSite","@id":"https:\/\/skin-heal.com\/#website","url":"https:\/\/skin-heal.com\/","name":"Curaci\u00f3n de la piel","description":"Los precios m\u00e1s bajos para los rellenos d\u00e9rmicos","potentialAction":[{"@type":"SearchAction","target":{"@type":"EntryPoint","urlTemplate":"https:\/\/skin-heal.com\/?s={search_term_string}"},"query-input":{"@type":"PropertyValueSpecification","valueRequired":true,"valueName":"search_term_string"}}],"inLanguage":"es"}]}},"_links":{"self":[{"href":"https:\/\/skin-heal.com\/es\/wp-json\/wp\/v2\/product\/1185","targetHints":{"allow":["GET"]}}],"collection":[{"href":"https:\/\/skin-heal.com\/es\/wp-json\/wp\/v2\/product"}],"about":[{"href":"https:\/\/skin-heal.com\/es\/wp-json\/wp\/v2\/types\/product"}],"wp:featuredmedia":[{"embeddable":true,"href":"https:\/\/skin-heal.com\/es\/wp-json\/wp\/v2\/media\/1172"}],"wp:attachment":[{"href":"https:\/\/skin-heal.com\/es\/wp-json\/wp\/v2\/media?parent=1185"}],"wp:term":[{"taxonomy":"product_brand","embeddable":true,"href":"https:\/\/skin-heal.com\/es\/wp-json\/wp\/v2\/product_brand?post=1185"},{"taxonomy":"product_cat","embeddable":true,"href":"https:\/\/skin-heal.com\/es\/wp-json\/wp\/v2\/product_cat?post=1185"},{"taxonomy":"product_tag","embeddable":true,"href":"https:\/\/skin-heal.com\/es\/wp-json\/wp\/v2\/product_tag?post=1185"}],"curies":[{"name":"wp","href":"https:\/\/api.w.org\/{rel}","templated":true}]}}