{"id":1186,"date":"2019-02-25T09:32:59","date_gmt":"2019-02-25T09:32:59","guid":{"rendered":"https:\/\/skin-heal.com\/?post_type=product&#038;p=1186"},"modified":"2020-04-16T13:21:33","modified_gmt":"2020-04-16T13:21:33","slug":"otesaly-deep-line-1-x-1ml","status":"publish","type":"product","link":"https:\/\/skin-heal.com\/es\/producto\/otesaly-deep-line-1-x-1ml\/","title":{"rendered":"Otesaly L\u00ednea Profunda (1 x 1ml)"},"content":{"rendered":"<h3>\u00bfCu\u00e1l es el papel del AH en Otesaly Deep Line 1ml?<\/h3>\n<p>El \u00e1cido hialur\u00f3nico es un ingrediente muy utilizado en el \u00e1mbito del rejuvenecimiento de la piel porque esta sustancia \u00fanica es incre\u00edblemente potente y tiene la capacidad de combatir una amplia gama de signos de envejecimiento porque:<\/p>\n<ul>\n<li>Rellena y suaviza las arrugas y l\u00edneas de expresi\u00f3n<\/li>\n<li>A\u00f1ade a la piel el volumen que ha perdido como resultado del proceso natural de envejecimiento<\/li>\n<li>Hidrata la piel, mejorando su elasticidad<\/li>\n<li>Rejuvenece desde el interior, por lo que es m\u00e1s eficaz que las cremas t\u00f3picas<\/li>\n<\/ul>\n<p>Nuestro cuerpo produce HA, por lo que Otesaly Deep Line 1ml es un relleno de tejidos blandos seguro y f\u00e1cil de usar para el paciente, que rara vez provoca reacciones no deseadas. Se descompone completamente en el transcurso de varios meses. Este proceso es muy gradual, por lo que los pacientes no deben preocuparse por cambios repentinos o dram\u00e1ticos en su apariencia.<\/p>\n<h3>Sitios de inyecci\u00f3n objetivo<\/h3>\n<p>Los superpoderes de Otesaly Deep Line 1ml incluyen la eliminaci\u00f3n temporal de las arrugas y el aumento o contorno facial. Por lo tanto, se debe inyectar en los labios, la barbilla y la zona nasolabial (para reducir los pliegues nasolabiales y las comisuras orales). Las t\u00e9cnicas de inyecci\u00f3n recomendadas deben ser utilizadas por el cl\u00ednico cualificado que realiza el procedimiento para garantizar unos resultados \u00f3ptimos.<\/p>\n<ul>\n<li><strong>Aumento y escultura de labios<\/strong> - t\u00e9cnica de roscado lineal<\/li>\n<li><strong>Contorno facial<\/strong> - T\u00e9cnicas de abanico, t\u00e9cnica de roscado lineal, rayado en cruz<\/li>\n<li><strong>Eliminaci\u00f3n de pliegues y arrugas<\/strong> - T\u00e9cnica de punci\u00f3n en serie, t\u00e9cnica de roscado lineal, t\u00e9cnicas de abanico<\/li>\n<\/ul>","protected":false},"excerpt":{"rendered":"<p>Otesaly Deep Line 1ml es una raza especial de relleno cut\u00e1neo eficaz. Est\u00e1 hecho de HA de primera calidad, no animal, tiene una longevidad de efectos de hasta 24 meses y puede rellenar r\u00e1pidamente las arrugas y l\u00edneas profundas dando al rostro un aspecto m\u00e1s juvenil. Este excepcional y fiable producto de rejuvenecimiento cosm\u00e9tico, distribuido por Skin Heal, tambi\u00e9n hace un excelente trabajo para mejorar el contorno facial y puede utilizarse para mejorar instant\u00e1neamente los labios o el ment\u00f3n.<\/p>","protected":false},"featured_media":1168,"template":"","meta":[],"product_brand":[],"product_cat":[79,95,96],"product_tag":[],"class_list":{"0":"post-1186","1":"product","2":"type-product","3":"status-publish","4":"has-post-thumbnail","6":"product_cat-dermal-fillers","7":"product_cat-otesaly","8":"product_cat-revitacare","9":"clearfix","11":"first","12":"outofstock","13":"taxable","14":"shipping-taxable","15":"product-type-simple"},"yoast_head":"<!-- This site is optimized with the Yoast SEO plugin v27.4 - https:\/\/yoast.com\/product\/yoast-seo-wordpress\/ -->\n<title>Otesaly Deep Line (1 x 1ml) - Skin Heal<\/title>\n<meta name=\"description\" content=\"Otesaly Deep Line 1ml is a reliable HA filler that effectively corrects deep wrinkles. Get it from Skin Heal to enjoy fast lip and chin augmentation.\" \/>\n<meta name=\"robots\" content=\"index, follow, max-snippet:-1, max-image-preview:large, max-video-preview:-1\" \/>\n<link rel=\"canonical\" href=\"https:\/\/skin-heal.com\/es\/producto\/otesaly-deep-line-1-x-1ml\/\" \/>\n<meta property=\"og:locale\" content=\"es_MX\" \/>\n<meta property=\"og:type\" content=\"article\" \/>\n<meta property=\"og:title\" content=\"Otesaly Deep Line (1 x 1ml) - Skin Heal\" \/>\n<meta property=\"og:description\" content=\"Otesaly Deep Line 1ml is a reliable HA filler that effectively corrects deep wrinkles. Get it from Skin Heal to enjoy fast lip and chin augmentation.\" \/>\n<meta property=\"og:url\" content=\"https:\/\/skin-heal.com\/es\/producto\/otesaly-deep-line-1-x-1ml\/\" \/>\n<meta property=\"og:site_name\" content=\"Skin Heal\" \/>\n<meta property=\"article:modified_time\" content=\"2020-04-16T13:21:33+00:00\" \/>\n<meta property=\"og:image\" content=\"https:\/\/cdn.skin-heal.com\/wp-content\/uploads\/2019\/02\/OTESALY-Hyaluronic-Acid-Filler-Deep-Line-1-ml.jpg\" \/>\n\t<meta property=\"og:image:width\" content=\"600\" \/>\n\t<meta property=\"og:image:height\" content=\"600\" \/>\n\t<meta property=\"og:image:type\" content=\"image\/jpeg\" \/>\n<meta name=\"twitter:card\" content=\"summary_large_image\" \/>\n<meta name=\"twitter:label1\" content=\"Tiempo de lectura\" \/>\n\t<meta name=\"twitter:data1\" content=\"1 minuto\" \/>\n<script type=\"application\/ld+json\" class=\"yoast-schema-graph\">{\"@context\":\"https:\\\/\\\/schema.org\",\"@graph\":[{\"@type\":\"WebPage\",\"@id\":\"https:\\\/\\\/skin-heal.com\\\/product\\\/otesaly-deep-line-1-x-1ml\\\/\",\"url\":\"https:\\\/\\\/skin-heal.com\\\/product\\\/otesaly-deep-line-1-x-1ml\\\/\",\"name\":\"Otesaly Deep Line (1 x 1ml) - Skin Heal\",\"isPartOf\":{\"@id\":\"https:\\\/\\\/skin-heal.com\\\/#website\"},\"primaryImageOfPage\":{\"@id\":\"https:\\\/\\\/skin-heal.com\\\/product\\\/otesaly-deep-line-1-x-1ml\\\/#primaryimage\"},\"image\":{\"@id\":\"https:\\\/\\\/skin-heal.com\\\/product\\\/otesaly-deep-line-1-x-1ml\\\/#primaryimage\"},\"thumbnailUrl\":\"https:\\\/\\\/skin-heal.com\\\/wp-content\\\/uploads\\\/2019\\\/02\\\/OTESALY-Hyaluronic-Acid-Filler-Deep-Line-1-ml.jpg\",\"datePublished\":\"2019-02-25T09:32:59+00:00\",\"dateModified\":\"2020-04-16T13:21:33+00:00\",\"description\":\"Otesaly Deep Line 1ml is a reliable HA filler that effectively corrects deep wrinkles. Get it from Skin Heal to enjoy fast lip and chin augmentation.\",\"breadcrumb\":{\"@id\":\"https:\\\/\\\/skin-heal.com\\\/product\\\/otesaly-deep-line-1-x-1ml\\\/#breadcrumb\"},\"inLanguage\":\"es\",\"potentialAction\":[{\"@type\":\"ReadAction\",\"target\":[\"https:\\\/\\\/skin-heal.com\\\/product\\\/otesaly-deep-line-1-x-1ml\\\/\"]}]},{\"@type\":\"ImageObject\",\"inLanguage\":\"es\",\"@id\":\"https:\\\/\\\/skin-heal.com\\\/product\\\/otesaly-deep-line-1-x-1ml\\\/#primaryimage\",\"url\":\"https:\\\/\\\/skin-heal.com\\\/wp-content\\\/uploads\\\/2019\\\/02\\\/OTESALY-Hyaluronic-Acid-Filler-Deep-Line-1-ml.jpg\",\"contentUrl\":\"https:\\\/\\\/skin-heal.com\\\/wp-content\\\/uploads\\\/2019\\\/02\\\/OTESALY-Hyaluronic-Acid-Filler-Deep-Line-1-ml.jpg\",\"width\":600,\"height\":600,\"caption\":\"OTESALY Hyaluronic Acid Filler Deep Line 1 ml\"},{\"@type\":\"BreadcrumbList\",\"@id\":\"https:\\\/\\\/skin-heal.com\\\/product\\\/otesaly-deep-line-1-x-1ml\\\/#breadcrumb\",\"itemListElement\":[{\"@type\":\"ListItem\",\"position\":1,\"name\":\"Home\",\"item\":\"https:\\\/\\\/skin-heal.com\\\/\"},{\"@type\":\"ListItem\",\"position\":2,\"name\":\"Store\",\"item\":\"https:\\\/\\\/skin-heal.com\\\/store\\\/\"},{\"@type\":\"ListItem\",\"position\":3,\"name\":\"Otesaly Deep Line (1 x 1ml)\"}]},{\"@type\":\"WebSite\",\"@id\":\"https:\\\/\\\/skin-heal.com\\\/#website\",\"url\":\"https:\\\/\\\/skin-heal.com\\\/\",\"name\":\"Skin Heal\",\"description\":\"Lowest Prices for Dermal Fillers\",\"potentialAction\":[{\"@type\":\"SearchAction\",\"target\":{\"@type\":\"EntryPoint\",\"urlTemplate\":\"https:\\\/\\\/skin-heal.com\\\/?s={search_term_string}\"},\"query-input\":{\"@type\":\"PropertyValueSpecification\",\"valueRequired\":true,\"valueName\":\"search_term_string\"}}],\"inLanguage\":\"es\"}]}<\/script>\n<!-- \/ Yoast SEO plugin. -->","yoast_head_json":{"title":"Otesaly L\u00ednea Profunda (1 x 1ml) - Skin Heal","description":"Otesaly Deep Line 1ml es un relleno de HA fiable que corrige eficazmente las arrugas profundas. Cons\u00edguelo en Skin Heal para disfrutar de un r\u00e1pido aumento de labios y ment\u00f3n.","robots":{"index":"index","follow":"follow","max-snippet":"max-snippet:-1","max-image-preview":"max-image-preview:large","max-video-preview":"max-video-preview:-1"},"canonical":"https:\/\/skin-heal.com\/es\/producto\/otesaly-deep-line-1-x-1ml\/","og_locale":"es_MX","og_type":"article","og_title":"Otesaly Deep Line (1 x 1ml) - Skin Heal","og_description":"Otesaly Deep Line 1ml is a reliable HA filler that effectively corrects deep wrinkles. Get it from Skin Heal to enjoy fast lip and chin augmentation.","og_url":"https:\/\/skin-heal.com\/es\/producto\/otesaly-deep-line-1-x-1ml\/","og_site_name":"Skin Heal","article_modified_time":"2020-04-16T13:21:33+00:00","og_image":[{"width":600,"height":600,"url":"https:\/\/cdn.skin-heal.com\/wp-content\/uploads\/2019\/02\/OTESALY-Hyaluronic-Acid-Filler-Deep-Line-1-ml.jpg","type":"image\/jpeg"}],"twitter_card":"summary_large_image","twitter_misc":{"Tiempo de lectura":"1 minuto"},"schema":{"@context":"https:\/\/schema.org","@graph":[{"@type":"WebPage","@id":"https:\/\/skin-heal.com\/product\/otesaly-deep-line-1-x-1ml\/","url":"https:\/\/skin-heal.com\/product\/otesaly-deep-line-1-x-1ml\/","name":"Otesaly L\u00ednea Profunda (1 x 1ml) - Skin Heal","isPartOf":{"@id":"https:\/\/skin-heal.com\/#website"},"primaryImageOfPage":{"@id":"https:\/\/skin-heal.com\/product\/otesaly-deep-line-1-x-1ml\/#primaryimage"},"image":{"@id":"https:\/\/skin-heal.com\/product\/otesaly-deep-line-1-x-1ml\/#primaryimage"},"thumbnailUrl":"https:\/\/cdn.skin-heal.com\/wp-content\/uploads\/2019\/02\/OTESALY-Hyaluronic-Acid-Filler-Deep-Line-1-ml.jpg","datePublished":"2019-02-25T09:32:59+00:00","dateModified":"2020-04-16T13:21:33+00:00","description":"Otesaly Deep Line 1ml es un relleno de HA fiable que corrige eficazmente las arrugas profundas. Cons\u00edguelo en Skin Heal para disfrutar de un r\u00e1pido aumento de labios y ment\u00f3n.","breadcrumb":{"@id":"https:\/\/skin-heal.com\/product\/otesaly-deep-line-1-x-1ml\/#breadcrumb"},"inLanguage":"es","potentialAction":[{"@type":"ReadAction","target":["https:\/\/skin-heal.com\/product\/otesaly-deep-line-1-x-1ml\/"]}]},{"@type":"ImageObject","inLanguage":"es","@id":"https:\/\/skin-heal.com\/product\/otesaly-deep-line-1-x-1ml\/#primaryimage","url":"https:\/\/cdn.skin-heal.com\/wp-content\/uploads\/2019\/02\/OTESALY-Hyaluronic-Acid-Filler-Deep-Line-1-ml.jpg","contentUrl":"https:\/\/cdn.skin-heal.com\/wp-content\/uploads\/2019\/02\/OTESALY-Hyaluronic-Acid-Filler-Deep-Line-1-ml.jpg","width":600,"height":600,"caption":"OTESALY Hyaluronic Acid Filler Deep Line 1 ml"},{"@type":"BreadcrumbList","@id":"https:\/\/skin-heal.com\/product\/otesaly-deep-line-1-x-1ml\/#breadcrumb","itemListElement":[{"@type":"ListItem","position":1,"name":"Home","item":"https:\/\/skin-heal.com\/"},{"@type":"ListItem","position":2,"name":"Store","item":"https:\/\/skin-heal.com\/store\/"},{"@type":"ListItem","position":3,"name":"Otesaly Deep Line (1 x 1ml)"}]},{"@type":"WebSite","@id":"https:\/\/skin-heal.com\/#website","url":"https:\/\/skin-heal.com\/","name":"Curaci\u00f3n de la piel","description":"Los precios m\u00e1s bajos para los rellenos d\u00e9rmicos","potentialAction":[{"@type":"SearchAction","target":{"@type":"EntryPoint","urlTemplate":"https:\/\/skin-heal.com\/?s={search_term_string}"},"query-input":{"@type":"PropertyValueSpecification","valueRequired":true,"valueName":"search_term_string"}}],"inLanguage":"es"}]}},"_links":{"self":[{"href":"https:\/\/skin-heal.com\/es\/wp-json\/wp\/v2\/product\/1186","targetHints":{"allow":["GET"]}}],"collection":[{"href":"https:\/\/skin-heal.com\/es\/wp-json\/wp\/v2\/product"}],"about":[{"href":"https:\/\/skin-heal.com\/es\/wp-json\/wp\/v2\/types\/product"}],"wp:featuredmedia":[{"embeddable":true,"href":"https:\/\/skin-heal.com\/es\/wp-json\/wp\/v2\/media\/1168"}],"wp:attachment":[{"href":"https:\/\/skin-heal.com\/es\/wp-json\/wp\/v2\/media?parent=1186"}],"wp:term":[{"taxonomy":"product_brand","embeddable":true,"href":"https:\/\/skin-heal.com\/es\/wp-json\/wp\/v2\/product_brand?post=1186"},{"taxonomy":"product_cat","embeddable":true,"href":"https:\/\/skin-heal.com\/es\/wp-json\/wp\/v2\/product_cat?post=1186"},{"taxonomy":"product_tag","embeddable":true,"href":"https:\/\/skin-heal.com\/es\/wp-json\/wp\/v2\/product_tag?post=1186"}],"curies":[{"name":"wp","href":"https:\/\/api.w.org\/{rel}","templated":true}]}}