{"id":1187,"date":"2019-02-25T09:33:11","date_gmt":"2019-02-25T09:33:11","guid":{"rendered":"https:\/\/skin-heal.com\/?post_type=product&#038;p=1187"},"modified":"2020-04-16T13:21:33","modified_gmt":"2020-04-16T13:21:33","slug":"otesaly-deep-line-1-x-2ml","status":"publish","type":"product","link":"https:\/\/skin-heal.com\/es\/producto\/otesaly-deep-line-1-x-2ml\/","title":{"rendered":"Otesaly L\u00ednea Profunda (1 x 2ml)"},"content":{"rendered":"<h3>Otesaly Deep Line 2ml - beneficios<\/h3>\n<p>Una de las cosas m\u00e1s sorprendentes de este relleno d\u00e9rmico \u00fanico en su g\u00e9nero es que tiene varias aplicaciones. Para empezar, los cirujanos est\u00e9ticos capacitados pueden confiar en su estructura suprema de \u00e1cido hialur\u00f3nico reticulado siempre que quieran proporcionar a sus pacientes una correcci\u00f3n de pliegues y arrugas extraordinariamente r\u00e1pida y notable. Tambi\u00e9n pueden utilizarlo para realizar un aumento duradero de los labios y el ment\u00f3n o para proporcionar un contorno facial m\u00e1s atractivo desde el punto de vista est\u00e9tico.<\/p>\n<ul>\n<li>Tiempo de recuperaci\u00f3n cero<\/li>\n<li>Sin efectos secundarios perjudiciales o duraderos<\/li>\n<li>Una duraci\u00f3n notable (6-24 meses)<\/li>\n<li>Procedimiento r\u00e1pido y sin dolor (se aplica mediante una inyecci\u00f3n en el subcutis o la capa superficial de la piel)<\/li>\n<\/ul>\n<p>Otra gran ventaja de Otesaly Deep Line 2ml es que contiene HA monof\u00e1sico reticulado, lo que minimiza el riesgo de resultados no deseados o de migraci\u00f3n del gel.<\/p>\n<h3>\u00bfC\u00f3mo prolongar los efectos del tratamiento?<\/h3>\n<p>Para seguir disfrutando de los resultados despu\u00e9s de su tratamiento con Otesaly Deep Line 2ml, los pacientes tendr\u00e1n que someterse a sesiones de mantenimiento cada pocos meses. Si desean reducir la frecuencia entre cada procedimiento de inyecci\u00f3n de retoque, tienen que evitar el alcohol, los medicamentos que hacen desaparecer las manchas y la exposici\u00f3n al calor excesivo antes y varios d\u00edas despu\u00e9s del tratamiento.<\/p>","protected":false},"excerpt":{"rendered":"<p>Desarrollado por laboratorios de confianza y de renombre en Francia y producido de acuerdo con los m\u00e1s altos est\u00e1ndares de calidad y seguridad, Otesaly Deep Line 2ml se encuentra entre las inyecciones de relleno de HA m\u00e1s r\u00e1pidamente vendidas disponibles en la tienda online de Skin Heal. Con una durabilidad de hasta dos a\u00f1os, lleva la eliminaci\u00f3n no quir\u00fargica de los pliegues, el labio m\u00ednimamente invasivo y el aumento del chip a un nuevo nivel.<\/p>","protected":false},"featured_media":1169,"template":"","meta":[],"product_brand":[],"product_cat":[79,95,96],"product_tag":[],"class_list":{"0":"post-1187","1":"product","2":"type-product","3":"status-publish","4":"has-post-thumbnail","6":"product_cat-dermal-fillers","7":"product_cat-otesaly","8":"product_cat-revitacare","9":"clearfix","11":"first","12":"outofstock","13":"taxable","14":"shipping-taxable","15":"product-type-simple"},"yoast_head":"<!-- This site is optimized with the Yoast SEO plugin v27.5 - https:\/\/yoast.com\/product\/yoast-seo-wordpress\/ -->\n<title>Otesaly Deep Line (1 x 2ml) - Skin Heal<\/title>\n<meta name=\"description\" content=\"Visit Skin Heal to order Otesaly Deep Line 2ml \u2013 a longer-lasting HA filler. Enjoy speedy lip and chin augmentation and durable wrinkle reduction.\" \/>\n<meta name=\"robots\" content=\"index, follow, max-snippet:-1, max-image-preview:large, max-video-preview:-1\" \/>\n<link rel=\"canonical\" href=\"https:\/\/skin-heal.com\/es\/producto\/otesaly-deep-line-1-x-2ml\/\" \/>\n<meta property=\"og:locale\" content=\"es_MX\" \/>\n<meta property=\"og:type\" content=\"article\" \/>\n<meta property=\"og:title\" content=\"Otesaly Deep Line (1 x 2ml) - Skin Heal\" \/>\n<meta property=\"og:description\" content=\"Visit Skin Heal to order Otesaly Deep Line 2ml \u2013 a longer-lasting HA filler. Enjoy speedy lip and chin augmentation and durable wrinkle reduction.\" \/>\n<meta property=\"og:url\" content=\"https:\/\/skin-heal.com\/es\/producto\/otesaly-deep-line-1-x-2ml\/\" \/>\n<meta property=\"og:site_name\" content=\"Skin Heal\" \/>\n<meta property=\"article:modified_time\" content=\"2020-04-16T13:21:33+00:00\" \/>\n<meta property=\"og:image\" content=\"https:\/\/cdn.skin-heal.com\/wp-content\/uploads\/2019\/02\/OTESALY-Hyaluronic-Acid-Filler-Deep-Line-2-ml.jpg\" \/>\n\t<meta property=\"og:image:width\" content=\"600\" \/>\n\t<meta property=\"og:image:height\" content=\"600\" \/>\n\t<meta property=\"og:image:type\" content=\"image\/jpeg\" \/>\n<meta name=\"twitter:card\" content=\"summary_large_image\" \/>\n<meta name=\"twitter:label1\" content=\"Tiempo de lectura\" \/>\n\t<meta name=\"twitter:data1\" content=\"1 minuto\" \/>\n<script type=\"application\/ld+json\" class=\"yoast-schema-graph\">{\"@context\":\"https:\\\/\\\/schema.org\",\"@graph\":[{\"@type\":\"WebPage\",\"@id\":\"https:\\\/\\\/skin-heal.com\\\/product\\\/otesaly-deep-line-1-x-2ml\\\/\",\"url\":\"https:\\\/\\\/skin-heal.com\\\/product\\\/otesaly-deep-line-1-x-2ml\\\/\",\"name\":\"Otesaly Deep Line (1 x 2ml) - Skin Heal\",\"isPartOf\":{\"@id\":\"https:\\\/\\\/skin-heal.com\\\/#website\"},\"primaryImageOfPage\":{\"@id\":\"https:\\\/\\\/skin-heal.com\\\/product\\\/otesaly-deep-line-1-x-2ml\\\/#primaryimage\"},\"image\":{\"@id\":\"https:\\\/\\\/skin-heal.com\\\/product\\\/otesaly-deep-line-1-x-2ml\\\/#primaryimage\"},\"thumbnailUrl\":\"https:\\\/\\\/skin-heal.com\\\/wp-content\\\/uploads\\\/2019\\\/02\\\/OTESALY-Hyaluronic-Acid-Filler-Deep-Line-2-ml.jpg\",\"datePublished\":\"2019-02-25T09:33:11+00:00\",\"dateModified\":\"2020-04-16T13:21:33+00:00\",\"description\":\"Visit Skin Heal to order Otesaly Deep Line 2ml \u2013 a longer-lasting HA filler. Enjoy speedy lip and chin augmentation and durable wrinkle reduction.\",\"breadcrumb\":{\"@id\":\"https:\\\/\\\/skin-heal.com\\\/product\\\/otesaly-deep-line-1-x-2ml\\\/#breadcrumb\"},\"inLanguage\":\"es\",\"potentialAction\":[{\"@type\":\"ReadAction\",\"target\":[\"https:\\\/\\\/skin-heal.com\\\/product\\\/otesaly-deep-line-1-x-2ml\\\/\"]}]},{\"@type\":\"ImageObject\",\"inLanguage\":\"es\",\"@id\":\"https:\\\/\\\/skin-heal.com\\\/product\\\/otesaly-deep-line-1-x-2ml\\\/#primaryimage\",\"url\":\"https:\\\/\\\/skin-heal.com\\\/wp-content\\\/uploads\\\/2019\\\/02\\\/OTESALY-Hyaluronic-Acid-Filler-Deep-Line-2-ml.jpg\",\"contentUrl\":\"https:\\\/\\\/skin-heal.com\\\/wp-content\\\/uploads\\\/2019\\\/02\\\/OTESALY-Hyaluronic-Acid-Filler-Deep-Line-2-ml.jpg\",\"width\":600,\"height\":600,\"caption\":\"OTESALY Hyaluronic Acid Filler Deep Line 2 ml\"},{\"@type\":\"BreadcrumbList\",\"@id\":\"https:\\\/\\\/skin-heal.com\\\/product\\\/otesaly-deep-line-1-x-2ml\\\/#breadcrumb\",\"itemListElement\":[{\"@type\":\"ListItem\",\"position\":1,\"name\":\"Home\",\"item\":\"https:\\\/\\\/skin-heal.com\\\/\"},{\"@type\":\"ListItem\",\"position\":2,\"name\":\"Store\",\"item\":\"https:\\\/\\\/skin-heal.com\\\/store\\\/\"},{\"@type\":\"ListItem\",\"position\":3,\"name\":\"Otesaly Deep Line (1 x 2ml)\"}]},{\"@type\":\"WebSite\",\"@id\":\"https:\\\/\\\/skin-heal.com\\\/#website\",\"url\":\"https:\\\/\\\/skin-heal.com\\\/\",\"name\":\"Skin Heal\",\"description\":\"Lowest Prices for Dermal Fillers\",\"potentialAction\":[{\"@type\":\"SearchAction\",\"target\":{\"@type\":\"EntryPoint\",\"urlTemplate\":\"https:\\\/\\\/skin-heal.com\\\/?s={search_term_string}\"},\"query-input\":{\"@type\":\"PropertyValueSpecification\",\"valueRequired\":true,\"valueName\":\"search_term_string\"}}],\"inLanguage\":\"es\"}]}<\/script>\n<!-- \/ Yoast SEO plugin. -->","yoast_head_json":{"title":"Otesaly L\u00ednea Profunda (1 x 2ml) - Skin Heal","description":"Visite Skin Heal para pedir Otesaly Deep Line 2ml - un relleno de HA de mayor duraci\u00f3n. Disfrute de un r\u00e1pido aumento de labios y ment\u00f3n y de una reducci\u00f3n duradera de las arrugas.","robots":{"index":"index","follow":"follow","max-snippet":"max-snippet:-1","max-image-preview":"max-image-preview:large","max-video-preview":"max-video-preview:-1"},"canonical":"https:\/\/skin-heal.com\/es\/producto\/otesaly-deep-line-1-x-2ml\/","og_locale":"es_MX","og_type":"article","og_title":"Otesaly Deep Line (1 x 2ml) - Skin Heal","og_description":"Visit Skin Heal to order Otesaly Deep Line 2ml \u2013 a longer-lasting HA filler. Enjoy speedy lip and chin augmentation and durable wrinkle reduction.","og_url":"https:\/\/skin-heal.com\/es\/producto\/otesaly-deep-line-1-x-2ml\/","og_site_name":"Skin Heal","article_modified_time":"2020-04-16T13:21:33+00:00","og_image":[{"width":600,"height":600,"url":"https:\/\/cdn.skin-heal.com\/wp-content\/uploads\/2019\/02\/OTESALY-Hyaluronic-Acid-Filler-Deep-Line-2-ml.jpg","type":"image\/jpeg"}],"twitter_card":"summary_large_image","twitter_misc":{"Tiempo de lectura":"1 minuto"},"schema":{"@context":"https:\/\/schema.org","@graph":[{"@type":"WebPage","@id":"https:\/\/skin-heal.com\/product\/otesaly-deep-line-1-x-2ml\/","url":"https:\/\/skin-heal.com\/product\/otesaly-deep-line-1-x-2ml\/","name":"Otesaly L\u00ednea Profunda (1 x 2ml) - Skin Heal","isPartOf":{"@id":"https:\/\/skin-heal.com\/#website"},"primaryImageOfPage":{"@id":"https:\/\/skin-heal.com\/product\/otesaly-deep-line-1-x-2ml\/#primaryimage"},"image":{"@id":"https:\/\/skin-heal.com\/product\/otesaly-deep-line-1-x-2ml\/#primaryimage"},"thumbnailUrl":"https:\/\/cdn.skin-heal.com\/wp-content\/uploads\/2019\/02\/OTESALY-Hyaluronic-Acid-Filler-Deep-Line-2-ml.jpg","datePublished":"2019-02-25T09:33:11+00:00","dateModified":"2020-04-16T13:21:33+00:00","description":"Visite Skin Heal para pedir Otesaly Deep Line 2ml - un relleno de HA de mayor duraci\u00f3n. Disfrute de un r\u00e1pido aumento de labios y ment\u00f3n y de una reducci\u00f3n duradera de las arrugas.","breadcrumb":{"@id":"https:\/\/skin-heal.com\/product\/otesaly-deep-line-1-x-2ml\/#breadcrumb"},"inLanguage":"es","potentialAction":[{"@type":"ReadAction","target":["https:\/\/skin-heal.com\/product\/otesaly-deep-line-1-x-2ml\/"]}]},{"@type":"ImageObject","inLanguage":"es","@id":"https:\/\/skin-heal.com\/product\/otesaly-deep-line-1-x-2ml\/#primaryimage","url":"https:\/\/cdn.skin-heal.com\/wp-content\/uploads\/2019\/02\/OTESALY-Hyaluronic-Acid-Filler-Deep-Line-2-ml.jpg","contentUrl":"https:\/\/cdn.skin-heal.com\/wp-content\/uploads\/2019\/02\/OTESALY-Hyaluronic-Acid-Filler-Deep-Line-2-ml.jpg","width":600,"height":600,"caption":"OTESALY Hyaluronic Acid Filler Deep Line 2 ml"},{"@type":"BreadcrumbList","@id":"https:\/\/skin-heal.com\/product\/otesaly-deep-line-1-x-2ml\/#breadcrumb","itemListElement":[{"@type":"ListItem","position":1,"name":"Home","item":"https:\/\/skin-heal.com\/"},{"@type":"ListItem","position":2,"name":"Store","item":"https:\/\/skin-heal.com\/store\/"},{"@type":"ListItem","position":3,"name":"Otesaly Deep Line (1 x 2ml)"}]},{"@type":"WebSite","@id":"https:\/\/skin-heal.com\/#website","url":"https:\/\/skin-heal.com\/","name":"Curaci\u00f3n de la piel","description":"Los precios m\u00e1s bajos para los rellenos d\u00e9rmicos","potentialAction":[{"@type":"SearchAction","target":{"@type":"EntryPoint","urlTemplate":"https:\/\/skin-heal.com\/?s={search_term_string}"},"query-input":{"@type":"PropertyValueSpecification","valueRequired":true,"valueName":"search_term_string"}}],"inLanguage":"es"}]}},"_links":{"self":[{"href":"https:\/\/skin-heal.com\/es\/wp-json\/wp\/v2\/product\/1187","targetHints":{"allow":["GET"]}}],"collection":[{"href":"https:\/\/skin-heal.com\/es\/wp-json\/wp\/v2\/product"}],"about":[{"href":"https:\/\/skin-heal.com\/es\/wp-json\/wp\/v2\/types\/product"}],"wp:featuredmedia":[{"embeddable":true,"href":"https:\/\/skin-heal.com\/es\/wp-json\/wp\/v2\/media\/1169"}],"wp:attachment":[{"href":"https:\/\/skin-heal.com\/es\/wp-json\/wp\/v2\/media?parent=1187"}],"wp:term":[{"taxonomy":"product_brand","embeddable":true,"href":"https:\/\/skin-heal.com\/es\/wp-json\/wp\/v2\/product_brand?post=1187"},{"taxonomy":"product_cat","embeddable":true,"href":"https:\/\/skin-heal.com\/es\/wp-json\/wp\/v2\/product_cat?post=1187"},{"taxonomy":"product_tag","embeddable":true,"href":"https:\/\/skin-heal.com\/es\/wp-json\/wp\/v2\/product_tag?post=1187"}],"curies":[{"name":"wp","href":"https:\/\/api.w.org\/{rel}","templated":true}]}}