{"id":1188,"date":"2019-02-25T09:33:27","date_gmt":"2019-02-25T09:33:27","guid":{"rendered":"https:\/\/skin-heal.com\/?post_type=product&#038;p=1188"},"modified":"2020-04-16T13:21:32","modified_gmt":"2020-04-16T13:21:32","slug":"otesaly-derm-line-1-x-1ml","status":"publish","type":"product","link":"https:\/\/skin-heal.com\/es\/producto\/otesaly-derm-line-1-x-1ml\/","title":{"rendered":"Otesaly Derm Line (1 x 1ml)"},"content":{"rendered":"<h3>La f\u00f3rmula especial de reparaci\u00f3n de Otesaly Derm Line 1ml<\/h3>\n<ul>\n<li><u>25mg\/ml de HA<\/u> - aumentar el volumen bajo la piel, rellenando los pliegues y las arrugas<\/li>\n<li><u>Manitol<\/u> - ralentiza la velocidad de disoluci\u00f3n del relleno, garantizando resultados duraderos<\/li>\n<li><u>Reducci\u00f3n de la cantidad de residuos de BDDE<\/u> - menor riesgo de efectos secundarios (sensibilidad, sensibilidad, enrojecimiento, picor, hinchaz\u00f3n, hematomas, etc.)<\/li>\n<li><u>Baja<\/u><u> tasa de prote\u00ednas y endotoxinas<\/u> - limita a\u00fan m\u00e1s la posibilidad de efectos adversos tras el tratamiento<\/li>\n<\/ul>\n<p>Dise\u00f1ado y desarrollado en los mejores laboratorios de Francia y distribuido en todo el mundo, Otesaly Derm Line 1ml contiene la asombrosa cantidad de 100.000 part\u00edculas de gel por ml. Esto significa que tiene incre\u00edbles propiedades viscoel\u00e1sticas y una textura excepcionalmente delicada. Por lo tanto, cualquier procedimiento de rejuvenecimiento cut\u00e1neo de nivel profesional con \u00e9l implica un proceso de inyecci\u00f3n muy suave y sin dolor. Las cualidades antes mencionadas de este magn\u00edfico relleno de tejidos blandos tambi\u00e9n lo convierten en una opci\u00f3n ideal cuando se trata de eliminar de forma fiable pliegues y depresiones cut\u00e1neas de tama\u00f1o medio, como las patas de gallo, las l\u00edneas del contorno de los ojos y la boca, las arrugas de la frente, as\u00ed como para el relleno y el contorno de los labios o incluso el aumento del l\u00f3bulo de la oreja.<\/p>\n<h3>Contraindicaciones<\/h3>\n<ul>\n<li>Mujeres embarazadas o en periodo de lactancia<\/li>\n<li>Infecciones o inflamaci\u00f3n alrededor de los lugares de inyecci\u00f3n<\/li>\n<li>Alergia o hipersensibilidad a los ingredientes de este producto<\/li>\n<li>Analg\u00e9sicos y anticoagulantes<\/li>\n<\/ul>","protected":false},"excerpt":{"rendered":"<p>L\u00edneas glabelares, l\u00edneas periorales, l\u00edneas periorbitales... Otesaly Derm Line 1ml puede corregir con seguridad las l\u00edneas y arrugas medias que aparecen en casi cualquier zona del rostro. Gracias a su f\u00f3rmula de BDDE minimizado y a su textura de gel a medida, este innovador relleno d\u00e9rmico tampoco tiene rival cuando se trata de contorno y realce de labios sin cirug\u00eda. Este excepcional producto de rejuvenecimiento de la piel ha encontrado ahora un lugar en el cat\u00e1logo de Skin Heal y puede pedirse a bajo precio.<\/p>","protected":false},"featured_media":1170,"template":"","meta":[],"product_brand":[],"product_cat":[79,95,96],"product_tag":[],"class_list":{"0":"post-1188","1":"product","2":"type-product","3":"status-publish","4":"has-post-thumbnail","6":"product_cat-dermal-fillers","7":"product_cat-otesaly","8":"product_cat-revitacare","9":"clearfix","11":"first","12":"outofstock","13":"taxable","14":"shipping-taxable","15":"product-type-simple"},"yoast_head":"<!-- This site is optimized with the Yoast SEO plugin v27.4 - https:\/\/yoast.com\/product\/yoast-seo-wordpress\/ -->\n<title>Otesaly Derm Line (1 x 1ml) - Skin Heal<\/title>\n<meta name=\"description\" content=\"Sold by Skin Heal, Otesaly Derm Line 1ml is an outstanding HA filler created for the swift removal of medium wrinkles and affordable lip augmentation.\" \/>\n<meta name=\"robots\" content=\"index, follow, max-snippet:-1, max-image-preview:large, max-video-preview:-1\" \/>\n<link rel=\"canonical\" href=\"https:\/\/skin-heal.com\/es\/producto\/otesaly-derm-line-1-x-1ml\/\" \/>\n<meta property=\"og:locale\" content=\"es_MX\" \/>\n<meta property=\"og:type\" content=\"article\" \/>\n<meta property=\"og:title\" content=\"Otesaly Derm Line (1 x 1ml) - Skin Heal\" \/>\n<meta property=\"og:description\" content=\"Sold by Skin Heal, Otesaly Derm Line 1ml is an outstanding HA filler created for the swift removal of medium wrinkles and affordable lip augmentation.\" \/>\n<meta property=\"og:url\" content=\"https:\/\/skin-heal.com\/es\/producto\/otesaly-derm-line-1-x-1ml\/\" \/>\n<meta property=\"og:site_name\" content=\"Skin Heal\" \/>\n<meta property=\"article:modified_time\" content=\"2020-04-16T13:21:32+00:00\" \/>\n<meta property=\"og:image\" content=\"https:\/\/cdn.skin-heal.com\/wp-content\/uploads\/2019\/02\/OTESALY-Hyaluronic-Acid-Filler-Derm-Line-1ml.jpg\" \/>\n\t<meta property=\"og:image:width\" content=\"600\" \/>\n\t<meta property=\"og:image:height\" content=\"600\" \/>\n\t<meta property=\"og:image:type\" content=\"image\/jpeg\" \/>\n<meta name=\"twitter:card\" content=\"summary_large_image\" \/>\n<meta name=\"twitter:label1\" content=\"Tiempo de lectura\" \/>\n\t<meta name=\"twitter:data1\" content=\"1 minuto\" \/>\n<script type=\"application\/ld+json\" class=\"yoast-schema-graph\">{\"@context\":\"https:\\\/\\\/schema.org\",\"@graph\":[{\"@type\":\"WebPage\",\"@id\":\"https:\\\/\\\/skin-heal.com\\\/product\\\/otesaly-derm-line-1-x-1ml\\\/\",\"url\":\"https:\\\/\\\/skin-heal.com\\\/product\\\/otesaly-derm-line-1-x-1ml\\\/\",\"name\":\"Otesaly Derm Line (1 x 1ml) - Skin Heal\",\"isPartOf\":{\"@id\":\"https:\\\/\\\/skin-heal.com\\\/#website\"},\"primaryImageOfPage\":{\"@id\":\"https:\\\/\\\/skin-heal.com\\\/product\\\/otesaly-derm-line-1-x-1ml\\\/#primaryimage\"},\"image\":{\"@id\":\"https:\\\/\\\/skin-heal.com\\\/product\\\/otesaly-derm-line-1-x-1ml\\\/#primaryimage\"},\"thumbnailUrl\":\"https:\\\/\\\/skin-heal.com\\\/wp-content\\\/uploads\\\/2019\\\/02\\\/OTESALY-Hyaluronic-Acid-Filler-Derm-Line-1ml.jpg\",\"datePublished\":\"2019-02-25T09:33:27+00:00\",\"dateModified\":\"2020-04-16T13:21:32+00:00\",\"description\":\"Sold by Skin Heal, Otesaly Derm Line 1ml is an outstanding HA filler created for the swift removal of medium wrinkles and affordable lip augmentation.\",\"breadcrumb\":{\"@id\":\"https:\\\/\\\/skin-heal.com\\\/product\\\/otesaly-derm-line-1-x-1ml\\\/#breadcrumb\"},\"inLanguage\":\"es\",\"potentialAction\":[{\"@type\":\"ReadAction\",\"target\":[\"https:\\\/\\\/skin-heal.com\\\/product\\\/otesaly-derm-line-1-x-1ml\\\/\"]}]},{\"@type\":\"ImageObject\",\"inLanguage\":\"es\",\"@id\":\"https:\\\/\\\/skin-heal.com\\\/product\\\/otesaly-derm-line-1-x-1ml\\\/#primaryimage\",\"url\":\"https:\\\/\\\/skin-heal.com\\\/wp-content\\\/uploads\\\/2019\\\/02\\\/OTESALY-Hyaluronic-Acid-Filler-Derm-Line-1ml.jpg\",\"contentUrl\":\"https:\\\/\\\/skin-heal.com\\\/wp-content\\\/uploads\\\/2019\\\/02\\\/OTESALY-Hyaluronic-Acid-Filler-Derm-Line-1ml.jpg\",\"width\":600,\"height\":600,\"caption\":\"OTESALY Hyaluronic Acid Filler Derm Line 1ml\"},{\"@type\":\"BreadcrumbList\",\"@id\":\"https:\\\/\\\/skin-heal.com\\\/product\\\/otesaly-derm-line-1-x-1ml\\\/#breadcrumb\",\"itemListElement\":[{\"@type\":\"ListItem\",\"position\":1,\"name\":\"Home\",\"item\":\"https:\\\/\\\/skin-heal.com\\\/\"},{\"@type\":\"ListItem\",\"position\":2,\"name\":\"Store\",\"item\":\"https:\\\/\\\/skin-heal.com\\\/store\\\/\"},{\"@type\":\"ListItem\",\"position\":3,\"name\":\"Otesaly Derm Line (1 x 1ml)\"}]},{\"@type\":\"WebSite\",\"@id\":\"https:\\\/\\\/skin-heal.com\\\/#website\",\"url\":\"https:\\\/\\\/skin-heal.com\\\/\",\"name\":\"Skin Heal\",\"description\":\"Lowest Prices for Dermal Fillers\",\"potentialAction\":[{\"@type\":\"SearchAction\",\"target\":{\"@type\":\"EntryPoint\",\"urlTemplate\":\"https:\\\/\\\/skin-heal.com\\\/?s={search_term_string}\"},\"query-input\":{\"@type\":\"PropertyValueSpecification\",\"valueRequired\":true,\"valueName\":\"search_term_string\"}}],\"inLanguage\":\"es\"}]}<\/script>\n<!-- \/ Yoast SEO plugin. -->","yoast_head_json":{"title":"Otesaly Derm Line (1 x 1ml) - Skin Heal","description":"Vendido por Skin Heal, Otesaly Derm Line 1ml es un excelente relleno de HA creado para la eliminaci\u00f3n r\u00e1pida de arrugas medias y un aumento de labios asequible.","robots":{"index":"index","follow":"follow","max-snippet":"max-snippet:-1","max-image-preview":"max-image-preview:large","max-video-preview":"max-video-preview:-1"},"canonical":"https:\/\/skin-heal.com\/es\/producto\/otesaly-derm-line-1-x-1ml\/","og_locale":"es_MX","og_type":"article","og_title":"Otesaly Derm Line (1 x 1ml) - Skin Heal","og_description":"Sold by Skin Heal, Otesaly Derm Line 1ml is an outstanding HA filler created for the swift removal of medium wrinkles and affordable lip augmentation.","og_url":"https:\/\/skin-heal.com\/es\/producto\/otesaly-derm-line-1-x-1ml\/","og_site_name":"Skin Heal","article_modified_time":"2020-04-16T13:21:32+00:00","og_image":[{"width":600,"height":600,"url":"https:\/\/cdn.skin-heal.com\/wp-content\/uploads\/2019\/02\/OTESALY-Hyaluronic-Acid-Filler-Derm-Line-1ml.jpg","type":"image\/jpeg"}],"twitter_card":"summary_large_image","twitter_misc":{"Tiempo de lectura":"1 minuto"},"schema":{"@context":"https:\/\/schema.org","@graph":[{"@type":"WebPage","@id":"https:\/\/skin-heal.com\/product\/otesaly-derm-line-1-x-1ml\/","url":"https:\/\/skin-heal.com\/product\/otesaly-derm-line-1-x-1ml\/","name":"Otesaly Derm Line (1 x 1ml) - Skin Heal","isPartOf":{"@id":"https:\/\/skin-heal.com\/#website"},"primaryImageOfPage":{"@id":"https:\/\/skin-heal.com\/product\/otesaly-derm-line-1-x-1ml\/#primaryimage"},"image":{"@id":"https:\/\/skin-heal.com\/product\/otesaly-derm-line-1-x-1ml\/#primaryimage"},"thumbnailUrl":"https:\/\/cdn.skin-heal.com\/wp-content\/uploads\/2019\/02\/OTESALY-Hyaluronic-Acid-Filler-Derm-Line-1ml.jpg","datePublished":"2019-02-25T09:33:27+00:00","dateModified":"2020-04-16T13:21:32+00:00","description":"Vendido por Skin Heal, Otesaly Derm Line 1ml es un excelente relleno de HA creado para la eliminaci\u00f3n r\u00e1pida de arrugas medias y un aumento de labios asequible.","breadcrumb":{"@id":"https:\/\/skin-heal.com\/product\/otesaly-derm-line-1-x-1ml\/#breadcrumb"},"inLanguage":"es","potentialAction":[{"@type":"ReadAction","target":["https:\/\/skin-heal.com\/product\/otesaly-derm-line-1-x-1ml\/"]}]},{"@type":"ImageObject","inLanguage":"es","@id":"https:\/\/skin-heal.com\/product\/otesaly-derm-line-1-x-1ml\/#primaryimage","url":"https:\/\/cdn.skin-heal.com\/wp-content\/uploads\/2019\/02\/OTESALY-Hyaluronic-Acid-Filler-Derm-Line-1ml.jpg","contentUrl":"https:\/\/cdn.skin-heal.com\/wp-content\/uploads\/2019\/02\/OTESALY-Hyaluronic-Acid-Filler-Derm-Line-1ml.jpg","width":600,"height":600,"caption":"OTESALY Hyaluronic Acid Filler Derm Line 1ml"},{"@type":"BreadcrumbList","@id":"https:\/\/skin-heal.com\/product\/otesaly-derm-line-1-x-1ml\/#breadcrumb","itemListElement":[{"@type":"ListItem","position":1,"name":"Home","item":"https:\/\/skin-heal.com\/"},{"@type":"ListItem","position":2,"name":"Store","item":"https:\/\/skin-heal.com\/store\/"},{"@type":"ListItem","position":3,"name":"Otesaly Derm Line (1 x 1ml)"}]},{"@type":"WebSite","@id":"https:\/\/skin-heal.com\/#website","url":"https:\/\/skin-heal.com\/","name":"Curaci\u00f3n de la piel","description":"Los precios m\u00e1s bajos para los rellenos d\u00e9rmicos","potentialAction":[{"@type":"SearchAction","target":{"@type":"EntryPoint","urlTemplate":"https:\/\/skin-heal.com\/?s={search_term_string}"},"query-input":{"@type":"PropertyValueSpecification","valueRequired":true,"valueName":"search_term_string"}}],"inLanguage":"es"}]}},"_links":{"self":[{"href":"https:\/\/skin-heal.com\/es\/wp-json\/wp\/v2\/product\/1188","targetHints":{"allow":["GET"]}}],"collection":[{"href":"https:\/\/skin-heal.com\/es\/wp-json\/wp\/v2\/product"}],"about":[{"href":"https:\/\/skin-heal.com\/es\/wp-json\/wp\/v2\/types\/product"}],"wp:featuredmedia":[{"embeddable":true,"href":"https:\/\/skin-heal.com\/es\/wp-json\/wp\/v2\/media\/1170"}],"wp:attachment":[{"href":"https:\/\/skin-heal.com\/es\/wp-json\/wp\/v2\/media?parent=1188"}],"wp:term":[{"taxonomy":"product_brand","embeddable":true,"href":"https:\/\/skin-heal.com\/es\/wp-json\/wp\/v2\/product_brand?post=1188"},{"taxonomy":"product_cat","embeddable":true,"href":"https:\/\/skin-heal.com\/es\/wp-json\/wp\/v2\/product_cat?post=1188"},{"taxonomy":"product_tag","embeddable":true,"href":"https:\/\/skin-heal.com\/es\/wp-json\/wp\/v2\/product_tag?post=1188"}],"curies":[{"name":"wp","href":"https:\/\/api.w.org\/{rel}","templated":true}]}}