{"id":1190,"date":"2019-02-25T09:33:57","date_gmt":"2019-02-25T09:33:57","guid":{"rendered":"https:\/\/skin-heal.com\/?post_type=product&#038;p=1190"},"modified":"2020-04-16T13:21:32","modified_gmt":"2020-04-16T13:21:32","slug":"otesaly-deep-line-with-lidocaine-1-x-2ml","status":"publish","type":"product","link":"https:\/\/skin-heal.com\/es\/producto\/otesaly-deep-line-with-lidocaine-1-x-2ml\/","title":{"rendered":"Otesaly L\u00ednea Profunda con Lidoca\u00edna (1 x 2ml)"},"content":{"rendered":"<h3>Indicaciones de la l\u00ednea profunda Otesaly con lidoca\u00edna<\/h3>\n<p>Con la ayuda del \u00e1cido hialur\u00f3nico cl\u00ednicamente probado en su composici\u00f3n, esta avanzada inyecci\u00f3n de relleno de tejidos blandos proporciona un volumen instant\u00e1neo bajo la piel. De este modo, no s\u00f3lo rellena y suaviza los pliegues y depresiones que se han formado en la piel como parte del proceso natural de envejecimiento, sino que tambi\u00e9n puede hacer que los labios parezcan m\u00e1s rellenos y suaves. Cuando se inyecta en el ment\u00f3n, puede mejorar el contorno general de la cara d\u00e1ndole un aspecto m\u00e1s definido.<\/p>\n<ul>\n<li>Correcci\u00f3n inmediata de las comisuras orales<\/li>\n<li>Aumento r\u00e1pido y no quir\u00fargico del chip<\/li>\n<li>Eliminaci\u00f3n duradera de los pliegues nasolabiales<\/li>\n<li>Modificaci\u00f3n temporal de los contornos faciales<\/li>\n<\/ul>\n<p>Este producto est\u00e1 especialmente indicado para pacientes con pieles maduras. No se requieren pruebas cut\u00e1neas antes de este procedimiento de rejuvenecimiento de la piel sin complicaciones, ya que Otesaly Deep Line con Lidoca\u00edna no contiene ingredientes de origen animal.<\/p>\n<h3>Resultados visibles y sin dolor<\/h3>\n<p>Alrededor de 30% de este innovador relleno d\u00e9rmico est\u00e1 compuesto por lidoca\u00edna. Esta sustancia sirve como un anest\u00e9sico localizado que hace que el tratamiento con este Otesaly Deep Line con Lidoca\u00edna sea libre de molestias y dolor. No obstante, se garantiza la obtenci\u00f3n de resultados duraderos que van de 6 a 24 meses.<\/p>","protected":false},"excerpt":{"rendered":"<p>Otesaly Deep Line con Lidoca\u00edna, uno de los rellenos de HA m\u00e1s populares, viene ahora con una f\u00f3rmula mejorada y se puede pedir directamente a Skin Heal. Este producto de rejuvenecimiento de la piel excepcionalmente eficaz que no tiene piedad de los pliegues y arrugas profundas y tiene el poder de ofrecer un contorno facial sorprendentemente equilibrado, el aumento de los labios, as\u00ed como el aumento de la barbilla, ahora cuenta con 0,3% de lidoca\u00edna en su f\u00f3rmula de marca, haciendo que el tratamiento con \u00e9l 100% no sea doloroso.<\/p>","protected":false},"featured_media":1175,"template":"","meta":[],"product_brand":[],"product_cat":[79,95,96],"product_tag":[],"class_list":{"0":"post-1190","1":"product","2":"type-product","3":"status-publish","4":"has-post-thumbnail","6":"product_cat-dermal-fillers","7":"product_cat-otesaly","8":"product_cat-revitacare","9":"clearfix","11":"first","12":"outofstock","13":"taxable","14":"shipping-taxable","15":"product-type-simple"},"yoast_head":"<!-- This site is optimized with the Yoast SEO plugin v27.3 - https:\/\/yoast.com\/product\/yoast-seo-wordpress\/ -->\n<title>Otesaly Deep Line with Lidocaine (1 x 2ml) - Skin Heal<\/title>\n<meta name=\"description\" content=\"Otesaly Deep Line with Lidocaine is an advanced dermal filler distributed by Skin Heal. This top skin rejuvenation product removes deep folds with no pain.\" \/>\n<meta name=\"robots\" content=\"index, follow, max-snippet:-1, max-image-preview:large, max-video-preview:-1\" \/>\n<link rel=\"canonical\" href=\"https:\/\/skin-heal.com\/es\/producto\/otesaly-deep-line-with-lidocaine-1-x-2ml\/\" \/>\n<meta property=\"og:locale\" content=\"es_MX\" \/>\n<meta property=\"og:type\" content=\"article\" \/>\n<meta property=\"og:title\" content=\"Otesaly Deep Line with Lidocaine (1 x 2ml) - Skin Heal\" \/>\n<meta property=\"og:description\" content=\"Otesaly Deep Line with Lidocaine is an advanced dermal filler distributed by Skin Heal. This top skin rejuvenation product removes deep folds with no pain.\" \/>\n<meta property=\"og:url\" content=\"https:\/\/skin-heal.com\/es\/producto\/otesaly-deep-line-with-lidocaine-1-x-2ml\/\" \/>\n<meta property=\"og:site_name\" content=\"Skin Heal\" \/>\n<meta property=\"article:modified_time\" content=\"2020-04-16T13:21:32+00:00\" \/>\n<meta property=\"og:image\" content=\"https:\/\/cdn.skin-heal.com\/wp-content\/uploads\/2019\/02\/Otesaly-Deep-Lines-with-Lidocaine.jpg\" \/>\n\t<meta property=\"og:image:width\" content=\"600\" \/>\n\t<meta property=\"og:image:height\" content=\"600\" \/>\n\t<meta property=\"og:image:type\" content=\"image\/jpeg\" \/>\n<meta name=\"twitter:card\" content=\"summary_large_image\" \/>\n<meta name=\"twitter:label1\" content=\"Tiempo de lectura\" \/>\n\t<meta name=\"twitter:data1\" content=\"1 minuto\" \/>\n<script type=\"application\/ld+json\" class=\"yoast-schema-graph\">{\"@context\":\"https:\\\/\\\/schema.org\",\"@graph\":[{\"@type\":\"WebPage\",\"@id\":\"https:\\\/\\\/skin-heal.com\\\/product\\\/otesaly-deep-line-with-lidocaine-1-x-2ml\\\/\",\"url\":\"https:\\\/\\\/skin-heal.com\\\/product\\\/otesaly-deep-line-with-lidocaine-1-x-2ml\\\/\",\"name\":\"Otesaly Deep Line with Lidocaine (1 x 2ml) - Skin Heal\",\"isPartOf\":{\"@id\":\"https:\\\/\\\/skin-heal.com\\\/#website\"},\"primaryImageOfPage\":{\"@id\":\"https:\\\/\\\/skin-heal.com\\\/product\\\/otesaly-deep-line-with-lidocaine-1-x-2ml\\\/#primaryimage\"},\"image\":{\"@id\":\"https:\\\/\\\/skin-heal.com\\\/product\\\/otesaly-deep-line-with-lidocaine-1-x-2ml\\\/#primaryimage\"},\"thumbnailUrl\":\"https:\\\/\\\/skin-heal.com\\\/wp-content\\\/uploads\\\/2019\\\/02\\\/Otesaly-Deep-Lines-with-Lidocaine.jpg\",\"datePublished\":\"2019-02-25T09:33:57+00:00\",\"dateModified\":\"2020-04-16T13:21:32+00:00\",\"description\":\"Otesaly Deep Line with Lidocaine is an advanced dermal filler distributed by Skin Heal. This top skin rejuvenation product removes deep folds with no pain.\",\"breadcrumb\":{\"@id\":\"https:\\\/\\\/skin-heal.com\\\/product\\\/otesaly-deep-line-with-lidocaine-1-x-2ml\\\/#breadcrumb\"},\"inLanguage\":\"es\",\"potentialAction\":[{\"@type\":\"ReadAction\",\"target\":[\"https:\\\/\\\/skin-heal.com\\\/product\\\/otesaly-deep-line-with-lidocaine-1-x-2ml\\\/\"]}]},{\"@type\":\"ImageObject\",\"inLanguage\":\"es\",\"@id\":\"https:\\\/\\\/skin-heal.com\\\/product\\\/otesaly-deep-line-with-lidocaine-1-x-2ml\\\/#primaryimage\",\"url\":\"https:\\\/\\\/skin-heal.com\\\/wp-content\\\/uploads\\\/2019\\\/02\\\/Otesaly-Deep-Lines-with-Lidocaine.jpg\",\"contentUrl\":\"https:\\\/\\\/skin-heal.com\\\/wp-content\\\/uploads\\\/2019\\\/02\\\/Otesaly-Deep-Lines-with-Lidocaine.jpg\",\"width\":600,\"height\":600,\"caption\":\"Otesaly Deep Lines with Lidocaine\"},{\"@type\":\"BreadcrumbList\",\"@id\":\"https:\\\/\\\/skin-heal.com\\\/product\\\/otesaly-deep-line-with-lidocaine-1-x-2ml\\\/#breadcrumb\",\"itemListElement\":[{\"@type\":\"ListItem\",\"position\":1,\"name\":\"Home\",\"item\":\"https:\\\/\\\/skin-heal.com\\\/\"},{\"@type\":\"ListItem\",\"position\":2,\"name\":\"Store\",\"item\":\"https:\\\/\\\/skin-heal.com\\\/store\\\/\"},{\"@type\":\"ListItem\",\"position\":3,\"name\":\"Otesaly Deep Line with Lidocaine (1 x 2ml)\"}]},{\"@type\":\"WebSite\",\"@id\":\"https:\\\/\\\/skin-heal.com\\\/#website\",\"url\":\"https:\\\/\\\/skin-heal.com\\\/\",\"name\":\"Skin Heal\",\"description\":\"Lowest Prices for Dermal Fillers\",\"potentialAction\":[{\"@type\":\"SearchAction\",\"target\":{\"@type\":\"EntryPoint\",\"urlTemplate\":\"https:\\\/\\\/skin-heal.com\\\/?s={search_term_string}\"},\"query-input\":{\"@type\":\"PropertyValueSpecification\",\"valueRequired\":true,\"valueName\":\"search_term_string\"}}],\"inLanguage\":\"es\"}]}<\/script>\n<!-- \/ Yoast SEO plugin. -->","yoast_head_json":{"title":"Otesaly L\u00ednea Profunda con Lidoca\u00edna (1 x 2ml) - Skin Heal","description":"Otesaly Deep Line con Lidoca\u00edna es un avanzado relleno d\u00e9rmico distribuido por Skin Heal. Este producto superior de rejuvenecimiento de la piel elimina los pliegues profundos sin dolor.","robots":{"index":"index","follow":"follow","max-snippet":"max-snippet:-1","max-image-preview":"max-image-preview:large","max-video-preview":"max-video-preview:-1"},"canonical":"https:\/\/skin-heal.com\/es\/producto\/otesaly-deep-line-with-lidocaine-1-x-2ml\/","og_locale":"es_MX","og_type":"article","og_title":"Otesaly Deep Line with Lidocaine (1 x 2ml) - Skin Heal","og_description":"Otesaly Deep Line with Lidocaine is an advanced dermal filler distributed by Skin Heal. This top skin rejuvenation product removes deep folds with no pain.","og_url":"https:\/\/skin-heal.com\/es\/producto\/otesaly-deep-line-with-lidocaine-1-x-2ml\/","og_site_name":"Skin Heal","article_modified_time":"2020-04-16T13:21:32+00:00","og_image":[{"width":600,"height":600,"url":"https:\/\/cdn.skin-heal.com\/wp-content\/uploads\/2019\/02\/Otesaly-Deep-Lines-with-Lidocaine.jpg","type":"image\/jpeg"}],"twitter_card":"summary_large_image","twitter_misc":{"Tiempo de lectura":"1 minuto"},"schema":{"@context":"https:\/\/schema.org","@graph":[{"@type":"WebPage","@id":"https:\/\/skin-heal.com\/product\/otesaly-deep-line-with-lidocaine-1-x-2ml\/","url":"https:\/\/skin-heal.com\/product\/otesaly-deep-line-with-lidocaine-1-x-2ml\/","name":"Otesaly L\u00ednea Profunda con Lidoca\u00edna (1 x 2ml) - Skin Heal","isPartOf":{"@id":"https:\/\/skin-heal.com\/#website"},"primaryImageOfPage":{"@id":"https:\/\/skin-heal.com\/product\/otesaly-deep-line-with-lidocaine-1-x-2ml\/#primaryimage"},"image":{"@id":"https:\/\/skin-heal.com\/product\/otesaly-deep-line-with-lidocaine-1-x-2ml\/#primaryimage"},"thumbnailUrl":"https:\/\/cdn.skin-heal.com\/wp-content\/uploads\/2019\/02\/Otesaly-Deep-Lines-with-Lidocaine.jpg","datePublished":"2019-02-25T09:33:57+00:00","dateModified":"2020-04-16T13:21:32+00:00","description":"Otesaly Deep Line con Lidoca\u00edna es un avanzado relleno d\u00e9rmico distribuido por Skin Heal. Este producto superior de rejuvenecimiento de la piel elimina los pliegues profundos sin dolor.","breadcrumb":{"@id":"https:\/\/skin-heal.com\/product\/otesaly-deep-line-with-lidocaine-1-x-2ml\/#breadcrumb"},"inLanguage":"es","potentialAction":[{"@type":"ReadAction","target":["https:\/\/skin-heal.com\/product\/otesaly-deep-line-with-lidocaine-1-x-2ml\/"]}]},{"@type":"ImageObject","inLanguage":"es","@id":"https:\/\/skin-heal.com\/product\/otesaly-deep-line-with-lidocaine-1-x-2ml\/#primaryimage","url":"https:\/\/cdn.skin-heal.com\/wp-content\/uploads\/2019\/02\/Otesaly-Deep-Lines-with-Lidocaine.jpg","contentUrl":"https:\/\/cdn.skin-heal.com\/wp-content\/uploads\/2019\/02\/Otesaly-Deep-Lines-with-Lidocaine.jpg","width":600,"height":600,"caption":"Otesaly Deep Lines with Lidocaine"},{"@type":"BreadcrumbList","@id":"https:\/\/skin-heal.com\/product\/otesaly-deep-line-with-lidocaine-1-x-2ml\/#breadcrumb","itemListElement":[{"@type":"ListItem","position":1,"name":"Home","item":"https:\/\/skin-heal.com\/"},{"@type":"ListItem","position":2,"name":"Store","item":"https:\/\/skin-heal.com\/store\/"},{"@type":"ListItem","position":3,"name":"Otesaly Deep Line with Lidocaine (1 x 2ml)"}]},{"@type":"WebSite","@id":"https:\/\/skin-heal.com\/#website","url":"https:\/\/skin-heal.com\/","name":"Curaci\u00f3n de la piel","description":"Los precios m\u00e1s bajos para los rellenos d\u00e9rmicos","potentialAction":[{"@type":"SearchAction","target":{"@type":"EntryPoint","urlTemplate":"https:\/\/skin-heal.com\/?s={search_term_string}"},"query-input":{"@type":"PropertyValueSpecification","valueRequired":true,"valueName":"search_term_string"}}],"inLanguage":"es"}]}},"_links":{"self":[{"href":"https:\/\/skin-heal.com\/es\/wp-json\/wp\/v2\/product\/1190","targetHints":{"allow":["GET"]}}],"collection":[{"href":"https:\/\/skin-heal.com\/es\/wp-json\/wp\/v2\/product"}],"about":[{"href":"https:\/\/skin-heal.com\/es\/wp-json\/wp\/v2\/types\/product"}],"wp:featuredmedia":[{"embeddable":true,"href":"https:\/\/skin-heal.com\/es\/wp-json\/wp\/v2\/media\/1175"}],"wp:attachment":[{"href":"https:\/\/skin-heal.com\/es\/wp-json\/wp\/v2\/media?parent=1190"}],"wp:term":[{"taxonomy":"product_brand","embeddable":true,"href":"https:\/\/skin-heal.com\/es\/wp-json\/wp\/v2\/product_brand?post=1190"},{"taxonomy":"product_cat","embeddable":true,"href":"https:\/\/skin-heal.com\/es\/wp-json\/wp\/v2\/product_cat?post=1190"},{"taxonomy":"product_tag","embeddable":true,"href":"https:\/\/skin-heal.com\/es\/wp-json\/wp\/v2\/product_tag?post=1190"}],"curies":[{"name":"wp","href":"https:\/\/api.w.org\/{rel}","templated":true}]}}