{"id":1191,"date":"2019-02-25T09:34:17","date_gmt":"2019-02-25T09:34:17","guid":{"rendered":"https:\/\/skin-heal.com\/?post_type=product&#038;p=1191"},"modified":"2020-04-16T13:21:31","modified_gmt":"2020-04-16T13:21:31","slug":"somed-dermal-filler-1-x-2ml","status":"publish","type":"product","link":"https:\/\/skin-heal.com\/es\/producto\/somed-dermal-filler-1-x-2ml\/","title":{"rendered":"SOMED Relleno D\u00e9rmico (1 x 2ml)"},"content":{"rendered":"<h3>Los puntos fuertes de SOMED Dermal Filler<\/h3>\n<p>Si tenemos que ser totalmente sinceros con usted, SOMED Dermal Filler es un producto de rejuvenecimiento de la piel de confianza que s\u00f3lo tiene puntos fuertes y ning\u00fan punto d\u00e9bil. Puede que eso tenga que ver con el hecho de que fue dise\u00f1ado por los principales laboratorios franceses o que fue producido por el l\u00edder del mercado mundial Guangzhou Aoma International. Independientemente de todo ello, este relleno de tejidos blandos de alta calidad tiene unos efectos antienvejecimiento innegables e inigualables. Desde la correcci\u00f3n temporal de los pliegues y arrugas profundos y la redefinici\u00f3n del contorno facial hasta la adici\u00f3n de m\u00e1s volumen a las mejillas y el aumento indoloro de los labios y la barbilla, esta inyecci\u00f3n de relleno \u00fanica act\u00faa en muchos frentes para garantizar que los pacientes reciban los resultados que buscan.<\/p>\n<ul>\n<li><strong>Tratamiento eficaz en el tiempo<\/strong> (15-30 minutos de media)<\/li>\n<li><strong>Barato<\/strong><\/li>\n<li><strong>Resultados notables en cuesti\u00f3n de minutos<\/strong><\/li>\n<li><strong>F\u00e1cil de controlar<\/strong><\/li>\n<\/ul>\n<h3>\u00bfHay tiempo de inactividad?<\/h3>\n<p>SOMED Dermal Filler se inyecta en la piel en cuesti\u00f3n de minutos. El procedimiento es tan sencillo y r\u00e1pido que no suele requerir el uso de anestesia local y los pacientes suelen poder retomar su estilo de vida y sus actividades cotidianas inmediatamente. Con un periodo de recuperaci\u00f3n tan corto o incluso inexistente, este tratamiento cosm\u00e9tico de eficacia probada ofrece una flexibilidad y comodidad inigualables.<\/p>","protected":false},"excerpt":{"rendered":"<p>SOMED Dermal Filler es un producto de rejuvenecimiento cosm\u00e9tico de primera clase desarrollado por la misma empresa que la mundialmente conocida gama de rellenos cut\u00e1neos Otesaly. Puede confiar en que le proporcionar\u00e1 resultados naturales y duraderos, ya que su composici\u00f3n suprema a base de HA incluye un revolucionario complejo reparador. Gracias a ello, ofrece unos resultados impresionantes en el contorno facial y una r\u00e1pida eliminaci\u00f3n de las arrugas graves. Para conseguir el verdadero producto con todas sus ventajas, p\u00eddalo a distribuidores de confianza como Skin Heal.<\/p>","protected":false},"featured_media":1174,"template":"","meta":[],"product_brand":[],"product_cat":[79,95,96],"product_tag":[],"class_list":{"0":"post-1191","1":"product","2":"type-product","3":"status-publish","4":"has-post-thumbnail","6":"product_cat-dermal-fillers","7":"product_cat-otesaly","8":"product_cat-revitacare","9":"clearfix","11":"first","12":"outofstock","13":"taxable","14":"shipping-taxable","15":"product-type-simple"},"yoast_head":"<!-- This site is optimized with the Yoast SEO plugin v27.3 - https:\/\/yoast.com\/product\/yoast-seo-wordpress\/ -->\n<title>SOMED Dermal Filler (1 x 2ml) - Skin Heal<\/title>\n<meta name=\"description\" content=\"SOMED Dermal Filler is a powerful skin filler that removes severe wrinkles and effectively enhances lips, chin and cheeks in minutes. Buy it from Skin Heal.\" \/>\n<meta name=\"robots\" content=\"index, follow, max-snippet:-1, max-image-preview:large, max-video-preview:-1\" \/>\n<link rel=\"canonical\" href=\"https:\/\/skin-heal.com\/es\/producto\/somed-dermal-filler-1-x-2ml\/\" \/>\n<meta property=\"og:locale\" content=\"es_MX\" \/>\n<meta property=\"og:type\" content=\"article\" \/>\n<meta property=\"og:title\" content=\"SOMED Dermal Filler (1 x 2ml) - Skin Heal\" \/>\n<meta property=\"og:description\" content=\"SOMED Dermal Filler is a powerful skin filler that removes severe wrinkles and effectively enhances lips, chin and cheeks in minutes. Buy it from Skin Heal.\" \/>\n<meta property=\"og:url\" content=\"https:\/\/skin-heal.com\/es\/producto\/somed-dermal-filler-1-x-2ml\/\" \/>\n<meta property=\"og:site_name\" content=\"Skin Heal\" \/>\n<meta property=\"article:modified_time\" content=\"2020-04-16T13:21:31+00:00\" \/>\n<meta property=\"og:image\" content=\"https:\/\/cdn.skin-heal.com\/wp-content\/uploads\/2019\/02\/SOMED-Dermal-Filler.jpg\" \/>\n\t<meta property=\"og:image:width\" content=\"600\" \/>\n\t<meta property=\"og:image:height\" content=\"599\" \/>\n\t<meta property=\"og:image:type\" content=\"image\/jpeg\" \/>\n<meta name=\"twitter:card\" content=\"summary_large_image\" \/>\n<meta name=\"twitter:label1\" content=\"Tiempo de lectura\" \/>\n\t<meta name=\"twitter:data1\" content=\"1 minuto\" \/>\n<script type=\"application\/ld+json\" class=\"yoast-schema-graph\">{\"@context\":\"https:\\\/\\\/schema.org\",\"@graph\":[{\"@type\":\"WebPage\",\"@id\":\"https:\\\/\\\/skin-heal.com\\\/product\\\/somed-dermal-filler-1-x-2ml\\\/\",\"url\":\"https:\\\/\\\/skin-heal.com\\\/product\\\/somed-dermal-filler-1-x-2ml\\\/\",\"name\":\"SOMED Dermal Filler (1 x 2ml) - Skin Heal\",\"isPartOf\":{\"@id\":\"https:\\\/\\\/skin-heal.com\\\/#website\"},\"primaryImageOfPage\":{\"@id\":\"https:\\\/\\\/skin-heal.com\\\/product\\\/somed-dermal-filler-1-x-2ml\\\/#primaryimage\"},\"image\":{\"@id\":\"https:\\\/\\\/skin-heal.com\\\/product\\\/somed-dermal-filler-1-x-2ml\\\/#primaryimage\"},\"thumbnailUrl\":\"https:\\\/\\\/skin-heal.com\\\/wp-content\\\/uploads\\\/2019\\\/02\\\/SOMED-Dermal-Filler.jpg\",\"datePublished\":\"2019-02-25T09:34:17+00:00\",\"dateModified\":\"2020-04-16T13:21:31+00:00\",\"description\":\"SOMED Dermal Filler is a powerful skin filler that removes severe wrinkles and effectively enhances lips, chin and cheeks in minutes. Buy it from Skin Heal.\",\"breadcrumb\":{\"@id\":\"https:\\\/\\\/skin-heal.com\\\/product\\\/somed-dermal-filler-1-x-2ml\\\/#breadcrumb\"},\"inLanguage\":\"es\",\"potentialAction\":[{\"@type\":\"ReadAction\",\"target\":[\"https:\\\/\\\/skin-heal.com\\\/product\\\/somed-dermal-filler-1-x-2ml\\\/\"]}]},{\"@type\":\"ImageObject\",\"inLanguage\":\"es\",\"@id\":\"https:\\\/\\\/skin-heal.com\\\/product\\\/somed-dermal-filler-1-x-2ml\\\/#primaryimage\",\"url\":\"https:\\\/\\\/skin-heal.com\\\/wp-content\\\/uploads\\\/2019\\\/02\\\/SOMED-Dermal-Filler.jpg\",\"contentUrl\":\"https:\\\/\\\/skin-heal.com\\\/wp-content\\\/uploads\\\/2019\\\/02\\\/SOMED-Dermal-Filler.jpg\",\"width\":600,\"height\":599,\"caption\":\"SOMED Dermal Filler\"},{\"@type\":\"BreadcrumbList\",\"@id\":\"https:\\\/\\\/skin-heal.com\\\/product\\\/somed-dermal-filler-1-x-2ml\\\/#breadcrumb\",\"itemListElement\":[{\"@type\":\"ListItem\",\"position\":1,\"name\":\"Home\",\"item\":\"https:\\\/\\\/skin-heal.com\\\/\"},{\"@type\":\"ListItem\",\"position\":2,\"name\":\"Store\",\"item\":\"https:\\\/\\\/skin-heal.com\\\/store\\\/\"},{\"@type\":\"ListItem\",\"position\":3,\"name\":\"SOMED Dermal Filler (1 x 2ml)\"}]},{\"@type\":\"WebSite\",\"@id\":\"https:\\\/\\\/skin-heal.com\\\/#website\",\"url\":\"https:\\\/\\\/skin-heal.com\\\/\",\"name\":\"Skin Heal\",\"description\":\"Lowest Prices for Dermal Fillers\",\"potentialAction\":[{\"@type\":\"SearchAction\",\"target\":{\"@type\":\"EntryPoint\",\"urlTemplate\":\"https:\\\/\\\/skin-heal.com\\\/?s={search_term_string}\"},\"query-input\":{\"@type\":\"PropertyValueSpecification\",\"valueRequired\":true,\"valueName\":\"search_term_string\"}}],\"inLanguage\":\"es\"}]}<\/script>\n<!-- \/ Yoast SEO plugin. -->","yoast_head_json":{"title":"SOMED Relleno D\u00e9rmico (1 x 2ml) - Skin Heal","description":"SOMED Dermal Filler es un potente relleno cut\u00e1neo que elimina las arrugas m\u00e1s marcadas y realza eficazmente los labios, la barbilla y las mejillas en cuesti\u00f3n de minutos. C\u00f3mprelo en Skin Heal.","robots":{"index":"index","follow":"follow","max-snippet":"max-snippet:-1","max-image-preview":"max-image-preview:large","max-video-preview":"max-video-preview:-1"},"canonical":"https:\/\/skin-heal.com\/es\/producto\/somed-dermal-filler-1-x-2ml\/","og_locale":"es_MX","og_type":"article","og_title":"SOMED Dermal Filler (1 x 2ml) - Skin Heal","og_description":"SOMED Dermal Filler is a powerful skin filler that removes severe wrinkles and effectively enhances lips, chin and cheeks in minutes. Buy it from Skin Heal.","og_url":"https:\/\/skin-heal.com\/es\/producto\/somed-dermal-filler-1-x-2ml\/","og_site_name":"Skin Heal","article_modified_time":"2020-04-16T13:21:31+00:00","og_image":[{"width":600,"height":599,"url":"https:\/\/cdn.skin-heal.com\/wp-content\/uploads\/2019\/02\/SOMED-Dermal-Filler.jpg","type":"image\/jpeg"}],"twitter_card":"summary_large_image","twitter_misc":{"Tiempo de lectura":"1 minuto"},"schema":{"@context":"https:\/\/schema.org","@graph":[{"@type":"WebPage","@id":"https:\/\/skin-heal.com\/product\/somed-dermal-filler-1-x-2ml\/","url":"https:\/\/skin-heal.com\/product\/somed-dermal-filler-1-x-2ml\/","name":"SOMED Relleno D\u00e9rmico (1 x 2ml) - Skin Heal","isPartOf":{"@id":"https:\/\/skin-heal.com\/#website"},"primaryImageOfPage":{"@id":"https:\/\/skin-heal.com\/product\/somed-dermal-filler-1-x-2ml\/#primaryimage"},"image":{"@id":"https:\/\/skin-heal.com\/product\/somed-dermal-filler-1-x-2ml\/#primaryimage"},"thumbnailUrl":"https:\/\/cdn.skin-heal.com\/wp-content\/uploads\/2019\/02\/SOMED-Dermal-Filler.jpg","datePublished":"2019-02-25T09:34:17+00:00","dateModified":"2020-04-16T13:21:31+00:00","description":"SOMED Dermal Filler es un potente relleno cut\u00e1neo que elimina las arrugas m\u00e1s marcadas y realza eficazmente los labios, la barbilla y las mejillas en cuesti\u00f3n de minutos. C\u00f3mprelo en Skin Heal.","breadcrumb":{"@id":"https:\/\/skin-heal.com\/product\/somed-dermal-filler-1-x-2ml\/#breadcrumb"},"inLanguage":"es","potentialAction":[{"@type":"ReadAction","target":["https:\/\/skin-heal.com\/product\/somed-dermal-filler-1-x-2ml\/"]}]},{"@type":"ImageObject","inLanguage":"es","@id":"https:\/\/skin-heal.com\/product\/somed-dermal-filler-1-x-2ml\/#primaryimage","url":"https:\/\/cdn.skin-heal.com\/wp-content\/uploads\/2019\/02\/SOMED-Dermal-Filler.jpg","contentUrl":"https:\/\/cdn.skin-heal.com\/wp-content\/uploads\/2019\/02\/SOMED-Dermal-Filler.jpg","width":600,"height":599,"caption":"SOMED Dermal Filler"},{"@type":"BreadcrumbList","@id":"https:\/\/skin-heal.com\/product\/somed-dermal-filler-1-x-2ml\/#breadcrumb","itemListElement":[{"@type":"ListItem","position":1,"name":"Home","item":"https:\/\/skin-heal.com\/"},{"@type":"ListItem","position":2,"name":"Store","item":"https:\/\/skin-heal.com\/store\/"},{"@type":"ListItem","position":3,"name":"SOMED Dermal Filler (1 x 2ml)"}]},{"@type":"WebSite","@id":"https:\/\/skin-heal.com\/#website","url":"https:\/\/skin-heal.com\/","name":"Curaci\u00f3n de la piel","description":"Los precios m\u00e1s bajos para los rellenos d\u00e9rmicos","potentialAction":[{"@type":"SearchAction","target":{"@type":"EntryPoint","urlTemplate":"https:\/\/skin-heal.com\/?s={search_term_string}"},"query-input":{"@type":"PropertyValueSpecification","valueRequired":true,"valueName":"search_term_string"}}],"inLanguage":"es"}]}},"_links":{"self":[{"href":"https:\/\/skin-heal.com\/es\/wp-json\/wp\/v2\/product\/1191","targetHints":{"allow":["GET"]}}],"collection":[{"href":"https:\/\/skin-heal.com\/es\/wp-json\/wp\/v2\/product"}],"about":[{"href":"https:\/\/skin-heal.com\/es\/wp-json\/wp\/v2\/types\/product"}],"wp:featuredmedia":[{"embeddable":true,"href":"https:\/\/skin-heal.com\/es\/wp-json\/wp\/v2\/media\/1174"}],"wp:attachment":[{"href":"https:\/\/skin-heal.com\/es\/wp-json\/wp\/v2\/media?parent=1191"}],"wp:term":[{"taxonomy":"product_brand","embeddable":true,"href":"https:\/\/skin-heal.com\/es\/wp-json\/wp\/v2\/product_brand?post=1191"},{"taxonomy":"product_cat","embeddable":true,"href":"https:\/\/skin-heal.com\/es\/wp-json\/wp\/v2\/product_cat?post=1191"},{"taxonomy":"product_tag","embeddable":true,"href":"https:\/\/skin-heal.com\/es\/wp-json\/wp\/v2\/product_tag?post=1191"}],"curies":[{"name":"wp","href":"https:\/\/api.w.org\/{rel}","templated":true}]}}