{"id":1192,"date":"2019-02-25T09:58:14","date_gmt":"2019-02-25T09:58:14","guid":{"rendered":"https:\/\/skin-heal.com\/?post_type=product&#038;p=1192"},"modified":"2020-04-16T13:21:30","modified_gmt":"2020-04-16T13:21:30","slug":"otesaly-skin-whitening-solution-10-vials-x-5ml","status":"publish","type":"product","link":"https:\/\/skin-heal.com\/es\/producto\/otesaly-skin-whitening-solution-10-vials-x-5ml\/","title":{"rendered":"Otesaly Soluci\u00f3n Blanqueadora de la Piel (10 viales x 5ml)"},"content":{"rendered":"<h3>Las incre\u00edbles ventajas de la Soluci\u00f3n Blanqueadora de Piel Otesaly<\/h3>\n<p>Este avanzado producto de mesoterapia trata los problemas de pigmentaci\u00f3n de m\u00e1s de una manera, ya que fue producido a trav\u00e9s de un m\u00e9todo de nueva generaci\u00f3n y contiene un excelente c\u00f3ctel de p\u00e9ptidos y vitaminas. Se puede utilizar para:<\/p>\n<ul>\n<li>La eliminaci\u00f3n de las manchas de la edad<\/li>\n<li>Reducci\u00f3n de la hiperpigmentaci\u00f3n<\/li>\n<li>Correcci\u00f3n de la decoloraci\u00f3n de la piel<\/li>\n<li>Hiperpigmentaci\u00f3n causada por una exposici\u00f3n solar prolongada<\/li>\n<\/ul>\n<h3>Tipos de tratamientos<\/h3>\n<p>Otesaly Skin Whitening Solution es un suero aclarador incre\u00edblemente paciente y saludable, pero el tratamiento con este producto siempre debe ser planificado y llevado a cabo por un cl\u00ednico o cirujano pl\u00e1stico acreditado. Dispone de tres planes de tratamiento distintos: uno normal, otro especial y otro que ofrece los mejores y m\u00e1s r\u00e1pidos resultados.<\/p>\n<p>Un tratamiento regular de mesoterapia con esta soluci\u00f3n blanqueadora de la piel de primera clase se realiza con una pluma d\u00e9rmica o una jeringa y cada sesi\u00f3n requiere el uso de 1 vial. Durante el primer mes de la terapia, se administra semanalmente; durante el segundo mes - quincenalmente; durante el tercer mes - mensualmente y despu\u00e9s, se inyecta cada 2-3 meses.<\/p>\n<p>Un tratamiento especial de mesoterapia con este fiable producto inyectable requiere el uso de un rodillo de mesoterapia y se administra de forma m\u00e1s regular. Sin embargo, la opci\u00f3n de tratamiento m\u00e1s eficaz se realiza con una pistola de mesoterapia de forma semanal durante un periodo total de 10 semanas.<\/p>","protected":false},"excerpt":{"rendered":"<p>Ahora parte del cat\u00e1logo de productos de Skin Heal, Otesaly Skin Whitening Solution es un nuevo tipo de soluci\u00f3n profesional de mesoterapia. Este extraordinario suero aclarador de la piel se basa en una tecnolog\u00eda y una f\u00f3rmula innovadoras para eliminar una amplia gama de imperfecciones y problemas de pigmentaci\u00f3n. La mayor\u00eda de los pacientes son capaces de ver los efectos positivos de este tratamiento despu\u00e9s de s\u00f3lo 2-3 sesiones.<\/p>","protected":false},"featured_media":1180,"template":"","meta":[],"product_brand":[],"product_cat":[80,95,96],"product_tag":[],"class_list":{"0":"post-1192","1":"product","2":"type-product","3":"status-publish","4":"has-post-thumbnail","6":"product_cat-mesotherapy","7":"product_cat-otesaly","8":"product_cat-revitacare","9":"clearfix","11":"first","12":"outofstock","13":"taxable","14":"shipping-taxable","15":"product-type-simple"},"yoast_head":"<!-- This site is optimized with the Yoast SEO plugin v27.3 - https:\/\/yoast.com\/product\/yoast-seo-wordpress\/ -->\n<title>Otesaly Skin Whitening Solution (10 vials x 5ml) - Skin Heal<\/title>\n<meta name=\"description\" content=\"With Otesaly Skin Whitening Solution, pigmentation problems stand no chance. Sold by Skin Heal, this skin brightening serum offers a new-gen mesotherapy.\" \/>\n<meta name=\"robots\" content=\"index, follow, max-snippet:-1, max-image-preview:large, max-video-preview:-1\" \/>\n<link rel=\"canonical\" href=\"https:\/\/skin-heal.com\/es\/producto\/otesaly-skin-whitening-solution-10-vials-x-5ml\/\" \/>\n<meta property=\"og:locale\" content=\"es_MX\" \/>\n<meta property=\"og:type\" content=\"article\" \/>\n<meta property=\"og:title\" content=\"Otesaly Skin Whitening Solution (10 vials x 5ml) - Skin Heal\" \/>\n<meta property=\"og:description\" content=\"With Otesaly Skin Whitening Solution, pigmentation problems stand no chance. Sold by Skin Heal, this skin brightening serum offers a new-gen mesotherapy.\" \/>\n<meta property=\"og:url\" content=\"https:\/\/skin-heal.com\/es\/producto\/otesaly-skin-whitening-solution-10-vials-x-5ml\/\" \/>\n<meta property=\"og:site_name\" content=\"Skin Heal\" \/>\n<meta property=\"article:modified_time\" content=\"2020-04-16T13:21:30+00:00\" \/>\n<meta property=\"og:image\" content=\"https:\/\/cdn.skin-heal.com\/wp-content\/uploads\/2019\/02\/OTESALY-Skin-Whitening-Solution.jpg\" \/>\n\t<meta property=\"og:image:width\" content=\"600\" \/>\n\t<meta property=\"og:image:height\" content=\"600\" \/>\n\t<meta property=\"og:image:type\" content=\"image\/jpeg\" \/>\n<meta name=\"twitter:card\" content=\"summary_large_image\" \/>\n<meta name=\"twitter:label1\" content=\"Tiempo de lectura\" \/>\n\t<meta name=\"twitter:data1\" content=\"1 minuto\" \/>\n<script type=\"application\/ld+json\" class=\"yoast-schema-graph\">{\"@context\":\"https:\\\/\\\/schema.org\",\"@graph\":[{\"@type\":\"WebPage\",\"@id\":\"https:\\\/\\\/skin-heal.com\\\/product\\\/otesaly-skin-whitening-solution-10-vials-x-5ml\\\/\",\"url\":\"https:\\\/\\\/skin-heal.com\\\/product\\\/otesaly-skin-whitening-solution-10-vials-x-5ml\\\/\",\"name\":\"Otesaly Skin Whitening Solution (10 vials x 5ml) - Skin Heal\",\"isPartOf\":{\"@id\":\"https:\\\/\\\/skin-heal.com\\\/#website\"},\"primaryImageOfPage\":{\"@id\":\"https:\\\/\\\/skin-heal.com\\\/product\\\/otesaly-skin-whitening-solution-10-vials-x-5ml\\\/#primaryimage\"},\"image\":{\"@id\":\"https:\\\/\\\/skin-heal.com\\\/product\\\/otesaly-skin-whitening-solution-10-vials-x-5ml\\\/#primaryimage\"},\"thumbnailUrl\":\"https:\\\/\\\/skin-heal.com\\\/wp-content\\\/uploads\\\/2019\\\/02\\\/OTESALY-Skin-Whitening-Solution.jpg\",\"datePublished\":\"2019-02-25T09:58:14+00:00\",\"dateModified\":\"2020-04-16T13:21:30+00:00\",\"description\":\"With Otesaly Skin Whitening Solution, pigmentation problems stand no chance. Sold by Skin Heal, this skin brightening serum offers a new-gen mesotherapy.\",\"breadcrumb\":{\"@id\":\"https:\\\/\\\/skin-heal.com\\\/product\\\/otesaly-skin-whitening-solution-10-vials-x-5ml\\\/#breadcrumb\"},\"inLanguage\":\"es\",\"potentialAction\":[{\"@type\":\"ReadAction\",\"target\":[\"https:\\\/\\\/skin-heal.com\\\/product\\\/otesaly-skin-whitening-solution-10-vials-x-5ml\\\/\"]}]},{\"@type\":\"ImageObject\",\"inLanguage\":\"es\",\"@id\":\"https:\\\/\\\/skin-heal.com\\\/product\\\/otesaly-skin-whitening-solution-10-vials-x-5ml\\\/#primaryimage\",\"url\":\"https:\\\/\\\/skin-heal.com\\\/wp-content\\\/uploads\\\/2019\\\/02\\\/OTESALY-Skin-Whitening-Solution.jpg\",\"contentUrl\":\"https:\\\/\\\/skin-heal.com\\\/wp-content\\\/uploads\\\/2019\\\/02\\\/OTESALY-Skin-Whitening-Solution.jpg\",\"width\":600,\"height\":600,\"caption\":\"OTESALY Skin Whitening Solution\"},{\"@type\":\"BreadcrumbList\",\"@id\":\"https:\\\/\\\/skin-heal.com\\\/product\\\/otesaly-skin-whitening-solution-10-vials-x-5ml\\\/#breadcrumb\",\"itemListElement\":[{\"@type\":\"ListItem\",\"position\":1,\"name\":\"Home\",\"item\":\"https:\\\/\\\/skin-heal.com\\\/\"},{\"@type\":\"ListItem\",\"position\":2,\"name\":\"Store\",\"item\":\"https:\\\/\\\/skin-heal.com\\\/store\\\/\"},{\"@type\":\"ListItem\",\"position\":3,\"name\":\"Otesaly Skin Whitening Solution (10 vials x 5ml)\"}]},{\"@type\":\"WebSite\",\"@id\":\"https:\\\/\\\/skin-heal.com\\\/#website\",\"url\":\"https:\\\/\\\/skin-heal.com\\\/\",\"name\":\"Skin Heal\",\"description\":\"Lowest Prices for Dermal Fillers\",\"potentialAction\":[{\"@type\":\"SearchAction\",\"target\":{\"@type\":\"EntryPoint\",\"urlTemplate\":\"https:\\\/\\\/skin-heal.com\\\/?s={search_term_string}\"},\"query-input\":{\"@type\":\"PropertyValueSpecification\",\"valueRequired\":true,\"valueName\":\"search_term_string\"}}],\"inLanguage\":\"es\"}]}<\/script>\n<!-- \/ Yoast SEO plugin. -->","yoast_head_json":{"title":"Otesaly Soluci\u00f3n Blanqueadora de la Piel (10 viales x 5ml) - Skin Heal","description":"Con Otesaly Skin Whitening Solution, los problemas de pigmentaci\u00f3n no tendr\u00e1n ninguna oportunidad. Comercializado por Skin Heal, este suero blanqueador de la piel ofrece una mesoterapia de nueva generaci\u00f3n.","robots":{"index":"index","follow":"follow","max-snippet":"max-snippet:-1","max-image-preview":"max-image-preview:large","max-video-preview":"max-video-preview:-1"},"canonical":"https:\/\/skin-heal.com\/es\/producto\/otesaly-skin-whitening-solution-10-vials-x-5ml\/","og_locale":"es_MX","og_type":"article","og_title":"Otesaly Skin Whitening Solution (10 vials x 5ml) - Skin Heal","og_description":"With Otesaly Skin Whitening Solution, pigmentation problems stand no chance. Sold by Skin Heal, this skin brightening serum offers a new-gen mesotherapy.","og_url":"https:\/\/skin-heal.com\/es\/producto\/otesaly-skin-whitening-solution-10-vials-x-5ml\/","og_site_name":"Skin Heal","article_modified_time":"2020-04-16T13:21:30+00:00","og_image":[{"width":600,"height":600,"url":"https:\/\/cdn.skin-heal.com\/wp-content\/uploads\/2019\/02\/OTESALY-Skin-Whitening-Solution.jpg","type":"image\/jpeg"}],"twitter_card":"summary_large_image","twitter_misc":{"Tiempo de lectura":"1 minuto"},"schema":{"@context":"https:\/\/schema.org","@graph":[{"@type":"WebPage","@id":"https:\/\/skin-heal.com\/product\/otesaly-skin-whitening-solution-10-vials-x-5ml\/","url":"https:\/\/skin-heal.com\/product\/otesaly-skin-whitening-solution-10-vials-x-5ml\/","name":"Otesaly Soluci\u00f3n Blanqueadora de la Piel (10 viales x 5ml) - Skin Heal","isPartOf":{"@id":"https:\/\/skin-heal.com\/#website"},"primaryImageOfPage":{"@id":"https:\/\/skin-heal.com\/product\/otesaly-skin-whitening-solution-10-vials-x-5ml\/#primaryimage"},"image":{"@id":"https:\/\/skin-heal.com\/product\/otesaly-skin-whitening-solution-10-vials-x-5ml\/#primaryimage"},"thumbnailUrl":"https:\/\/cdn.skin-heal.com\/wp-content\/uploads\/2019\/02\/OTESALY-Skin-Whitening-Solution.jpg","datePublished":"2019-02-25T09:58:14+00:00","dateModified":"2020-04-16T13:21:30+00:00","description":"Con Otesaly Skin Whitening Solution, los problemas de pigmentaci\u00f3n no tendr\u00e1n ninguna oportunidad. Comercializado por Skin Heal, este suero blanqueador de la piel ofrece una mesoterapia de nueva generaci\u00f3n.","breadcrumb":{"@id":"https:\/\/skin-heal.com\/product\/otesaly-skin-whitening-solution-10-vials-x-5ml\/#breadcrumb"},"inLanguage":"es","potentialAction":[{"@type":"ReadAction","target":["https:\/\/skin-heal.com\/product\/otesaly-skin-whitening-solution-10-vials-x-5ml\/"]}]},{"@type":"ImageObject","inLanguage":"es","@id":"https:\/\/skin-heal.com\/product\/otesaly-skin-whitening-solution-10-vials-x-5ml\/#primaryimage","url":"https:\/\/cdn.skin-heal.com\/wp-content\/uploads\/2019\/02\/OTESALY-Skin-Whitening-Solution.jpg","contentUrl":"https:\/\/cdn.skin-heal.com\/wp-content\/uploads\/2019\/02\/OTESALY-Skin-Whitening-Solution.jpg","width":600,"height":600,"caption":"OTESALY Skin Whitening Solution"},{"@type":"BreadcrumbList","@id":"https:\/\/skin-heal.com\/product\/otesaly-skin-whitening-solution-10-vials-x-5ml\/#breadcrumb","itemListElement":[{"@type":"ListItem","position":1,"name":"Home","item":"https:\/\/skin-heal.com\/"},{"@type":"ListItem","position":2,"name":"Store","item":"https:\/\/skin-heal.com\/store\/"},{"@type":"ListItem","position":3,"name":"Otesaly Skin Whitening Solution (10 vials x 5ml)"}]},{"@type":"WebSite","@id":"https:\/\/skin-heal.com\/#website","url":"https:\/\/skin-heal.com\/","name":"Curaci\u00f3n de la piel","description":"Los precios m\u00e1s bajos para los rellenos d\u00e9rmicos","potentialAction":[{"@type":"SearchAction","target":{"@type":"EntryPoint","urlTemplate":"https:\/\/skin-heal.com\/?s={search_term_string}"},"query-input":{"@type":"PropertyValueSpecification","valueRequired":true,"valueName":"search_term_string"}}],"inLanguage":"es"}]}},"_links":{"self":[{"href":"https:\/\/skin-heal.com\/es\/wp-json\/wp\/v2\/product\/1192","targetHints":{"allow":["GET"]}}],"collection":[{"href":"https:\/\/skin-heal.com\/es\/wp-json\/wp\/v2\/product"}],"about":[{"href":"https:\/\/skin-heal.com\/es\/wp-json\/wp\/v2\/types\/product"}],"wp:featuredmedia":[{"embeddable":true,"href":"https:\/\/skin-heal.com\/es\/wp-json\/wp\/v2\/media\/1180"}],"wp:attachment":[{"href":"https:\/\/skin-heal.com\/es\/wp-json\/wp\/v2\/media?parent=1192"}],"wp:term":[{"taxonomy":"product_brand","embeddable":true,"href":"https:\/\/skin-heal.com\/es\/wp-json\/wp\/v2\/product_brand?post=1192"},{"taxonomy":"product_cat","embeddable":true,"href":"https:\/\/skin-heal.com\/es\/wp-json\/wp\/v2\/product_cat?post=1192"},{"taxonomy":"product_tag","embeddable":true,"href":"https:\/\/skin-heal.com\/es\/wp-json\/wp\/v2\/product_tag?post=1192"}],"curies":[{"name":"wp","href":"https:\/\/api.w.org\/{rel}","templated":true}]}}