{"id":1193,"date":"2019-02-25T09:57:49","date_gmt":"2019-02-25T09:57:49","guid":{"rendered":"https:\/\/skin-heal.com\/?post_type=product&#038;p=1193"},"modified":"2020-04-16T13:21:31","modified_gmt":"2020-04-16T13:21:31","slug":"otesaly-skin-rejuvenating-solution-10-vials-x-5ml","status":"publish","type":"product","link":"https:\/\/skin-heal.com\/es\/producto\/otesaly-skin-rejuvenating-solution-10-vials-x-5ml\/","title":{"rendered":"Otesaly Soluci\u00f3n Rejuvenecedora de la Piel (10 viales x 5ml)"},"content":{"rendered":"<h3>\u00bfExisten riesgos o efectos secundarios?<\/h3>\n<p>Otesaly Skin Rejuvenating Solution es uno de los productos de mesoterapia facial general m\u00e1s seguros que se pueden comprar hoy en d\u00eda. Contiene \u00c1cido Hialur\u00f3nico (3%) de excelente calidad. Esta es una sustancia clave que ayuda a los tejidos blandos y a la piel a mantenerse bien hidratados y se encuentra de forma natural en el organismo humano. Dado que el AH de este producto es completamente biodegradable y no es de origen animal, ser\u00e1 totalmente descompuesto y absorbido por los tejidos blandos y no provoca efectos secundarios graves o duraderos, si es que los hay. Los otros componentes que conforman esta avanzada soluci\u00f3n cosm\u00e9tica de rejuvenecimiento son minerales, vitaminas, amino\u00e1cidos y p\u00e9ptidos biomim\u00e9ticos, todos ellos biol\u00f3gicamente compatibles y seguros.<\/p>\n<ul>\n<li>M\u00ednimamente invasivo y no quir\u00fargico<\/li>\n<li>Casi no hay dolor ni molestias durante el tratamiento<\/li>\n<li>Los efectos adversos suelen ser poco frecuentes y muy leves<\/li>\n<li>Completamente biocompatible y biodegradable<\/li>\n<li>Seguro, probado y de confianza<\/li>\n<\/ul>\n<h3>Combate los signos de envejecimiento en muchos niveles diferentes<\/h3>\n<p>Desde alisar las l\u00edneas y arrugas faciales superficiales y restaurar el hidrobalance y la elasticidad de la piel hasta corregir los poros dilatados y las cicatrices del acn\u00e9, la Soluci\u00f3n Rejuvenecedora de la Piel Otesaly har\u00e1 retroceder las manos del tiempo eliminando tanto las imperfecciones como los signos de envejecimiento que han comenzado a formarse en la capa superficial y\/o media de la piel. Los primeros resultados se pueden notar y sentir despu\u00e9s de s\u00f3lo 6 semanas.<\/p>","protected":false},"excerpt":{"rendered":"<p>La Soluci\u00f3n Rejuvenecedora de la Piel Otesaly es un producto de mesoterapia antienvejecimiento incre\u00edble y altamente eficaz que estimula el crecimiento de nuevas c\u00e9lulas para proporcionar a los pacientes una eliminaci\u00f3n visible de las l\u00edneas finas. Dise\u00f1ado y producido por Guangzhou Aoma Company, utiliza las propiedades hidratantes naturales del \u00c1cido Hialur\u00f3nico de primera calidad y los poderes de rejuvenecimiento cosm\u00e9tico sin riesgo de los p\u00e9ptidos biomim\u00e9ticos para restaurar la elasticidad de la piel. Ya est\u00e1 disponible en el sitio web de Skin Heal.<\/p>","protected":false},"featured_media":1179,"template":"","meta":[],"product_brand":[],"product_cat":[80,95,96],"product_tag":[],"class_list":{"0":"post-1193","1":"product","2":"type-product","3":"status-publish","4":"has-post-thumbnail","6":"product_cat-mesotherapy","7":"product_cat-otesaly","8":"product_cat-revitacare","9":"clearfix","11":"first","12":"outofstock","13":"taxable","14":"shipping-taxable","15":"product-type-simple"},"yoast_head":"<!-- This site is optimized with the Yoast SEO plugin v27.5 - https:\/\/yoast.com\/product\/yoast-seo-wordpress\/ -->\n<title>Otesaly Skin Rejuvenating Solution (10 vials x 5ml) - Skin Heal<\/title>\n<meta name=\"description\" content=\"Otesaly Skin Rejuvenating Solution, sold by Skin Heal, is a powerful mesotherapy product that corrects fine lines and quickly rejuvenates the skin.\" \/>\n<meta name=\"robots\" content=\"index, follow, max-snippet:-1, max-image-preview:large, max-video-preview:-1\" \/>\n<link rel=\"canonical\" href=\"https:\/\/skin-heal.com\/es\/producto\/otesaly-skin-rejuvenating-solution-10-vials-x-5ml\/\" \/>\n<meta property=\"og:locale\" content=\"es_MX\" \/>\n<meta property=\"og:type\" content=\"article\" \/>\n<meta property=\"og:title\" content=\"Otesaly Skin Rejuvenating Solution (10 vials x 5ml) - Skin Heal\" \/>\n<meta property=\"og:description\" content=\"Otesaly Skin Rejuvenating Solution, sold by Skin Heal, is a powerful mesotherapy product that corrects fine lines and quickly rejuvenates the skin.\" \/>\n<meta property=\"og:url\" content=\"https:\/\/skin-heal.com\/es\/producto\/otesaly-skin-rejuvenating-solution-10-vials-x-5ml\/\" \/>\n<meta property=\"og:site_name\" content=\"Skin Heal\" \/>\n<meta property=\"article:modified_time\" content=\"2020-04-16T13:21:31+00:00\" \/>\n<meta property=\"og:image\" content=\"https:\/\/cdn.skin-heal.com\/wp-content\/uploads\/2019\/02\/OTESALY-Skin-Rejuvenating-Solution.jpg\" \/>\n\t<meta property=\"og:image:width\" content=\"600\" \/>\n\t<meta property=\"og:image:height\" content=\"600\" \/>\n\t<meta property=\"og:image:type\" content=\"image\/jpeg\" \/>\n<meta name=\"twitter:card\" content=\"summary_large_image\" \/>\n<meta name=\"twitter:label1\" content=\"Tiempo de lectura\" \/>\n\t<meta name=\"twitter:data1\" content=\"1 minuto\" \/>\n<script type=\"application\/ld+json\" class=\"yoast-schema-graph\">{\"@context\":\"https:\\\/\\\/schema.org\",\"@graph\":[{\"@type\":\"WebPage\",\"@id\":\"https:\\\/\\\/skin-heal.com\\\/product\\\/otesaly-skin-rejuvenating-solution-10-vials-x-5ml\\\/\",\"url\":\"https:\\\/\\\/skin-heal.com\\\/product\\\/otesaly-skin-rejuvenating-solution-10-vials-x-5ml\\\/\",\"name\":\"Otesaly Skin Rejuvenating Solution (10 vials x 5ml) - Skin Heal\",\"isPartOf\":{\"@id\":\"https:\\\/\\\/skin-heal.com\\\/#website\"},\"primaryImageOfPage\":{\"@id\":\"https:\\\/\\\/skin-heal.com\\\/product\\\/otesaly-skin-rejuvenating-solution-10-vials-x-5ml\\\/#primaryimage\"},\"image\":{\"@id\":\"https:\\\/\\\/skin-heal.com\\\/product\\\/otesaly-skin-rejuvenating-solution-10-vials-x-5ml\\\/#primaryimage\"},\"thumbnailUrl\":\"https:\\\/\\\/skin-heal.com\\\/wp-content\\\/uploads\\\/2019\\\/02\\\/OTESALY-Skin-Rejuvenating-Solution.jpg\",\"datePublished\":\"2019-02-25T09:57:49+00:00\",\"dateModified\":\"2020-04-16T13:21:31+00:00\",\"description\":\"Otesaly Skin Rejuvenating Solution, sold by Skin Heal, is a powerful mesotherapy product that corrects fine lines and quickly rejuvenates the skin.\",\"breadcrumb\":{\"@id\":\"https:\\\/\\\/skin-heal.com\\\/product\\\/otesaly-skin-rejuvenating-solution-10-vials-x-5ml\\\/#breadcrumb\"},\"inLanguage\":\"es\",\"potentialAction\":[{\"@type\":\"ReadAction\",\"target\":[\"https:\\\/\\\/skin-heal.com\\\/product\\\/otesaly-skin-rejuvenating-solution-10-vials-x-5ml\\\/\"]}]},{\"@type\":\"ImageObject\",\"inLanguage\":\"es\",\"@id\":\"https:\\\/\\\/skin-heal.com\\\/product\\\/otesaly-skin-rejuvenating-solution-10-vials-x-5ml\\\/#primaryimage\",\"url\":\"https:\\\/\\\/skin-heal.com\\\/wp-content\\\/uploads\\\/2019\\\/02\\\/OTESALY-Skin-Rejuvenating-Solution.jpg\",\"contentUrl\":\"https:\\\/\\\/skin-heal.com\\\/wp-content\\\/uploads\\\/2019\\\/02\\\/OTESALY-Skin-Rejuvenating-Solution.jpg\",\"width\":600,\"height\":600,\"caption\":\"OTESALY Skin Rejuvenating Solution\"},{\"@type\":\"BreadcrumbList\",\"@id\":\"https:\\\/\\\/skin-heal.com\\\/product\\\/otesaly-skin-rejuvenating-solution-10-vials-x-5ml\\\/#breadcrumb\",\"itemListElement\":[{\"@type\":\"ListItem\",\"position\":1,\"name\":\"Home\",\"item\":\"https:\\\/\\\/skin-heal.com\\\/\"},{\"@type\":\"ListItem\",\"position\":2,\"name\":\"Store\",\"item\":\"https:\\\/\\\/skin-heal.com\\\/store\\\/\"},{\"@type\":\"ListItem\",\"position\":3,\"name\":\"Otesaly Skin Rejuvenating Solution (10 vials x 5ml)\"}]},{\"@type\":\"WebSite\",\"@id\":\"https:\\\/\\\/skin-heal.com\\\/#website\",\"url\":\"https:\\\/\\\/skin-heal.com\\\/\",\"name\":\"Skin Heal\",\"description\":\"Lowest Prices for Dermal Fillers\",\"potentialAction\":[{\"@type\":\"SearchAction\",\"target\":{\"@type\":\"EntryPoint\",\"urlTemplate\":\"https:\\\/\\\/skin-heal.com\\\/?s={search_term_string}\"},\"query-input\":{\"@type\":\"PropertyValueSpecification\",\"valueRequired\":true,\"valueName\":\"search_term_string\"}}],\"inLanguage\":\"es\"}]}<\/script>\n<!-- \/ Yoast SEO plugin. -->","yoast_head_json":{"title":"Otesaly Soluci\u00f3n Rejuvenecedora de la Piel (10 viales x 5ml) - Skin Heal","description":"Otesaly Skin Rejuvenating Solution, comercializado por Skin Heal, es un potente producto de mesoterapia que corrige las l\u00edneas de expresi\u00f3n y rejuvenece r\u00e1pidamente la piel.","robots":{"index":"index","follow":"follow","max-snippet":"max-snippet:-1","max-image-preview":"max-image-preview:large","max-video-preview":"max-video-preview:-1"},"canonical":"https:\/\/skin-heal.com\/es\/producto\/otesaly-skin-rejuvenating-solution-10-vials-x-5ml\/","og_locale":"es_MX","og_type":"article","og_title":"Otesaly Skin Rejuvenating Solution (10 vials x 5ml) - Skin Heal","og_description":"Otesaly Skin Rejuvenating Solution, sold by Skin Heal, is a powerful mesotherapy product that corrects fine lines and quickly rejuvenates the skin.","og_url":"https:\/\/skin-heal.com\/es\/producto\/otesaly-skin-rejuvenating-solution-10-vials-x-5ml\/","og_site_name":"Skin Heal","article_modified_time":"2020-04-16T13:21:31+00:00","og_image":[{"width":600,"height":600,"url":"https:\/\/cdn.skin-heal.com\/wp-content\/uploads\/2019\/02\/OTESALY-Skin-Rejuvenating-Solution.jpg","type":"image\/jpeg"}],"twitter_card":"summary_large_image","twitter_misc":{"Tiempo de lectura":"1 minuto"},"schema":{"@context":"https:\/\/schema.org","@graph":[{"@type":"WebPage","@id":"https:\/\/skin-heal.com\/product\/otesaly-skin-rejuvenating-solution-10-vials-x-5ml\/","url":"https:\/\/skin-heal.com\/product\/otesaly-skin-rejuvenating-solution-10-vials-x-5ml\/","name":"Otesaly Soluci\u00f3n Rejuvenecedora de la Piel (10 viales x 5ml) - Skin Heal","isPartOf":{"@id":"https:\/\/skin-heal.com\/#website"},"primaryImageOfPage":{"@id":"https:\/\/skin-heal.com\/product\/otesaly-skin-rejuvenating-solution-10-vials-x-5ml\/#primaryimage"},"image":{"@id":"https:\/\/skin-heal.com\/product\/otesaly-skin-rejuvenating-solution-10-vials-x-5ml\/#primaryimage"},"thumbnailUrl":"https:\/\/cdn.skin-heal.com\/wp-content\/uploads\/2019\/02\/OTESALY-Skin-Rejuvenating-Solution.jpg","datePublished":"2019-02-25T09:57:49+00:00","dateModified":"2020-04-16T13:21:31+00:00","description":"Otesaly Skin Rejuvenating Solution, comercializado por Skin Heal, es un potente producto de mesoterapia que corrige las l\u00edneas de expresi\u00f3n y rejuvenece r\u00e1pidamente la piel.","breadcrumb":{"@id":"https:\/\/skin-heal.com\/product\/otesaly-skin-rejuvenating-solution-10-vials-x-5ml\/#breadcrumb"},"inLanguage":"es","potentialAction":[{"@type":"ReadAction","target":["https:\/\/skin-heal.com\/product\/otesaly-skin-rejuvenating-solution-10-vials-x-5ml\/"]}]},{"@type":"ImageObject","inLanguage":"es","@id":"https:\/\/skin-heal.com\/product\/otesaly-skin-rejuvenating-solution-10-vials-x-5ml\/#primaryimage","url":"https:\/\/cdn.skin-heal.com\/wp-content\/uploads\/2019\/02\/OTESALY-Skin-Rejuvenating-Solution.jpg","contentUrl":"https:\/\/cdn.skin-heal.com\/wp-content\/uploads\/2019\/02\/OTESALY-Skin-Rejuvenating-Solution.jpg","width":600,"height":600,"caption":"OTESALY Skin Rejuvenating Solution"},{"@type":"BreadcrumbList","@id":"https:\/\/skin-heal.com\/product\/otesaly-skin-rejuvenating-solution-10-vials-x-5ml\/#breadcrumb","itemListElement":[{"@type":"ListItem","position":1,"name":"Home","item":"https:\/\/skin-heal.com\/"},{"@type":"ListItem","position":2,"name":"Store","item":"https:\/\/skin-heal.com\/store\/"},{"@type":"ListItem","position":3,"name":"Otesaly Skin Rejuvenating Solution (10 vials x 5ml)"}]},{"@type":"WebSite","@id":"https:\/\/skin-heal.com\/#website","url":"https:\/\/skin-heal.com\/","name":"Curaci\u00f3n de la piel","description":"Los precios m\u00e1s bajos para los rellenos d\u00e9rmicos","potentialAction":[{"@type":"SearchAction","target":{"@type":"EntryPoint","urlTemplate":"https:\/\/skin-heal.com\/?s={search_term_string}"},"query-input":{"@type":"PropertyValueSpecification","valueRequired":true,"valueName":"search_term_string"}}],"inLanguage":"es"}]}},"_links":{"self":[{"href":"https:\/\/skin-heal.com\/es\/wp-json\/wp\/v2\/product\/1193","targetHints":{"allow":["GET"]}}],"collection":[{"href":"https:\/\/skin-heal.com\/es\/wp-json\/wp\/v2\/product"}],"about":[{"href":"https:\/\/skin-heal.com\/es\/wp-json\/wp\/v2\/types\/product"}],"wp:featuredmedia":[{"embeddable":true,"href":"https:\/\/skin-heal.com\/es\/wp-json\/wp\/v2\/media\/1179"}],"wp:attachment":[{"href":"https:\/\/skin-heal.com\/es\/wp-json\/wp\/v2\/media?parent=1193"}],"wp:term":[{"taxonomy":"product_brand","embeddable":true,"href":"https:\/\/skin-heal.com\/es\/wp-json\/wp\/v2\/product_brand?post=1193"},{"taxonomy":"product_cat","embeddable":true,"href":"https:\/\/skin-heal.com\/es\/wp-json\/wp\/v2\/product_cat?post=1193"},{"taxonomy":"product_tag","embeddable":true,"href":"https:\/\/skin-heal.com\/es\/wp-json\/wp\/v2\/product_tag?post=1193"}],"curies":[{"name":"wp","href":"https:\/\/api.w.org\/{rel}","templated":true}]}}