{"id":1194,"date":"2019-02-25T09:58:27","date_gmt":"2019-02-25T09:58:27","guid":{"rendered":"https:\/\/skin-heal.com\/?post_type=product&#038;p=1194"},"modified":"2020-04-16T13:21:30","modified_gmt":"2020-04-16T13:21:30","slug":"otesaly-lipolytic-solution-10-vials-x-5ml","status":"publish","type":"product","link":"https:\/\/skin-heal.com\/es\/producto\/otesaly-lipolytic-solution-10-vials-x-5ml\/","title":{"rendered":"Otesaly Soluci\u00f3n Lipol\u00edtica (10 viales x 5ml)"},"content":{"rendered":"<h3>\u00bfQu\u00e9 contiene?<\/h3>\n<ul>\n<li><strong>IGF-1 (factor de crecimiento similar a la insulina)<\/strong><\/li>\n<li><strong>L-Carnitina<\/strong><\/li>\n<li><strong>Amino\u00e1cidos<\/strong><\/li>\n<li><strong>Fosfatidilcolina<\/strong><\/li>\n<li><strong>Minerales<\/strong><\/li>\n<li><strong>Multivitaminas<\/strong><\/li>\n<\/ul>\n<p>Todas las sustancias que se encuentran en la Soluci\u00f3n Lipol\u00edtica Otesaly est\u00e1n aprobadas para su uso tanto en Estados Unidos (por la FDA) como en Europa (por la EDQM). Las materias primas utilizadas para su producci\u00f3n son del m\u00e1s alto grado m\u00e9dico posible y han sido probadas exhaustivamente. Como resultado, esta innovadora soluci\u00f3n para quemar grasa puede aplicarse de forma segura en los tejidos blandos sin que se produzcan complicaciones, efectos secundarios graves o duraderos, ni siquiera tiempo de inactividad.<\/p>\n<h3>Tratamiento especial con Otesaly Soluci\u00f3n Lipol\u00edtica<\/h3>\n<ul>\n<li>2 sesiones semanales durante un mes<\/li>\n<li>1 sesi\u00f3n semanal en el segundo mes de tratamiento<\/li>\n<li>1 sesi\u00f3n quincenal durante el tercer mes<\/li>\n<li>1 sesi\u00f3n mensual o bimensual a partir del cuarto mes<\/li>\n<\/ul>\n<p>Con este protocolo de tratamiento, los efectos llegan r\u00e1pidamente y tanto los pacientes masculinos como los femeninos disfrutar\u00e1n de un cuerpo m\u00e1s delgado y bien moldeado, una reducci\u00f3n de la celulitis e incluso una mejora de la elasticidad de la piel y un aumento de la producci\u00f3n de col\u00e1geno. Por lo tanto, esta magn\u00edfica soluci\u00f3n de mesoterapia ofrece resultados tanto de adelgazamiento como de rejuvenecimiento.<\/p>","protected":false},"excerpt":{"rendered":"<p>Cuando las dietas no parecen funcionar y cuando la cirug\u00eda pl\u00e1stica no es una opci\u00f3n, la Soluci\u00f3n Lipol\u00edtica Otesaly interviene para salvar el d\u00eda. Este producto de mesoterapia de alta calidad tiene efectos garantizados de quema de grasa e incluso la celulitis no tiene ninguna oportunidad contra su s\u00f3lida f\u00f3rmula de p\u00e9ptidos, minerales, amino\u00e1cidos y vitaminas. Cons\u00edgalo en Skin Heal y disfrute de un asiento de primera fila para sus impresionantes poderes de adelgazamiento del tejido graso.<\/p>","protected":false},"featured_media":1178,"template":"","meta":[],"product_brand":[],"product_cat":[80,95,96],"product_tag":[],"class_list":{"0":"post-1194","1":"product","2":"type-product","3":"status-publish","4":"has-post-thumbnail","6":"product_cat-mesotherapy","7":"product_cat-otesaly","8":"product_cat-revitacare","9":"clearfix","11":"first","12":"outofstock","13":"taxable","14":"shipping-taxable","15":"product-type-simple"},"yoast_head":"<!-- This site is optimized with the Yoast SEO plugin v27.3 - https:\/\/yoast.com\/product\/yoast-seo-wordpress\/ -->\n<title>Otesaly Lipolytic Solution (10 vials x 5ml) - Skin Heal<\/title>\n<meta name=\"description\" content=\"Sold by Skin Heal, Otesaly Lipolytic Solution is a superb mesotherapy product that burns fat and cellulite and boosts skin\u2019s elasticity and collagen levels.\" \/>\n<meta name=\"robots\" content=\"index, follow, max-snippet:-1, max-image-preview:large, max-video-preview:-1\" \/>\n<link rel=\"canonical\" href=\"https:\/\/skin-heal.com\/es\/producto\/otesaly-lipolytic-solution-10-vials-x-5ml\/\" \/>\n<meta property=\"og:locale\" content=\"es_MX\" \/>\n<meta property=\"og:type\" content=\"article\" \/>\n<meta property=\"og:title\" content=\"Otesaly Lipolytic Solution (10 vials x 5ml) - Skin Heal\" \/>\n<meta property=\"og:description\" content=\"Sold by Skin Heal, Otesaly Lipolytic Solution is a superb mesotherapy product that burns fat and cellulite and boosts skin\u2019s elasticity and collagen levels.\" \/>\n<meta property=\"og:url\" content=\"https:\/\/skin-heal.com\/es\/producto\/otesaly-lipolytic-solution-10-vials-x-5ml\/\" \/>\n<meta property=\"og:site_name\" content=\"Skin Heal\" \/>\n<meta property=\"article:modified_time\" content=\"2020-04-16T13:21:30+00:00\" \/>\n<meta property=\"og:image\" content=\"https:\/\/cdn.skin-heal.com\/wp-content\/uploads\/2019\/02\/OTESALY-Lipolytic-Solution.jpg\" \/>\n\t<meta property=\"og:image:width\" content=\"600\" \/>\n\t<meta property=\"og:image:height\" content=\"600\" \/>\n\t<meta property=\"og:image:type\" content=\"image\/jpeg\" \/>\n<meta name=\"twitter:card\" content=\"summary_large_image\" \/>\n<meta name=\"twitter:label1\" content=\"Tiempo de lectura\" \/>\n\t<meta name=\"twitter:data1\" content=\"1 minuto\" \/>\n<script type=\"application\/ld+json\" class=\"yoast-schema-graph\">{\"@context\":\"https:\\\/\\\/schema.org\",\"@graph\":[{\"@type\":\"WebPage\",\"@id\":\"https:\\\/\\\/skin-heal.com\\\/product\\\/otesaly-lipolytic-solution-10-vials-x-5ml\\\/\",\"url\":\"https:\\\/\\\/skin-heal.com\\\/product\\\/otesaly-lipolytic-solution-10-vials-x-5ml\\\/\",\"name\":\"Otesaly Lipolytic Solution (10 vials x 5ml) - Skin Heal\",\"isPartOf\":{\"@id\":\"https:\\\/\\\/skin-heal.com\\\/#website\"},\"primaryImageOfPage\":{\"@id\":\"https:\\\/\\\/skin-heal.com\\\/product\\\/otesaly-lipolytic-solution-10-vials-x-5ml\\\/#primaryimage\"},\"image\":{\"@id\":\"https:\\\/\\\/skin-heal.com\\\/product\\\/otesaly-lipolytic-solution-10-vials-x-5ml\\\/#primaryimage\"},\"thumbnailUrl\":\"https:\\\/\\\/skin-heal.com\\\/wp-content\\\/uploads\\\/2019\\\/02\\\/OTESALY-Lipolytic-Solution.jpg\",\"datePublished\":\"2019-02-25T09:58:27+00:00\",\"dateModified\":\"2020-04-16T13:21:30+00:00\",\"description\":\"Sold by Skin Heal, Otesaly Lipolytic Solution is a superb mesotherapy product that burns fat and cellulite and boosts skin\u2019s elasticity and collagen levels.\",\"breadcrumb\":{\"@id\":\"https:\\\/\\\/skin-heal.com\\\/product\\\/otesaly-lipolytic-solution-10-vials-x-5ml\\\/#breadcrumb\"},\"inLanguage\":\"es\",\"potentialAction\":[{\"@type\":\"ReadAction\",\"target\":[\"https:\\\/\\\/skin-heal.com\\\/product\\\/otesaly-lipolytic-solution-10-vials-x-5ml\\\/\"]}]},{\"@type\":\"ImageObject\",\"inLanguage\":\"es\",\"@id\":\"https:\\\/\\\/skin-heal.com\\\/product\\\/otesaly-lipolytic-solution-10-vials-x-5ml\\\/#primaryimage\",\"url\":\"https:\\\/\\\/skin-heal.com\\\/wp-content\\\/uploads\\\/2019\\\/02\\\/OTESALY-Lipolytic-Solution.jpg\",\"contentUrl\":\"https:\\\/\\\/skin-heal.com\\\/wp-content\\\/uploads\\\/2019\\\/02\\\/OTESALY-Lipolytic-Solution.jpg\",\"width\":600,\"height\":600,\"caption\":\"OTESALY Lipolytic Solution\"},{\"@type\":\"BreadcrumbList\",\"@id\":\"https:\\\/\\\/skin-heal.com\\\/product\\\/otesaly-lipolytic-solution-10-vials-x-5ml\\\/#breadcrumb\",\"itemListElement\":[{\"@type\":\"ListItem\",\"position\":1,\"name\":\"Home\",\"item\":\"https:\\\/\\\/skin-heal.com\\\/\"},{\"@type\":\"ListItem\",\"position\":2,\"name\":\"Store\",\"item\":\"https:\\\/\\\/skin-heal.com\\\/store\\\/\"},{\"@type\":\"ListItem\",\"position\":3,\"name\":\"Otesaly Lipolytic Solution (10 vials x 5ml)\"}]},{\"@type\":\"WebSite\",\"@id\":\"https:\\\/\\\/skin-heal.com\\\/#website\",\"url\":\"https:\\\/\\\/skin-heal.com\\\/\",\"name\":\"Skin Heal\",\"description\":\"Lowest Prices for Dermal Fillers\",\"potentialAction\":[{\"@type\":\"SearchAction\",\"target\":{\"@type\":\"EntryPoint\",\"urlTemplate\":\"https:\\\/\\\/skin-heal.com\\\/?s={search_term_string}\"},\"query-input\":{\"@type\":\"PropertyValueSpecification\",\"valueRequired\":true,\"valueName\":\"search_term_string\"}}],\"inLanguage\":\"es\"}]}<\/script>\n<!-- \/ Yoast SEO plugin. -->","yoast_head_json":{"title":"Otesaly Soluci\u00f3n Lipol\u00edtica (10 viales x 5ml) - Skin Heal","description":"Comercializado por Skin Heal, Otesaly Lipolytic Solution es un excelente producto de mesoterapia que quema la grasa y la celulitis y aumenta la elasticidad de la piel y los niveles de col\u00e1geno.","robots":{"index":"index","follow":"follow","max-snippet":"max-snippet:-1","max-image-preview":"max-image-preview:large","max-video-preview":"max-video-preview:-1"},"canonical":"https:\/\/skin-heal.com\/es\/producto\/otesaly-lipolytic-solution-10-vials-x-5ml\/","og_locale":"es_MX","og_type":"article","og_title":"Otesaly Lipolytic Solution (10 vials x 5ml) - Skin Heal","og_description":"Sold by Skin Heal, Otesaly Lipolytic Solution is a superb mesotherapy product that burns fat and cellulite and boosts skin\u2019s elasticity and collagen levels.","og_url":"https:\/\/skin-heal.com\/es\/producto\/otesaly-lipolytic-solution-10-vials-x-5ml\/","og_site_name":"Skin Heal","article_modified_time":"2020-04-16T13:21:30+00:00","og_image":[{"width":600,"height":600,"url":"https:\/\/cdn.skin-heal.com\/wp-content\/uploads\/2019\/02\/OTESALY-Lipolytic-Solution.jpg","type":"image\/jpeg"}],"twitter_card":"summary_large_image","twitter_misc":{"Tiempo de lectura":"1 minuto"},"schema":{"@context":"https:\/\/schema.org","@graph":[{"@type":"WebPage","@id":"https:\/\/skin-heal.com\/product\/otesaly-lipolytic-solution-10-vials-x-5ml\/","url":"https:\/\/skin-heal.com\/product\/otesaly-lipolytic-solution-10-vials-x-5ml\/","name":"Otesaly Soluci\u00f3n Lipol\u00edtica (10 viales x 5ml) - Skin Heal","isPartOf":{"@id":"https:\/\/skin-heal.com\/#website"},"primaryImageOfPage":{"@id":"https:\/\/skin-heal.com\/product\/otesaly-lipolytic-solution-10-vials-x-5ml\/#primaryimage"},"image":{"@id":"https:\/\/skin-heal.com\/product\/otesaly-lipolytic-solution-10-vials-x-5ml\/#primaryimage"},"thumbnailUrl":"https:\/\/cdn.skin-heal.com\/wp-content\/uploads\/2019\/02\/OTESALY-Lipolytic-Solution.jpg","datePublished":"2019-02-25T09:58:27+00:00","dateModified":"2020-04-16T13:21:30+00:00","description":"Comercializado por Skin Heal, Otesaly Lipolytic Solution es un excelente producto de mesoterapia que quema la grasa y la celulitis y aumenta la elasticidad de la piel y los niveles de col\u00e1geno.","breadcrumb":{"@id":"https:\/\/skin-heal.com\/product\/otesaly-lipolytic-solution-10-vials-x-5ml\/#breadcrumb"},"inLanguage":"es","potentialAction":[{"@type":"ReadAction","target":["https:\/\/skin-heal.com\/product\/otesaly-lipolytic-solution-10-vials-x-5ml\/"]}]},{"@type":"ImageObject","inLanguage":"es","@id":"https:\/\/skin-heal.com\/product\/otesaly-lipolytic-solution-10-vials-x-5ml\/#primaryimage","url":"https:\/\/cdn.skin-heal.com\/wp-content\/uploads\/2019\/02\/OTESALY-Lipolytic-Solution.jpg","contentUrl":"https:\/\/cdn.skin-heal.com\/wp-content\/uploads\/2019\/02\/OTESALY-Lipolytic-Solution.jpg","width":600,"height":600,"caption":"OTESALY Lipolytic Solution"},{"@type":"BreadcrumbList","@id":"https:\/\/skin-heal.com\/product\/otesaly-lipolytic-solution-10-vials-x-5ml\/#breadcrumb","itemListElement":[{"@type":"ListItem","position":1,"name":"Home","item":"https:\/\/skin-heal.com\/"},{"@type":"ListItem","position":2,"name":"Store","item":"https:\/\/skin-heal.com\/store\/"},{"@type":"ListItem","position":3,"name":"Otesaly Lipolytic Solution (10 vials x 5ml)"}]},{"@type":"WebSite","@id":"https:\/\/skin-heal.com\/#website","url":"https:\/\/skin-heal.com\/","name":"Curaci\u00f3n de la piel","description":"Los precios m\u00e1s bajos para los rellenos d\u00e9rmicos","potentialAction":[{"@type":"SearchAction","target":{"@type":"EntryPoint","urlTemplate":"https:\/\/skin-heal.com\/?s={search_term_string}"},"query-input":{"@type":"PropertyValueSpecification","valueRequired":true,"valueName":"search_term_string"}}],"inLanguage":"es"}]}},"_links":{"self":[{"href":"https:\/\/skin-heal.com\/es\/wp-json\/wp\/v2\/product\/1194","targetHints":{"allow":["GET"]}}],"collection":[{"href":"https:\/\/skin-heal.com\/es\/wp-json\/wp\/v2\/product"}],"about":[{"href":"https:\/\/skin-heal.com\/es\/wp-json\/wp\/v2\/types\/product"}],"wp:featuredmedia":[{"embeddable":true,"href":"https:\/\/skin-heal.com\/es\/wp-json\/wp\/v2\/media\/1178"}],"wp:attachment":[{"href":"https:\/\/skin-heal.com\/es\/wp-json\/wp\/v2\/media?parent=1194"}],"wp:term":[{"taxonomy":"product_brand","embeddable":true,"href":"https:\/\/skin-heal.com\/es\/wp-json\/wp\/v2\/product_brand?post=1194"},{"taxonomy":"product_cat","embeddable":true,"href":"https:\/\/skin-heal.com\/es\/wp-json\/wp\/v2\/product_cat?post=1194"},{"taxonomy":"product_tag","embeddable":true,"href":"https:\/\/skin-heal.com\/es\/wp-json\/wp\/v2\/product_tag?post=1194"}],"curies":[{"name":"wp","href":"https:\/\/api.w.org\/{rel}","templated":true}]}}