{"id":11949,"date":"2019-10-30T16:00:42","date_gmt":"2019-10-30T16:00:42","guid":{"rendered":"https:\/\/skin-heal.com\/?post_type=product&#038;p=11949"},"modified":"2021-10-28T12:08:29","modified_gmt":"2021-10-28T12:08:29","slug":"gana-pfs-peptide-filler-1-x-1-2ml","status":"publish","type":"product","link":"https:\/\/skin-heal.com\/es\/producto\/gana-pfs-peptide-filler-1-x-1-2ml\/","title":{"rendered":"Relleno de p\u00e9ptidos GANA PFS (1 x 1,2ml)"},"content":{"rendered":"<h3>\u00bfQu\u00e9 es un relleno pept\u00eddico de calidad?<\/h3>\n<p>GANA PFS contiene 20mg\/ml de \u00e1cido hialur\u00f3nico reticulado. Entonces, \u00bfpor qu\u00e9 se denomina relleno pept\u00eddico de nueva generaci\u00f3n en lugar de una inyecci\u00f3n de relleno a base de AH? Porque su f\u00f3rmula es tambi\u00e9n <u>abundante en p\u00e9ptidos <\/u>que tienen un rejuvenecimiento cosm\u00e9tico inigualable y <em>superpoderes de reposici\u00f3n de la piel<\/em> entre los que se encuentran:<\/p>\n<ul>\n<li>Palmitoyl Pentapeptide-4<\/li>\n<li>Palmitoil Tetrap\u00e9ptido-7 (Pal-GQPR)<\/li>\n<li>Acetil hexap\u00e9ptido 8 (AH8)<\/li>\n<\/ul>\n<p>El palmitoil pentap\u00e9ptido-4 repara con \u00e9xito las c\u00e9lulas da\u00f1adas de la piel y <em>aumenta los niveles de elastina, \u00e1cido hialur\u00f3nico, col\u00e1geno<\/em> I, III y VI, glicosaminoglicanos y fibronectina en la dermis. Aunque esto no tenga un efecto antienvejecimiento inmediato en la piel de la cara del paciente, proporcionar\u00e1 m\u00e1s <strong>resultados naturales y duraderos<\/strong>.<\/p>\n<p>El palmitoil tetrap\u00e9ptido-7 o Pal-GQPR es una cadena de amino\u00e1cidos que contiene glicina, glutamina, prolina y arginina. Es conocido por preservar la piel en su estado \u00f3ptimo durante m\u00e1s tiempo al combatir la degradaci\u00f3n de la matriz cut\u00e1nea, un proceso que conduce a la formaci\u00f3n de arrugas y depresiones faciales.<\/p>\n<p>El AH8 es una sustancia que tambi\u00e9n se compone de p\u00e9ptidos, pero en lugar de potenciar el estado de la piel, paraliza los m\u00fasculos faciales alrededor de las zonas de tratamiento. Que <u>elimina r\u00e1pidamente las arrugas y l\u00edneas de expresi\u00f3n<\/u> y previene la formaci\u00f3n de nuevos signos de envejecimiento.<\/p>\n<h3>Instrucciones de administraci\u00f3n de GANA PFS<\/h3>\n<p>Antes de inyectar el producto en el subcutis, es necesario limpiar a fondo la(s) zona(s) de aplicaci\u00f3n. En caso de hemorragia, es necesario comprimir el punto de inyecci\u00f3n durante varios segundos.<\/p>","protected":false},"excerpt":{"rendered":"<p>GANA PFS es un <strong>relleno pept\u00eddico de primera clase<\/strong> con una impresionante concentraci\u00f3n de HA que puede utilizarse para el tratamiento no quir\u00fargico de las arrugas faciales (especialmente las l\u00edneas de expresi\u00f3n finas), <em>piel cansada, envejecida y\/o seca<\/em>. Contiene ingredientes a base de p\u00e9ptidos sin riesgo y tiene un efecto lifting visible. Nosotros, en Skin Heal, estamos entre los principales distribuidores de este supremo relleno antienvejecimiento inyectable de GANA R&amp;D.<\/p>","protected":false},"featured_media":11955,"template":"","meta":[],"product_brand":[],"product_cat":[79,104,105],"product_tag":[],"class_list":{"0":"post-11949","1":"product","2":"type-product","3":"status-publish","4":"has-post-thumbnail","6":"product_cat-dermal-fillers","7":"product_cat-gana","8":"product_cat-gana-rd","9":"clearfix","11":"first","12":"outofstock","13":"taxable","14":"shipping-taxable","15":"purchasable","16":"product-type-simple"},"yoast_head":"<!-- This site is optimized with the Yoast SEO plugin v27.3 - https:\/\/yoast.com\/product\/yoast-seo-wordpress\/ -->\n<title>GANA PFS Peptide Filler (1 x 1.2ml) - Skin Heal<\/title>\n<meta name=\"description\" content=\"With GANA PFS, patients enjoy minimally-invasive facial lifting and guaranteed wrinkle correction. Order pioneering peptide filler GANA PFS via Skin Heal.\" \/>\n<meta name=\"robots\" content=\"index, follow, max-snippet:-1, max-image-preview:large, max-video-preview:-1\" \/>\n<link rel=\"canonical\" href=\"https:\/\/skin-heal.com\/es\/producto\/gana-pfs-peptide-filler-1-x-1-2ml\/\" \/>\n<meta property=\"og:locale\" content=\"es_MX\" \/>\n<meta property=\"og:type\" content=\"article\" \/>\n<meta property=\"og:title\" content=\"GANA PFS Peptide Filler (1 x 1.2ml) - Skin Heal\" \/>\n<meta property=\"og:description\" content=\"With GANA PFS, patients enjoy minimally-invasive facial lifting and guaranteed wrinkle correction. Order pioneering peptide filler GANA PFS via Skin Heal.\" \/>\n<meta property=\"og:url\" content=\"https:\/\/skin-heal.com\/es\/producto\/gana-pfs-peptide-filler-1-x-1-2ml\/\" \/>\n<meta property=\"og:site_name\" content=\"Skin Heal\" \/>\n<meta property=\"article:modified_time\" content=\"2021-10-28T12:08:29+00:00\" \/>\n<meta property=\"og:image\" content=\"https:\/\/cdn.skin-heal.com\/wp-content\/uploads\/2019\/10\/Gana-PFS.jpg\" \/>\n\t<meta property=\"og:image:width\" content=\"600\" \/>\n\t<meta property=\"og:image:height\" content=\"600\" \/>\n\t<meta property=\"og:image:type\" content=\"image\/jpeg\" \/>\n<meta name=\"twitter:card\" content=\"summary_large_image\" \/>\n<meta name=\"twitter:label1\" content=\"Tiempo de lectura\" \/>\n\t<meta name=\"twitter:data1\" content=\"1 minuto\" \/>\n<script type=\"application\/ld+json\" class=\"yoast-schema-graph\">{\"@context\":\"https:\\\/\\\/schema.org\",\"@graph\":[{\"@type\":\"WebPage\",\"@id\":\"https:\\\/\\\/skin-heal.com\\\/product\\\/gana-pfs-peptide-filler-1-x-1-2ml\\\/\",\"url\":\"https:\\\/\\\/skin-heal.com\\\/product\\\/gana-pfs-peptide-filler-1-x-1-2ml\\\/\",\"name\":\"GANA PFS Peptide Filler (1 x 1.2ml) - Skin Heal\",\"isPartOf\":{\"@id\":\"https:\\\/\\\/skin-heal.com\\\/#website\"},\"primaryImageOfPage\":{\"@id\":\"https:\\\/\\\/skin-heal.com\\\/product\\\/gana-pfs-peptide-filler-1-x-1-2ml\\\/#primaryimage\"},\"image\":{\"@id\":\"https:\\\/\\\/skin-heal.com\\\/product\\\/gana-pfs-peptide-filler-1-x-1-2ml\\\/#primaryimage\"},\"thumbnailUrl\":\"https:\\\/\\\/skin-heal.com\\\/wp-content\\\/uploads\\\/2019\\\/10\\\/Gana-PFS.jpg\",\"datePublished\":\"2019-10-30T16:00:42+00:00\",\"dateModified\":\"2021-10-28T12:08:29+00:00\",\"description\":\"With GANA PFS, patients enjoy minimally-invasive facial lifting and guaranteed wrinkle correction. Order pioneering peptide filler GANA PFS via Skin Heal.\",\"breadcrumb\":{\"@id\":\"https:\\\/\\\/skin-heal.com\\\/product\\\/gana-pfs-peptide-filler-1-x-1-2ml\\\/#breadcrumb\"},\"inLanguage\":\"es\",\"potentialAction\":[{\"@type\":\"ReadAction\",\"target\":[\"https:\\\/\\\/skin-heal.com\\\/product\\\/gana-pfs-peptide-filler-1-x-1-2ml\\\/\"]}]},{\"@type\":\"ImageObject\",\"inLanguage\":\"es\",\"@id\":\"https:\\\/\\\/skin-heal.com\\\/product\\\/gana-pfs-peptide-filler-1-x-1-2ml\\\/#primaryimage\",\"url\":\"https:\\\/\\\/skin-heal.com\\\/wp-content\\\/uploads\\\/2019\\\/10\\\/Gana-PFS.jpg\",\"contentUrl\":\"https:\\\/\\\/skin-heal.com\\\/wp-content\\\/uploads\\\/2019\\\/10\\\/Gana-PFS.jpg\",\"width\":600,\"height\":600,\"caption\":\"Gana PFS\"},{\"@type\":\"BreadcrumbList\",\"@id\":\"https:\\\/\\\/skin-heal.com\\\/product\\\/gana-pfs-peptide-filler-1-x-1-2ml\\\/#breadcrumb\",\"itemListElement\":[{\"@type\":\"ListItem\",\"position\":1,\"name\":\"Home\",\"item\":\"https:\\\/\\\/skin-heal.com\\\/\"},{\"@type\":\"ListItem\",\"position\":2,\"name\":\"Store\",\"item\":\"https:\\\/\\\/skin-heal.com\\\/store\\\/\"},{\"@type\":\"ListItem\",\"position\":3,\"name\":\"GANA PFS Peptide Filler (1 x 1.2ml)\"}]},{\"@type\":\"WebSite\",\"@id\":\"https:\\\/\\\/skin-heal.com\\\/#website\",\"url\":\"https:\\\/\\\/skin-heal.com\\\/\",\"name\":\"Skin Heal\",\"description\":\"Lowest Prices for Dermal Fillers\",\"potentialAction\":[{\"@type\":\"SearchAction\",\"target\":{\"@type\":\"EntryPoint\",\"urlTemplate\":\"https:\\\/\\\/skin-heal.com\\\/?s={search_term_string}\"},\"query-input\":{\"@type\":\"PropertyValueSpecification\",\"valueRequired\":true,\"valueName\":\"search_term_string\"}}],\"inLanguage\":\"es\"}]}<\/script>\n<!-- \/ Yoast SEO plugin. -->","yoast_head_json":{"title":"GANA PFS Rellenador P\u00e9ptido (1 x 1,2ml) - Skin Heal","description":"Con GANA PFS, los pacientes disfrutan de un lifting facial m\u00ednimamente invasivo y una correcci\u00f3n de arrugas garantizada. Solicite el pionero relleno pept\u00eddico GANA PFS a trav\u00e9s de Skin Heal.","robots":{"index":"index","follow":"follow","max-snippet":"max-snippet:-1","max-image-preview":"max-image-preview:large","max-video-preview":"max-video-preview:-1"},"canonical":"https:\/\/skin-heal.com\/es\/producto\/gana-pfs-peptide-filler-1-x-1-2ml\/","og_locale":"es_MX","og_type":"article","og_title":"GANA PFS Peptide Filler (1 x 1.2ml) - Skin Heal","og_description":"With GANA PFS, patients enjoy minimally-invasive facial lifting and guaranteed wrinkle correction. Order pioneering peptide filler GANA PFS via Skin Heal.","og_url":"https:\/\/skin-heal.com\/es\/producto\/gana-pfs-peptide-filler-1-x-1-2ml\/","og_site_name":"Skin Heal","article_modified_time":"2021-10-28T12:08:29+00:00","og_image":[{"width":600,"height":600,"url":"https:\/\/cdn.skin-heal.com\/wp-content\/uploads\/2019\/10\/Gana-PFS.jpg","type":"image\/jpeg"}],"twitter_card":"summary_large_image","twitter_misc":{"Tiempo de lectura":"1 minuto"},"schema":{"@context":"https:\/\/schema.org","@graph":[{"@type":"WebPage","@id":"https:\/\/skin-heal.com\/product\/gana-pfs-peptide-filler-1-x-1-2ml\/","url":"https:\/\/skin-heal.com\/product\/gana-pfs-peptide-filler-1-x-1-2ml\/","name":"GANA PFS Rellenador P\u00e9ptido (1 x 1,2ml) - Skin Heal","isPartOf":{"@id":"https:\/\/skin-heal.com\/#website"},"primaryImageOfPage":{"@id":"https:\/\/skin-heal.com\/product\/gana-pfs-peptide-filler-1-x-1-2ml\/#primaryimage"},"image":{"@id":"https:\/\/skin-heal.com\/product\/gana-pfs-peptide-filler-1-x-1-2ml\/#primaryimage"},"thumbnailUrl":"https:\/\/cdn.skin-heal.com\/wp-content\/uploads\/2019\/10\/Gana-PFS.jpg","datePublished":"2019-10-30T16:00:42+00:00","dateModified":"2021-10-28T12:08:29+00:00","description":"Con GANA PFS, los pacientes disfrutan de un lifting facial m\u00ednimamente invasivo y una correcci\u00f3n de arrugas garantizada. Solicite el pionero relleno pept\u00eddico GANA PFS a trav\u00e9s de Skin Heal.","breadcrumb":{"@id":"https:\/\/skin-heal.com\/product\/gana-pfs-peptide-filler-1-x-1-2ml\/#breadcrumb"},"inLanguage":"es","potentialAction":[{"@type":"ReadAction","target":["https:\/\/skin-heal.com\/product\/gana-pfs-peptide-filler-1-x-1-2ml\/"]}]},{"@type":"ImageObject","inLanguage":"es","@id":"https:\/\/skin-heal.com\/product\/gana-pfs-peptide-filler-1-x-1-2ml\/#primaryimage","url":"https:\/\/cdn.skin-heal.com\/wp-content\/uploads\/2019\/10\/Gana-PFS.jpg","contentUrl":"https:\/\/cdn.skin-heal.com\/wp-content\/uploads\/2019\/10\/Gana-PFS.jpg","width":600,"height":600,"caption":"Gana PFS"},{"@type":"BreadcrumbList","@id":"https:\/\/skin-heal.com\/product\/gana-pfs-peptide-filler-1-x-1-2ml\/#breadcrumb","itemListElement":[{"@type":"ListItem","position":1,"name":"Home","item":"https:\/\/skin-heal.com\/"},{"@type":"ListItem","position":2,"name":"Store","item":"https:\/\/skin-heal.com\/store\/"},{"@type":"ListItem","position":3,"name":"GANA PFS Peptide Filler (1 x 1.2ml)"}]},{"@type":"WebSite","@id":"https:\/\/skin-heal.com\/#website","url":"https:\/\/skin-heal.com\/","name":"Curaci\u00f3n de la piel","description":"Los precios m\u00e1s bajos para los rellenos d\u00e9rmicos","potentialAction":[{"@type":"SearchAction","target":{"@type":"EntryPoint","urlTemplate":"https:\/\/skin-heal.com\/?s={search_term_string}"},"query-input":{"@type":"PropertyValueSpecification","valueRequired":true,"valueName":"search_term_string"}}],"inLanguage":"es"}]}},"_links":{"self":[{"href":"https:\/\/skin-heal.com\/es\/wp-json\/wp\/v2\/product\/11949","targetHints":{"allow":["GET"]}}],"collection":[{"href":"https:\/\/skin-heal.com\/es\/wp-json\/wp\/v2\/product"}],"about":[{"href":"https:\/\/skin-heal.com\/es\/wp-json\/wp\/v2\/types\/product"}],"wp:featuredmedia":[{"embeddable":true,"href":"https:\/\/skin-heal.com\/es\/wp-json\/wp\/v2\/media\/11955"}],"wp:attachment":[{"href":"https:\/\/skin-heal.com\/es\/wp-json\/wp\/v2\/media?parent=11949"}],"wp:term":[{"taxonomy":"product_brand","embeddable":true,"href":"https:\/\/skin-heal.com\/es\/wp-json\/wp\/v2\/product_brand?post=11949"},{"taxonomy":"product_cat","embeddable":true,"href":"https:\/\/skin-heal.com\/es\/wp-json\/wp\/v2\/product_cat?post=11949"},{"taxonomy":"product_tag","embeddable":true,"href":"https:\/\/skin-heal.com\/es\/wp-json\/wp\/v2\/product_tag?post=11949"}],"curies":[{"name":"wp","href":"https:\/\/api.w.org\/{rel}","templated":true}]}}