{"id":1195,"date":"2019-02-25T09:57:35","date_gmt":"2019-02-25T09:57:35","guid":{"rendered":"https:\/\/skin-heal.com\/?post_type=product&#038;p=1195"},"modified":"2020-04-16T13:21:31","modified_gmt":"2020-04-16T13:21:31","slug":"otesaly-anti-hair-loss-solution-10-vials-x-5ml","status":"publish","type":"product","link":"https:\/\/skin-heal.com\/es\/producto\/otesaly-anti-hair-loss-solution-10-vials-x-5ml\/","title":{"rendered":"Otesaly Soluci\u00f3n Antica\u00edda (10 viales x 5ml)"},"content":{"rendered":"<h3>\u00bfQu\u00e9 contiene la Soluci\u00f3n Antica\u00edda Otesaly?<\/h3>\n<p>La f\u00f3rmula de esta pionera soluci\u00f3n de mesoterapia es compleja y cuenta con una amplia gama de ingredientes inocuos para la salud y no t\u00f3xicos que han demostrado cl\u00ednicamente no s\u00f3lo estimular el crecimiento natural del cabello, sino tambi\u00e9n ser incre\u00edblemente seguros.<\/p>\n<ul>\n<li>\u00c1cido hialur\u00f3nico<\/li>\n<li>Polip\u00e9ptido-1 Rh<\/li>\n<li>Polip\u00e9ptido-9 Rh<\/li>\n<li>Factor de crecimiento similar a la insulina<\/li>\n<li>Rh-Oligopeptide-2<\/li>\n<li>Trip\u00e9ptido de cobre-1<\/li>\n<li>Minerales<\/li>\n<li>Multivitaminas<\/li>\n<li>Amino\u00e1cidos<\/li>\n<\/ul>\n<p>El \u00c1cido Hialur\u00f3nico (AH) de la Soluci\u00f3n Antica\u00edda de Otesaly restablece el equilibrio h\u00eddrico del cuero cabelludo, lo que tiene un efecto positivo sobre el crecimiento y la textura del cabello. Por otro lado, los p\u00e9ptidos biomim\u00e9ticos de este fant\u00e1stico producto inyectable tienen un efecto rejuvenecedor y tambi\u00e9n bloquean las hormonas conocidas por desencadenar la ca\u00edda del cabello. Otro poder especial de los p\u00e9ptidos de este producto es que aportan m\u00e1s ox\u00edgeno a las zonas tratadas, lo que engrosa los fol\u00edculos pilosos. El papel de las vitaminas, los amino\u00e1cidos y los minerales es crear un entorno saludable y pr\u00f3spero en los tejidos blandos, lo que es imprescindible para que un tratamiento contra la ca\u00edda del cabello tenga \u00e9xito.<\/p>\n<h3>\u00bfC\u00f3mo de r\u00e1pido funcionar\u00e1?<\/h3>\n<p>La soluci\u00f3n antica\u00edda de Otesaly suele tardar varias semanas en frenar la ca\u00edda del cabello, impulsar su crecimiento y aumentar la plenitud de todo el cabello. Al principio, las sesiones deben realizarse semanalmente, pero en un plazo de cuatro meses, pueden realizarse cada mes, incluso cada 2-3 meses, dependiendo de los resultados deseados.<\/p>","protected":false},"excerpt":{"rendered":"<p>Si desea mejorar el aspecto de su cabello, reducir la ca\u00edda del mismo y potenciar su crecimiento, utilice la Soluci\u00f3n Antica\u00edda Otesaly. Ahora disponible para su compra en la tienda online de Skin Heal, este exclusivo producto de mesoterapia sirve como una poderosa arma contra la alopecia y otras diversas afecciones y factores que provocan la ca\u00edda del cabello. Contiene ingredientes seguros como el \u00c1cido Hialur\u00f3nico purificado y p\u00e9ptidos biomim\u00e9ticos y no tiene efectos secundarios perjudiciales.<\/p>","protected":false},"featured_media":1176,"template":"","meta":[],"product_brand":[],"product_cat":[80,95,96],"product_tag":[],"class_list":{"0":"post-1195","1":"product","2":"type-product","3":"status-publish","4":"has-post-thumbnail","6":"product_cat-mesotherapy","7":"product_cat-otesaly","8":"product_cat-revitacare","9":"clearfix","11":"first","12":"outofstock","13":"taxable","14":"shipping-taxable","15":"product-type-simple"},"yoast_head":"<!-- This site is optimized with the Yoast SEO plugin v27.3 - https:\/\/yoast.com\/product\/yoast-seo-wordpress\/ -->\n<title>Otesaly Anti-Hair Loss Solution (10 vials x 5ml) - Skin Heal<\/title>\n<meta name=\"description\" content=\"Visit Skin Heal to buy Otesaly Anti-Hair Loss Solution \u2013 a fast-selling mesotherapy injectable product that stimulates hair growth and reduces hair loss.\" \/>\n<meta name=\"robots\" content=\"index, follow, max-snippet:-1, max-image-preview:large, max-video-preview:-1\" \/>\n<link rel=\"canonical\" href=\"https:\/\/skin-heal.com\/es\/producto\/otesaly-anti-hair-loss-solution-10-vials-x-5ml\/\" \/>\n<meta property=\"og:locale\" content=\"es_MX\" \/>\n<meta property=\"og:type\" content=\"article\" \/>\n<meta property=\"og:title\" content=\"Otesaly Anti-Hair Loss Solution (10 vials x 5ml) - Skin Heal\" \/>\n<meta property=\"og:description\" content=\"Visit Skin Heal to buy Otesaly Anti-Hair Loss Solution \u2013 a fast-selling mesotherapy injectable product that stimulates hair growth and reduces hair loss.\" \/>\n<meta property=\"og:url\" content=\"https:\/\/skin-heal.com\/es\/producto\/otesaly-anti-hair-loss-solution-10-vials-x-5ml\/\" \/>\n<meta property=\"og:site_name\" content=\"Skin Heal\" \/>\n<meta property=\"article:modified_time\" content=\"2020-04-16T13:21:31+00:00\" \/>\n<meta property=\"og:image\" content=\"https:\/\/cdn.skin-heal.com\/wp-content\/uploads\/2019\/02\/OTESALY-Anti-hair-Loss.jpg\" \/>\n\t<meta property=\"og:image:width\" content=\"600\" \/>\n\t<meta property=\"og:image:height\" content=\"600\" \/>\n\t<meta property=\"og:image:type\" content=\"image\/jpeg\" \/>\n<meta name=\"twitter:card\" content=\"summary_large_image\" \/>\n<meta name=\"twitter:label1\" content=\"Tiempo de lectura\" \/>\n\t<meta name=\"twitter:data1\" content=\"1 minuto\" \/>\n<script type=\"application\/ld+json\" class=\"yoast-schema-graph\">{\"@context\":\"https:\\\/\\\/schema.org\",\"@graph\":[{\"@type\":\"WebPage\",\"@id\":\"https:\\\/\\\/skin-heal.com\\\/product\\\/otesaly-anti-hair-loss-solution-10-vials-x-5ml\\\/\",\"url\":\"https:\\\/\\\/skin-heal.com\\\/product\\\/otesaly-anti-hair-loss-solution-10-vials-x-5ml\\\/\",\"name\":\"Otesaly Anti-Hair Loss Solution (10 vials x 5ml) - Skin Heal\",\"isPartOf\":{\"@id\":\"https:\\\/\\\/skin-heal.com\\\/#website\"},\"primaryImageOfPage\":{\"@id\":\"https:\\\/\\\/skin-heal.com\\\/product\\\/otesaly-anti-hair-loss-solution-10-vials-x-5ml\\\/#primaryimage\"},\"image\":{\"@id\":\"https:\\\/\\\/skin-heal.com\\\/product\\\/otesaly-anti-hair-loss-solution-10-vials-x-5ml\\\/#primaryimage\"},\"thumbnailUrl\":\"https:\\\/\\\/skin-heal.com\\\/wp-content\\\/uploads\\\/2019\\\/02\\\/OTESALY-Anti-hair-Loss.jpg\",\"datePublished\":\"2019-02-25T09:57:35+00:00\",\"dateModified\":\"2020-04-16T13:21:31+00:00\",\"description\":\"Visit Skin Heal to buy Otesaly Anti-Hair Loss Solution \u2013 a fast-selling mesotherapy injectable product that stimulates hair growth and reduces hair loss.\",\"breadcrumb\":{\"@id\":\"https:\\\/\\\/skin-heal.com\\\/product\\\/otesaly-anti-hair-loss-solution-10-vials-x-5ml\\\/#breadcrumb\"},\"inLanguage\":\"es\",\"potentialAction\":[{\"@type\":\"ReadAction\",\"target\":[\"https:\\\/\\\/skin-heal.com\\\/product\\\/otesaly-anti-hair-loss-solution-10-vials-x-5ml\\\/\"]}]},{\"@type\":\"ImageObject\",\"inLanguage\":\"es\",\"@id\":\"https:\\\/\\\/skin-heal.com\\\/product\\\/otesaly-anti-hair-loss-solution-10-vials-x-5ml\\\/#primaryimage\",\"url\":\"https:\\\/\\\/skin-heal.com\\\/wp-content\\\/uploads\\\/2019\\\/02\\\/OTESALY-Anti-hair-Loss.jpg\",\"contentUrl\":\"https:\\\/\\\/skin-heal.com\\\/wp-content\\\/uploads\\\/2019\\\/02\\\/OTESALY-Anti-hair-Loss.jpg\",\"width\":600,\"height\":600,\"caption\":\"OTESALY Anti-hair Loss\"},{\"@type\":\"BreadcrumbList\",\"@id\":\"https:\\\/\\\/skin-heal.com\\\/product\\\/otesaly-anti-hair-loss-solution-10-vials-x-5ml\\\/#breadcrumb\",\"itemListElement\":[{\"@type\":\"ListItem\",\"position\":1,\"name\":\"Home\",\"item\":\"https:\\\/\\\/skin-heal.com\\\/\"},{\"@type\":\"ListItem\",\"position\":2,\"name\":\"Store\",\"item\":\"https:\\\/\\\/skin-heal.com\\\/store\\\/\"},{\"@type\":\"ListItem\",\"position\":3,\"name\":\"Otesaly Anti-Hair Loss Solution (10 vials x 5ml)\"}]},{\"@type\":\"WebSite\",\"@id\":\"https:\\\/\\\/skin-heal.com\\\/#website\",\"url\":\"https:\\\/\\\/skin-heal.com\\\/\",\"name\":\"Skin Heal\",\"description\":\"Lowest Prices for Dermal Fillers\",\"potentialAction\":[{\"@type\":\"SearchAction\",\"target\":{\"@type\":\"EntryPoint\",\"urlTemplate\":\"https:\\\/\\\/skin-heal.com\\\/?s={search_term_string}\"},\"query-input\":{\"@type\":\"PropertyValueSpecification\",\"valueRequired\":true,\"valueName\":\"search_term_string\"}}],\"inLanguage\":\"es\"}]}<\/script>\n<!-- \/ Yoast SEO plugin. -->","yoast_head_json":{"title":"Otesaly Soluci\u00f3n Antica\u00edda (10 viales x 5ml) - Skin Heal","description":"Visite Skin Heal para comprar Otesaly Soluci\u00f3n Antica\u00edda, un producto inyectable de mesoterapia de r\u00e1pido \u00e9xito que estimula el crecimiento del cabello y reduce su ca\u00edda.","robots":{"index":"index","follow":"follow","max-snippet":"max-snippet:-1","max-image-preview":"max-image-preview:large","max-video-preview":"max-video-preview:-1"},"canonical":"https:\/\/skin-heal.com\/es\/producto\/otesaly-anti-hair-loss-solution-10-vials-x-5ml\/","og_locale":"es_MX","og_type":"article","og_title":"Otesaly Anti-Hair Loss Solution (10 vials x 5ml) - Skin Heal","og_description":"Visit Skin Heal to buy Otesaly Anti-Hair Loss Solution \u2013 a fast-selling mesotherapy injectable product that stimulates hair growth and reduces hair loss.","og_url":"https:\/\/skin-heal.com\/es\/producto\/otesaly-anti-hair-loss-solution-10-vials-x-5ml\/","og_site_name":"Skin Heal","article_modified_time":"2020-04-16T13:21:31+00:00","og_image":[{"width":600,"height":600,"url":"https:\/\/cdn.skin-heal.com\/wp-content\/uploads\/2019\/02\/OTESALY-Anti-hair-Loss.jpg","type":"image\/jpeg"}],"twitter_card":"summary_large_image","twitter_misc":{"Tiempo de lectura":"1 minuto"},"schema":{"@context":"https:\/\/schema.org","@graph":[{"@type":"WebPage","@id":"https:\/\/skin-heal.com\/product\/otesaly-anti-hair-loss-solution-10-vials-x-5ml\/","url":"https:\/\/skin-heal.com\/product\/otesaly-anti-hair-loss-solution-10-vials-x-5ml\/","name":"Otesaly Soluci\u00f3n Antica\u00edda (10 viales x 5ml) - Skin Heal","isPartOf":{"@id":"https:\/\/skin-heal.com\/#website"},"primaryImageOfPage":{"@id":"https:\/\/skin-heal.com\/product\/otesaly-anti-hair-loss-solution-10-vials-x-5ml\/#primaryimage"},"image":{"@id":"https:\/\/skin-heal.com\/product\/otesaly-anti-hair-loss-solution-10-vials-x-5ml\/#primaryimage"},"thumbnailUrl":"https:\/\/cdn.skin-heal.com\/wp-content\/uploads\/2019\/02\/OTESALY-Anti-hair-Loss.jpg","datePublished":"2019-02-25T09:57:35+00:00","dateModified":"2020-04-16T13:21:31+00:00","description":"Visite Skin Heal para comprar Otesaly Soluci\u00f3n Antica\u00edda, un producto inyectable de mesoterapia de r\u00e1pido \u00e9xito que estimula el crecimiento del cabello y reduce su ca\u00edda.","breadcrumb":{"@id":"https:\/\/skin-heal.com\/product\/otesaly-anti-hair-loss-solution-10-vials-x-5ml\/#breadcrumb"},"inLanguage":"es","potentialAction":[{"@type":"ReadAction","target":["https:\/\/skin-heal.com\/product\/otesaly-anti-hair-loss-solution-10-vials-x-5ml\/"]}]},{"@type":"ImageObject","inLanguage":"es","@id":"https:\/\/skin-heal.com\/product\/otesaly-anti-hair-loss-solution-10-vials-x-5ml\/#primaryimage","url":"https:\/\/cdn.skin-heal.com\/wp-content\/uploads\/2019\/02\/OTESALY-Anti-hair-Loss.jpg","contentUrl":"https:\/\/cdn.skin-heal.com\/wp-content\/uploads\/2019\/02\/OTESALY-Anti-hair-Loss.jpg","width":600,"height":600,"caption":"OTESALY Anti-hair Loss"},{"@type":"BreadcrumbList","@id":"https:\/\/skin-heal.com\/product\/otesaly-anti-hair-loss-solution-10-vials-x-5ml\/#breadcrumb","itemListElement":[{"@type":"ListItem","position":1,"name":"Home","item":"https:\/\/skin-heal.com\/"},{"@type":"ListItem","position":2,"name":"Store","item":"https:\/\/skin-heal.com\/store\/"},{"@type":"ListItem","position":3,"name":"Otesaly Anti-Hair Loss Solution (10 vials x 5ml)"}]},{"@type":"WebSite","@id":"https:\/\/skin-heal.com\/#website","url":"https:\/\/skin-heal.com\/","name":"Curaci\u00f3n de la piel","description":"Los precios m\u00e1s bajos para los rellenos d\u00e9rmicos","potentialAction":[{"@type":"SearchAction","target":{"@type":"EntryPoint","urlTemplate":"https:\/\/skin-heal.com\/?s={search_term_string}"},"query-input":{"@type":"PropertyValueSpecification","valueRequired":true,"valueName":"search_term_string"}}],"inLanguage":"es"}]}},"_links":{"self":[{"href":"https:\/\/skin-heal.com\/es\/wp-json\/wp\/v2\/product\/1195","targetHints":{"allow":["GET"]}}],"collection":[{"href":"https:\/\/skin-heal.com\/es\/wp-json\/wp\/v2\/product"}],"about":[{"href":"https:\/\/skin-heal.com\/es\/wp-json\/wp\/v2\/types\/product"}],"wp:featuredmedia":[{"embeddable":true,"href":"https:\/\/skin-heal.com\/es\/wp-json\/wp\/v2\/media\/1176"}],"wp:attachment":[{"href":"https:\/\/skin-heal.com\/es\/wp-json\/wp\/v2\/media?parent=1195"}],"wp:term":[{"taxonomy":"product_brand","embeddable":true,"href":"https:\/\/skin-heal.com\/es\/wp-json\/wp\/v2\/product_brand?post=1195"},{"taxonomy":"product_cat","embeddable":true,"href":"https:\/\/skin-heal.com\/es\/wp-json\/wp\/v2\/product_cat?post=1195"},{"taxonomy":"product_tag","embeddable":true,"href":"https:\/\/skin-heal.com\/es\/wp-json\/wp\/v2\/product_tag?post=1195"}],"curies":[{"name":"wp","href":"https:\/\/api.w.org\/{rel}","templated":true}]}}