{"id":11950,"date":"2019-10-30T16:04:11","date_gmt":"2019-10-30T14:04:11","guid":{"rendered":"https:\/\/skin-heal.com\/?post_type=product&#038;p=11950"},"modified":"2023-10-31T11:35:44","modified_gmt":"2023-10-31T09:35:44","slug":"gana-v-line-10-vials-x-5ml","status":"publish","type":"product","link":"https:\/\/skin-heal.com\/es\/producto\/gana-v-line-10-vials-x-5ml\/","title":{"rendered":"GANA V Line (10 viales x 5ml)"},"content":{"rendered":"<h3>\u00bfCu\u00e1les son los efectos de la l\u00ednea GANA V?<\/h3>\n<p>El secreto detr\u00e1s de las propiedades avanzadas de este innovador producto para resolver la grasa del contorno facial son dos ingredientes completamente seguros, pero altamente efectivos: <em>\u00c1cido desoxic\u00f3lico<\/em> (DA) y <em>Fosfatidilcolina<\/em> (PPC). Cada uno de ellos <u>disolver y destruir las c\u00e9lulas y dep\u00f3sitos de grasa<\/u> cuando se aplican bajo la piel (directamente en el tejido adiposo). No contienen productos qu\u00edmicos y son inocuos para la salud, lo que hace que el riesgo de efectos secundarios sea casi nulo. El p\u00e9ptido AH8 (acetil hexap\u00e9ptido 8) y el potente antioxidante glutati\u00f3n son los responsables del fant\u00e1stico efecto rejuvenecedor y cosm\u00e9tico de este producto lipol\u00edtico. <em>superpoderes para iluminar la piel<\/em> respectivamente.<\/p>\n<ul>\n<li>Suave efecto lifting facial<\/li>\n<li>Propiedades duraderas de disoluci\u00f3n de la grasa<\/li>\n<li>Inmejorable poder de correcci\u00f3n de l\u00edneas y arrugas<\/li>\n<li>Incre\u00edble capacidad para blanquear la piel<\/li>\n<\/ul>\n<h3>Protocolo de tratamiento<\/h3>\n<p>La l\u00ednea GANA V se aplica mediante un procedimiento sencillo y no quir\u00fargico. <u>S\u00f3lo 3 sesiones<\/u> puede proporcionar un contorno facial duradero y efectos de refuerzo de la piel. Cada sesi\u00f3n debe realizarse <u>con un intervalo de 2 semanas<\/u> de los dem\u00e1s. Con cada sesi\u00f3n, los molestos dep\u00f3sitos de grasa del tejido adiposo ser\u00e1n cada vez menos visibles y el tono de la piel mejorar\u00e1 y se iluminar\u00e1. Aunque este producto de contorno facial de primera categor\u00eda es capaz de proporcionar resultados permanentes de fusi\u00f3n de la grasa, sus capacidades antienvejecimiento son temporales. Esto se debe a que, al igual que el Botox, los poderes de relajaci\u00f3n muscular del AH8 desaparecen gradualmente y las arrugas din\u00e1micas como <em>patas de gallo, l\u00edneas de la frente y pliegues nasolabiales<\/em> acabar\u00e1 reapareciendo.<\/p>","protected":false},"excerpt":{"rendered":"<p>Para garantizar la satisfacci\u00f3n del paciente cuando se trata de <u>contorno facial no quir\u00fargico<\/u> procedimientos, hay un producto que se lleva la corona: la l\u00ednea GANA V de GANA R&amp;D. Comercializado por Skin Heal, este <strong>soluci\u00f3n lipol\u00edtica optimizada<\/strong> quema r\u00e1pidamente las c\u00e9lulas grasas bajo la piel de la cara y el cuello para ofrecer resultados de contorno est\u00e9ticos. Se compone de ingredientes de alta calidad y sin riesgo, como PPC, AH8, DA y glutati\u00f3n, y puede rejuvenecer y blanquear la piel.<\/p>","protected":false},"featured_media":11956,"template":"","meta":[],"product_brand":[],"product_cat":[86,104,105,144],"product_tag":[146],"class_list":{"0":"post-11950","1":"product","2":"type-product","3":"status-publish","4":"has-post-thumbnail","6":"product_cat-fat-resolving","7":"product_cat-gana","8":"product_cat-gana-rd","9":"product_cat-holiday-mega-sale","10":"product_tag-10off","11":"clearfix","13":"first","14":"outofstock","15":"sale","16":"taxable","17":"shipping-taxable","18":"purchasable","19":"product-type-simple"},"yoast_head":"<!-- This site is optimized with the Yoast SEO plugin v27.4 - https:\/\/yoast.com\/product\/yoast-seo-wordpress\/ -->\n<title>GANA V Line (10 vials x 5ml) - Skin Heal<\/title>\n<meta name=\"description\" content=\"Top-selling facial contouring product GANA V line has unmatched fat-dissolving, anti-wrinkle and skin brightening powers. Get GANA V line via Skin Heal.\" \/>\n<meta name=\"robots\" content=\"index, follow, max-snippet:-1, max-image-preview:large, max-video-preview:-1\" \/>\n<link rel=\"canonical\" href=\"https:\/\/skin-heal.com\/es\/producto\/gana-v-line-10-vials-x-5ml\/\" \/>\n<meta property=\"og:locale\" content=\"es_MX\" \/>\n<meta property=\"og:type\" content=\"article\" \/>\n<meta property=\"og:title\" content=\"GANA V Line (10 vials x 5ml) - Skin Heal\" \/>\n<meta property=\"og:description\" content=\"Top-selling facial contouring product GANA V line has unmatched fat-dissolving, anti-wrinkle and skin brightening powers. Get GANA V line via Skin Heal.\" \/>\n<meta property=\"og:url\" content=\"https:\/\/skin-heal.com\/es\/producto\/gana-v-line-10-vials-x-5ml\/\" \/>\n<meta property=\"og:site_name\" content=\"Skin Heal\" \/>\n<meta property=\"article:modified_time\" content=\"2023-10-31T09:35:44+00:00\" \/>\n<meta property=\"og:image\" content=\"https:\/\/cdn.skin-heal.com\/wp-content\/uploads\/2019\/10\/Gana-V-Line.jpg\" \/>\n\t<meta property=\"og:image:width\" content=\"600\" \/>\n\t<meta property=\"og:image:height\" content=\"600\" \/>\n\t<meta property=\"og:image:type\" content=\"image\/jpeg\" \/>\n<meta name=\"twitter:card\" content=\"summary_large_image\" \/>\n<meta name=\"twitter:label1\" content=\"Tiempo de lectura\" \/>\n\t<meta name=\"twitter:data1\" content=\"1 minuto\" \/>\n<script type=\"application\/ld+json\" class=\"yoast-schema-graph\">{\"@context\":\"https:\\\/\\\/schema.org\",\"@graph\":[{\"@type\":\"WebPage\",\"@id\":\"https:\\\/\\\/skin-heal.com\\\/product\\\/gana-v-line-10-vials-x-5ml\\\/\",\"url\":\"https:\\\/\\\/skin-heal.com\\\/product\\\/gana-v-line-10-vials-x-5ml\\\/\",\"name\":\"GANA V Line (10 vials x 5ml) - Skin Heal\",\"isPartOf\":{\"@id\":\"https:\\\/\\\/skin-heal.com\\\/#website\"},\"primaryImageOfPage\":{\"@id\":\"https:\\\/\\\/skin-heal.com\\\/product\\\/gana-v-line-10-vials-x-5ml\\\/#primaryimage\"},\"image\":{\"@id\":\"https:\\\/\\\/skin-heal.com\\\/product\\\/gana-v-line-10-vials-x-5ml\\\/#primaryimage\"},\"thumbnailUrl\":\"https:\\\/\\\/skin-heal.com\\\/wp-content\\\/uploads\\\/2019\\\/10\\\/Gana-V-Line.jpg\",\"datePublished\":\"2019-10-30T14:04:11+00:00\",\"dateModified\":\"2023-10-31T09:35:44+00:00\",\"description\":\"Top-selling facial contouring product GANA V line has unmatched fat-dissolving, anti-wrinkle and skin brightening powers. Get GANA V line via Skin Heal.\",\"breadcrumb\":{\"@id\":\"https:\\\/\\\/skin-heal.com\\\/product\\\/gana-v-line-10-vials-x-5ml\\\/#breadcrumb\"},\"inLanguage\":\"es\",\"potentialAction\":[{\"@type\":\"ReadAction\",\"target\":[\"https:\\\/\\\/skin-heal.com\\\/product\\\/gana-v-line-10-vials-x-5ml\\\/\"]}]},{\"@type\":\"ImageObject\",\"inLanguage\":\"es\",\"@id\":\"https:\\\/\\\/skin-heal.com\\\/product\\\/gana-v-line-10-vials-x-5ml\\\/#primaryimage\",\"url\":\"https:\\\/\\\/skin-heal.com\\\/wp-content\\\/uploads\\\/2019\\\/10\\\/Gana-V-Line.jpg\",\"contentUrl\":\"https:\\\/\\\/skin-heal.com\\\/wp-content\\\/uploads\\\/2019\\\/10\\\/Gana-V-Line.jpg\",\"width\":600,\"height\":600,\"caption\":\"Gana V Line\"},{\"@type\":\"BreadcrumbList\",\"@id\":\"https:\\\/\\\/skin-heal.com\\\/product\\\/gana-v-line-10-vials-x-5ml\\\/#breadcrumb\",\"itemListElement\":[{\"@type\":\"ListItem\",\"position\":1,\"name\":\"Home\",\"item\":\"https:\\\/\\\/skin-heal.com\\\/\"},{\"@type\":\"ListItem\",\"position\":2,\"name\":\"Store\",\"item\":\"https:\\\/\\\/skin-heal.com\\\/store\\\/\"},{\"@type\":\"ListItem\",\"position\":3,\"name\":\"GANA V Line (10 vials x 5ml)\"}]},{\"@type\":\"WebSite\",\"@id\":\"https:\\\/\\\/skin-heal.com\\\/#website\",\"url\":\"https:\\\/\\\/skin-heal.com\\\/\",\"name\":\"Skin Heal\",\"description\":\"Lowest Prices for Dermal Fillers\",\"potentialAction\":[{\"@type\":\"SearchAction\",\"target\":{\"@type\":\"EntryPoint\",\"urlTemplate\":\"https:\\\/\\\/skin-heal.com\\\/?s={search_term_string}\"},\"query-input\":{\"@type\":\"PropertyValueSpecification\",\"valueRequired\":true,\"valueName\":\"search_term_string\"}}],\"inLanguage\":\"es\"}]}<\/script>\n<!-- \/ Yoast SEO plugin. -->","yoast_head_json":{"title":"GANA V Line (10 viales x 5ml) - Skin Heal","description":"El producto de contorno facial m\u00e1s vendido de la l\u00ednea GANA V tiene un poder inigualable de disoluci\u00f3n de la grasa, antiarrugas e iluminador de la piel. Consiga la l\u00ednea GANA V a trav\u00e9s de Skin Heal.","robots":{"index":"index","follow":"follow","max-snippet":"max-snippet:-1","max-image-preview":"max-image-preview:large","max-video-preview":"max-video-preview:-1"},"canonical":"https:\/\/skin-heal.com\/es\/producto\/gana-v-line-10-vials-x-5ml\/","og_locale":"es_MX","og_type":"article","og_title":"GANA V Line (10 vials x 5ml) - Skin Heal","og_description":"Top-selling facial contouring product GANA V line has unmatched fat-dissolving, anti-wrinkle and skin brightening powers. Get GANA V line via Skin Heal.","og_url":"https:\/\/skin-heal.com\/es\/producto\/gana-v-line-10-vials-x-5ml\/","og_site_name":"Skin Heal","article_modified_time":"2023-10-31T09:35:44+00:00","og_image":[{"width":600,"height":600,"url":"https:\/\/cdn.skin-heal.com\/wp-content\/uploads\/2019\/10\/Gana-V-Line.jpg","type":"image\/jpeg"}],"twitter_card":"summary_large_image","twitter_misc":{"Tiempo de lectura":"1 minuto"},"schema":{"@context":"https:\/\/schema.org","@graph":[{"@type":"WebPage","@id":"https:\/\/skin-heal.com\/product\/gana-v-line-10-vials-x-5ml\/","url":"https:\/\/skin-heal.com\/product\/gana-v-line-10-vials-x-5ml\/","name":"GANA V Line (10 viales x 5ml) - Skin Heal","isPartOf":{"@id":"https:\/\/skin-heal.com\/#website"},"primaryImageOfPage":{"@id":"https:\/\/skin-heal.com\/product\/gana-v-line-10-vials-x-5ml\/#primaryimage"},"image":{"@id":"https:\/\/skin-heal.com\/product\/gana-v-line-10-vials-x-5ml\/#primaryimage"},"thumbnailUrl":"https:\/\/cdn.skin-heal.com\/wp-content\/uploads\/2019\/10\/Gana-V-Line.jpg","datePublished":"2019-10-30T14:04:11+00:00","dateModified":"2023-10-31T09:35:44+00:00","description":"El producto de contorno facial m\u00e1s vendido de la l\u00ednea GANA V tiene un poder inigualable de disoluci\u00f3n de la grasa, antiarrugas e iluminador de la piel. Consiga la l\u00ednea GANA V a trav\u00e9s de Skin Heal.","breadcrumb":{"@id":"https:\/\/skin-heal.com\/product\/gana-v-line-10-vials-x-5ml\/#breadcrumb"},"inLanguage":"es","potentialAction":[{"@type":"ReadAction","target":["https:\/\/skin-heal.com\/product\/gana-v-line-10-vials-x-5ml\/"]}]},{"@type":"ImageObject","inLanguage":"es","@id":"https:\/\/skin-heal.com\/product\/gana-v-line-10-vials-x-5ml\/#primaryimage","url":"https:\/\/cdn.skin-heal.com\/wp-content\/uploads\/2019\/10\/Gana-V-Line.jpg","contentUrl":"https:\/\/cdn.skin-heal.com\/wp-content\/uploads\/2019\/10\/Gana-V-Line.jpg","width":600,"height":600,"caption":"Gana V Line"},{"@type":"BreadcrumbList","@id":"https:\/\/skin-heal.com\/product\/gana-v-line-10-vials-x-5ml\/#breadcrumb","itemListElement":[{"@type":"ListItem","position":1,"name":"Home","item":"https:\/\/skin-heal.com\/"},{"@type":"ListItem","position":2,"name":"Store","item":"https:\/\/skin-heal.com\/store\/"},{"@type":"ListItem","position":3,"name":"GANA V Line (10 vials x 5ml)"}]},{"@type":"WebSite","@id":"https:\/\/skin-heal.com\/#website","url":"https:\/\/skin-heal.com\/","name":"Curaci\u00f3n de la piel","description":"Los precios m\u00e1s bajos para los rellenos d\u00e9rmicos","potentialAction":[{"@type":"SearchAction","target":{"@type":"EntryPoint","urlTemplate":"https:\/\/skin-heal.com\/?s={search_term_string}"},"query-input":{"@type":"PropertyValueSpecification","valueRequired":true,"valueName":"search_term_string"}}],"inLanguage":"es"}]}},"_links":{"self":[{"href":"https:\/\/skin-heal.com\/es\/wp-json\/wp\/v2\/product\/11950","targetHints":{"allow":["GET"]}}],"collection":[{"href":"https:\/\/skin-heal.com\/es\/wp-json\/wp\/v2\/product"}],"about":[{"href":"https:\/\/skin-heal.com\/es\/wp-json\/wp\/v2\/types\/product"}],"wp:featuredmedia":[{"embeddable":true,"href":"https:\/\/skin-heal.com\/es\/wp-json\/wp\/v2\/media\/11956"}],"wp:attachment":[{"href":"https:\/\/skin-heal.com\/es\/wp-json\/wp\/v2\/media?parent=11950"}],"wp:term":[{"taxonomy":"product_brand","embeddable":true,"href":"https:\/\/skin-heal.com\/es\/wp-json\/wp\/v2\/product_brand?post=11950"},{"taxonomy":"product_cat","embeddable":true,"href":"https:\/\/skin-heal.com\/es\/wp-json\/wp\/v2\/product_cat?post=11950"},{"taxonomy":"product_tag","embeddable":true,"href":"https:\/\/skin-heal.com\/es\/wp-json\/wp\/v2\/product_tag?post=11950"}],"curies":[{"name":"wp","href":"https:\/\/api.w.org\/{rel}","templated":true}]}}