{"id":11951,"date":"2019-10-30T16:06:51","date_gmt":"2019-10-30T16:06:51","guid":{"rendered":"https:\/\/skin-heal.com\/?post_type=product&#038;p=11951"},"modified":"2022-12-16T18:26:51","modified_gmt":"2022-12-16T16:26:51","slug":"gana-tox-10-vials-x-5ml","status":"publish","type":"product","link":"https:\/\/skin-heal.com\/es\/producto\/gana-tox-10-vials-x-5ml\/","title":{"rendered":"GANA TOX (10 viales x 5ml)"},"content":{"rendered":"<h3>\u00bfQu\u00e9 contiene GANA TOX y cu\u00e1les son sus ventajas?<\/h3>\n<p>GANA TOX es un producto lleno de p\u00e9ptidos que hace dos cosas principales: 1) hace que <strong>reduce de forma segura la apariencia de las arrugas faciales<\/strong>; 2) es <em>favorece la regeneraci\u00f3n y reparaci\u00f3n de las c\u00e9lulas de la piel<\/em>. Para ganar la batalla a las l\u00edneas y arrugas, se basa en el Acetil Hexap\u00e9ptido-8 o Argireline que relaja casi instant\u00e1neamente los m\u00fasculos y corrige las arrugas de expresi\u00f3n. Un robusto c\u00f3ctel de \u00e1cido hialur\u00f3nico, p\u00e9ptidos y betaglucano mejoran considerablemente la elasticidad y el estado general de la piel mediante <u>hidrataci\u00f3n profunda, refuerzo de col\u00e1geno y elastina<\/u> y acciones antiinflamatorias. Por \u00faltimo, pero no por ello menos importante, este producto de alta calidad contiene PDRN (polideoxirribonucle\u00f3tido) que anima al cuerpo a reparar las c\u00e9lulas da\u00f1adas de la piel, lo que acelera la curaci\u00f3n de las heridas.<\/p>\n<ul>\n<li>Cero tiempo de inactividad despu\u00e9s del tratamiento<\/li>\n<li>Ofrece efectos acumulativos e instant\u00e1neos<\/li>\n<li>No causa dolor y no provoca reacciones indeseadas<\/li>\n<li>Puede combinarse f\u00e1cilmente con muchos otros productos y procedimientos cosm\u00e9ticos<\/li>\n<\/ul>\n<h3>\u00bfCu\u00e1ntas sesiones requiere este tratamiento?<\/h3>\n<p>GANA TOX puede ser <em>se aplica con una pistola de aire comprimido o un rodillo d\u00e9rmico<\/em>. En el segundo caso, la longitud de las agujas no debe ser superior a 0,5 mm. Un tratamiento est\u00e1ndar con esta innovadora soluci\u00f3n pept\u00eddica de pulverizaci\u00f3n puede incluir <strong>5-10 sesiones<\/strong>cada una de las cuales se realiza con un intervalo de 3 d\u00edas como m\u00e1ximo. Los pacientes deber\u00edan poder ver los primeros efectos de refuerzo y rejuvenecimiento de la piel del tratamiento despu\u00e9s de unas 5 sesiones.<\/p>","protected":false},"excerpt":{"rendered":"<p>GANA TOX con p\u00e9ptidos es un producto de nueva generaci\u00f3n vendido por Skin Heal y producido por GANA R&amp;D. Es un <u>P\u00e9ptido de pulverizaci\u00f3n y soluci\u00f3n de Argireline registrados por la FDA<\/u> que estimula la regeneraci\u00f3n de las c\u00e9lulas de la piel y la producci\u00f3n de prote\u00ednas importantes en la dermis, como la elastina y el col\u00e1geno. Se aplica con un rodillo d\u00e9rmico o con una pistola de aire y tiene <em>poderes de eliminaci\u00f3n de arrugas y cicatrices dif\u00edciles de igualar<\/em>.<\/p>","protected":false},"featured_media":11957,"template":"","meta":[],"product_brand":[],"product_cat":[104,105,80,144],"product_tag":[146],"class_list":{"0":"post-11951","1":"product","2":"type-product","3":"status-publish","4":"has-post-thumbnail","6":"product_cat-gana","7":"product_cat-gana-rd","8":"product_cat-mesotherapy","9":"product_cat-holiday-mega-sale","10":"product_tag-10off","11":"clearfix","13":"first","14":"instock","15":"sale","16":"taxable","17":"shipping-taxable","18":"purchasable","19":"product-type-simple"},"yoast_head":"<!-- This site is optimized with the Yoast SEO plugin v27.4 - https:\/\/yoast.com\/product\/yoast-seo-wordpress\/ -->\n<title>GANA TOX (10 vials x 5ml) - Skin Heal<\/title>\n<meta name=\"description\" content=\"Reliable spraying peptide solution GANA TOX easily brightens, rejuvenates, regenerates and boosts the condition of skin. To get GANA TOX, visit Skin Heal.\" \/>\n<meta name=\"robots\" content=\"index, follow, max-snippet:-1, max-image-preview:large, max-video-preview:-1\" \/>\n<link rel=\"canonical\" href=\"https:\/\/skin-heal.com\/es\/producto\/gana-tox-10-vials-x-5ml\/\" \/>\n<meta property=\"og:locale\" content=\"es_MX\" \/>\n<meta property=\"og:type\" content=\"article\" \/>\n<meta property=\"og:title\" content=\"GANA TOX (10 vials x 5ml) - Skin Heal\" \/>\n<meta property=\"og:description\" content=\"Reliable spraying peptide solution GANA TOX easily brightens, rejuvenates, regenerates and boosts the condition of skin. To get GANA TOX, visit Skin Heal.\" \/>\n<meta property=\"og:url\" content=\"https:\/\/skin-heal.com\/es\/producto\/gana-tox-10-vials-x-5ml\/\" \/>\n<meta property=\"og:site_name\" content=\"Skin Heal\" \/>\n<meta property=\"article:modified_time\" content=\"2022-12-16T16:26:51+00:00\" \/>\n<meta property=\"og:image\" content=\"https:\/\/cdn.skin-heal.com\/wp-content\/uploads\/2019\/10\/GANA-TOX.jpg\" \/>\n\t<meta property=\"og:image:width\" content=\"600\" \/>\n\t<meta property=\"og:image:height\" content=\"600\" \/>\n\t<meta property=\"og:image:type\" content=\"image\/jpeg\" \/>\n<meta name=\"twitter:card\" content=\"summary_large_image\" \/>\n<meta name=\"twitter:label1\" content=\"Tiempo de lectura\" \/>\n\t<meta name=\"twitter:data1\" content=\"1 minuto\" \/>\n<script type=\"application\/ld+json\" class=\"yoast-schema-graph\">{\"@context\":\"https:\\\/\\\/schema.org\",\"@graph\":[{\"@type\":\"WebPage\",\"@id\":\"https:\\\/\\\/skin-heal.com\\\/product\\\/gana-tox-10-vials-x-5ml\\\/\",\"url\":\"https:\\\/\\\/skin-heal.com\\\/product\\\/gana-tox-10-vials-x-5ml\\\/\",\"name\":\"GANA TOX (10 vials x 5ml) - Skin Heal\",\"isPartOf\":{\"@id\":\"https:\\\/\\\/skin-heal.com\\\/#website\"},\"primaryImageOfPage\":{\"@id\":\"https:\\\/\\\/skin-heal.com\\\/product\\\/gana-tox-10-vials-x-5ml\\\/#primaryimage\"},\"image\":{\"@id\":\"https:\\\/\\\/skin-heal.com\\\/product\\\/gana-tox-10-vials-x-5ml\\\/#primaryimage\"},\"thumbnailUrl\":\"https:\\\/\\\/skin-heal.com\\\/wp-content\\\/uploads\\\/2019\\\/10\\\/GANA-TOX.jpg\",\"datePublished\":\"2019-10-30T16:06:51+00:00\",\"dateModified\":\"2022-12-16T16:26:51+00:00\",\"description\":\"Reliable spraying peptide solution GANA TOX easily brightens, rejuvenates, regenerates and boosts the condition of skin. To get GANA TOX, visit Skin Heal.\",\"breadcrumb\":{\"@id\":\"https:\\\/\\\/skin-heal.com\\\/product\\\/gana-tox-10-vials-x-5ml\\\/#breadcrumb\"},\"inLanguage\":\"es\",\"potentialAction\":[{\"@type\":\"ReadAction\",\"target\":[\"https:\\\/\\\/skin-heal.com\\\/product\\\/gana-tox-10-vials-x-5ml\\\/\"]}]},{\"@type\":\"ImageObject\",\"inLanguage\":\"es\",\"@id\":\"https:\\\/\\\/skin-heal.com\\\/product\\\/gana-tox-10-vials-x-5ml\\\/#primaryimage\",\"url\":\"https:\\\/\\\/skin-heal.com\\\/wp-content\\\/uploads\\\/2019\\\/10\\\/GANA-TOX.jpg\",\"contentUrl\":\"https:\\\/\\\/skin-heal.com\\\/wp-content\\\/uploads\\\/2019\\\/10\\\/GANA-TOX.jpg\",\"width\":600,\"height\":600,\"caption\":\"GANA TOX\"},{\"@type\":\"BreadcrumbList\",\"@id\":\"https:\\\/\\\/skin-heal.com\\\/product\\\/gana-tox-10-vials-x-5ml\\\/#breadcrumb\",\"itemListElement\":[{\"@type\":\"ListItem\",\"position\":1,\"name\":\"Home\",\"item\":\"https:\\\/\\\/skin-heal.com\\\/\"},{\"@type\":\"ListItem\",\"position\":2,\"name\":\"Store\",\"item\":\"https:\\\/\\\/skin-heal.com\\\/store\\\/\"},{\"@type\":\"ListItem\",\"position\":3,\"name\":\"GANA TOX (10 vials x 5ml)\"}]},{\"@type\":\"WebSite\",\"@id\":\"https:\\\/\\\/skin-heal.com\\\/#website\",\"url\":\"https:\\\/\\\/skin-heal.com\\\/\",\"name\":\"Skin Heal\",\"description\":\"Lowest Prices for Dermal Fillers\",\"potentialAction\":[{\"@type\":\"SearchAction\",\"target\":{\"@type\":\"EntryPoint\",\"urlTemplate\":\"https:\\\/\\\/skin-heal.com\\\/?s={search_term_string}\"},\"query-input\":{\"@type\":\"PropertyValueSpecification\",\"valueRequired\":true,\"valueName\":\"search_term_string\"}}],\"inLanguage\":\"es\"}]}<\/script>\n<!-- \/ Yoast SEO plugin. -->","yoast_head_json":{"title":"GANA TOX (10 viales x 5ml) - Skin Heal","description":"La fiable soluci\u00f3n pept\u00eddica en spray GANA TOX ilumina, rejuvenece, regenera y mejora f\u00e1cilmente el estado de la piel. Para conseguir GANA TOX, visite Skin Heal.","robots":{"index":"index","follow":"follow","max-snippet":"max-snippet:-1","max-image-preview":"max-image-preview:large","max-video-preview":"max-video-preview:-1"},"canonical":"https:\/\/skin-heal.com\/es\/producto\/gana-tox-10-vials-x-5ml\/","og_locale":"es_MX","og_type":"article","og_title":"GANA TOX (10 vials x 5ml) - Skin Heal","og_description":"Reliable spraying peptide solution GANA TOX easily brightens, rejuvenates, regenerates and boosts the condition of skin. To get GANA TOX, visit Skin Heal.","og_url":"https:\/\/skin-heal.com\/es\/producto\/gana-tox-10-vials-x-5ml\/","og_site_name":"Skin Heal","article_modified_time":"2022-12-16T16:26:51+00:00","og_image":[{"width":600,"height":600,"url":"https:\/\/cdn.skin-heal.com\/wp-content\/uploads\/2019\/10\/GANA-TOX.jpg","type":"image\/jpeg"}],"twitter_card":"summary_large_image","twitter_misc":{"Tiempo de lectura":"1 minuto"},"schema":{"@context":"https:\/\/schema.org","@graph":[{"@type":"WebPage","@id":"https:\/\/skin-heal.com\/product\/gana-tox-10-vials-x-5ml\/","url":"https:\/\/skin-heal.com\/product\/gana-tox-10-vials-x-5ml\/","name":"GANA TOX (10 viales x 5ml) - Skin Heal","isPartOf":{"@id":"https:\/\/skin-heal.com\/#website"},"primaryImageOfPage":{"@id":"https:\/\/skin-heal.com\/product\/gana-tox-10-vials-x-5ml\/#primaryimage"},"image":{"@id":"https:\/\/skin-heal.com\/product\/gana-tox-10-vials-x-5ml\/#primaryimage"},"thumbnailUrl":"https:\/\/cdn.skin-heal.com\/wp-content\/uploads\/2019\/10\/GANA-TOX.jpg","datePublished":"2019-10-30T16:06:51+00:00","dateModified":"2022-12-16T16:26:51+00:00","description":"La fiable soluci\u00f3n pept\u00eddica en spray GANA TOX ilumina, rejuvenece, regenera y mejora f\u00e1cilmente el estado de la piel. Para conseguir GANA TOX, visite Skin Heal.","breadcrumb":{"@id":"https:\/\/skin-heal.com\/product\/gana-tox-10-vials-x-5ml\/#breadcrumb"},"inLanguage":"es","potentialAction":[{"@type":"ReadAction","target":["https:\/\/skin-heal.com\/product\/gana-tox-10-vials-x-5ml\/"]}]},{"@type":"ImageObject","inLanguage":"es","@id":"https:\/\/skin-heal.com\/product\/gana-tox-10-vials-x-5ml\/#primaryimage","url":"https:\/\/cdn.skin-heal.com\/wp-content\/uploads\/2019\/10\/GANA-TOX.jpg","contentUrl":"https:\/\/cdn.skin-heal.com\/wp-content\/uploads\/2019\/10\/GANA-TOX.jpg","width":600,"height":600,"caption":"GANA TOX"},{"@type":"BreadcrumbList","@id":"https:\/\/skin-heal.com\/product\/gana-tox-10-vials-x-5ml\/#breadcrumb","itemListElement":[{"@type":"ListItem","position":1,"name":"Home","item":"https:\/\/skin-heal.com\/"},{"@type":"ListItem","position":2,"name":"Store","item":"https:\/\/skin-heal.com\/store\/"},{"@type":"ListItem","position":3,"name":"GANA TOX (10 vials x 5ml)"}]},{"@type":"WebSite","@id":"https:\/\/skin-heal.com\/#website","url":"https:\/\/skin-heal.com\/","name":"Curaci\u00f3n de la piel","description":"Los precios m\u00e1s bajos para los rellenos d\u00e9rmicos","potentialAction":[{"@type":"SearchAction","target":{"@type":"EntryPoint","urlTemplate":"https:\/\/skin-heal.com\/?s={search_term_string}"},"query-input":{"@type":"PropertyValueSpecification","valueRequired":true,"valueName":"search_term_string"}}],"inLanguage":"es"}]}},"_links":{"self":[{"href":"https:\/\/skin-heal.com\/es\/wp-json\/wp\/v2\/product\/11951","targetHints":{"allow":["GET"]}}],"collection":[{"href":"https:\/\/skin-heal.com\/es\/wp-json\/wp\/v2\/product"}],"about":[{"href":"https:\/\/skin-heal.com\/es\/wp-json\/wp\/v2\/types\/product"}],"wp:featuredmedia":[{"embeddable":true,"href":"https:\/\/skin-heal.com\/es\/wp-json\/wp\/v2\/media\/11957"}],"wp:attachment":[{"href":"https:\/\/skin-heal.com\/es\/wp-json\/wp\/v2\/media?parent=11951"}],"wp:term":[{"taxonomy":"product_brand","embeddable":true,"href":"https:\/\/skin-heal.com\/es\/wp-json\/wp\/v2\/product_brand?post=11951"},{"taxonomy":"product_cat","embeddable":true,"href":"https:\/\/skin-heal.com\/es\/wp-json\/wp\/v2\/product_cat?post=11951"},{"taxonomy":"product_tag","embeddable":true,"href":"https:\/\/skin-heal.com\/es\/wp-json\/wp\/v2\/product_tag?post=11951"}],"curies":[{"name":"wp","href":"https:\/\/api.w.org\/{rel}","templated":true}]}}