{"id":11952,"date":"2019-10-30T16:12:11","date_gmt":"2019-10-30T16:12:11","guid":{"rendered":"https:\/\/skin-heal.com\/?post_type=product&#038;p=11952"},"modified":"2021-10-28T12:08:29","modified_gmt":"2021-10-28T12:08:29","slug":"gana-pha-pha-peeling-40ml","status":"publish","type":"product","link":"https:\/\/skin-heal.com\/es\/producto\/gana-pha-pha-peeling-40ml\/","title":{"rendered":"GANA PHA (Peeling PHA) 40ml"},"content":{"rendered":"<h3>Un producto exfoliante de PHA seguro para todo tipo de pieles<\/h3>\n<p>GANA PHA se basa en un ingrediente revolucionario llamado <strong>Polihidroxi\u00e1cido (PHA)<\/strong>. Aunque es bastante similar a los AHA que se encuentran en otros productos exfoliantes de primera categor\u00eda, es mucho m\u00e1s seguro ya que <em>no irrita la piel<\/em>.<\/p>\n<ul>\n<li>Hiperqueratosis (dermatitis seborreica, ros\u00e1cea, etc.)<\/li>\n<li>Acn\u00e9<\/li>\n<li>Fotoenvejecimiento (aspereza y sequedad)<\/li>\n<li>Envejecimiento natural (marchitamiento y arrugas finas)<\/li>\n<li>Hiperpigmentaci\u00f3n<\/li>\n<li>Dermatitis act\u00ednica<\/li>\n<\/ul>\n<p>La alfa arbutina es otra sustancia que se encuentra en esta soluci\u00f3n de peeling PHA optimizada y es famosa por su <u>incre\u00edbles propiedades para blanquear la piel<\/u>.<\/p>\n<h3>La mejor manera de utilizar GANA PHA<\/h3>\n<p>GANA PHA es un producto de peeling PHA muy f\u00e1cil de usar y los pacientes pueden aplicarlo incluso en la comodidad de su casa. Para ello, s\u00f3lo necesitar\u00e1n un peque\u00f1o recipiente en el que puedan verter un poco de la soluci\u00f3n y un cepillo que puedan utilizar para la aplicaci\u00f3n de la soluci\u00f3n en su rostro. Este procedimiento debe realizarse <em>dos o tres veces por semana<\/em>En el caso de las mujeres, la soluci\u00f3n se aplica en intervalos de 2 a 3 d\u00edas. Lo mejor es utilizar la soluci\u00f3n poco antes de acostarse para poder dejarla en el rostro durante la noche y que haga bien su magia. Despu\u00e9s de cada aplicaci\u00f3n, la piel tendr\u00e1 un aspecto <u>m\u00e1s brillante, m\u00e1s claro, m\u00e1s suave, m\u00e1s sano<\/u> y m\u00e1s juvenil.<\/p>","protected":false},"excerpt":{"rendered":"<p>Las personas con piel sensible y las que sufren problemas cosm\u00e9ticos como la ros\u00e1cea, no tienen por qu\u00e9 evitar los productos de exfoliaci\u00f3n avanzados. GANA PHA es un <u>soluci\u00f3n de pelado de PHA sin riesgo<\/u> que puede aplicarse en <em>todo tipo de pieles, incluso en las cl\u00ednicamente sensibles<\/em> los. Distribuido por Skin Heal, se encuentra entre los productos m\u00e1s suaves, pero m\u00e1s eficaces de esta categor\u00eda y tiene el poder de retrasar el envejecimiento, tratar r\u00e1pidamente la hiperpigmentaci\u00f3n, el acn\u00e9, la hiperqueratosis y otros problemas cosm\u00e9ticos.<\/p>","protected":false},"featured_media":11959,"template":"","meta":[],"product_brand":[],"product_cat":[87,104,105],"product_tag":[],"class_list":{"0":"post-11952","1":"product","2":"type-product","3":"status-publish","4":"has-post-thumbnail","6":"product_cat-cosmetics","7":"product_cat-gana","8":"product_cat-gana-rd","9":"clearfix","11":"first","12":"outofstock","13":"taxable","14":"shipping-taxable","15":"purchasable","16":"product-type-simple"},"yoast_head":"<!-- This site is optimized with the Yoast SEO plugin v27.4 - https:\/\/yoast.com\/product\/yoast-seo-wordpress\/ -->\n<title>GANA PHA (PHA Peeling) 40ml - Skin Heal<\/title>\n<meta name=\"description\" content=\"Quality skin peeling product GANA PHA is sold by Skin Heal. GANA PHA is sensitive skin-friendly and it has amazing anti-aging and anti-pigmentation powers.\" \/>\n<meta name=\"robots\" content=\"index, follow, max-snippet:-1, max-image-preview:large, max-video-preview:-1\" \/>\n<link rel=\"canonical\" href=\"https:\/\/skin-heal.com\/es\/producto\/gana-pha-pha-peeling-40ml\/\" \/>\n<meta property=\"og:locale\" content=\"es_MX\" \/>\n<meta property=\"og:type\" content=\"article\" \/>\n<meta property=\"og:title\" content=\"GANA PHA (PHA Peeling) 40ml - Skin Heal\" \/>\n<meta property=\"og:description\" content=\"Quality skin peeling product GANA PHA is sold by Skin Heal. GANA PHA is sensitive skin-friendly and it has amazing anti-aging and anti-pigmentation powers.\" \/>\n<meta property=\"og:url\" content=\"https:\/\/skin-heal.com\/es\/producto\/gana-pha-pha-peeling-40ml\/\" \/>\n<meta property=\"og:site_name\" content=\"Skin Heal\" \/>\n<meta property=\"article:modified_time\" content=\"2021-10-28T12:08:29+00:00\" \/>\n<meta property=\"og:image\" content=\"https:\/\/cdn.skin-heal.com\/wp-content\/uploads\/2019\/10\/GANA-PHA.jpg\" \/>\n\t<meta property=\"og:image:width\" content=\"600\" \/>\n\t<meta property=\"og:image:height\" content=\"600\" \/>\n\t<meta property=\"og:image:type\" content=\"image\/jpeg\" \/>\n<meta name=\"twitter:card\" content=\"summary_large_image\" \/>\n<meta name=\"twitter:label1\" content=\"Tiempo de lectura\" \/>\n\t<meta name=\"twitter:data1\" content=\"1 minuto\" \/>\n<script type=\"application\/ld+json\" class=\"yoast-schema-graph\">{\"@context\":\"https:\\\/\\\/schema.org\",\"@graph\":[{\"@type\":\"WebPage\",\"@id\":\"https:\\\/\\\/skin-heal.com\\\/product\\\/gana-pha-pha-peeling-40ml\\\/\",\"url\":\"https:\\\/\\\/skin-heal.com\\\/product\\\/gana-pha-pha-peeling-40ml\\\/\",\"name\":\"GANA PHA (PHA Peeling) 40ml - Skin Heal\",\"isPartOf\":{\"@id\":\"https:\\\/\\\/skin-heal.com\\\/#website\"},\"primaryImageOfPage\":{\"@id\":\"https:\\\/\\\/skin-heal.com\\\/product\\\/gana-pha-pha-peeling-40ml\\\/#primaryimage\"},\"image\":{\"@id\":\"https:\\\/\\\/skin-heal.com\\\/product\\\/gana-pha-pha-peeling-40ml\\\/#primaryimage\"},\"thumbnailUrl\":\"https:\\\/\\\/skin-heal.com\\\/wp-content\\\/uploads\\\/2019\\\/10\\\/GANA-PHA.jpg\",\"datePublished\":\"2019-10-30T16:12:11+00:00\",\"dateModified\":\"2021-10-28T12:08:29+00:00\",\"description\":\"Quality skin peeling product GANA PHA is sold by Skin Heal. GANA PHA is sensitive skin-friendly and it has amazing anti-aging and anti-pigmentation powers.\",\"breadcrumb\":{\"@id\":\"https:\\\/\\\/skin-heal.com\\\/product\\\/gana-pha-pha-peeling-40ml\\\/#breadcrumb\"},\"inLanguage\":\"es\",\"potentialAction\":[{\"@type\":\"ReadAction\",\"target\":[\"https:\\\/\\\/skin-heal.com\\\/product\\\/gana-pha-pha-peeling-40ml\\\/\"]}]},{\"@type\":\"ImageObject\",\"inLanguage\":\"es\",\"@id\":\"https:\\\/\\\/skin-heal.com\\\/product\\\/gana-pha-pha-peeling-40ml\\\/#primaryimage\",\"url\":\"https:\\\/\\\/skin-heal.com\\\/wp-content\\\/uploads\\\/2019\\\/10\\\/GANA-PHA.jpg\",\"contentUrl\":\"https:\\\/\\\/skin-heal.com\\\/wp-content\\\/uploads\\\/2019\\\/10\\\/GANA-PHA.jpg\",\"width\":600,\"height\":600,\"caption\":\"GANA PHA\"},{\"@type\":\"BreadcrumbList\",\"@id\":\"https:\\\/\\\/skin-heal.com\\\/product\\\/gana-pha-pha-peeling-40ml\\\/#breadcrumb\",\"itemListElement\":[{\"@type\":\"ListItem\",\"position\":1,\"name\":\"Home\",\"item\":\"https:\\\/\\\/skin-heal.com\\\/\"},{\"@type\":\"ListItem\",\"position\":2,\"name\":\"Store\",\"item\":\"https:\\\/\\\/skin-heal.com\\\/store\\\/\"},{\"@type\":\"ListItem\",\"position\":3,\"name\":\"GANA PHA (PHA Peeling) 40ml\"}]},{\"@type\":\"WebSite\",\"@id\":\"https:\\\/\\\/skin-heal.com\\\/#website\",\"url\":\"https:\\\/\\\/skin-heal.com\\\/\",\"name\":\"Skin Heal\",\"description\":\"Lowest Prices for Dermal Fillers\",\"potentialAction\":[{\"@type\":\"SearchAction\",\"target\":{\"@type\":\"EntryPoint\",\"urlTemplate\":\"https:\\\/\\\/skin-heal.com\\\/?s={search_term_string}\"},\"query-input\":{\"@type\":\"PropertyValueSpecification\",\"valueRequired\":true,\"valueName\":\"search_term_string\"}}],\"inLanguage\":\"es\"}]}<\/script>\n<!-- \/ Yoast SEO plugin. -->","yoast_head_json":{"title":"GANA PHA (PHA Peeling) 40ml - Skin Heal","description":"Skin Heal comercializa el exfoliante de calidad GANA PHA. GANA PHA es respetuoso con la piel sensible y tiene un incre\u00edble poder antienvejecimiento y antipigmentaci\u00f3n.","robots":{"index":"index","follow":"follow","max-snippet":"max-snippet:-1","max-image-preview":"max-image-preview:large","max-video-preview":"max-video-preview:-1"},"canonical":"https:\/\/skin-heal.com\/es\/producto\/gana-pha-pha-peeling-40ml\/","og_locale":"es_MX","og_type":"article","og_title":"GANA PHA (PHA Peeling) 40ml - Skin Heal","og_description":"Quality skin peeling product GANA PHA is sold by Skin Heal. GANA PHA is sensitive skin-friendly and it has amazing anti-aging and anti-pigmentation powers.","og_url":"https:\/\/skin-heal.com\/es\/producto\/gana-pha-pha-peeling-40ml\/","og_site_name":"Skin Heal","article_modified_time":"2021-10-28T12:08:29+00:00","og_image":[{"width":600,"height":600,"url":"https:\/\/cdn.skin-heal.com\/wp-content\/uploads\/2019\/10\/GANA-PHA.jpg","type":"image\/jpeg"}],"twitter_card":"summary_large_image","twitter_misc":{"Tiempo de lectura":"1 minuto"},"schema":{"@context":"https:\/\/schema.org","@graph":[{"@type":"WebPage","@id":"https:\/\/skin-heal.com\/product\/gana-pha-pha-peeling-40ml\/","url":"https:\/\/skin-heal.com\/product\/gana-pha-pha-peeling-40ml\/","name":"GANA PHA (PHA Peeling) 40ml - Skin Heal","isPartOf":{"@id":"https:\/\/skin-heal.com\/#website"},"primaryImageOfPage":{"@id":"https:\/\/skin-heal.com\/product\/gana-pha-pha-peeling-40ml\/#primaryimage"},"image":{"@id":"https:\/\/skin-heal.com\/product\/gana-pha-pha-peeling-40ml\/#primaryimage"},"thumbnailUrl":"https:\/\/cdn.skin-heal.com\/wp-content\/uploads\/2019\/10\/GANA-PHA.jpg","datePublished":"2019-10-30T16:12:11+00:00","dateModified":"2021-10-28T12:08:29+00:00","description":"Skin Heal comercializa el exfoliante de calidad GANA PHA. GANA PHA es respetuoso con la piel sensible y tiene un incre\u00edble poder antienvejecimiento y antipigmentaci\u00f3n.","breadcrumb":{"@id":"https:\/\/skin-heal.com\/product\/gana-pha-pha-peeling-40ml\/#breadcrumb"},"inLanguage":"es","potentialAction":[{"@type":"ReadAction","target":["https:\/\/skin-heal.com\/product\/gana-pha-pha-peeling-40ml\/"]}]},{"@type":"ImageObject","inLanguage":"es","@id":"https:\/\/skin-heal.com\/product\/gana-pha-pha-peeling-40ml\/#primaryimage","url":"https:\/\/cdn.skin-heal.com\/wp-content\/uploads\/2019\/10\/GANA-PHA.jpg","contentUrl":"https:\/\/cdn.skin-heal.com\/wp-content\/uploads\/2019\/10\/GANA-PHA.jpg","width":600,"height":600,"caption":"GANA PHA"},{"@type":"BreadcrumbList","@id":"https:\/\/skin-heal.com\/product\/gana-pha-pha-peeling-40ml\/#breadcrumb","itemListElement":[{"@type":"ListItem","position":1,"name":"Home","item":"https:\/\/skin-heal.com\/"},{"@type":"ListItem","position":2,"name":"Store","item":"https:\/\/skin-heal.com\/store\/"},{"@type":"ListItem","position":3,"name":"GANA PHA (PHA Peeling) 40ml"}]},{"@type":"WebSite","@id":"https:\/\/skin-heal.com\/#website","url":"https:\/\/skin-heal.com\/","name":"Curaci\u00f3n de la piel","description":"Los precios m\u00e1s bajos para los rellenos d\u00e9rmicos","potentialAction":[{"@type":"SearchAction","target":{"@type":"EntryPoint","urlTemplate":"https:\/\/skin-heal.com\/?s={search_term_string}"},"query-input":{"@type":"PropertyValueSpecification","valueRequired":true,"valueName":"search_term_string"}}],"inLanguage":"es"}]}},"_links":{"self":[{"href":"https:\/\/skin-heal.com\/es\/wp-json\/wp\/v2\/product\/11952","targetHints":{"allow":["GET"]}}],"collection":[{"href":"https:\/\/skin-heal.com\/es\/wp-json\/wp\/v2\/product"}],"about":[{"href":"https:\/\/skin-heal.com\/es\/wp-json\/wp\/v2\/types\/product"}],"wp:featuredmedia":[{"embeddable":true,"href":"https:\/\/skin-heal.com\/es\/wp-json\/wp\/v2\/media\/11959"}],"wp:attachment":[{"href":"https:\/\/skin-heal.com\/es\/wp-json\/wp\/v2\/media?parent=11952"}],"wp:term":[{"taxonomy":"product_brand","embeddable":true,"href":"https:\/\/skin-heal.com\/es\/wp-json\/wp\/v2\/product_brand?post=11952"},{"taxonomy":"product_cat","embeddable":true,"href":"https:\/\/skin-heal.com\/es\/wp-json\/wp\/v2\/product_cat?post=11952"},{"taxonomy":"product_tag","embeddable":true,"href":"https:\/\/skin-heal.com\/es\/wp-json\/wp\/v2\/product_tag?post=11952"}],"curies":[{"name":"wp","href":"https:\/\/api.w.org\/{rel}","templated":true}]}}