{"id":11953,"date":"2019-10-30T16:24:49","date_gmt":"2019-10-30T16:24:49","guid":{"rendered":"https:\/\/skin-heal.com\/?post_type=product&#038;p=11953"},"modified":"2021-10-28T12:08:28","modified_gmt":"2021-10-28T12:08:28","slug":"gino-face-45g-1-52oz","status":"publish","type":"product","link":"https:\/\/skin-heal.com\/es\/producto\/gino-face-45g-1-52oz\/","title":{"rendered":"GINO FACE 45g\/1.52oz"},"content":{"rendered":"<h3>Sobre GINO FACE y Spongilla<\/h3>\n<p><u>Esp\u00edculas de Poriferan de agua dulce<\/u> - es uno de los ingredientes activos clave utilizados en la elaboraci\u00f3n de GINO FACE. Procede de un g\u00e9nero de esponjas que se encuentran en arroyos y lagos y que se conoce oficialmente como Spongilla. Causan una inflamaci\u00f3n muy leve que:<\/p>\n<ul>\n<li>Favorece la regeneraci\u00f3n de la piel<\/li>\n<li>Elimina las p\u00fastulas del acn\u00e9<\/li>\n<li>Calma la piel<\/li>\n<li>Reduce la producci\u00f3n excesiva de sebo<\/li>\n<\/ul>\n<p>Otros ingredientes y sustancias importantes de esta soluci\u00f3n exfoliante de confianza son la alfa arbutina, la niacina, el \u00e1cido hialur\u00f3nico y el \u00e1cido salic\u00edlico.<\/p>\n<h3>Efectos adicionales del tratamiento que los pacientes pueden esperar<\/h3>\n<p>El objetivo principal de GINO FACE puede ser tratar y eliminar con \u00e9xito el acn\u00e9 de la cara, pero sus efectos beneficiosos para el cuidado de la piel no terminan ah\u00ed. Las esp\u00edculas de Poriferan de agua dulce que se encuentran en su composici\u00f3n tienen la capacidad \u00fanica de acelerar el proceso de renovaci\u00f3n celular de la piel. Al hacerlo, estimulan el desarrollo de nuevas c\u00e9lulas de la piel, lo que tiene <u>rejuvenecimiento est\u00e9tico dif\u00edcil de igualar<\/u> y efectos de regeneraci\u00f3n. La piel del rostro se alisar\u00e1 considerablemente y las l\u00edneas de expresi\u00f3n se har\u00e1n menos visibles. <em>Los poros dilatados tambi\u00e9n reducir\u00e1n su tama\u00f1o<\/em> ya que las esp\u00edculas crean min\u00fasculos agujeros por los que puede salir f\u00e1cilmente cualquier impureza. La inmunidad general de la piel tambi\u00e9n se ver\u00e1 reforzada y eso <strong>reducir el riesgo de brotes recurrentes de acn\u00e9<\/strong> en el futuro.<\/p>","protected":false},"excerpt":{"rendered":"<p>El acn\u00e9 facial persistente tiene un nuevo enemigo mortal llamado GINO FACE. Se trata de un <u>crema de esp\u00edcula magn\u00edfica<\/u> de la empresa farmac\u00e9utica y cosmec\u00e9utica surcoreana GANA R&amp;D para <strong>ayudar a los pacientes con pieles propensas al acn\u00e9<\/strong> que buscan una forma sencilla, pero r\u00e1pida y eficaz, de equilibrar los niveles de producci\u00f3n de grasa en su piel, reducir la inflamaci\u00f3n y mejorar su aspecto. Es uno de los productos exfoliantes m\u00e1s vendidos en Skin Heal, ya que se basa en <em>esponjas de agua dulce totalmente naturales<\/em>.<\/p>","protected":false},"featured_media":11960,"template":"","meta":[],"product_brand":[],"product_cat":[87,104,105],"product_tag":[],"class_list":{"0":"post-11953","1":"product","2":"type-product","3":"status-publish","4":"has-post-thumbnail","6":"product_cat-cosmetics","7":"product_cat-gana","8":"product_cat-gana-rd","9":"clearfix","11":"first","12":"outofstock","13":"sale","14":"taxable","15":"shipping-taxable","16":"purchasable","17":"product-type-simple"},"yoast_head":"<!-- This site is optimized with the Yoast SEO plugin v27.4 - https:\/\/yoast.com\/product\/yoast-seo-wordpress\/ -->\n<title>GINO FACE 45g\/1.52oz - Skin Heal<\/title>\n<meta name=\"description\" content=\"Peeling product GINO FACE is a robust anti-acne spicule cream. Buy GINO FACE via Skin Heal to balance oil production levels and eliminate acne germs.\" \/>\n<meta name=\"robots\" content=\"index, follow, max-snippet:-1, max-image-preview:large, max-video-preview:-1\" \/>\n<link rel=\"canonical\" href=\"https:\/\/skin-heal.com\/es\/producto\/gino-face-45g-1-52oz\/\" \/>\n<meta property=\"og:locale\" content=\"es_MX\" \/>\n<meta property=\"og:type\" content=\"article\" \/>\n<meta property=\"og:title\" content=\"GINO FACE 45g\/1.52oz - Skin Heal\" \/>\n<meta property=\"og:description\" content=\"Peeling product GINO FACE is a robust anti-acne spicule cream. Buy GINO FACE via Skin Heal to balance oil production levels and eliminate acne germs.\" \/>\n<meta property=\"og:url\" content=\"https:\/\/skin-heal.com\/es\/producto\/gino-face-45g-1-52oz\/\" \/>\n<meta property=\"og:site_name\" content=\"Skin Heal\" \/>\n<meta property=\"article:modified_time\" content=\"2021-10-28T12:08:28+00:00\" \/>\n<meta property=\"og:image\" content=\"https:\/\/cdn.skin-heal.com\/wp-content\/uploads\/2019\/10\/Gino-Face.jpg\" \/>\n\t<meta property=\"og:image:width\" content=\"600\" \/>\n\t<meta property=\"og:image:height\" content=\"600\" \/>\n\t<meta property=\"og:image:type\" content=\"image\/jpeg\" \/>\n<meta name=\"twitter:card\" content=\"summary_large_image\" \/>\n<meta name=\"twitter:label1\" content=\"Tiempo de lectura\" \/>\n\t<meta name=\"twitter:data1\" content=\"1 minuto\" \/>\n<script type=\"application\/ld+json\" class=\"yoast-schema-graph\">{\"@context\":\"https:\\\/\\\/schema.org\",\"@graph\":[{\"@type\":\"WebPage\",\"@id\":\"https:\\\/\\\/skin-heal.com\\\/product\\\/gino-face-45g-1-52oz\\\/\",\"url\":\"https:\\\/\\\/skin-heal.com\\\/product\\\/gino-face-45g-1-52oz\\\/\",\"name\":\"GINO FACE 45g\\\/1.52oz - Skin Heal\",\"isPartOf\":{\"@id\":\"https:\\\/\\\/skin-heal.com\\\/#website\"},\"primaryImageOfPage\":{\"@id\":\"https:\\\/\\\/skin-heal.com\\\/product\\\/gino-face-45g-1-52oz\\\/#primaryimage\"},\"image\":{\"@id\":\"https:\\\/\\\/skin-heal.com\\\/product\\\/gino-face-45g-1-52oz\\\/#primaryimage\"},\"thumbnailUrl\":\"https:\\\/\\\/skin-heal.com\\\/wp-content\\\/uploads\\\/2019\\\/10\\\/Gino-Face.jpg\",\"datePublished\":\"2019-10-30T16:24:49+00:00\",\"dateModified\":\"2021-10-28T12:08:28+00:00\",\"description\":\"Peeling product GINO FACE is a robust anti-acne spicule cream. Buy GINO FACE via Skin Heal to balance oil production levels and eliminate acne germs.\",\"breadcrumb\":{\"@id\":\"https:\\\/\\\/skin-heal.com\\\/product\\\/gino-face-45g-1-52oz\\\/#breadcrumb\"},\"inLanguage\":\"es\",\"potentialAction\":[{\"@type\":\"ReadAction\",\"target\":[\"https:\\\/\\\/skin-heal.com\\\/product\\\/gino-face-45g-1-52oz\\\/\"]}]},{\"@type\":\"ImageObject\",\"inLanguage\":\"es\",\"@id\":\"https:\\\/\\\/skin-heal.com\\\/product\\\/gino-face-45g-1-52oz\\\/#primaryimage\",\"url\":\"https:\\\/\\\/skin-heal.com\\\/wp-content\\\/uploads\\\/2019\\\/10\\\/Gino-Face.jpg\",\"contentUrl\":\"https:\\\/\\\/skin-heal.com\\\/wp-content\\\/uploads\\\/2019\\\/10\\\/Gino-Face.jpg\",\"width\":600,\"height\":600,\"caption\":\"Gino Face\"},{\"@type\":\"BreadcrumbList\",\"@id\":\"https:\\\/\\\/skin-heal.com\\\/product\\\/gino-face-45g-1-52oz\\\/#breadcrumb\",\"itemListElement\":[{\"@type\":\"ListItem\",\"position\":1,\"name\":\"Home\",\"item\":\"https:\\\/\\\/skin-heal.com\\\/\"},{\"@type\":\"ListItem\",\"position\":2,\"name\":\"Store\",\"item\":\"https:\\\/\\\/skin-heal.com\\\/store\\\/\"},{\"@type\":\"ListItem\",\"position\":3,\"name\":\"GINO FACE 45g\\\/1.52oz\"}]},{\"@type\":\"WebSite\",\"@id\":\"https:\\\/\\\/skin-heal.com\\\/#website\",\"url\":\"https:\\\/\\\/skin-heal.com\\\/\",\"name\":\"Skin Heal\",\"description\":\"Lowest Prices for Dermal Fillers\",\"potentialAction\":[{\"@type\":\"SearchAction\",\"target\":{\"@type\":\"EntryPoint\",\"urlTemplate\":\"https:\\\/\\\/skin-heal.com\\\/?s={search_term_string}\"},\"query-input\":{\"@type\":\"PropertyValueSpecification\",\"valueRequired\":true,\"valueName\":\"search_term_string\"}}],\"inLanguage\":\"es\"}]}<\/script>\n<!-- \/ Yoast SEO plugin. -->","yoast_head_json":{"title":"GINO FACE 45g\/1.52oz - Piel sana","description":"El producto exfoliante GINO FACE es una robusta crema antiacn\u00e9 con esp\u00edculas. Compre GINO FACE a trav\u00e9s de Skin Heal para equilibrar los niveles de producci\u00f3n de grasa y eliminar los g\u00e9rmenes del acn\u00e9.","robots":{"index":"index","follow":"follow","max-snippet":"max-snippet:-1","max-image-preview":"max-image-preview:large","max-video-preview":"max-video-preview:-1"},"canonical":"https:\/\/skin-heal.com\/es\/producto\/gino-face-45g-1-52oz\/","og_locale":"es_MX","og_type":"article","og_title":"GINO FACE 45g\/1.52oz - Skin Heal","og_description":"Peeling product GINO FACE is a robust anti-acne spicule cream. Buy GINO FACE via Skin Heal to balance oil production levels and eliminate acne germs.","og_url":"https:\/\/skin-heal.com\/es\/producto\/gino-face-45g-1-52oz\/","og_site_name":"Skin Heal","article_modified_time":"2021-10-28T12:08:28+00:00","og_image":[{"width":600,"height":600,"url":"https:\/\/cdn.skin-heal.com\/wp-content\/uploads\/2019\/10\/Gino-Face.jpg","type":"image\/jpeg"}],"twitter_card":"summary_large_image","twitter_misc":{"Tiempo de lectura":"1 minuto"},"schema":{"@context":"https:\/\/schema.org","@graph":[{"@type":"WebPage","@id":"https:\/\/skin-heal.com\/product\/gino-face-45g-1-52oz\/","url":"https:\/\/skin-heal.com\/product\/gino-face-45g-1-52oz\/","name":"GINO FACE 45g\/1.52oz - Piel sana","isPartOf":{"@id":"https:\/\/skin-heal.com\/#website"},"primaryImageOfPage":{"@id":"https:\/\/skin-heal.com\/product\/gino-face-45g-1-52oz\/#primaryimage"},"image":{"@id":"https:\/\/skin-heal.com\/product\/gino-face-45g-1-52oz\/#primaryimage"},"thumbnailUrl":"https:\/\/cdn.skin-heal.com\/wp-content\/uploads\/2019\/10\/Gino-Face.jpg","datePublished":"2019-10-30T16:24:49+00:00","dateModified":"2021-10-28T12:08:28+00:00","description":"El producto exfoliante GINO FACE es una robusta crema antiacn\u00e9 con esp\u00edculas. Compre GINO FACE a trav\u00e9s de Skin Heal para equilibrar los niveles de producci\u00f3n de grasa y eliminar los g\u00e9rmenes del acn\u00e9.","breadcrumb":{"@id":"https:\/\/skin-heal.com\/product\/gino-face-45g-1-52oz\/#breadcrumb"},"inLanguage":"es","potentialAction":[{"@type":"ReadAction","target":["https:\/\/skin-heal.com\/product\/gino-face-45g-1-52oz\/"]}]},{"@type":"ImageObject","inLanguage":"es","@id":"https:\/\/skin-heal.com\/product\/gino-face-45g-1-52oz\/#primaryimage","url":"https:\/\/cdn.skin-heal.com\/wp-content\/uploads\/2019\/10\/Gino-Face.jpg","contentUrl":"https:\/\/cdn.skin-heal.com\/wp-content\/uploads\/2019\/10\/Gino-Face.jpg","width":600,"height":600,"caption":"Gino Face"},{"@type":"BreadcrumbList","@id":"https:\/\/skin-heal.com\/product\/gino-face-45g-1-52oz\/#breadcrumb","itemListElement":[{"@type":"ListItem","position":1,"name":"Home","item":"https:\/\/skin-heal.com\/"},{"@type":"ListItem","position":2,"name":"Store","item":"https:\/\/skin-heal.com\/store\/"},{"@type":"ListItem","position":3,"name":"GINO FACE 45g\/1.52oz"}]},{"@type":"WebSite","@id":"https:\/\/skin-heal.com\/#website","url":"https:\/\/skin-heal.com\/","name":"Curaci\u00f3n de la piel","description":"Los precios m\u00e1s bajos para los rellenos d\u00e9rmicos","potentialAction":[{"@type":"SearchAction","target":{"@type":"EntryPoint","urlTemplate":"https:\/\/skin-heal.com\/?s={search_term_string}"},"query-input":{"@type":"PropertyValueSpecification","valueRequired":true,"valueName":"search_term_string"}}],"inLanguage":"es"}]}},"_links":{"self":[{"href":"https:\/\/skin-heal.com\/es\/wp-json\/wp\/v2\/product\/11953","targetHints":{"allow":["GET"]}}],"collection":[{"href":"https:\/\/skin-heal.com\/es\/wp-json\/wp\/v2\/product"}],"about":[{"href":"https:\/\/skin-heal.com\/es\/wp-json\/wp\/v2\/types\/product"}],"wp:featuredmedia":[{"embeddable":true,"href":"https:\/\/skin-heal.com\/es\/wp-json\/wp\/v2\/media\/11960"}],"wp:attachment":[{"href":"https:\/\/skin-heal.com\/es\/wp-json\/wp\/v2\/media?parent=11953"}],"wp:term":[{"taxonomy":"product_brand","embeddable":true,"href":"https:\/\/skin-heal.com\/es\/wp-json\/wp\/v2\/product_brand?post=11953"},{"taxonomy":"product_cat","embeddable":true,"href":"https:\/\/skin-heal.com\/es\/wp-json\/wp\/v2\/product_cat?post=11953"},{"taxonomy":"product_tag","embeddable":true,"href":"https:\/\/skin-heal.com\/es\/wp-json\/wp\/v2\/product_tag?post=11953"}],"curies":[{"name":"wp","href":"https:\/\/api.w.org\/{rel}","templated":true}]}}