{"id":11954,"date":"2019-10-30T16:26:07","date_gmt":"2019-10-30T16:26:07","guid":{"rendered":"https:\/\/skin-heal.com\/?post_type=product&#038;p=11954"},"modified":"2021-10-28T12:08:28","modified_gmt":"2021-10-28T12:08:28","slug":"gino-body-45g-1-52oz","status":"publish","type":"product","link":"https:\/\/skin-heal.com\/es\/producto\/gino-body-45g-1-52oz\/","title":{"rendered":"GINO BODY 45g\/1.52oz"},"content":{"rendered":"<h3>Una soluci\u00f3n de exfoliaci\u00f3n sin riesgos y con muchas ventajas<\/h3>\n<p>La mayor\u00eda de los productos destinados a tratar la queratosis pilaris son cremas t\u00f3picas que no llegan a las capas m\u00e1s profundas de la piel. GINO BODY es una crema exfoliante \u00fanica que penetra eficazmente en la piel ya que cuenta con esp\u00edculas de esponja de agua dulce Poriferan. Estas esp\u00edculas son como diminutas microagujas que tienen la asombrosa capacidad de favorecer la regeneraci\u00f3n celular, <u>alisar la piel y combatir la inflamaci\u00f3n<\/u>.<\/p>\n<ul>\n<li>Sin efectos secundarios<\/li>\n<li>Compatible con todo tipo de pieles (incluso las grasas, secas o sensibles)<\/li>\n<li>F\u00e1cil y sencillo de usar<\/li>\n<li>Sin productos qu\u00edmicos y con base natural<\/li>\n<li>Eficaz para pacientes de diversas etnias (asi\u00e1ticos, cauc\u00e1sicos, africanos, hispanos, etc.)<\/li>\n<li>Tiene una capacidad global de refuerzo de la piel<\/li>\n<\/ul>\n<h3>Problemas de la piel que se pueden tratar con GINO BODY<\/h3>\n<p>GINO BODY est\u00e1 dise\u00f1ado para proporcionar a las personas que padecen queratosis pilaris un <u>un tratamiento eficaz con resultados duraderos<\/u>. Esta condici\u00f3n es com\u00fan en todo el mundo y afecta tanto a hombres como a mujeres. Tambi\u00e9n se denomina <em>carne de ganso<\/em>Esta preocupaci\u00f3n cosm\u00e9tica incluye los siguientes s\u00edntomas:<\/p>\n<ul>\n<li>Bultos \u00e1speros en la piel<\/li>\n<li>Dolor y molestias alrededor de las zonas afectadas<\/li>\n<li>Parches de piel seca<\/li>\n<li>Altas y bajas estacionales<\/li>\n<\/ul>\n<p>Esta crema exfoliante de esp\u00edculas, que no da\u00f1a la salud, contiene la palabra \"cuerpo\" en su nombre, ya que esta afecci\u00f3n suele afectar a la parte superior de los brazos, las nalgas o los muslos. GINO BODY es una soluci\u00f3n de tratamiento excepcional para los pacientes que luchan contra los s\u00edntomas mencionados anteriormente y que han sido diagnosticados con queratosis pilaris.<\/p>","protected":false},"excerpt":{"rendered":"<p>GINO BODY es uno de los productos m\u00e1s innovadores de GINO R&amp;D. Se trata de un <u>crema de esp\u00edculas innovadora<\/u> que forma parte de la gama GINO Peel de la empresa. Ofrecido por Skin Heal, contiene \u00e1cido glic\u00f3lico exfoliante, urea calmante de la piel, \u00e1cido hialur\u00f3nico hidratante y... <em>esp\u00edculas por\u00edferas de agua dulce<\/em>. Este \u00faltimo tiene unas impresionantes propiedades de regeneraci\u00f3n celular, antiinflamatorias y calmantes que hacen de este producto de peeling sin riesgo un <strong>la mejor soluci\u00f3n para los pacientes de queratosis pilaris<\/strong>.<\/p>","protected":false},"featured_media":11961,"template":"","meta":[],"product_brand":[],"product_cat":[87,104,105],"product_tag":[],"class_list":{"0":"post-11954","1":"product","2":"type-product","3":"status-publish","4":"has-post-thumbnail","6":"product_cat-cosmetics","7":"product_cat-gana","8":"product_cat-gana-rd","9":"clearfix","11":"first","12":"outofstock","13":"sale","14":"taxable","15":"shipping-taxable","16":"purchasable","17":"product-type-simple"},"yoast_head":"<!-- This site is optimized with the Yoast SEO plugin v27.3 - https:\/\/yoast.com\/product\/yoast-seo-wordpress\/ -->\n<title>GINO BODY 45g\/1.52oz - Skin Heal<\/title>\n<meta name=\"description\" content=\"To purchase revolutionary spicule cream GINO BODY, rely on Skin Heal. GINO BODY is a modern peeling product that quickly treats keratosis pilaris patients.\" \/>\n<meta name=\"robots\" content=\"index, follow, max-snippet:-1, max-image-preview:large, max-video-preview:-1\" \/>\n<link rel=\"canonical\" href=\"https:\/\/skin-heal.com\/es\/producto\/gino-body-45g-1-52oz\/\" \/>\n<meta property=\"og:locale\" content=\"es_MX\" \/>\n<meta property=\"og:type\" content=\"article\" \/>\n<meta property=\"og:title\" content=\"GINO BODY 45g\/1.52oz - Skin Heal\" \/>\n<meta property=\"og:description\" content=\"To purchase revolutionary spicule cream GINO BODY, rely on Skin Heal. GINO BODY is a modern peeling product that quickly treats keratosis pilaris patients.\" \/>\n<meta property=\"og:url\" content=\"https:\/\/skin-heal.com\/es\/producto\/gino-body-45g-1-52oz\/\" \/>\n<meta property=\"og:site_name\" content=\"Skin Heal\" \/>\n<meta property=\"article:modified_time\" content=\"2021-10-28T12:08:28+00:00\" \/>\n<meta property=\"og:image\" content=\"https:\/\/cdn.skin-heal.com\/wp-content\/uploads\/2019\/10\/Gino-Body.jpg\" \/>\n\t<meta property=\"og:image:width\" content=\"600\" \/>\n\t<meta property=\"og:image:height\" content=\"600\" \/>\n\t<meta property=\"og:image:type\" content=\"image\/jpeg\" \/>\n<meta name=\"twitter:card\" content=\"summary_large_image\" \/>\n<meta name=\"twitter:label1\" content=\"Tiempo de lectura\" \/>\n\t<meta name=\"twitter:data1\" content=\"1 minuto\" \/>\n<script type=\"application\/ld+json\" class=\"yoast-schema-graph\">{\"@context\":\"https:\\\/\\\/schema.org\",\"@graph\":[{\"@type\":\"WebPage\",\"@id\":\"https:\\\/\\\/skin-heal.com\\\/product\\\/gino-body-45g-1-52oz\\\/\",\"url\":\"https:\\\/\\\/skin-heal.com\\\/product\\\/gino-body-45g-1-52oz\\\/\",\"name\":\"GINO BODY 45g\\\/1.52oz - Skin Heal\",\"isPartOf\":{\"@id\":\"https:\\\/\\\/skin-heal.com\\\/#website\"},\"primaryImageOfPage\":{\"@id\":\"https:\\\/\\\/skin-heal.com\\\/product\\\/gino-body-45g-1-52oz\\\/#primaryimage\"},\"image\":{\"@id\":\"https:\\\/\\\/skin-heal.com\\\/product\\\/gino-body-45g-1-52oz\\\/#primaryimage\"},\"thumbnailUrl\":\"https:\\\/\\\/skin-heal.com\\\/wp-content\\\/uploads\\\/2019\\\/10\\\/Gino-Body.jpg\",\"datePublished\":\"2019-10-30T16:26:07+00:00\",\"dateModified\":\"2021-10-28T12:08:28+00:00\",\"description\":\"To purchase revolutionary spicule cream GINO BODY, rely on Skin Heal. GINO BODY is a modern peeling product that quickly treats keratosis pilaris patients.\",\"breadcrumb\":{\"@id\":\"https:\\\/\\\/skin-heal.com\\\/product\\\/gino-body-45g-1-52oz\\\/#breadcrumb\"},\"inLanguage\":\"es\",\"potentialAction\":[{\"@type\":\"ReadAction\",\"target\":[\"https:\\\/\\\/skin-heal.com\\\/product\\\/gino-body-45g-1-52oz\\\/\"]}]},{\"@type\":\"ImageObject\",\"inLanguage\":\"es\",\"@id\":\"https:\\\/\\\/skin-heal.com\\\/product\\\/gino-body-45g-1-52oz\\\/#primaryimage\",\"url\":\"https:\\\/\\\/skin-heal.com\\\/wp-content\\\/uploads\\\/2019\\\/10\\\/Gino-Body.jpg\",\"contentUrl\":\"https:\\\/\\\/skin-heal.com\\\/wp-content\\\/uploads\\\/2019\\\/10\\\/Gino-Body.jpg\",\"width\":600,\"height\":600,\"caption\":\"Gino Body\"},{\"@type\":\"BreadcrumbList\",\"@id\":\"https:\\\/\\\/skin-heal.com\\\/product\\\/gino-body-45g-1-52oz\\\/#breadcrumb\",\"itemListElement\":[{\"@type\":\"ListItem\",\"position\":1,\"name\":\"Home\",\"item\":\"https:\\\/\\\/skin-heal.com\\\/\"},{\"@type\":\"ListItem\",\"position\":2,\"name\":\"Store\",\"item\":\"https:\\\/\\\/skin-heal.com\\\/store\\\/\"},{\"@type\":\"ListItem\",\"position\":3,\"name\":\"GINO BODY 45g\\\/1.52oz\"}]},{\"@type\":\"WebSite\",\"@id\":\"https:\\\/\\\/skin-heal.com\\\/#website\",\"url\":\"https:\\\/\\\/skin-heal.com\\\/\",\"name\":\"Skin Heal\",\"description\":\"Lowest Prices for Dermal Fillers\",\"potentialAction\":[{\"@type\":\"SearchAction\",\"target\":{\"@type\":\"EntryPoint\",\"urlTemplate\":\"https:\\\/\\\/skin-heal.com\\\/?s={search_term_string}\"},\"query-input\":{\"@type\":\"PropertyValueSpecification\",\"valueRequired\":true,\"valueName\":\"search_term_string\"}}],\"inLanguage\":\"es\"}]}<\/script>\n<!-- \/ Yoast SEO plugin. -->","yoast_head_json":{"title":"GINO BODY 45g\/1.52oz - Piel sana","description":"Para comprar la revolucionaria crema para esp\u00edculas GINO BODY, conf\u00ede en Skin Heal. GINO BODY es un moderno producto exfoliante que trata r\u00e1pidamente a los pacientes con queratosis pilaris.","robots":{"index":"index","follow":"follow","max-snippet":"max-snippet:-1","max-image-preview":"max-image-preview:large","max-video-preview":"max-video-preview:-1"},"canonical":"https:\/\/skin-heal.com\/es\/producto\/gino-body-45g-1-52oz\/","og_locale":"es_MX","og_type":"article","og_title":"GINO BODY 45g\/1.52oz - Skin Heal","og_description":"To purchase revolutionary spicule cream GINO BODY, rely on Skin Heal. GINO BODY is a modern peeling product that quickly treats keratosis pilaris patients.","og_url":"https:\/\/skin-heal.com\/es\/producto\/gino-body-45g-1-52oz\/","og_site_name":"Skin Heal","article_modified_time":"2021-10-28T12:08:28+00:00","og_image":[{"width":600,"height":600,"url":"https:\/\/cdn.skin-heal.com\/wp-content\/uploads\/2019\/10\/Gino-Body.jpg","type":"image\/jpeg"}],"twitter_card":"summary_large_image","twitter_misc":{"Tiempo de lectura":"1 minuto"},"schema":{"@context":"https:\/\/schema.org","@graph":[{"@type":"WebPage","@id":"https:\/\/skin-heal.com\/product\/gino-body-45g-1-52oz\/","url":"https:\/\/skin-heal.com\/product\/gino-body-45g-1-52oz\/","name":"GINO BODY 45g\/1.52oz - Piel sana","isPartOf":{"@id":"https:\/\/skin-heal.com\/#website"},"primaryImageOfPage":{"@id":"https:\/\/skin-heal.com\/product\/gino-body-45g-1-52oz\/#primaryimage"},"image":{"@id":"https:\/\/skin-heal.com\/product\/gino-body-45g-1-52oz\/#primaryimage"},"thumbnailUrl":"https:\/\/cdn.skin-heal.com\/wp-content\/uploads\/2019\/10\/Gino-Body.jpg","datePublished":"2019-10-30T16:26:07+00:00","dateModified":"2021-10-28T12:08:28+00:00","description":"Para comprar la revolucionaria crema para esp\u00edculas GINO BODY, conf\u00ede en Skin Heal. GINO BODY es un moderno producto exfoliante que trata r\u00e1pidamente a los pacientes con queratosis pilaris.","breadcrumb":{"@id":"https:\/\/skin-heal.com\/product\/gino-body-45g-1-52oz\/#breadcrumb"},"inLanguage":"es","potentialAction":[{"@type":"ReadAction","target":["https:\/\/skin-heal.com\/product\/gino-body-45g-1-52oz\/"]}]},{"@type":"ImageObject","inLanguage":"es","@id":"https:\/\/skin-heal.com\/product\/gino-body-45g-1-52oz\/#primaryimage","url":"https:\/\/cdn.skin-heal.com\/wp-content\/uploads\/2019\/10\/Gino-Body.jpg","contentUrl":"https:\/\/cdn.skin-heal.com\/wp-content\/uploads\/2019\/10\/Gino-Body.jpg","width":600,"height":600,"caption":"Gino Body"},{"@type":"BreadcrumbList","@id":"https:\/\/skin-heal.com\/product\/gino-body-45g-1-52oz\/#breadcrumb","itemListElement":[{"@type":"ListItem","position":1,"name":"Home","item":"https:\/\/skin-heal.com\/"},{"@type":"ListItem","position":2,"name":"Store","item":"https:\/\/skin-heal.com\/store\/"},{"@type":"ListItem","position":3,"name":"GINO BODY 45g\/1.52oz"}]},{"@type":"WebSite","@id":"https:\/\/skin-heal.com\/#website","url":"https:\/\/skin-heal.com\/","name":"Curaci\u00f3n de la piel","description":"Los precios m\u00e1s bajos para los rellenos d\u00e9rmicos","potentialAction":[{"@type":"SearchAction","target":{"@type":"EntryPoint","urlTemplate":"https:\/\/skin-heal.com\/?s={search_term_string}"},"query-input":{"@type":"PropertyValueSpecification","valueRequired":true,"valueName":"search_term_string"}}],"inLanguage":"es"}]}},"_links":{"self":[{"href":"https:\/\/skin-heal.com\/es\/wp-json\/wp\/v2\/product\/11954","targetHints":{"allow":["GET"]}}],"collection":[{"href":"https:\/\/skin-heal.com\/es\/wp-json\/wp\/v2\/product"}],"about":[{"href":"https:\/\/skin-heal.com\/es\/wp-json\/wp\/v2\/types\/product"}],"wp:featuredmedia":[{"embeddable":true,"href":"https:\/\/skin-heal.com\/es\/wp-json\/wp\/v2\/media\/11961"}],"wp:attachment":[{"href":"https:\/\/skin-heal.com\/es\/wp-json\/wp\/v2\/media?parent=11954"}],"wp:term":[{"taxonomy":"product_brand","embeddable":true,"href":"https:\/\/skin-heal.com\/es\/wp-json\/wp\/v2\/product_brand?post=11954"},{"taxonomy":"product_cat","embeddable":true,"href":"https:\/\/skin-heal.com\/es\/wp-json\/wp\/v2\/product_cat?post=11954"},{"taxonomy":"product_tag","embeddable":true,"href":"https:\/\/skin-heal.com\/es\/wp-json\/wp\/v2\/product_tag?post=11954"}],"curies":[{"name":"wp","href":"https:\/\/api.w.org\/{rel}","templated":true}]}}