{"id":11962,"date":"2019-10-30T16:31:06","date_gmt":"2019-10-30T14:31:06","guid":{"rendered":"https:\/\/skin-heal.com\/?post_type=product&#038;p=11962"},"modified":"2022-12-16T17:56:01","modified_gmt":"2022-12-16T15:56:01","slug":"gana-pn-pdrn-2-x-2-5ml","status":"publish","type":"product","link":"https:\/\/skin-heal.com\/es\/producto\/gana-pn-pdrn-2-x-2-5ml\/","title":{"rendered":"GANA PN (PDRN) 2 x 2,5ml"},"content":{"rendered":"<h3>Rejuvenecimiento cut\u00e1neo sin dolor con GANA PN<\/h3>\n<p>GANA PN se utiliza para tratamientos cosm\u00e9ticos m\u00ednimamente invasivos y puede hacer desde <em>mejorar la turgencia y la elasticidad de la piel<\/em> para remodelar y realzar ciertos rasgos del rostro, <u>corregir las arrugas, levantar la piel fl\u00e1cida<\/u> e incluso repara las c\u00e9lulas de la piel que est\u00e1n da\u00f1adas. Lo que lo hace bastante especial es que es uno de los pocos inyectables de mesoterapia PDRD que <strong>contienen Lidoca\u00edna<\/strong> para una experiencia de tratamiento indolora.<\/p>\n<h3>Advertencias, efectos adversos y contraindicaciones<\/h3>\n<p>Como producto de primera calidad dise\u00f1ado y fabricado por la prestigiosa empresa GANA R&amp;D, este inyectable de mesoterapia de alto rendimiento con propiedades similares a las del relleno ofrece una alta satisfacci\u00f3n al paciente y es notablemente seguro de usar. Tambi\u00e9n hay que tener en cuenta que GANA PN se aplica mediante una inyecci\u00f3n bajo la piel, un procedimiento que a veces puede causar molestias al paciente y provocar <em>efectos adversos de corta duraci\u00f3n<\/em> u otras reacciones no deseadas. Tambi\u00e9n se trata de un producto sanitario de clase III y cualquier tratamiento que implique su uso debe ser realizado \u00fanicamente por <u>cirujanos pl\u00e1sticos certificados<\/u>.<\/p>\n<ul>\n<li>Es posible que se produzcan efectos secundarios leves (por ejemplo, hematomas, hinchaz\u00f3n, picor, enrojecimiento, etc.)<\/li>\n<li>No debe utilizarse en pacientes que tengan un trastorno hemorr\u00e1gico, una enfermedad de la piel o alguna otra condici\u00f3n m\u00e9dica activa que afecte a las zonas de tratamiento objetivo<\/li>\n<li>No se recomienda para el tratamiento de mujeres embarazadas o en periodo de lactancia<\/li>\n<li>Puede dar lugar a p\u00e1pulas y n\u00f3dulos<\/li>\n<\/ul>","protected":false},"excerpt":{"rendered":"<p>Un potente inyectable de mesoterapia o un relleno d\u00e9rmico de primera clase: GANA PN es un producto de rejuvenecimiento cosm\u00e9tico de nueva generaci\u00f3n que desempe\u00f1a bien ambos papeles. Por un lado, cuenta con el glutati\u00f3n que proporciona un blanqueamiento de la piel sin riesgo. Como <strong>Soluci\u00f3n basada en la PDRN<\/strong>Esta obra maestra de GANA R&amp;D tiene <em>una extraordinaria capacidad de renovaci\u00f3n de la piel<\/em>. Y, sin embargo, al igual que un fiable relleno de tejidos blandos, reduce instant\u00e1neamente las arrugas, ofrece un aumento facial sin complicaciones y tiene notables efectos de lifting. Cons\u00edguelo con nosotros, en Skin Heal.<\/p>","protected":false},"featured_media":11963,"template":"","meta":[],"product_brand":[],"product_cat":[79,104,105,80],"product_tag":[],"class_list":{"0":"post-11962","1":"product","2":"type-product","3":"status-publish","4":"has-post-thumbnail","6":"product_cat-dermal-fillers","7":"product_cat-gana","8":"product_cat-gana-rd","9":"product_cat-mesotherapy","10":"clearfix","12":"first","13":"outofstock","14":"taxable","15":"shipping-taxable","16":"purchasable","17":"product-type-simple"},"yoast_head":"<!-- This site is optimized with the Yoast SEO plugin v27.3 - https:\/\/yoast.com\/product\/yoast-seo-wordpress\/ -->\n<title>GANA PN (PDRN) 2 x 2.5ml - Skin Heal<\/title>\n<meta name=\"description\" content=\"Sold by Skin Heal, GANA PN is a PDRN-based mesotherapy product with skin-boosting properties. Like a dermal filler, GANA PN has anti-wrinkle powers.\" \/>\n<meta name=\"robots\" content=\"index, follow, max-snippet:-1, max-image-preview:large, max-video-preview:-1\" \/>\n<link rel=\"canonical\" href=\"https:\/\/skin-heal.com\/es\/producto\/gana-pn-pdrn-2-x-2-5ml\/\" \/>\n<meta property=\"og:locale\" content=\"es_MX\" \/>\n<meta property=\"og:type\" content=\"article\" \/>\n<meta property=\"og:title\" content=\"GANA PN (PDRN) 2 x 2.5ml - Skin Heal\" \/>\n<meta property=\"og:description\" content=\"Sold by Skin Heal, GANA PN is a PDRN-based mesotherapy product with skin-boosting properties. Like a dermal filler, GANA PN has anti-wrinkle powers.\" \/>\n<meta property=\"og:url\" content=\"https:\/\/skin-heal.com\/es\/producto\/gana-pn-pdrn-2-x-2-5ml\/\" \/>\n<meta property=\"og:site_name\" content=\"Skin Heal\" \/>\n<meta property=\"article:modified_time\" content=\"2022-12-16T15:56:01+00:00\" \/>\n<meta property=\"og:image\" content=\"https:\/\/cdn.skin-heal.com\/wp-content\/uploads\/2019\/10\/GANA-PN.jpg\" \/>\n\t<meta property=\"og:image:width\" content=\"600\" \/>\n\t<meta property=\"og:image:height\" content=\"600\" \/>\n\t<meta property=\"og:image:type\" content=\"image\/jpeg\" \/>\n<meta name=\"twitter:card\" content=\"summary_large_image\" \/>\n<meta name=\"twitter:label1\" content=\"Tiempo de lectura\" \/>\n\t<meta name=\"twitter:data1\" content=\"1 minuto\" \/>\n<script type=\"application\/ld+json\" class=\"yoast-schema-graph\">{\"@context\":\"https:\\\/\\\/schema.org\",\"@graph\":[{\"@type\":\"WebPage\",\"@id\":\"https:\\\/\\\/skin-heal.com\\\/product\\\/gana-pn-pdrn-2-x-2-5ml\\\/\",\"url\":\"https:\\\/\\\/skin-heal.com\\\/product\\\/gana-pn-pdrn-2-x-2-5ml\\\/\",\"name\":\"GANA PN (PDRN) 2 x 2.5ml - Skin Heal\",\"isPartOf\":{\"@id\":\"https:\\\/\\\/skin-heal.com\\\/#website\"},\"primaryImageOfPage\":{\"@id\":\"https:\\\/\\\/skin-heal.com\\\/product\\\/gana-pn-pdrn-2-x-2-5ml\\\/#primaryimage\"},\"image\":{\"@id\":\"https:\\\/\\\/skin-heal.com\\\/product\\\/gana-pn-pdrn-2-x-2-5ml\\\/#primaryimage\"},\"thumbnailUrl\":\"https:\\\/\\\/skin-heal.com\\\/wp-content\\\/uploads\\\/2019\\\/10\\\/GANA-PN.jpg\",\"datePublished\":\"2019-10-30T14:31:06+00:00\",\"dateModified\":\"2022-12-16T15:56:01+00:00\",\"description\":\"Sold by Skin Heal, GANA PN is a PDRN-based mesotherapy product with skin-boosting properties. Like a dermal filler, GANA PN has anti-wrinkle powers.\",\"breadcrumb\":{\"@id\":\"https:\\\/\\\/skin-heal.com\\\/product\\\/gana-pn-pdrn-2-x-2-5ml\\\/#breadcrumb\"},\"inLanguage\":\"es\",\"potentialAction\":[{\"@type\":\"ReadAction\",\"target\":[\"https:\\\/\\\/skin-heal.com\\\/product\\\/gana-pn-pdrn-2-x-2-5ml\\\/\"]}]},{\"@type\":\"ImageObject\",\"inLanguage\":\"es\",\"@id\":\"https:\\\/\\\/skin-heal.com\\\/product\\\/gana-pn-pdrn-2-x-2-5ml\\\/#primaryimage\",\"url\":\"https:\\\/\\\/skin-heal.com\\\/wp-content\\\/uploads\\\/2019\\\/10\\\/GANA-PN.jpg\",\"contentUrl\":\"https:\\\/\\\/skin-heal.com\\\/wp-content\\\/uploads\\\/2019\\\/10\\\/GANA-PN.jpg\",\"width\":600,\"height\":600,\"caption\":\"GANA PN\"},{\"@type\":\"BreadcrumbList\",\"@id\":\"https:\\\/\\\/skin-heal.com\\\/product\\\/gana-pn-pdrn-2-x-2-5ml\\\/#breadcrumb\",\"itemListElement\":[{\"@type\":\"ListItem\",\"position\":1,\"name\":\"Home\",\"item\":\"https:\\\/\\\/skin-heal.com\\\/\"},{\"@type\":\"ListItem\",\"position\":2,\"name\":\"Store\",\"item\":\"https:\\\/\\\/skin-heal.com\\\/store\\\/\"},{\"@type\":\"ListItem\",\"position\":3,\"name\":\"GANA PN (PDRN) 2 x 2.5ml\"}]},{\"@type\":\"WebSite\",\"@id\":\"https:\\\/\\\/skin-heal.com\\\/#website\",\"url\":\"https:\\\/\\\/skin-heal.com\\\/\",\"name\":\"Skin Heal\",\"description\":\"Lowest Prices for Dermal Fillers\",\"potentialAction\":[{\"@type\":\"SearchAction\",\"target\":{\"@type\":\"EntryPoint\",\"urlTemplate\":\"https:\\\/\\\/skin-heal.com\\\/?s={search_term_string}\"},\"query-input\":{\"@type\":\"PropertyValueSpecification\",\"valueRequired\":true,\"valueName\":\"search_term_string\"}}],\"inLanguage\":\"es\"}]}<\/script>\n<!-- \/ Yoast SEO plugin. -->","yoast_head_json":{"title":"GANA PN (PDRN) 2 x 2,5ml - Skin Heal","description":"Comercializado por Skin Heal, GANA PN es un producto de mesoterapia a base de PDRN con propiedades estimulantes de la piel. Al igual que un relleno d\u00e9rmico, GANA PN tiene poder antiarrugas.","robots":{"index":"index","follow":"follow","max-snippet":"max-snippet:-1","max-image-preview":"max-image-preview:large","max-video-preview":"max-video-preview:-1"},"canonical":"https:\/\/skin-heal.com\/es\/producto\/gana-pn-pdrn-2-x-2-5ml\/","og_locale":"es_MX","og_type":"article","og_title":"GANA PN (PDRN) 2 x 2.5ml - Skin Heal","og_description":"Sold by Skin Heal, GANA PN is a PDRN-based mesotherapy product with skin-boosting properties. Like a dermal filler, GANA PN has anti-wrinkle powers.","og_url":"https:\/\/skin-heal.com\/es\/producto\/gana-pn-pdrn-2-x-2-5ml\/","og_site_name":"Skin Heal","article_modified_time":"2022-12-16T15:56:01+00:00","og_image":[{"width":600,"height":600,"url":"https:\/\/cdn.skin-heal.com\/wp-content\/uploads\/2019\/10\/GANA-PN.jpg","type":"image\/jpeg"}],"twitter_card":"summary_large_image","twitter_misc":{"Tiempo de lectura":"1 minuto"},"schema":{"@context":"https:\/\/schema.org","@graph":[{"@type":"WebPage","@id":"https:\/\/skin-heal.com\/product\/gana-pn-pdrn-2-x-2-5ml\/","url":"https:\/\/skin-heal.com\/product\/gana-pn-pdrn-2-x-2-5ml\/","name":"GANA PN (PDRN) 2 x 2,5ml - Skin Heal","isPartOf":{"@id":"https:\/\/skin-heal.com\/#website"},"primaryImageOfPage":{"@id":"https:\/\/skin-heal.com\/product\/gana-pn-pdrn-2-x-2-5ml\/#primaryimage"},"image":{"@id":"https:\/\/skin-heal.com\/product\/gana-pn-pdrn-2-x-2-5ml\/#primaryimage"},"thumbnailUrl":"https:\/\/cdn.skin-heal.com\/wp-content\/uploads\/2019\/10\/GANA-PN.jpg","datePublished":"2019-10-30T14:31:06+00:00","dateModified":"2022-12-16T15:56:01+00:00","description":"Comercializado por Skin Heal, GANA PN es un producto de mesoterapia a base de PDRN con propiedades estimulantes de la piel. Al igual que un relleno d\u00e9rmico, GANA PN tiene poder antiarrugas.","breadcrumb":{"@id":"https:\/\/skin-heal.com\/product\/gana-pn-pdrn-2-x-2-5ml\/#breadcrumb"},"inLanguage":"es","potentialAction":[{"@type":"ReadAction","target":["https:\/\/skin-heal.com\/product\/gana-pn-pdrn-2-x-2-5ml\/"]}]},{"@type":"ImageObject","inLanguage":"es","@id":"https:\/\/skin-heal.com\/product\/gana-pn-pdrn-2-x-2-5ml\/#primaryimage","url":"https:\/\/cdn.skin-heal.com\/wp-content\/uploads\/2019\/10\/GANA-PN.jpg","contentUrl":"https:\/\/cdn.skin-heal.com\/wp-content\/uploads\/2019\/10\/GANA-PN.jpg","width":600,"height":600,"caption":"GANA PN"},{"@type":"BreadcrumbList","@id":"https:\/\/skin-heal.com\/product\/gana-pn-pdrn-2-x-2-5ml\/#breadcrumb","itemListElement":[{"@type":"ListItem","position":1,"name":"Home","item":"https:\/\/skin-heal.com\/"},{"@type":"ListItem","position":2,"name":"Store","item":"https:\/\/skin-heal.com\/store\/"},{"@type":"ListItem","position":3,"name":"GANA PN (PDRN) 2 x 2.5ml"}]},{"@type":"WebSite","@id":"https:\/\/skin-heal.com\/#website","url":"https:\/\/skin-heal.com\/","name":"Curaci\u00f3n de la piel","description":"Los precios m\u00e1s bajos para los rellenos d\u00e9rmicos","potentialAction":[{"@type":"SearchAction","target":{"@type":"EntryPoint","urlTemplate":"https:\/\/skin-heal.com\/?s={search_term_string}"},"query-input":{"@type":"PropertyValueSpecification","valueRequired":true,"valueName":"search_term_string"}}],"inLanguage":"es"}]}},"_links":{"self":[{"href":"https:\/\/skin-heal.com\/es\/wp-json\/wp\/v2\/product\/11962","targetHints":{"allow":["GET"]}}],"collection":[{"href":"https:\/\/skin-heal.com\/es\/wp-json\/wp\/v2\/product"}],"about":[{"href":"https:\/\/skin-heal.com\/es\/wp-json\/wp\/v2\/types\/product"}],"wp:featuredmedia":[{"embeddable":true,"href":"https:\/\/skin-heal.com\/es\/wp-json\/wp\/v2\/media\/11963"}],"wp:attachment":[{"href":"https:\/\/skin-heal.com\/es\/wp-json\/wp\/v2\/media?parent=11962"}],"wp:term":[{"taxonomy":"product_brand","embeddable":true,"href":"https:\/\/skin-heal.com\/es\/wp-json\/wp\/v2\/product_brand?post=11962"},{"taxonomy":"product_cat","embeddable":true,"href":"https:\/\/skin-heal.com\/es\/wp-json\/wp\/v2\/product_cat?post=11962"},{"taxonomy":"product_tag","embeddable":true,"href":"https:\/\/skin-heal.com\/es\/wp-json\/wp\/v2\/product_tag?post=11962"}],"curies":[{"name":"wp","href":"https:\/\/api.w.org\/{rel}","templated":true}]}}