{"id":1244,"date":"2019-04-08T15:13:07","date_gmt":"2019-04-08T12:13:07","guid":{"rendered":"https:\/\/skin-heal.com\/?post_type=product&#038;p=1244"},"modified":"2025-12-02T17:49:02","modified_gmt":"2025-12-02T15:49:02","slug":"hyaron-10-x-2-5ml","status":"publish","type":"product","link":"https:\/\/skin-heal.com\/es\/producto\/hyaron-10-x-2-5ml\/","title":{"rendered":"Hyaron (10 x 2,5ml)"},"content":{"rendered":"<p>Hyaron ocupa un lugar muy especial entre los productos inyectables de belleza y rejuvenecimiento de la piel. En cierto sentido, combina lo mejor de ambos mundos: las mejoras duraderas que el tratamiento de mesoterapia tiene en la piel del paciente y las propiedades de restauraci\u00f3n de volumen y eliminaci\u00f3n de arrugas de los rellenos de HA. Al igual que los rellenos, Hyaron se presenta en forma de gel. Sin embargo, su estructura es mucho m\u00e1s uniforme y el gel es m\u00e1s suave. Los rellenos d\u00e9rmicos a base de \u00e1cido hialur\u00f3nico, por otro lado, tienden a tener una estructura m\u00e1s granulada con part\u00edculas de gel m\u00e1s grandes.<\/p>\n<h3>Procedimiento de inyecci\u00f3n<\/h3>\n<p>Cabe se\u00f1alar que una sola inyecci\u00f3n de Hyaron es suficiente para mejorar enormemente el estado y el aspecto de la piel del paciente. Sin embargo, un tratamiento completo de mesoterapia implica una inyecci\u00f3n cada dos semanas.<\/p>\n<h3>Principales ingredientes del producto de mesoterapia Hyaron<\/h3>\n<ul>\n<li>Hialuronato de sodio - 20,0 mg<\/li>\n<li>Cloruro de sodio - 17,0 mg<\/li>\n<li>Fosfato s\u00f3dico monob\u00e1sico - 2H0 1,2 mg<\/li>\n<li>Agua para inyecci\u00f3n - hasta 2,0 mL<\/li>\n<\/ul>\n<p>*ingredientes por vial<\/p>","protected":false},"excerpt":{"rendered":"<p>Hyaron es una de las soluciones de mesoterapia m\u00e1s eficaces del mercado. Este producto inyectable antiedad tiene garantizados unos resultados de rejuvenecimiento de la piel notables y r\u00e1pidos. Se trata de un producto de mesoterapia que tiene efectos muy similares en el tratamiento de las arrugas y los pliegues nasolabiales, de forma similar a los rellenos d\u00e9rmicos tradicionales. Su principal ingrediente activo es el hialuronato de sodio. Una vez inyectado en la piel, Hyaron mejorar\u00e1 la hidrataci\u00f3n y los niveles de humedad de la piel, pero tambi\u00e9n restaurar\u00e1 el volumen de la piel y ocultar\u00e1 las arrugas.<\/p>","protected":false},"featured_media":1245,"template":"","meta":[],"product_brand":[],"product_cat":[80],"product_tag":[145],"class_list":{"0":"post-1244","1":"product","2":"type-product","3":"status-publish","4":"has-post-thumbnail","6":"product_cat-mesotherapy","7":"product_tag-5off","8":"clearfix","10":"first","11":"instock","12":"sale","13":"taxable","14":"shipping-taxable","15":"purchasable","16":"product-type-variable","17":"has-default-attributes"},"yoast_head":"<!-- This site is optimized with the Yoast SEO plugin v27.3 - https:\/\/yoast.com\/product\/yoast-seo-wordpress\/ -->\n<title>Hyaron (10 x 2.5ml) - Skin Heal<\/title>\n<meta name=\"description\" content=\"Hyaron is a highly effective mesotherapy solution which can improve skin hydration and boost the natural volume, while hiding deep wrinkles and folds.\" \/>\n<meta name=\"robots\" content=\"index, follow, max-snippet:-1, max-image-preview:large, max-video-preview:-1\" \/>\n<link rel=\"canonical\" href=\"https:\/\/skin-heal.com\/es\/producto\/hyaron-10-x-2-5ml\/\" \/>\n<meta property=\"og:locale\" content=\"es_MX\" \/>\n<meta property=\"og:type\" content=\"article\" \/>\n<meta property=\"og:title\" content=\"Hyaron (10 x 2.5ml) - Skin Heal\" \/>\n<meta property=\"og:description\" content=\"Hyaron is a highly effective mesotherapy solution which can improve skin hydration and boost the natural volume, while hiding deep wrinkles and folds.\" \/>\n<meta property=\"og:url\" content=\"https:\/\/skin-heal.com\/es\/producto\/hyaron-10-x-2-5ml\/\" \/>\n<meta property=\"og:site_name\" content=\"Skin Heal\" \/>\n<meta property=\"article:modified_time\" content=\"2025-12-02T15:49:02+00:00\" \/>\n<meta property=\"og:image\" content=\"https:\/\/cdn.skin-heal.com\/wp-content\/uploads\/2019\/04\/Hyaron.jpg\" \/>\n\t<meta property=\"og:image:width\" content=\"600\" \/>\n\t<meta property=\"og:image:height\" content=\"600\" \/>\n\t<meta property=\"og:image:type\" content=\"image\/jpeg\" \/>\n<meta name=\"twitter:card\" content=\"summary_large_image\" \/>\n<meta name=\"twitter:label1\" content=\"Tiempo de lectura\" \/>\n\t<meta name=\"twitter:data1\" content=\"1 minuto\" \/>\n<script type=\"application\/ld+json\" class=\"yoast-schema-graph\">{\"@context\":\"https:\\\/\\\/schema.org\",\"@graph\":[{\"@type\":\"WebPage\",\"@id\":\"https:\\\/\\\/skin-heal.com\\\/product\\\/hyaron-10-x-2-5ml\\\/\",\"url\":\"https:\\\/\\\/skin-heal.com\\\/product\\\/hyaron-10-x-2-5ml\\\/\",\"name\":\"Hyaron (10 x 2.5ml) - Skin Heal\",\"isPartOf\":{\"@id\":\"https:\\\/\\\/skin-heal.com\\\/#website\"},\"primaryImageOfPage\":{\"@id\":\"https:\\\/\\\/skin-heal.com\\\/product\\\/hyaron-10-x-2-5ml\\\/#primaryimage\"},\"image\":{\"@id\":\"https:\\\/\\\/skin-heal.com\\\/product\\\/hyaron-10-x-2-5ml\\\/#primaryimage\"},\"thumbnailUrl\":\"https:\\\/\\\/skin-heal.com\\\/wp-content\\\/uploads\\\/2019\\\/04\\\/Hyaron.jpg\",\"datePublished\":\"2019-04-08T12:13:07+00:00\",\"dateModified\":\"2025-12-02T15:49:02+00:00\",\"description\":\"Hyaron is a highly effective mesotherapy solution which can improve skin hydration and boost the natural volume, while hiding deep wrinkles and folds.\",\"breadcrumb\":{\"@id\":\"https:\\\/\\\/skin-heal.com\\\/product\\\/hyaron-10-x-2-5ml\\\/#breadcrumb\"},\"inLanguage\":\"es\",\"potentialAction\":[{\"@type\":\"ReadAction\",\"target\":[\"https:\\\/\\\/skin-heal.com\\\/product\\\/hyaron-10-x-2-5ml\\\/\"]}]},{\"@type\":\"ImageObject\",\"inLanguage\":\"es\",\"@id\":\"https:\\\/\\\/skin-heal.com\\\/product\\\/hyaron-10-x-2-5ml\\\/#primaryimage\",\"url\":\"https:\\\/\\\/skin-heal.com\\\/wp-content\\\/uploads\\\/2019\\\/04\\\/Hyaron.jpg\",\"contentUrl\":\"https:\\\/\\\/skin-heal.com\\\/wp-content\\\/uploads\\\/2019\\\/04\\\/Hyaron.jpg\",\"width\":600,\"height\":600,\"caption\":\"Hyaron\"},{\"@type\":\"BreadcrumbList\",\"@id\":\"https:\\\/\\\/skin-heal.com\\\/product\\\/hyaron-10-x-2-5ml\\\/#breadcrumb\",\"itemListElement\":[{\"@type\":\"ListItem\",\"position\":1,\"name\":\"Home\",\"item\":\"https:\\\/\\\/skin-heal.com\\\/\"},{\"@type\":\"ListItem\",\"position\":2,\"name\":\"Store\",\"item\":\"https:\\\/\\\/skin-heal.com\\\/store\\\/\"},{\"@type\":\"ListItem\",\"position\":3,\"name\":\"Hyaron (10 x 2.5ml)\"}]},{\"@type\":\"WebSite\",\"@id\":\"https:\\\/\\\/skin-heal.com\\\/#website\",\"url\":\"https:\\\/\\\/skin-heal.com\\\/\",\"name\":\"Skin Heal\",\"description\":\"Lowest Prices for Dermal Fillers\",\"potentialAction\":[{\"@type\":\"SearchAction\",\"target\":{\"@type\":\"EntryPoint\",\"urlTemplate\":\"https:\\\/\\\/skin-heal.com\\\/?s={search_term_string}\"},\"query-input\":{\"@type\":\"PropertyValueSpecification\",\"valueRequired\":true,\"valueName\":\"search_term_string\"}}],\"inLanguage\":\"es\"}]}<\/script>\n<!-- \/ Yoast SEO plugin. -->","yoast_head_json":{"title":"Hyaron (10 x 2,5ml) - Piel sana","description":"Hyaron es una soluci\u00f3n de mesoterapia altamente eficaz que puede mejorar la hidrataci\u00f3n de la piel y aumentar su volumen natural, al tiempo que disimula las arrugas y pliegues profundos.","robots":{"index":"index","follow":"follow","max-snippet":"max-snippet:-1","max-image-preview":"max-image-preview:large","max-video-preview":"max-video-preview:-1"},"canonical":"https:\/\/skin-heal.com\/es\/producto\/hyaron-10-x-2-5ml\/","og_locale":"es_MX","og_type":"article","og_title":"Hyaron (10 x 2.5ml) - Skin Heal","og_description":"Hyaron is a highly effective mesotherapy solution which can improve skin hydration and boost the natural volume, while hiding deep wrinkles and folds.","og_url":"https:\/\/skin-heal.com\/es\/producto\/hyaron-10-x-2-5ml\/","og_site_name":"Skin Heal","article_modified_time":"2025-12-02T15:49:02+00:00","og_image":[{"width":600,"height":600,"url":"https:\/\/cdn.skin-heal.com\/wp-content\/uploads\/2019\/04\/Hyaron.jpg","type":"image\/jpeg"}],"twitter_card":"summary_large_image","twitter_misc":{"Tiempo de lectura":"1 minuto"},"schema":{"@context":"https:\/\/schema.org","@graph":[{"@type":"WebPage","@id":"https:\/\/skin-heal.com\/product\/hyaron-10-x-2-5ml\/","url":"https:\/\/skin-heal.com\/product\/hyaron-10-x-2-5ml\/","name":"Hyaron (10 x 2,5ml) - Piel sana","isPartOf":{"@id":"https:\/\/skin-heal.com\/#website"},"primaryImageOfPage":{"@id":"https:\/\/skin-heal.com\/product\/hyaron-10-x-2-5ml\/#primaryimage"},"image":{"@id":"https:\/\/skin-heal.com\/product\/hyaron-10-x-2-5ml\/#primaryimage"},"thumbnailUrl":"https:\/\/cdn.skin-heal.com\/wp-content\/uploads\/2019\/04\/Hyaron.jpg","datePublished":"2019-04-08T12:13:07+00:00","dateModified":"2025-12-02T15:49:02+00:00","description":"Hyaron es una soluci\u00f3n de mesoterapia altamente eficaz que puede mejorar la hidrataci\u00f3n de la piel y aumentar su volumen natural, al tiempo que disimula las arrugas y pliegues profundos.","breadcrumb":{"@id":"https:\/\/skin-heal.com\/product\/hyaron-10-x-2-5ml\/#breadcrumb"},"inLanguage":"es","potentialAction":[{"@type":"ReadAction","target":["https:\/\/skin-heal.com\/product\/hyaron-10-x-2-5ml\/"]}]},{"@type":"ImageObject","inLanguage":"es","@id":"https:\/\/skin-heal.com\/product\/hyaron-10-x-2-5ml\/#primaryimage","url":"https:\/\/cdn.skin-heal.com\/wp-content\/uploads\/2019\/04\/Hyaron.jpg","contentUrl":"https:\/\/cdn.skin-heal.com\/wp-content\/uploads\/2019\/04\/Hyaron.jpg","width":600,"height":600,"caption":"Hyaron"},{"@type":"BreadcrumbList","@id":"https:\/\/skin-heal.com\/product\/hyaron-10-x-2-5ml\/#breadcrumb","itemListElement":[{"@type":"ListItem","position":1,"name":"Home","item":"https:\/\/skin-heal.com\/"},{"@type":"ListItem","position":2,"name":"Store","item":"https:\/\/skin-heal.com\/store\/"},{"@type":"ListItem","position":3,"name":"Hyaron (10 x 2.5ml)"}]},{"@type":"WebSite","@id":"https:\/\/skin-heal.com\/#website","url":"https:\/\/skin-heal.com\/","name":"Curaci\u00f3n de la piel","description":"Los precios m\u00e1s bajos para los rellenos d\u00e9rmicos","potentialAction":[{"@type":"SearchAction","target":{"@type":"EntryPoint","urlTemplate":"https:\/\/skin-heal.com\/?s={search_term_string}"},"query-input":{"@type":"PropertyValueSpecification","valueRequired":true,"valueName":"search_term_string"}}],"inLanguage":"es"}]}},"_links":{"self":[{"href":"https:\/\/skin-heal.com\/es\/wp-json\/wp\/v2\/product\/1244","targetHints":{"allow":["GET"]}}],"collection":[{"href":"https:\/\/skin-heal.com\/es\/wp-json\/wp\/v2\/product"}],"about":[{"href":"https:\/\/skin-heal.com\/es\/wp-json\/wp\/v2\/types\/product"}],"wp:featuredmedia":[{"embeddable":true,"href":"https:\/\/skin-heal.com\/es\/wp-json\/wp\/v2\/media\/1245"}],"wp:attachment":[{"href":"https:\/\/skin-heal.com\/es\/wp-json\/wp\/v2\/media?parent=1244"}],"wp:term":[{"taxonomy":"product_brand","embeddable":true,"href":"https:\/\/skin-heal.com\/es\/wp-json\/wp\/v2\/product_brand?post=1244"},{"taxonomy":"product_cat","embeddable":true,"href":"https:\/\/skin-heal.com\/es\/wp-json\/wp\/v2\/product_cat?post=1244"},{"taxonomy":"product_tag","embeddable":true,"href":"https:\/\/skin-heal.com\/es\/wp-json\/wp\/v2\/product_tag?post=1244"}],"curies":[{"name":"wp","href":"https:\/\/api.w.org\/{rel}","templated":true}]}}