{"id":12933,"date":"2019-11-15T16:00:30","date_gmt":"2019-11-15T16:00:30","guid":{"rendered":"https:\/\/skin-heal.com\/?post_type=product&#038;p=12933"},"modified":"2022-06-01T14:51:31","modified_gmt":"2022-06-01T14:51:31","slug":"hyafilia-petit-plus-1-x-1ml","status":"publish","type":"product","link":"https:\/\/skin-heal.com\/es\/producto\/hyafilia-petit-plus-1-x-1ml\/","title":{"rendered":"Hyafilia Petit Plus (1 x 1ml)"},"content":{"rendered":"<h3>Tipos de imperfecciones est\u00e9ticas que corrige HyaFilia Petit con Lidoca\u00edna Plus<\/h3>\n<p>HyaFilia Petit con Lidoca\u00edna Plus contiene <em>20mg\/ml de \u00c1cido Hialur\u00f3nico de excelente calidad<\/em> de origen no animal que tiene un tama\u00f1o de grano medio de 200\u00b5m. Debido a su composici\u00f3n de gel refinado y suave, puede inyectarse con seguridad en la capa superficial de la dermis del rostro, el escote, el dorso de las manos y el cuello, e incluso en aquellas zonas en las que la piel es muy fina y delicada (por ejemplo, alrededor de los ojos o la boca). Los efectos antienvejecimiento del tratamiento son instant\u00e1neos y, a diferencia de los de otros rellenos est\u00e9ticos a base de HA, son <strong>excepcionalmente duradero<\/strong>. Eso permitir\u00e1 a los pacientes programar sus procedimientos de mantenimiento a intervalos mayores, ahorrando mucho dinero y tiempo.<\/p>\n<ul>\n<li>L\u00edneas y arrugas superficiales (por ejemplo, l\u00edneas periorales y periorbitales)<\/li>\n<li>Pieles secas y envejecidas<\/li>\n<li>Aspecto cansado y desgastado<\/li>\n<li>Rejuvenecimiento del dorso de las manos<\/li>\n<li>L\u00edneas de cuello horizontales<\/li>\n<li>Arrugas del escote<\/li>\n<\/ul>\n<h3>Mayor comodidad para los pacientes<\/h3>\n<p>Cada jeringa precargada de HyaFilia Petit con Lidoca\u00edna Plus incluye la sustancia anest\u00e9sica local Lidoca\u00edna que hace que este revolucionario tratamiento antiarrugas <u>100% sin dolor para los pacientes<\/u>. Tambi\u00e9n acelera cada sesi\u00f3n de inyecci\u00f3n con este producto, ya que los cirujanos pl\u00e1sticos certificados no necesitan aplicar hielo o crema anest\u00e9sica sobre los puntos de inyecci\u00f3n antes del tratamiento.<\/p>","protected":false},"excerpt":{"rendered":"<p>No importa lo fina y superficial que sea una arruga, se necesita un relleno cut\u00e1neo robusto y de alta calidad para rellenarla y corregirla eficazmente. HyaFilia Petit con Lidoca\u00edna Plus de CHA Meditech es un producto antienvejecimiento optimizado a base de HA que se ajusta perfectamente a esta descripci\u00f3n. Tarda minutos en hacer efecto, pero su <em>impresionante poder de eliminaci\u00f3n de arrugas superficiales <\/em>permanecen activos hasta un a\u00f1o completo. Nosotros, en Skin Heal, estamos entre los principales distribuidores de este <u>Relleno de belleza a un precio razonable<\/u>.<\/p>","protected":false},"featured_media":12937,"template":"","meta":[],"product_brand":[],"product_cat":[79,99,94],"product_tag":[],"class_list":{"0":"post-12933","1":"product","2":"type-product","3":"status-publish","4":"has-post-thumbnail","6":"product_cat-dermal-fillers","7":"product_cat-hyafilia","8":"product_cat-neogenesis","9":"clearfix","11":"first","12":"outofstock","13":"taxable","14":"shipping-taxable","15":"purchasable","16":"product-type-simple"},"yoast_head":"<!-- This site is optimized with the Yoast SEO plugin v27.4 - https:\/\/yoast.com\/product\/yoast-seo-wordpress\/ -->\n<title>Hyafilia Petit Plus (1 x 1ml) - Skin Heal<\/title>\n<meta name=\"description\" content=\"Sold by Skin Heal, HyaFilia Petit with Lidocaine Plus is a powerful dermal filler. HyaFilia Petit with Lidocaine Plus instantly eliminates fine lines.\" \/>\n<meta name=\"robots\" content=\"index, follow, max-snippet:-1, max-image-preview:large, max-video-preview:-1\" \/>\n<link rel=\"canonical\" href=\"https:\/\/skin-heal.com\/es\/producto\/hyafilia-petit-plus-1-x-1ml\/\" \/>\n<meta property=\"og:locale\" content=\"es_MX\" \/>\n<meta property=\"og:type\" content=\"article\" \/>\n<meta property=\"og:title\" content=\"Hyafilia Petit Plus (1 x 1ml) - Skin Heal\" \/>\n<meta property=\"og:description\" content=\"Sold by Skin Heal, HyaFilia Petit with Lidocaine Plus is a powerful dermal filler. HyaFilia Petit with Lidocaine Plus instantly eliminates fine lines.\" \/>\n<meta property=\"og:url\" content=\"https:\/\/skin-heal.com\/es\/producto\/hyafilia-petit-plus-1-x-1ml\/\" \/>\n<meta property=\"og:site_name\" content=\"Skin Heal\" \/>\n<meta property=\"article:modified_time\" content=\"2022-06-01T14:51:31+00:00\" \/>\n<meta property=\"og:image\" content=\"https:\/\/cdn.skin-heal.com\/wp-content\/uploads\/2019\/11\/Hyafilia-Petit-Plus.jpg\" \/>\n\t<meta property=\"og:image:width\" content=\"600\" \/>\n\t<meta property=\"og:image:height\" content=\"600\" \/>\n\t<meta property=\"og:image:type\" content=\"image\/jpeg\" \/>\n<meta name=\"twitter:card\" content=\"summary_large_image\" \/>\n<meta name=\"twitter:label1\" content=\"Tiempo de lectura\" \/>\n\t<meta name=\"twitter:data1\" content=\"1 minuto\" \/>\n<script type=\"application\/ld+json\" class=\"yoast-schema-graph\">{\"@context\":\"https:\\\/\\\/schema.org\",\"@graph\":[{\"@type\":\"WebPage\",\"@id\":\"https:\\\/\\\/skin-heal.com\\\/product\\\/hyafilia-petit-plus-1-x-1ml\\\/\",\"url\":\"https:\\\/\\\/skin-heal.com\\\/product\\\/hyafilia-petit-plus-1-x-1ml\\\/\",\"name\":\"Hyafilia Petit Plus (1 x 1ml) - Skin Heal\",\"isPartOf\":{\"@id\":\"https:\\\/\\\/skin-heal.com\\\/#website\"},\"primaryImageOfPage\":{\"@id\":\"https:\\\/\\\/skin-heal.com\\\/product\\\/hyafilia-petit-plus-1-x-1ml\\\/#primaryimage\"},\"image\":{\"@id\":\"https:\\\/\\\/skin-heal.com\\\/product\\\/hyafilia-petit-plus-1-x-1ml\\\/#primaryimage\"},\"thumbnailUrl\":\"https:\\\/\\\/skin-heal.com\\\/wp-content\\\/uploads\\\/2019\\\/11\\\/Hyafilia-Petit-Plus.jpg\",\"datePublished\":\"2019-11-15T16:00:30+00:00\",\"dateModified\":\"2022-06-01T14:51:31+00:00\",\"description\":\"Sold by Skin Heal, HyaFilia Petit with Lidocaine Plus is a powerful dermal filler. HyaFilia Petit with Lidocaine Plus instantly eliminates fine lines.\",\"breadcrumb\":{\"@id\":\"https:\\\/\\\/skin-heal.com\\\/product\\\/hyafilia-petit-plus-1-x-1ml\\\/#breadcrumb\"},\"inLanguage\":\"es\",\"potentialAction\":[{\"@type\":\"ReadAction\",\"target\":[\"https:\\\/\\\/skin-heal.com\\\/product\\\/hyafilia-petit-plus-1-x-1ml\\\/\"]}]},{\"@type\":\"ImageObject\",\"inLanguage\":\"es\",\"@id\":\"https:\\\/\\\/skin-heal.com\\\/product\\\/hyafilia-petit-plus-1-x-1ml\\\/#primaryimage\",\"url\":\"https:\\\/\\\/skin-heal.com\\\/wp-content\\\/uploads\\\/2019\\\/11\\\/Hyafilia-Petit-Plus.jpg\",\"contentUrl\":\"https:\\\/\\\/skin-heal.com\\\/wp-content\\\/uploads\\\/2019\\\/11\\\/Hyafilia-Petit-Plus.jpg\",\"width\":600,\"height\":600,\"caption\":\"Hyafilia Petit Plus\"},{\"@type\":\"BreadcrumbList\",\"@id\":\"https:\\\/\\\/skin-heal.com\\\/product\\\/hyafilia-petit-plus-1-x-1ml\\\/#breadcrumb\",\"itemListElement\":[{\"@type\":\"ListItem\",\"position\":1,\"name\":\"Home\",\"item\":\"https:\\\/\\\/skin-heal.com\\\/\"},{\"@type\":\"ListItem\",\"position\":2,\"name\":\"Store\",\"item\":\"https:\\\/\\\/skin-heal.com\\\/store\\\/\"},{\"@type\":\"ListItem\",\"position\":3,\"name\":\"Hyafilia Petit Plus (1 x 1ml)\"}]},{\"@type\":\"WebSite\",\"@id\":\"https:\\\/\\\/skin-heal.com\\\/#website\",\"url\":\"https:\\\/\\\/skin-heal.com\\\/\",\"name\":\"Skin Heal\",\"description\":\"Lowest Prices for Dermal Fillers\",\"potentialAction\":[{\"@type\":\"SearchAction\",\"target\":{\"@type\":\"EntryPoint\",\"urlTemplate\":\"https:\\\/\\\/skin-heal.com\\\/?s={search_term_string}\"},\"query-input\":{\"@type\":\"PropertyValueSpecification\",\"valueRequired\":true,\"valueName\":\"search_term_string\"}}],\"inLanguage\":\"es\"}]}<\/script>\n<!-- \/ Yoast SEO plugin. -->","yoast_head_json":{"title":"Hyafilia Petit Plus (1 x 1ml) - Skin Heal","description":"Comercializado por Skin Heal, HyaFilia Petit con Lidoca\u00edna Plus es un potente relleno d\u00e9rmico. HyaFilia Petit con Lidoca\u00edna Plus elimina al instante las l\u00edneas de expresi\u00f3n.","robots":{"index":"index","follow":"follow","max-snippet":"max-snippet:-1","max-image-preview":"max-image-preview:large","max-video-preview":"max-video-preview:-1"},"canonical":"https:\/\/skin-heal.com\/es\/producto\/hyafilia-petit-plus-1-x-1ml\/","og_locale":"es_MX","og_type":"article","og_title":"Hyafilia Petit Plus (1 x 1ml) - Skin Heal","og_description":"Sold by Skin Heal, HyaFilia Petit with Lidocaine Plus is a powerful dermal filler. HyaFilia Petit with Lidocaine Plus instantly eliminates fine lines.","og_url":"https:\/\/skin-heal.com\/es\/producto\/hyafilia-petit-plus-1-x-1ml\/","og_site_name":"Skin Heal","article_modified_time":"2022-06-01T14:51:31+00:00","og_image":[{"width":600,"height":600,"url":"https:\/\/cdn.skin-heal.com\/wp-content\/uploads\/2019\/11\/Hyafilia-Petit-Plus.jpg","type":"image\/jpeg"}],"twitter_card":"summary_large_image","twitter_misc":{"Tiempo de lectura":"1 minuto"},"schema":{"@context":"https:\/\/schema.org","@graph":[{"@type":"WebPage","@id":"https:\/\/skin-heal.com\/product\/hyafilia-petit-plus-1-x-1ml\/","url":"https:\/\/skin-heal.com\/product\/hyafilia-petit-plus-1-x-1ml\/","name":"Hyafilia Petit Plus (1 x 1ml) - Skin Heal","isPartOf":{"@id":"https:\/\/skin-heal.com\/#website"},"primaryImageOfPage":{"@id":"https:\/\/skin-heal.com\/product\/hyafilia-petit-plus-1-x-1ml\/#primaryimage"},"image":{"@id":"https:\/\/skin-heal.com\/product\/hyafilia-petit-plus-1-x-1ml\/#primaryimage"},"thumbnailUrl":"https:\/\/cdn.skin-heal.com\/wp-content\/uploads\/2019\/11\/Hyafilia-Petit-Plus.jpg","datePublished":"2019-11-15T16:00:30+00:00","dateModified":"2022-06-01T14:51:31+00:00","description":"Comercializado por Skin Heal, HyaFilia Petit con Lidoca\u00edna Plus es un potente relleno d\u00e9rmico. HyaFilia Petit con Lidoca\u00edna Plus elimina al instante las l\u00edneas de expresi\u00f3n.","breadcrumb":{"@id":"https:\/\/skin-heal.com\/product\/hyafilia-petit-plus-1-x-1ml\/#breadcrumb"},"inLanguage":"es","potentialAction":[{"@type":"ReadAction","target":["https:\/\/skin-heal.com\/product\/hyafilia-petit-plus-1-x-1ml\/"]}]},{"@type":"ImageObject","inLanguage":"es","@id":"https:\/\/skin-heal.com\/product\/hyafilia-petit-plus-1-x-1ml\/#primaryimage","url":"https:\/\/cdn.skin-heal.com\/wp-content\/uploads\/2019\/11\/Hyafilia-Petit-Plus.jpg","contentUrl":"https:\/\/cdn.skin-heal.com\/wp-content\/uploads\/2019\/11\/Hyafilia-Petit-Plus.jpg","width":600,"height":600,"caption":"Hyafilia Petit Plus"},{"@type":"BreadcrumbList","@id":"https:\/\/skin-heal.com\/product\/hyafilia-petit-plus-1-x-1ml\/#breadcrumb","itemListElement":[{"@type":"ListItem","position":1,"name":"Home","item":"https:\/\/skin-heal.com\/"},{"@type":"ListItem","position":2,"name":"Store","item":"https:\/\/skin-heal.com\/store\/"},{"@type":"ListItem","position":3,"name":"Hyafilia Petit Plus (1 x 1ml)"}]},{"@type":"WebSite","@id":"https:\/\/skin-heal.com\/#website","url":"https:\/\/skin-heal.com\/","name":"Curaci\u00f3n de la piel","description":"Los precios m\u00e1s bajos para los rellenos d\u00e9rmicos","potentialAction":[{"@type":"SearchAction","target":{"@type":"EntryPoint","urlTemplate":"https:\/\/skin-heal.com\/?s={search_term_string}"},"query-input":{"@type":"PropertyValueSpecification","valueRequired":true,"valueName":"search_term_string"}}],"inLanguage":"es"}]}},"_links":{"self":[{"href":"https:\/\/skin-heal.com\/es\/wp-json\/wp\/v2\/product\/12933","targetHints":{"allow":["GET"]}}],"collection":[{"href":"https:\/\/skin-heal.com\/es\/wp-json\/wp\/v2\/product"}],"about":[{"href":"https:\/\/skin-heal.com\/es\/wp-json\/wp\/v2\/types\/product"}],"wp:featuredmedia":[{"embeddable":true,"href":"https:\/\/skin-heal.com\/es\/wp-json\/wp\/v2\/media\/12937"}],"wp:attachment":[{"href":"https:\/\/skin-heal.com\/es\/wp-json\/wp\/v2\/media?parent=12933"}],"wp:term":[{"taxonomy":"product_brand","embeddable":true,"href":"https:\/\/skin-heal.com\/es\/wp-json\/wp\/v2\/product_brand?post=12933"},{"taxonomy":"product_cat","embeddable":true,"href":"https:\/\/skin-heal.com\/es\/wp-json\/wp\/v2\/product_cat?post=12933"},{"taxonomy":"product_tag","embeddable":true,"href":"https:\/\/skin-heal.com\/es\/wp-json\/wp\/v2\/product_tag?post=12933"}],"curies":[{"name":"wp","href":"https:\/\/api.w.org\/{rel}","templated":true}]}}