{"id":12934,"date":"2019-11-15T16:00:50","date_gmt":"2019-11-15T14:00:50","guid":{"rendered":"https:\/\/skin-heal.com\/?post_type=product&#038;p=12934"},"modified":"2023-08-01T10:06:01","modified_gmt":"2023-08-01T07:06:01","slug":"hyafilia-classic-plus-1-x-1ml","status":"publish","type":"product","link":"https:\/\/skin-heal.com\/es\/producto\/hyafilia-classic-plus-1-x-1ml\/","title":{"rendered":"Hyafilia Classic Plus (1 x 1ml)"},"content":{"rendered":"<h3>Beneficios del uso de HyaFilia Classic con Lidoca\u00edna<\/h3>\n<ul>\n<li>Rejuvenece la piel reduciendo de forma segura la aparici\u00f3n de arrugas medias<\/li>\n<li>M\u00e1ximas prestaciones y excelente calidad<\/li>\n<li>Restablece el equilibrio h\u00eddrico \u00f3ptimo de la piel<\/li>\n<li>Precio asequible<\/li>\n<li>Tiene una estructura h\u00edbrida y mejora la plasticidad del gel para lograr efectos antienvejecimiento duraderos<\/li>\n<li>Contiene lidoca\u00edna para un tratamiento indoloro<\/li>\n<li>Mejora la elasticidad de la piel<\/li>\n<li>Uso vers\u00e1til: puede tratar el rostro, el escote, el dorso de las manos y el cuello<\/li>\n<\/ul>\n<h3>\u00bfQu\u00e9 pueden esperar los pacientes despu\u00e9s del tratamiento?<\/h3>\n<p>Un tratamiento est\u00e1ndar con HyaFilia Classic con Lidoca\u00edna Plus ofrece resultados instant\u00e1neos de rejuvenecimiento cosm\u00e9tico mediante <em>reducir visiblemente la aparici\u00f3n de l\u00edneas medias<\/em> y las arrugas. El HA no animal de este <strong>pionero en el relleno de la piel<\/strong> tambi\u00e9n tiene una poderosa propiedad hidratante que hidratar\u00e1 la piel de los pacientes desde el interior, potenciando en gran medida su elasticidad. El tratamiento consiste en una serie de inyecciones en la capa media de la dermis. Esta prueba suele durar entre 20 y 30 minutos. Tras ella, las arrugas medias se har\u00e1n menos visibles al ser rellenadas por el gel inyectable. A continuaci\u00f3n, el \u00e1cido hialur\u00f3nico se disolver\u00e1 gradualmente en un periodo de 12 meses como m\u00e1ximo. Por lo general, este producto no produce efectos adversos graves o duraderos. <u>Tratamientos de mantenimiento de seguimiento<\/u> deben realizarse con un intervalo de varios meses para que los pacientes puedan conservar su aspecto rejuvenecido.<\/p>","protected":false},"excerpt":{"rendered":"<p>Nosotros, en Skin Heal, estamos encantados de presentar a nuestros clientes HyaFilia Classic con Lidoca\u00edna Plus - un relleno de belleza de alto rendimiento con <strong>una estructura h\u00edbrida basada en HA<\/strong>. Fue creado por CHA Meditech para abordar las preocupaciones cosm\u00e9ticas relacionadas con el proceso natural de envejecimiento - m\u00e1s espec\u00edficamente, las arrugas medias y la piel seca. Los pacientes disfrutar\u00e1n de una piel suave y rejuvenecida despu\u00e9s de un solo tratamiento. Ni siquiera tendr\u00e1n que preocuparse por el dolor, ya que este producto <em>contiene Lidoca\u00edna<\/em>.<\/p>","protected":false},"featured_media":12938,"template":"","meta":[],"product_brand":[],"product_cat":[79,99,94,144],"product_tag":[147],"class_list":{"0":"post-12934","1":"product","2":"type-product","3":"status-publish","4":"has-post-thumbnail","6":"product_cat-dermal-fillers","7":"product_cat-hyafilia","8":"product_cat-neogenesis","9":"product_cat-holiday-mega-sale","10":"product_tag-15off","11":"clearfix","13":"first","14":"outofstock","15":"sale","16":"taxable","17":"shipping-taxable","18":"purchasable","19":"product-type-simple"},"yoast_head":"<!-- This site is optimized with the Yoast SEO plugin v27.3 - https:\/\/yoast.com\/product\/yoast-seo-wordpress\/ -->\n<title>Hyafilia Classic Plus (1 x 1ml) - Skin Heal<\/title>\n<meta name=\"description\" content=\"With Skin Heal, you can buy quality dermal filler HyaFilia Classic with Lidocaine Plus to safely remove medium wrinkles in a non-surgical, painless manner.\" \/>\n<meta name=\"robots\" content=\"index, follow, max-snippet:-1, max-image-preview:large, max-video-preview:-1\" \/>\n<link rel=\"canonical\" href=\"https:\/\/skin-heal.com\/es\/producto\/hyafilia-classic-plus-1-x-1ml\/\" \/>\n<meta property=\"og:locale\" content=\"es_MX\" \/>\n<meta property=\"og:type\" content=\"article\" \/>\n<meta property=\"og:title\" content=\"Hyafilia Classic Plus (1 x 1ml) - Skin Heal\" \/>\n<meta property=\"og:description\" content=\"With Skin Heal, you can buy quality dermal filler HyaFilia Classic with Lidocaine Plus to safely remove medium wrinkles in a non-surgical, painless manner.\" \/>\n<meta property=\"og:url\" content=\"https:\/\/skin-heal.com\/es\/producto\/hyafilia-classic-plus-1-x-1ml\/\" \/>\n<meta property=\"og:site_name\" content=\"Skin Heal\" \/>\n<meta property=\"article:modified_time\" content=\"2023-08-01T07:06:01+00:00\" \/>\n<meta property=\"og:image\" content=\"https:\/\/cdn.skin-heal.com\/wp-content\/uploads\/2019\/11\/Hyafilia-Classic-Plus.jpg\" \/>\n\t<meta property=\"og:image:width\" content=\"600\" \/>\n\t<meta property=\"og:image:height\" content=\"600\" \/>\n\t<meta property=\"og:image:type\" content=\"image\/jpeg\" \/>\n<meta name=\"twitter:card\" content=\"summary_large_image\" \/>\n<meta name=\"twitter:label1\" content=\"Tiempo de lectura\" \/>\n\t<meta name=\"twitter:data1\" content=\"1 minuto\" \/>\n<script type=\"application\/ld+json\" class=\"yoast-schema-graph\">{\"@context\":\"https:\\\/\\\/schema.org\",\"@graph\":[{\"@type\":\"WebPage\",\"@id\":\"https:\\\/\\\/skin-heal.com\\\/product\\\/hyafilia-classic-plus-1-x-1ml\\\/\",\"url\":\"https:\\\/\\\/skin-heal.com\\\/product\\\/hyafilia-classic-plus-1-x-1ml\\\/\",\"name\":\"Hyafilia Classic Plus (1 x 1ml) - Skin Heal\",\"isPartOf\":{\"@id\":\"https:\\\/\\\/skin-heal.com\\\/#website\"},\"primaryImageOfPage\":{\"@id\":\"https:\\\/\\\/skin-heal.com\\\/product\\\/hyafilia-classic-plus-1-x-1ml\\\/#primaryimage\"},\"image\":{\"@id\":\"https:\\\/\\\/skin-heal.com\\\/product\\\/hyafilia-classic-plus-1-x-1ml\\\/#primaryimage\"},\"thumbnailUrl\":\"https:\\\/\\\/skin-heal.com\\\/wp-content\\\/uploads\\\/2019\\\/11\\\/Hyafilia-Classic-Plus.jpg\",\"datePublished\":\"2019-11-15T14:00:50+00:00\",\"dateModified\":\"2023-08-01T07:06:01+00:00\",\"description\":\"With Skin Heal, you can buy quality dermal filler HyaFilia Classic with Lidocaine Plus to safely remove medium wrinkles in a non-surgical, painless manner.\",\"breadcrumb\":{\"@id\":\"https:\\\/\\\/skin-heal.com\\\/product\\\/hyafilia-classic-plus-1-x-1ml\\\/#breadcrumb\"},\"inLanguage\":\"es\",\"potentialAction\":[{\"@type\":\"ReadAction\",\"target\":[\"https:\\\/\\\/skin-heal.com\\\/product\\\/hyafilia-classic-plus-1-x-1ml\\\/\"]}]},{\"@type\":\"ImageObject\",\"inLanguage\":\"es\",\"@id\":\"https:\\\/\\\/skin-heal.com\\\/product\\\/hyafilia-classic-plus-1-x-1ml\\\/#primaryimage\",\"url\":\"https:\\\/\\\/skin-heal.com\\\/wp-content\\\/uploads\\\/2019\\\/11\\\/Hyafilia-Classic-Plus.jpg\",\"contentUrl\":\"https:\\\/\\\/skin-heal.com\\\/wp-content\\\/uploads\\\/2019\\\/11\\\/Hyafilia-Classic-Plus.jpg\",\"width\":600,\"height\":600,\"caption\":\"Hyafilia Classic Plus\"},{\"@type\":\"BreadcrumbList\",\"@id\":\"https:\\\/\\\/skin-heal.com\\\/product\\\/hyafilia-classic-plus-1-x-1ml\\\/#breadcrumb\",\"itemListElement\":[{\"@type\":\"ListItem\",\"position\":1,\"name\":\"Home\",\"item\":\"https:\\\/\\\/skin-heal.com\\\/\"},{\"@type\":\"ListItem\",\"position\":2,\"name\":\"Store\",\"item\":\"https:\\\/\\\/skin-heal.com\\\/store\\\/\"},{\"@type\":\"ListItem\",\"position\":3,\"name\":\"Hyafilia Classic Plus (1 x 1ml)\"}]},{\"@type\":\"WebSite\",\"@id\":\"https:\\\/\\\/skin-heal.com\\\/#website\",\"url\":\"https:\\\/\\\/skin-heal.com\\\/\",\"name\":\"Skin Heal\",\"description\":\"Lowest Prices for Dermal Fillers\",\"potentialAction\":[{\"@type\":\"SearchAction\",\"target\":{\"@type\":\"EntryPoint\",\"urlTemplate\":\"https:\\\/\\\/skin-heal.com\\\/?s={search_term_string}\"},\"query-input\":{\"@type\":\"PropertyValueSpecification\",\"valueRequired\":true,\"valueName\":\"search_term_string\"}}],\"inLanguage\":\"es\"}]}<\/script>\n<!-- \/ Yoast SEO plugin. -->","yoast_head_json":{"title":"Hyafilia Classic Plus (1 x 1ml) - Skin Heal","description":"Con Skin Heal, puede comprar el relleno d\u00e9rmico de calidad HyaFilia Classic con Lidoca\u00edna Plus para eliminar con seguridad las arrugas medias de forma no quir\u00fargica e indolora.","robots":{"index":"index","follow":"follow","max-snippet":"max-snippet:-1","max-image-preview":"max-image-preview:large","max-video-preview":"max-video-preview:-1"},"canonical":"https:\/\/skin-heal.com\/es\/producto\/hyafilia-classic-plus-1-x-1ml\/","og_locale":"es_MX","og_type":"article","og_title":"Hyafilia Classic Plus (1 x 1ml) - Skin Heal","og_description":"With Skin Heal, you can buy quality dermal filler HyaFilia Classic with Lidocaine Plus to safely remove medium wrinkles in a non-surgical, painless manner.","og_url":"https:\/\/skin-heal.com\/es\/producto\/hyafilia-classic-plus-1-x-1ml\/","og_site_name":"Skin Heal","article_modified_time":"2023-08-01T07:06:01+00:00","og_image":[{"width":600,"height":600,"url":"https:\/\/cdn.skin-heal.com\/wp-content\/uploads\/2019\/11\/Hyafilia-Classic-Plus.jpg","type":"image\/jpeg"}],"twitter_card":"summary_large_image","twitter_misc":{"Tiempo de lectura":"1 minuto"},"schema":{"@context":"https:\/\/schema.org","@graph":[{"@type":"WebPage","@id":"https:\/\/skin-heal.com\/product\/hyafilia-classic-plus-1-x-1ml\/","url":"https:\/\/skin-heal.com\/product\/hyafilia-classic-plus-1-x-1ml\/","name":"Hyafilia Classic Plus (1 x 1ml) - Skin Heal","isPartOf":{"@id":"https:\/\/skin-heal.com\/#website"},"primaryImageOfPage":{"@id":"https:\/\/skin-heal.com\/product\/hyafilia-classic-plus-1-x-1ml\/#primaryimage"},"image":{"@id":"https:\/\/skin-heal.com\/product\/hyafilia-classic-plus-1-x-1ml\/#primaryimage"},"thumbnailUrl":"https:\/\/cdn.skin-heal.com\/wp-content\/uploads\/2019\/11\/Hyafilia-Classic-Plus.jpg","datePublished":"2019-11-15T14:00:50+00:00","dateModified":"2023-08-01T07:06:01+00:00","description":"Con Skin Heal, puede comprar el relleno d\u00e9rmico de calidad HyaFilia Classic con Lidoca\u00edna Plus para eliminar con seguridad las arrugas medias de forma no quir\u00fargica e indolora.","breadcrumb":{"@id":"https:\/\/skin-heal.com\/product\/hyafilia-classic-plus-1-x-1ml\/#breadcrumb"},"inLanguage":"es","potentialAction":[{"@type":"ReadAction","target":["https:\/\/skin-heal.com\/product\/hyafilia-classic-plus-1-x-1ml\/"]}]},{"@type":"ImageObject","inLanguage":"es","@id":"https:\/\/skin-heal.com\/product\/hyafilia-classic-plus-1-x-1ml\/#primaryimage","url":"https:\/\/cdn.skin-heal.com\/wp-content\/uploads\/2019\/11\/Hyafilia-Classic-Plus.jpg","contentUrl":"https:\/\/cdn.skin-heal.com\/wp-content\/uploads\/2019\/11\/Hyafilia-Classic-Plus.jpg","width":600,"height":600,"caption":"Hyafilia Classic Plus"},{"@type":"BreadcrumbList","@id":"https:\/\/skin-heal.com\/product\/hyafilia-classic-plus-1-x-1ml\/#breadcrumb","itemListElement":[{"@type":"ListItem","position":1,"name":"Home","item":"https:\/\/skin-heal.com\/"},{"@type":"ListItem","position":2,"name":"Store","item":"https:\/\/skin-heal.com\/store\/"},{"@type":"ListItem","position":3,"name":"Hyafilia Classic Plus (1 x 1ml)"}]},{"@type":"WebSite","@id":"https:\/\/skin-heal.com\/#website","url":"https:\/\/skin-heal.com\/","name":"Curaci\u00f3n de la piel","description":"Los precios m\u00e1s bajos para los rellenos d\u00e9rmicos","potentialAction":[{"@type":"SearchAction","target":{"@type":"EntryPoint","urlTemplate":"https:\/\/skin-heal.com\/?s={search_term_string}"},"query-input":{"@type":"PropertyValueSpecification","valueRequired":true,"valueName":"search_term_string"}}],"inLanguage":"es"}]}},"_links":{"self":[{"href":"https:\/\/skin-heal.com\/es\/wp-json\/wp\/v2\/product\/12934","targetHints":{"allow":["GET"]}}],"collection":[{"href":"https:\/\/skin-heal.com\/es\/wp-json\/wp\/v2\/product"}],"about":[{"href":"https:\/\/skin-heal.com\/es\/wp-json\/wp\/v2\/types\/product"}],"wp:featuredmedia":[{"embeddable":true,"href":"https:\/\/skin-heal.com\/es\/wp-json\/wp\/v2\/media\/12938"}],"wp:attachment":[{"href":"https:\/\/skin-heal.com\/es\/wp-json\/wp\/v2\/media?parent=12934"}],"wp:term":[{"taxonomy":"product_brand","embeddable":true,"href":"https:\/\/skin-heal.com\/es\/wp-json\/wp\/v2\/product_brand?post=12934"},{"taxonomy":"product_cat","embeddable":true,"href":"https:\/\/skin-heal.com\/es\/wp-json\/wp\/v2\/product_cat?post=12934"},{"taxonomy":"product_tag","embeddable":true,"href":"https:\/\/skin-heal.com\/es\/wp-json\/wp\/v2\/product_tag?post=12934"}],"curies":[{"name":"wp","href":"https:\/\/api.w.org\/{rel}","templated":true}]}}