{"id":12935,"date":"2019-11-15T16:01:15","date_gmt":"2019-11-15T14:01:15","guid":{"rendered":"https:\/\/skin-heal.com\/?post_type=product&#038;p=12935"},"modified":"2022-12-16T17:55:51","modified_gmt":"2022-12-16T15:55:51","slug":"hyafilia-grand-plus-1-x-1ml","status":"publish","type":"product","link":"https:\/\/skin-heal.com\/es\/producto\/hyafilia-grand-plus-1-x-1ml\/","title":{"rendered":"Hyafilia Grand Plus (1 x 1ml)"},"content":{"rendered":"<h3>HyaFilia Grand con Lidoca\u00edna Plus proporciona un rejuvenecimiento cut\u00e1neo indoloro<\/h3>\n<p>Este relleno de \u00e1cido hialur\u00f3nico de f\u00e1cil aplicaci\u00f3n se inyecta en la capa profunda de la piel donde <strong>Rellena instant\u00e1neamente las arrugas profundas, los pliegues,<\/strong> y depresiones. El producto tiene un impresionante tama\u00f1o medio de grano de 1.100 \u00b5m, por lo que tambi\u00e9n tiene <em>un fant\u00e1stico efecto voluminizador<\/em> que mejora y rejuvenece a\u00fan m\u00e1s el aspecto y el estado de la piel hasta 1 a\u00f1o. La Lidoca\u00edna de este relleno d\u00e9rmico de primera calidad tiene un efecto adormecedor y reduce las molestias y el dolor durante el tratamiento. El car\u00e1cter no agresivo de HyaFilia Grand con Lidoca\u00edna Plus permite a los pacientes volver a sus actividades cotidianas justo despu\u00e9s de la inyecci\u00f3n, ya que el riesgo de efectos adversos (hinchaz\u00f3n, picor, hematomas, etc.) se reduce al m\u00ednimo con este producto.<\/p>\n<ul>\n<li>Efecto antiarrugas duradero sin migraci\u00f3n del gel<\/li>\n<li>Procedimiento de inyecci\u00f3n r\u00e1pido y sin dolor<\/li>\n<li>Calidad superior a bajo precio<\/li>\n<li>F\u00f3rmula suave pero eficaz<\/li>\n<\/ul>\n<h3>En la caja<\/h3>\n<p>HyaFilia Grand con Lidoca\u00edna Plus se presenta en un envase sellado que incluye una jeringa desechable precargada y dos agujas de primera calidad (dos tama\u00f1os diferentes). El gel de implante biodegradable y biocompatible de la jeringa est\u00e1 basado en \u00e1cido hialur\u00f3nico (85% - estabilizado, 15% - no estabilizado) mezclado con algo de lidoca\u00edna. Dado que se trata de un <u>Dispositivo m\u00e9dico de clase III<\/u>El producto debe adquirirse siempre a trav\u00e9s de minoristas registrados y fiables como Skin Heal. El producto aut\u00e9ntico viene en una caja con la marca CE.<\/p>","protected":false},"excerpt":{"rendered":"<p>Los molestos pliegues nasolabiales y otras arrugas profundas ya no requieren una costosa y dolorosa cirug\u00eda pl\u00e1stica para ser corregidos. Esa tarea puede ahora completarse con \u00e9xito mediante <em>Relleno est\u00e9tico de bolsillo HyaFilia Grand con Lidoca\u00edna Plus<\/em> de CHA Meditech. Distribuido por Skin Heal, destaca entre otros productos de rejuvenecimiento de la piel a base de HA por su <u>f\u00f3rmula h\u00edbrida de nueva generaci\u00f3n<\/u> que re\u00fane lo mejor de dos mundos diferentes: el \u00e1cido hialur\u00f3nico reticulado y el no reticulado.<\/p>","protected":false},"featured_media":12939,"template":"","meta":[],"product_brand":[],"product_cat":[79,99,94],"product_tag":[],"class_list":{"0":"post-12935","1":"product","2":"type-product","3":"status-publish","4":"has-post-thumbnail","6":"product_cat-dermal-fillers","7":"product_cat-hyafilia","8":"product_cat-neogenesis","9":"clearfix","11":"first","12":"outofstock","13":"taxable","14":"shipping-taxable","15":"purchasable","16":"product-type-simple"},"yoast_head":"<!-- This site is optimized with the Yoast SEO plugin v27.4 - https:\/\/yoast.com\/product\/yoast-seo-wordpress\/ -->\n<title>Hyafilia Grand Plus (1 x 1ml) - Skin Heal<\/title>\n<meta name=\"description\" content=\"For swift removal of deep wrinkles, order HyaFilia Grand with Lidocaine Plus from Skin Heal. HyaFilia Grand with Lidocaine Plus is an effective HA filler.\" \/>\n<meta name=\"robots\" content=\"index, follow, max-snippet:-1, max-image-preview:large, max-video-preview:-1\" \/>\n<link rel=\"canonical\" href=\"https:\/\/skin-heal.com\/es\/producto\/hyafilia-grand-plus-1-x-1ml\/\" \/>\n<meta property=\"og:locale\" content=\"es_MX\" \/>\n<meta property=\"og:type\" content=\"article\" \/>\n<meta property=\"og:title\" content=\"Hyafilia Grand Plus (1 x 1ml) - Skin Heal\" \/>\n<meta property=\"og:description\" content=\"For swift removal of deep wrinkles, order HyaFilia Grand with Lidocaine Plus from Skin Heal. HyaFilia Grand with Lidocaine Plus is an effective HA filler.\" \/>\n<meta property=\"og:url\" content=\"https:\/\/skin-heal.com\/es\/producto\/hyafilia-grand-plus-1-x-1ml\/\" \/>\n<meta property=\"og:site_name\" content=\"Skin Heal\" \/>\n<meta property=\"article:modified_time\" content=\"2022-12-16T15:55:51+00:00\" \/>\n<meta property=\"og:image\" content=\"https:\/\/cdn.skin-heal.com\/wp-content\/uploads\/2019\/11\/Hyafilia-Grand-Plus.jpg\" \/>\n\t<meta property=\"og:image:width\" content=\"600\" \/>\n\t<meta property=\"og:image:height\" content=\"600\" \/>\n\t<meta property=\"og:image:type\" content=\"image\/jpeg\" \/>\n<meta name=\"twitter:card\" content=\"summary_large_image\" \/>\n<meta name=\"twitter:label1\" content=\"Tiempo de lectura\" \/>\n\t<meta name=\"twitter:data1\" content=\"1 minuto\" \/>\n<script type=\"application\/ld+json\" class=\"yoast-schema-graph\">{\"@context\":\"https:\\\/\\\/schema.org\",\"@graph\":[{\"@type\":\"WebPage\",\"@id\":\"https:\\\/\\\/skin-heal.com\\\/product\\\/hyafilia-grand-plus-1-x-1ml\\\/\",\"url\":\"https:\\\/\\\/skin-heal.com\\\/product\\\/hyafilia-grand-plus-1-x-1ml\\\/\",\"name\":\"Hyafilia Grand Plus (1 x 1ml) - Skin Heal\",\"isPartOf\":{\"@id\":\"https:\\\/\\\/skin-heal.com\\\/#website\"},\"primaryImageOfPage\":{\"@id\":\"https:\\\/\\\/skin-heal.com\\\/product\\\/hyafilia-grand-plus-1-x-1ml\\\/#primaryimage\"},\"image\":{\"@id\":\"https:\\\/\\\/skin-heal.com\\\/product\\\/hyafilia-grand-plus-1-x-1ml\\\/#primaryimage\"},\"thumbnailUrl\":\"https:\\\/\\\/skin-heal.com\\\/wp-content\\\/uploads\\\/2019\\\/11\\\/Hyafilia-Grand-Plus.jpg\",\"datePublished\":\"2019-11-15T14:01:15+00:00\",\"dateModified\":\"2022-12-16T15:55:51+00:00\",\"description\":\"For swift removal of deep wrinkles, order HyaFilia Grand with Lidocaine Plus from Skin Heal. HyaFilia Grand with Lidocaine Plus is an effective HA filler.\",\"breadcrumb\":{\"@id\":\"https:\\\/\\\/skin-heal.com\\\/product\\\/hyafilia-grand-plus-1-x-1ml\\\/#breadcrumb\"},\"inLanguage\":\"es\",\"potentialAction\":[{\"@type\":\"ReadAction\",\"target\":[\"https:\\\/\\\/skin-heal.com\\\/product\\\/hyafilia-grand-plus-1-x-1ml\\\/\"]}]},{\"@type\":\"ImageObject\",\"inLanguage\":\"es\",\"@id\":\"https:\\\/\\\/skin-heal.com\\\/product\\\/hyafilia-grand-plus-1-x-1ml\\\/#primaryimage\",\"url\":\"https:\\\/\\\/skin-heal.com\\\/wp-content\\\/uploads\\\/2019\\\/11\\\/Hyafilia-Grand-Plus.jpg\",\"contentUrl\":\"https:\\\/\\\/skin-heal.com\\\/wp-content\\\/uploads\\\/2019\\\/11\\\/Hyafilia-Grand-Plus.jpg\",\"width\":600,\"height\":600,\"caption\":\"Hyafilia Grand Plus\"},{\"@type\":\"BreadcrumbList\",\"@id\":\"https:\\\/\\\/skin-heal.com\\\/product\\\/hyafilia-grand-plus-1-x-1ml\\\/#breadcrumb\",\"itemListElement\":[{\"@type\":\"ListItem\",\"position\":1,\"name\":\"Home\",\"item\":\"https:\\\/\\\/skin-heal.com\\\/\"},{\"@type\":\"ListItem\",\"position\":2,\"name\":\"Store\",\"item\":\"https:\\\/\\\/skin-heal.com\\\/store\\\/\"},{\"@type\":\"ListItem\",\"position\":3,\"name\":\"Hyafilia Grand Plus (1 x 1ml)\"}]},{\"@type\":\"WebSite\",\"@id\":\"https:\\\/\\\/skin-heal.com\\\/#website\",\"url\":\"https:\\\/\\\/skin-heal.com\\\/\",\"name\":\"Skin Heal\",\"description\":\"Lowest Prices for Dermal Fillers\",\"potentialAction\":[{\"@type\":\"SearchAction\",\"target\":{\"@type\":\"EntryPoint\",\"urlTemplate\":\"https:\\\/\\\/skin-heal.com\\\/?s={search_term_string}\"},\"query-input\":{\"@type\":\"PropertyValueSpecification\",\"valueRequired\":true,\"valueName\":\"search_term_string\"}}],\"inLanguage\":\"es\"}]}<\/script>\n<!-- \/ Yoast SEO plugin. -->","yoast_head_json":{"title":"Hyafilia Grand Plus (1 x 1ml) - Skin Heal","description":"Para eliminar r\u00e1pidamente las arrugas profundas, pida HyaFilia Grand con Lidoca\u00edna Plus a Skin Heal. HyaFilia Grand con Lidoca\u00edna Plus es un eficaz relleno de HA.","robots":{"index":"index","follow":"follow","max-snippet":"max-snippet:-1","max-image-preview":"max-image-preview:large","max-video-preview":"max-video-preview:-1"},"canonical":"https:\/\/skin-heal.com\/es\/producto\/hyafilia-grand-plus-1-x-1ml\/","og_locale":"es_MX","og_type":"article","og_title":"Hyafilia Grand Plus (1 x 1ml) - Skin Heal","og_description":"For swift removal of deep wrinkles, order HyaFilia Grand with Lidocaine Plus from Skin Heal. HyaFilia Grand with Lidocaine Plus is an effective HA filler.","og_url":"https:\/\/skin-heal.com\/es\/producto\/hyafilia-grand-plus-1-x-1ml\/","og_site_name":"Skin Heal","article_modified_time":"2022-12-16T15:55:51+00:00","og_image":[{"width":600,"height":600,"url":"https:\/\/cdn.skin-heal.com\/wp-content\/uploads\/2019\/11\/Hyafilia-Grand-Plus.jpg","type":"image\/jpeg"}],"twitter_card":"summary_large_image","twitter_misc":{"Tiempo de lectura":"1 minuto"},"schema":{"@context":"https:\/\/schema.org","@graph":[{"@type":"WebPage","@id":"https:\/\/skin-heal.com\/product\/hyafilia-grand-plus-1-x-1ml\/","url":"https:\/\/skin-heal.com\/product\/hyafilia-grand-plus-1-x-1ml\/","name":"Hyafilia Grand Plus (1 x 1ml) - Skin Heal","isPartOf":{"@id":"https:\/\/skin-heal.com\/#website"},"primaryImageOfPage":{"@id":"https:\/\/skin-heal.com\/product\/hyafilia-grand-plus-1-x-1ml\/#primaryimage"},"image":{"@id":"https:\/\/skin-heal.com\/product\/hyafilia-grand-plus-1-x-1ml\/#primaryimage"},"thumbnailUrl":"https:\/\/cdn.skin-heal.com\/wp-content\/uploads\/2019\/11\/Hyafilia-Grand-Plus.jpg","datePublished":"2019-11-15T14:01:15+00:00","dateModified":"2022-12-16T15:55:51+00:00","description":"Para eliminar r\u00e1pidamente las arrugas profundas, pida HyaFilia Grand con Lidoca\u00edna Plus a Skin Heal. HyaFilia Grand con Lidoca\u00edna Plus es un eficaz relleno de HA.","breadcrumb":{"@id":"https:\/\/skin-heal.com\/product\/hyafilia-grand-plus-1-x-1ml\/#breadcrumb"},"inLanguage":"es","potentialAction":[{"@type":"ReadAction","target":["https:\/\/skin-heal.com\/product\/hyafilia-grand-plus-1-x-1ml\/"]}]},{"@type":"ImageObject","inLanguage":"es","@id":"https:\/\/skin-heal.com\/product\/hyafilia-grand-plus-1-x-1ml\/#primaryimage","url":"https:\/\/cdn.skin-heal.com\/wp-content\/uploads\/2019\/11\/Hyafilia-Grand-Plus.jpg","contentUrl":"https:\/\/cdn.skin-heal.com\/wp-content\/uploads\/2019\/11\/Hyafilia-Grand-Plus.jpg","width":600,"height":600,"caption":"Hyafilia Grand Plus"},{"@type":"BreadcrumbList","@id":"https:\/\/skin-heal.com\/product\/hyafilia-grand-plus-1-x-1ml\/#breadcrumb","itemListElement":[{"@type":"ListItem","position":1,"name":"Home","item":"https:\/\/skin-heal.com\/"},{"@type":"ListItem","position":2,"name":"Store","item":"https:\/\/skin-heal.com\/store\/"},{"@type":"ListItem","position":3,"name":"Hyafilia Grand Plus (1 x 1ml)"}]},{"@type":"WebSite","@id":"https:\/\/skin-heal.com\/#website","url":"https:\/\/skin-heal.com\/","name":"Curaci\u00f3n de la piel","description":"Los precios m\u00e1s bajos para los rellenos d\u00e9rmicos","potentialAction":[{"@type":"SearchAction","target":{"@type":"EntryPoint","urlTemplate":"https:\/\/skin-heal.com\/?s={search_term_string}"},"query-input":{"@type":"PropertyValueSpecification","valueRequired":true,"valueName":"search_term_string"}}],"inLanguage":"es"}]}},"_links":{"self":[{"href":"https:\/\/skin-heal.com\/es\/wp-json\/wp\/v2\/product\/12935","targetHints":{"allow":["GET"]}}],"collection":[{"href":"https:\/\/skin-heal.com\/es\/wp-json\/wp\/v2\/product"}],"about":[{"href":"https:\/\/skin-heal.com\/es\/wp-json\/wp\/v2\/types\/product"}],"wp:featuredmedia":[{"embeddable":true,"href":"https:\/\/skin-heal.com\/es\/wp-json\/wp\/v2\/media\/12939"}],"wp:attachment":[{"href":"https:\/\/skin-heal.com\/es\/wp-json\/wp\/v2\/media?parent=12935"}],"wp:term":[{"taxonomy":"product_brand","embeddable":true,"href":"https:\/\/skin-heal.com\/es\/wp-json\/wp\/v2\/product_brand?post=12935"},{"taxonomy":"product_cat","embeddable":true,"href":"https:\/\/skin-heal.com\/es\/wp-json\/wp\/v2\/product_cat?post=12935"},{"taxonomy":"product_tag","embeddable":true,"href":"https:\/\/skin-heal.com\/es\/wp-json\/wp\/v2\/product_tag?post=12935"}],"curies":[{"name":"wp","href":"https:\/\/api.w.org\/{rel}","templated":true}]}}