{"id":1298,"date":"2019-04-22T11:49:34","date_gmt":"2019-04-22T11:49:34","guid":{"rendered":"https:\/\/skin-heal.com\/?post_type=product&#038;p=1298"},"modified":"2022-06-01T14:51:23","modified_gmt":"2022-06-01T14:51:23","slug":"hyafilia-petit-1-x-1ml","status":"publish","type":"product","link":"https:\/\/skin-heal.com\/es\/producto\/hyafilia-petit-1-x-1ml\/","title":{"rendered":"Hyafilia Petit (1 x 1ml)"},"content":{"rendered":"<h3>\u00bfQu\u00e9 incluye el paquete?<\/h3>\n<p>El relleno viene en un juego completo, listo para ser aplicado directamente de la caja. Dentro del paquete encontrar\u00e1:<\/p>\n<ul>\n<li>Jeringa precargada con relleno de HA (1ml)<\/li>\n<li>Aguja 27G<\/li>\n<li>Aguja 29G<\/li>\n<\/ul>\n<p>El producto tiene una larga vida \u00fatil de tres a\u00f1os y debe almacenarse a una temperatura normal en el rango de 1 a 30 \u2103. No lo almacene a temperaturas bajo cero o demasiado calientes y tenga cuidado de mantener el producto alejado de la luz solar directa.<\/p>\n<h3>Caracter\u00edsticas<\/h3>\n<p>Hyafilia Petit es uno de los rellenos cut\u00e1neos m\u00e1s eficaces para tratar las l\u00edneas y arrugas m\u00e1s finas. Casi ning\u00fan otro relleno del mercado puede presumir de un tama\u00f1o medio de part\u00edcula de tan solo 200\u03bcm. Esto hace que la fluidez del gel sea excelente, permiti\u00e9ndole rellenar arrugas muy delicadas de forma totalmente natural.<\/p>\n<p>El relleno se puede utilizar para eliminar las patas de gallo, las delicadas l\u00edneas de marioneta, para aumentar las orejas e incluso como relleno de labios, para los pacientes que prefieren un resultado muy suave. Al tratarse de un \u00c1cido Hialur\u00f3nico reticulado con BDDE, que se utiliza, es m\u00e1s duradero al metabolismo del cuerpo y a las enzimas del mismo. Una vez inyectado, permanecer\u00e1 en el cuerpo de cuatro a seis meses.<\/p>","protected":false},"excerpt":{"rendered":"<p>Hyafilia Petit es un relleno d\u00e9rmico suave de primera calidad, basado en \u00c1cido Hialur\u00f3nico reticulado purificado, con una alta concentraci\u00f3n de 20mg\/ml. Este relleno de AH es la soluci\u00f3n perfecta para el rejuvenecimiento de la piel y la eliminaci\u00f3n r\u00e1pida y eficaz de las l\u00edneas y arrugas superficiales de la piel. El Hyafilia Petit tiene una excelente fluidez del gel y proporciona algunos de los resultados m\u00e1s naturales, en comparaci\u00f3n con otros rellenos de \u00c1cido Hialur\u00f3nico en el mercado.<\/p>","protected":false},"featured_media":1303,"template":"","meta":[],"product_brand":[],"product_cat":[79,99,94],"product_tag":[],"class_list":{"0":"post-1298","1":"product","2":"type-product","3":"status-publish","4":"has-post-thumbnail","6":"product_cat-dermal-fillers","7":"product_cat-hyafilia","8":"product_cat-neogenesis","9":"clearfix","11":"first","12":"outofstock","13":"taxable","14":"shipping-taxable","15":"purchasable","16":"product-type-simple"},"yoast_head":"<!-- This site is optimized with the Yoast SEO plugin v27.4 - https:\/\/yoast.com\/product\/yoast-seo-wordpress\/ -->\n<title>Hyafilia Petit (1 x 1ml) - Skin Heal<\/title>\n<meta name=\"description\" content=\"A soft filler that can easily deal with even the most delicate skin lines and wrinkles. Hyafilia Petit offers excellent flowability and lasting results.\" \/>\n<meta name=\"robots\" content=\"index, follow, max-snippet:-1, max-image-preview:large, max-video-preview:-1\" \/>\n<link rel=\"canonical\" href=\"https:\/\/skin-heal.com\/es\/producto\/hyafilia-petit-1-x-1ml\/\" \/>\n<meta property=\"og:locale\" content=\"es_MX\" \/>\n<meta property=\"og:type\" content=\"article\" \/>\n<meta property=\"og:title\" content=\"Hyafilia Petit (1 x 1ml) - Skin Heal\" \/>\n<meta property=\"og:description\" content=\"A soft filler that can easily deal with even the most delicate skin lines and wrinkles. Hyafilia Petit offers excellent flowability and lasting results.\" \/>\n<meta property=\"og:url\" content=\"https:\/\/skin-heal.com\/es\/producto\/hyafilia-petit-1-x-1ml\/\" \/>\n<meta property=\"og:site_name\" content=\"Skin Heal\" \/>\n<meta property=\"article:modified_time\" content=\"2022-06-01T14:51:23+00:00\" \/>\n<meta property=\"og:image\" content=\"https:\/\/cdn.skin-heal.com\/wp-content\/uploads\/2019\/04\/Hyafilia-Petit.jpg\" \/>\n\t<meta property=\"og:image:width\" content=\"750\" \/>\n\t<meta property=\"og:image:height\" content=\"750\" \/>\n\t<meta property=\"og:image:type\" content=\"image\/jpeg\" \/>\n<meta name=\"twitter:card\" content=\"summary_large_image\" \/>\n<meta name=\"twitter:label1\" content=\"Tiempo de lectura\" \/>\n\t<meta name=\"twitter:data1\" content=\"1 minuto\" \/>\n<script type=\"application\/ld+json\" class=\"yoast-schema-graph\">{\"@context\":\"https:\\\/\\\/schema.org\",\"@graph\":[{\"@type\":\"WebPage\",\"@id\":\"https:\\\/\\\/skin-heal.com\\\/product\\\/hyafilia-petit-1-x-1ml\\\/\",\"url\":\"https:\\\/\\\/skin-heal.com\\\/product\\\/hyafilia-petit-1-x-1ml\\\/\",\"name\":\"Hyafilia Petit (1 x 1ml) - Skin Heal\",\"isPartOf\":{\"@id\":\"https:\\\/\\\/skin-heal.com\\\/#website\"},\"primaryImageOfPage\":{\"@id\":\"https:\\\/\\\/skin-heal.com\\\/product\\\/hyafilia-petit-1-x-1ml\\\/#primaryimage\"},\"image\":{\"@id\":\"https:\\\/\\\/skin-heal.com\\\/product\\\/hyafilia-petit-1-x-1ml\\\/#primaryimage\"},\"thumbnailUrl\":\"https:\\\/\\\/skin-heal.com\\\/wp-content\\\/uploads\\\/2019\\\/04\\\/Hyafilia-Petit.jpg\",\"datePublished\":\"2019-04-22T11:49:34+00:00\",\"dateModified\":\"2022-06-01T14:51:23+00:00\",\"description\":\"A soft filler that can easily deal with even the most delicate skin lines and wrinkles. Hyafilia Petit offers excellent flowability and lasting results.\",\"breadcrumb\":{\"@id\":\"https:\\\/\\\/skin-heal.com\\\/product\\\/hyafilia-petit-1-x-1ml\\\/#breadcrumb\"},\"inLanguage\":\"es\",\"potentialAction\":[{\"@type\":\"ReadAction\",\"target\":[\"https:\\\/\\\/skin-heal.com\\\/product\\\/hyafilia-petit-1-x-1ml\\\/\"]}]},{\"@type\":\"ImageObject\",\"inLanguage\":\"es\",\"@id\":\"https:\\\/\\\/skin-heal.com\\\/product\\\/hyafilia-petit-1-x-1ml\\\/#primaryimage\",\"url\":\"https:\\\/\\\/skin-heal.com\\\/wp-content\\\/uploads\\\/2019\\\/04\\\/Hyafilia-Petit.jpg\",\"contentUrl\":\"https:\\\/\\\/skin-heal.com\\\/wp-content\\\/uploads\\\/2019\\\/04\\\/Hyafilia-Petit.jpg\",\"width\":750,\"height\":750,\"caption\":\"Hyafilia Petit\"},{\"@type\":\"BreadcrumbList\",\"@id\":\"https:\\\/\\\/skin-heal.com\\\/product\\\/hyafilia-petit-1-x-1ml\\\/#breadcrumb\",\"itemListElement\":[{\"@type\":\"ListItem\",\"position\":1,\"name\":\"Home\",\"item\":\"https:\\\/\\\/skin-heal.com\\\/\"},{\"@type\":\"ListItem\",\"position\":2,\"name\":\"Store\",\"item\":\"https:\\\/\\\/skin-heal.com\\\/store\\\/\"},{\"@type\":\"ListItem\",\"position\":3,\"name\":\"Hyafilia Petit (1 x 1ml)\"}]},{\"@type\":\"WebSite\",\"@id\":\"https:\\\/\\\/skin-heal.com\\\/#website\",\"url\":\"https:\\\/\\\/skin-heal.com\\\/\",\"name\":\"Skin Heal\",\"description\":\"Lowest Prices for Dermal Fillers\",\"potentialAction\":[{\"@type\":\"SearchAction\",\"target\":{\"@type\":\"EntryPoint\",\"urlTemplate\":\"https:\\\/\\\/skin-heal.com\\\/?s={search_term_string}\"},\"query-input\":{\"@type\":\"PropertyValueSpecification\",\"valueRequired\":true,\"valueName\":\"search_term_string\"}}],\"inLanguage\":\"es\"}]}<\/script>\n<!-- \/ Yoast SEO plugin. -->","yoast_head_json":{"title":"Hyafilia Petit (1 x 1ml) - Skin Heal","description":"Un relleno suave que puede tratar f\u00e1cilmente incluso las l\u00edneas y arrugas m\u00e1s delicadas de la piel. Hyafilia Petit ofrece una excelente fluidez y resultados duraderos.","robots":{"index":"index","follow":"follow","max-snippet":"max-snippet:-1","max-image-preview":"max-image-preview:large","max-video-preview":"max-video-preview:-1"},"canonical":"https:\/\/skin-heal.com\/es\/producto\/hyafilia-petit-1-x-1ml\/","og_locale":"es_MX","og_type":"article","og_title":"Hyafilia Petit (1 x 1ml) - Skin Heal","og_description":"A soft filler that can easily deal with even the most delicate skin lines and wrinkles. Hyafilia Petit offers excellent flowability and lasting results.","og_url":"https:\/\/skin-heal.com\/es\/producto\/hyafilia-petit-1-x-1ml\/","og_site_name":"Skin Heal","article_modified_time":"2022-06-01T14:51:23+00:00","og_image":[{"width":750,"height":750,"url":"https:\/\/cdn.skin-heal.com\/wp-content\/uploads\/2019\/04\/Hyafilia-Petit.jpg","type":"image\/jpeg"}],"twitter_card":"summary_large_image","twitter_misc":{"Tiempo de lectura":"1 minuto"},"schema":{"@context":"https:\/\/schema.org","@graph":[{"@type":"WebPage","@id":"https:\/\/skin-heal.com\/product\/hyafilia-petit-1-x-1ml\/","url":"https:\/\/skin-heal.com\/product\/hyafilia-petit-1-x-1ml\/","name":"Hyafilia Petit (1 x 1ml) - Skin Heal","isPartOf":{"@id":"https:\/\/skin-heal.com\/#website"},"primaryImageOfPage":{"@id":"https:\/\/skin-heal.com\/product\/hyafilia-petit-1-x-1ml\/#primaryimage"},"image":{"@id":"https:\/\/skin-heal.com\/product\/hyafilia-petit-1-x-1ml\/#primaryimage"},"thumbnailUrl":"https:\/\/cdn.skin-heal.com\/wp-content\/uploads\/2019\/04\/Hyafilia-Petit.jpg","datePublished":"2019-04-22T11:49:34+00:00","dateModified":"2022-06-01T14:51:23+00:00","description":"Un relleno suave que puede tratar f\u00e1cilmente incluso las l\u00edneas y arrugas m\u00e1s delicadas de la piel. Hyafilia Petit ofrece una excelente fluidez y resultados duraderos.","breadcrumb":{"@id":"https:\/\/skin-heal.com\/product\/hyafilia-petit-1-x-1ml\/#breadcrumb"},"inLanguage":"es","potentialAction":[{"@type":"ReadAction","target":["https:\/\/skin-heal.com\/product\/hyafilia-petit-1-x-1ml\/"]}]},{"@type":"ImageObject","inLanguage":"es","@id":"https:\/\/skin-heal.com\/product\/hyafilia-petit-1-x-1ml\/#primaryimage","url":"https:\/\/cdn.skin-heal.com\/wp-content\/uploads\/2019\/04\/Hyafilia-Petit.jpg","contentUrl":"https:\/\/cdn.skin-heal.com\/wp-content\/uploads\/2019\/04\/Hyafilia-Petit.jpg","width":750,"height":750,"caption":"Hyafilia Petit"},{"@type":"BreadcrumbList","@id":"https:\/\/skin-heal.com\/product\/hyafilia-petit-1-x-1ml\/#breadcrumb","itemListElement":[{"@type":"ListItem","position":1,"name":"Home","item":"https:\/\/skin-heal.com\/"},{"@type":"ListItem","position":2,"name":"Store","item":"https:\/\/skin-heal.com\/store\/"},{"@type":"ListItem","position":3,"name":"Hyafilia Petit (1 x 1ml)"}]},{"@type":"WebSite","@id":"https:\/\/skin-heal.com\/#website","url":"https:\/\/skin-heal.com\/","name":"Curaci\u00f3n de la piel","description":"Los precios m\u00e1s bajos para los rellenos d\u00e9rmicos","potentialAction":[{"@type":"SearchAction","target":{"@type":"EntryPoint","urlTemplate":"https:\/\/skin-heal.com\/?s={search_term_string}"},"query-input":{"@type":"PropertyValueSpecification","valueRequired":true,"valueName":"search_term_string"}}],"inLanguage":"es"}]}},"_links":{"self":[{"href":"https:\/\/skin-heal.com\/es\/wp-json\/wp\/v2\/product\/1298","targetHints":{"allow":["GET"]}}],"collection":[{"href":"https:\/\/skin-heal.com\/es\/wp-json\/wp\/v2\/product"}],"about":[{"href":"https:\/\/skin-heal.com\/es\/wp-json\/wp\/v2\/types\/product"}],"wp:featuredmedia":[{"embeddable":true,"href":"https:\/\/skin-heal.com\/es\/wp-json\/wp\/v2\/media\/1303"}],"wp:attachment":[{"href":"https:\/\/skin-heal.com\/es\/wp-json\/wp\/v2\/media?parent=1298"}],"wp:term":[{"taxonomy":"product_brand","embeddable":true,"href":"https:\/\/skin-heal.com\/es\/wp-json\/wp\/v2\/product_brand?post=1298"},{"taxonomy":"product_cat","embeddable":true,"href":"https:\/\/skin-heal.com\/es\/wp-json\/wp\/v2\/product_cat?post=1298"},{"taxonomy":"product_tag","embeddable":true,"href":"https:\/\/skin-heal.com\/es\/wp-json\/wp\/v2\/product_tag?post=1298"}],"curies":[{"name":"wp","href":"https:\/\/api.w.org\/{rel}","templated":true}]}}