{"id":1299,"date":"2019-04-22T11:49:35","date_gmt":"2019-04-22T11:49:35","guid":{"rendered":"https:\/\/skin-heal.com\/?post_type=product&#038;p=1299"},"modified":"2021-08-02T13:24:50","modified_gmt":"2021-08-02T13:24:50","slug":"hyafilia-grand-1-x-1ml","status":"publish","type":"product","link":"https:\/\/skin-heal.com\/es\/producto\/hyafilia-grand-1-x-1ml\/","title":{"rendered":"Hyafilia Grand (1 x 1ml)"},"content":{"rendered":"<p>Hyafilia Grand aprovecha las propiedades naturales del \u00e1cido hialur\u00f3nico y hace el mejor uso posible de ellas. El AH es una sustancia natural del cuerpo humano que puede retener hasta 500 veces su peso en agua. Tiene un papel vital para la hidrataci\u00f3n natural de la piel. Tambi\u00e9n es uno de los favoritos de la industria de la belleza.<\/p>\n<p>En su estado natural, las mol\u00e9culas de AH son disueltas por las enzimas del cuerpo muy r\u00e1pidamente. Sin embargo, en el proceso de producci\u00f3n de Hyafilia Grand, ese AH se combina con BDDE, lo que crea una estructura reticulada del \u00e1cido hialur\u00f3nico, que es sustancialmente m\u00e1s estable y resistente al efecto disolvente de las enzimas.<\/p>\n<h3>En el paquete:<\/h3>\n<ul>\n<li>Jeringa precargada (1ml de gel HA)<\/li>\n<li>Aguja 27G<\/li>\n<li>Aguja 29G<\/li>\n<\/ul>\n<p>El relleno siempre debe ser inyectado por un m\u00e9dico autorizado. La aplicaci\u00f3n se realiza mediante una inyecci\u00f3n profunda en las capas subcut\u00e1neas. El relleno tiene un gran tama\u00f1o de grano, lo que significa que su fluidez es limitada, pero la estructura - m\u00e1s estable. El gel puede inyectarse en zonas como el ment\u00f3n y la mand\u00edbula para aumentar las l\u00edneas y permanecer\u00e1 bien colocado, sin desplazarse, mientras que el resultado tendr\u00e1 un aspecto completamente natural.<\/p>\n<p>La duraci\u00f3n del relleno depende del metabolismo y el estilo de vida del paciente. Por t\u00e9rmino medio, el relleno tardar\u00e1 m\u00e1s de 4 meses en disolverse. Se recomienda a\u00f1adir peri\u00f3dicamente relleno en la zona tratada para mantener los resultados conseguidos.<\/p>","protected":false},"excerpt":{"rendered":"<p>Hyafilia Grand es un relleno para esculpir el rostro muy eficaz que tiene garantizada la estabilidad del gel inyectado y un resultado de aspecto muy natural. Con un gran tama\u00f1o de grano de 1100\u03bcm, es un relleno grueso que puede inyectarse en zonas como el ment\u00f3n, los p\u00f3mulos, la frente o la nariz. Se puede utilizar con \u00e9xito para aumentar el volumen y la forma de las l\u00edneas faciales para conseguir unos rasgos faciales m\u00e1s bellos pero de aspecto totalmente natural.<\/p>","protected":false},"featured_media":1302,"template":"","meta":[],"product_brand":[],"product_cat":[79,99,94],"product_tag":[],"class_list":{"0":"post-1299","1":"product","2":"type-product","3":"status-publish","4":"has-post-thumbnail","6":"product_cat-dermal-fillers","7":"product_cat-hyafilia","8":"product_cat-neogenesis","9":"clearfix","11":"first","12":"outofstock","13":"taxable","14":"shipping-taxable","15":"purchasable","16":"product-type-simple"},"yoast_head":"<!-- This site is optimized with the Yoast SEO plugin v27.4 - https:\/\/yoast.com\/product\/yoast-seo-wordpress\/ -->\n<title>Hyafilia Grand (1 x 1ml) - Skin Heal<\/title>\n<meta name=\"description\" content=\"A hard an reliable filler that can augment the cheekbones, nose and chin of the patient, Hyafilia Grand is a high quality Hyaluronic Acid filler.\" \/>\n<meta name=\"robots\" content=\"index, follow, max-snippet:-1, max-image-preview:large, max-video-preview:-1\" \/>\n<link rel=\"canonical\" href=\"https:\/\/skin-heal.com\/es\/producto\/hyafilia-grand-1-x-1ml\/\" \/>\n<meta property=\"og:locale\" content=\"es_MX\" \/>\n<meta property=\"og:type\" content=\"article\" \/>\n<meta property=\"og:title\" content=\"Hyafilia Grand (1 x 1ml) - Skin Heal\" \/>\n<meta property=\"og:description\" content=\"A hard an reliable filler that can augment the cheekbones, nose and chin of the patient, Hyafilia Grand is a high quality Hyaluronic Acid filler.\" \/>\n<meta property=\"og:url\" content=\"https:\/\/skin-heal.com\/es\/producto\/hyafilia-grand-1-x-1ml\/\" \/>\n<meta property=\"og:site_name\" content=\"Skin Heal\" \/>\n<meta property=\"article:modified_time\" content=\"2021-08-02T13:24:50+00:00\" \/>\n<meta property=\"og:image\" content=\"https:\/\/cdn.skin-heal.com\/wp-content\/uploads\/2019\/04\/Hyafilia-Grand.jpg\" \/>\n\t<meta property=\"og:image:width\" content=\"600\" \/>\n\t<meta property=\"og:image:height\" content=\"600\" \/>\n\t<meta property=\"og:image:type\" content=\"image\/jpeg\" \/>\n<meta name=\"twitter:card\" content=\"summary_large_image\" \/>\n<meta name=\"twitter:label1\" content=\"Tiempo de lectura\" \/>\n\t<meta name=\"twitter:data1\" content=\"1 minuto\" \/>\n<script type=\"application\/ld+json\" class=\"yoast-schema-graph\">{\"@context\":\"https:\\\/\\\/schema.org\",\"@graph\":[{\"@type\":\"WebPage\",\"@id\":\"https:\\\/\\\/skin-heal.com\\\/product\\\/hyafilia-grand-1-x-1ml\\\/\",\"url\":\"https:\\\/\\\/skin-heal.com\\\/product\\\/hyafilia-grand-1-x-1ml\\\/\",\"name\":\"Hyafilia Grand (1 x 1ml) - Skin Heal\",\"isPartOf\":{\"@id\":\"https:\\\/\\\/skin-heal.com\\\/#website\"},\"primaryImageOfPage\":{\"@id\":\"https:\\\/\\\/skin-heal.com\\\/product\\\/hyafilia-grand-1-x-1ml\\\/#primaryimage\"},\"image\":{\"@id\":\"https:\\\/\\\/skin-heal.com\\\/product\\\/hyafilia-grand-1-x-1ml\\\/#primaryimage\"},\"thumbnailUrl\":\"https:\\\/\\\/skin-heal.com\\\/wp-content\\\/uploads\\\/2019\\\/04\\\/Hyafilia-Grand.jpg\",\"datePublished\":\"2019-04-22T11:49:35+00:00\",\"dateModified\":\"2021-08-02T13:24:50+00:00\",\"description\":\"A hard an reliable filler that can augment the cheekbones, nose and chin of the patient, Hyafilia Grand is a high quality Hyaluronic Acid filler.\",\"breadcrumb\":{\"@id\":\"https:\\\/\\\/skin-heal.com\\\/product\\\/hyafilia-grand-1-x-1ml\\\/#breadcrumb\"},\"inLanguage\":\"es\",\"potentialAction\":[{\"@type\":\"ReadAction\",\"target\":[\"https:\\\/\\\/skin-heal.com\\\/product\\\/hyafilia-grand-1-x-1ml\\\/\"]}]},{\"@type\":\"ImageObject\",\"inLanguage\":\"es\",\"@id\":\"https:\\\/\\\/skin-heal.com\\\/product\\\/hyafilia-grand-1-x-1ml\\\/#primaryimage\",\"url\":\"https:\\\/\\\/skin-heal.com\\\/wp-content\\\/uploads\\\/2019\\\/04\\\/Hyafilia-Grand.jpg\",\"contentUrl\":\"https:\\\/\\\/skin-heal.com\\\/wp-content\\\/uploads\\\/2019\\\/04\\\/Hyafilia-Grand.jpg\",\"width\":600,\"height\":600,\"caption\":\"Hyafilia Grand\"},{\"@type\":\"BreadcrumbList\",\"@id\":\"https:\\\/\\\/skin-heal.com\\\/product\\\/hyafilia-grand-1-x-1ml\\\/#breadcrumb\",\"itemListElement\":[{\"@type\":\"ListItem\",\"position\":1,\"name\":\"Home\",\"item\":\"https:\\\/\\\/skin-heal.com\\\/\"},{\"@type\":\"ListItem\",\"position\":2,\"name\":\"Store\",\"item\":\"https:\\\/\\\/skin-heal.com\\\/store\\\/\"},{\"@type\":\"ListItem\",\"position\":3,\"name\":\"Hyafilia Grand (1 x 1ml)\"}]},{\"@type\":\"WebSite\",\"@id\":\"https:\\\/\\\/skin-heal.com\\\/#website\",\"url\":\"https:\\\/\\\/skin-heal.com\\\/\",\"name\":\"Skin Heal\",\"description\":\"Lowest Prices for Dermal Fillers\",\"potentialAction\":[{\"@type\":\"SearchAction\",\"target\":{\"@type\":\"EntryPoint\",\"urlTemplate\":\"https:\\\/\\\/skin-heal.com\\\/?s={search_term_string}\"},\"query-input\":{\"@type\":\"PropertyValueSpecification\",\"valueRequired\":true,\"valueName\":\"search_term_string\"}}],\"inLanguage\":\"es\"}]}<\/script>\n<!-- \/ Yoast SEO plugin. -->","yoast_head_json":{"title":"Hyafilia Grand (1 x 1ml) - Piel sana","description":"Un relleno duro y fiable que puede aumentar los p\u00f3mulos, la nariz y la barbilla del paciente, Hyafilia Grand es un relleno de \u00c1cido Hialur\u00f3nico de alta calidad.","robots":{"index":"index","follow":"follow","max-snippet":"max-snippet:-1","max-image-preview":"max-image-preview:large","max-video-preview":"max-video-preview:-1"},"canonical":"https:\/\/skin-heal.com\/es\/producto\/hyafilia-grand-1-x-1ml\/","og_locale":"es_MX","og_type":"article","og_title":"Hyafilia Grand (1 x 1ml) - Skin Heal","og_description":"A hard an reliable filler that can augment the cheekbones, nose and chin of the patient, Hyafilia Grand is a high quality Hyaluronic Acid filler.","og_url":"https:\/\/skin-heal.com\/es\/producto\/hyafilia-grand-1-x-1ml\/","og_site_name":"Skin Heal","article_modified_time":"2021-08-02T13:24:50+00:00","og_image":[{"width":600,"height":600,"url":"https:\/\/cdn.skin-heal.com\/wp-content\/uploads\/2019\/04\/Hyafilia-Grand.jpg","type":"image\/jpeg"}],"twitter_card":"summary_large_image","twitter_misc":{"Tiempo de lectura":"1 minuto"},"schema":{"@context":"https:\/\/schema.org","@graph":[{"@type":"WebPage","@id":"https:\/\/skin-heal.com\/product\/hyafilia-grand-1-x-1ml\/","url":"https:\/\/skin-heal.com\/product\/hyafilia-grand-1-x-1ml\/","name":"Hyafilia Grand (1 x 1ml) - Piel sana","isPartOf":{"@id":"https:\/\/skin-heal.com\/#website"},"primaryImageOfPage":{"@id":"https:\/\/skin-heal.com\/product\/hyafilia-grand-1-x-1ml\/#primaryimage"},"image":{"@id":"https:\/\/skin-heal.com\/product\/hyafilia-grand-1-x-1ml\/#primaryimage"},"thumbnailUrl":"https:\/\/cdn.skin-heal.com\/wp-content\/uploads\/2019\/04\/Hyafilia-Grand.jpg","datePublished":"2019-04-22T11:49:35+00:00","dateModified":"2021-08-02T13:24:50+00:00","description":"Un relleno duro y fiable que puede aumentar los p\u00f3mulos, la nariz y la barbilla del paciente, Hyafilia Grand es un relleno de \u00c1cido Hialur\u00f3nico de alta calidad.","breadcrumb":{"@id":"https:\/\/skin-heal.com\/product\/hyafilia-grand-1-x-1ml\/#breadcrumb"},"inLanguage":"es","potentialAction":[{"@type":"ReadAction","target":["https:\/\/skin-heal.com\/product\/hyafilia-grand-1-x-1ml\/"]}]},{"@type":"ImageObject","inLanguage":"es","@id":"https:\/\/skin-heal.com\/product\/hyafilia-grand-1-x-1ml\/#primaryimage","url":"https:\/\/cdn.skin-heal.com\/wp-content\/uploads\/2019\/04\/Hyafilia-Grand.jpg","contentUrl":"https:\/\/cdn.skin-heal.com\/wp-content\/uploads\/2019\/04\/Hyafilia-Grand.jpg","width":600,"height":600,"caption":"Hyafilia Grand"},{"@type":"BreadcrumbList","@id":"https:\/\/skin-heal.com\/product\/hyafilia-grand-1-x-1ml\/#breadcrumb","itemListElement":[{"@type":"ListItem","position":1,"name":"Home","item":"https:\/\/skin-heal.com\/"},{"@type":"ListItem","position":2,"name":"Store","item":"https:\/\/skin-heal.com\/store\/"},{"@type":"ListItem","position":3,"name":"Hyafilia Grand (1 x 1ml)"}]},{"@type":"WebSite","@id":"https:\/\/skin-heal.com\/#website","url":"https:\/\/skin-heal.com\/","name":"Curaci\u00f3n de la piel","description":"Los precios m\u00e1s bajos para los rellenos d\u00e9rmicos","potentialAction":[{"@type":"SearchAction","target":{"@type":"EntryPoint","urlTemplate":"https:\/\/skin-heal.com\/?s={search_term_string}"},"query-input":{"@type":"PropertyValueSpecification","valueRequired":true,"valueName":"search_term_string"}}],"inLanguage":"es"}]}},"_links":{"self":[{"href":"https:\/\/skin-heal.com\/es\/wp-json\/wp\/v2\/product\/1299","targetHints":{"allow":["GET"]}}],"collection":[{"href":"https:\/\/skin-heal.com\/es\/wp-json\/wp\/v2\/product"}],"about":[{"href":"https:\/\/skin-heal.com\/es\/wp-json\/wp\/v2\/types\/product"}],"wp:featuredmedia":[{"embeddable":true,"href":"https:\/\/skin-heal.com\/es\/wp-json\/wp\/v2\/media\/1302"}],"wp:attachment":[{"href":"https:\/\/skin-heal.com\/es\/wp-json\/wp\/v2\/media?parent=1299"}],"wp:term":[{"taxonomy":"product_brand","embeddable":true,"href":"https:\/\/skin-heal.com\/es\/wp-json\/wp\/v2\/product_brand?post=1299"},{"taxonomy":"product_cat","embeddable":true,"href":"https:\/\/skin-heal.com\/es\/wp-json\/wp\/v2\/product_cat?post=1299"},{"taxonomy":"product_tag","embeddable":true,"href":"https:\/\/skin-heal.com\/es\/wp-json\/wp\/v2\/product_tag?post=1299"}],"curies":[{"name":"wp","href":"https:\/\/api.w.org\/{rel}","templated":true}]}}