{"id":1300,"date":"2019-04-22T11:49:37","date_gmt":"2019-04-22T11:49:37","guid":{"rendered":"https:\/\/skin-heal.com\/?post_type=product&#038;p=1300"},"modified":"2021-08-02T13:24:56","modified_gmt":"2021-08-02T13:24:56","slug":"hyafilia-filler-1-x-1ml","status":"publish","type":"product","link":"https:\/\/skin-heal.com\/es\/producto\/hyafilia-filler-1-x-1ml\/","title":{"rendered":"Relleno de Hyafilia (1 x 1ml)"},"content":{"rendered":"<p>Hyafilia Filler est\u00e1 hecho de \u00e1cido hialur\u00f3nico purificado. En su estado normal, el AH es disuelto por las enzimas del cuerpo con bastante rapidez. Sin embargo, en este producto, se ha combinado con BDDE para lograr una estructura reticulada estable, que es mucho m\u00e1s duradera al metabolismo del cuerpo. En comparaci\u00f3n con otros productos similares, los rellenos d\u00e9rmicos de Hyafilia duran mucho m\u00e1s tiempo una vez inyectados. Los pacientes pueden esperar resultados duraderos de cuatro y hasta seis meses.<\/p>\n<h3>\u00bfPor qu\u00e9 Hyafilia Filler?<\/h3>\n<p>Este es un producto de belleza muy vers\u00e1til. Por un lado, este gel de HA es uno de los mejores rellenos de labios del mercado. Pocos inyectables pueden dar el mismo volumen y forma natural. Sin embargo, el producto tambi\u00e9n es apropiado para la eliminaci\u00f3n de las l\u00edneas de la piel superficiales a medianas y puede rellenar hasta las arrugas moderadamente profundas. Hyafilia puede utilizarse para proporcionar a los pacientes un aumento general de su aspecto, mejorando el volumen y la forma de sus labios y ocup\u00e1ndose de las l\u00edneas glabelares, las l\u00edneas de marioneta moderadamente profundas, aumentando el volumen de las mejillas y mucho m\u00e1s.<\/p>\n<h3>Especificaciones<\/h3>\n<ul>\n<li>Tama\u00f1o medio del grano - 500\u03bcm<\/li>\n<li>Contenido de la caja - jeringa precargada (1ml), aguja 27G, aguja 29G<\/li>\n<li>Temperatura de almacenamiento: de uno a treinta grados cent\u00edgrados<\/li>\n<li>Tres a\u00f1os de vida \u00fatil<\/li>\n<li>Efecto de cuatro meses<\/li>\n<li>Profundidad de inyecci\u00f3n - media<\/li>\n<li>Concentraci\u00f3n de \u00e1cido hialur\u00f3nico - 20mg\/ml<\/li>\n<\/ul>","protected":false},"excerpt":{"rendered":"<p>Hyafilia Filler es un producto de belleza de alta calidad, destinado a modelar y realzar los labios del paciente. La inyecci\u00f3n de este relleno labial garantiza unos labios bonitos y de aspecto natural, con resultados duraderos de cuatro a seis meses. Este gel de HA inyectable tiene una excelente estabilidad y se mantiene firmemente en la zona inyectada, sin riesgo de \"fugas\".<\/p>","protected":false},"featured_media":1301,"template":"","meta":[],"product_brand":[],"product_cat":[79,99,94],"product_tag":[],"class_list":{"0":"post-1300","1":"product","2":"type-product","3":"status-publish","4":"has-post-thumbnail","6":"product_cat-dermal-fillers","7":"product_cat-hyafilia","8":"product_cat-neogenesis","9":"clearfix","11":"first","12":"outofstock","13":"taxable","14":"shipping-taxable","15":"purchasable","16":"product-type-simple"},"yoast_head":"<!-- This site is optimized with the Yoast SEO plugin v27.3 - https:\/\/yoast.com\/product\/yoast-seo-wordpress\/ -->\n<title>Hyafilia Filler (1 x 1ml) - Skin Heal<\/title>\n<meta name=\"description\" content=\"A reliable lip filler that comes with guaranteed naturally looking results of enhanced volume and lip shape. Hyafilia Filler can also remove moderate wrinkles.\" \/>\n<meta name=\"robots\" content=\"index, follow, max-snippet:-1, max-image-preview:large, max-video-preview:-1\" \/>\n<link rel=\"canonical\" href=\"https:\/\/skin-heal.com\/es\/producto\/hyafilia-filler-1-x-1ml\/\" \/>\n<meta property=\"og:locale\" content=\"es_MX\" \/>\n<meta property=\"og:type\" content=\"article\" \/>\n<meta property=\"og:title\" content=\"Hyafilia Filler (1 x 1ml) - Skin Heal\" \/>\n<meta property=\"og:description\" content=\"A reliable lip filler that comes with guaranteed naturally looking results of enhanced volume and lip shape. Hyafilia Filler can also remove moderate wrinkles.\" \/>\n<meta property=\"og:url\" content=\"https:\/\/skin-heal.com\/es\/producto\/hyafilia-filler-1-x-1ml\/\" \/>\n<meta property=\"og:site_name\" content=\"Skin Heal\" \/>\n<meta property=\"article:modified_time\" content=\"2021-08-02T13:24:56+00:00\" \/>\n<meta property=\"og:image\" content=\"https:\/\/cdn.skin-heal.com\/wp-content\/uploads\/2019\/04\/Hyafilia-Filler.jpg\" \/>\n\t<meta property=\"og:image:width\" content=\"600\" \/>\n\t<meta property=\"og:image:height\" content=\"600\" \/>\n\t<meta property=\"og:image:type\" content=\"image\/jpeg\" \/>\n<meta name=\"twitter:card\" content=\"summary_large_image\" \/>\n<meta name=\"twitter:label1\" content=\"Tiempo de lectura\" \/>\n\t<meta name=\"twitter:data1\" content=\"1 minuto\" \/>\n<script type=\"application\/ld+json\" class=\"yoast-schema-graph\">{\"@context\":\"https:\\\/\\\/schema.org\",\"@graph\":[{\"@type\":\"WebPage\",\"@id\":\"https:\\\/\\\/skin-heal.com\\\/product\\\/hyafilia-filler-1-x-1ml\\\/\",\"url\":\"https:\\\/\\\/skin-heal.com\\\/product\\\/hyafilia-filler-1-x-1ml\\\/\",\"name\":\"Hyafilia Filler (1 x 1ml) - Skin Heal\",\"isPartOf\":{\"@id\":\"https:\\\/\\\/skin-heal.com\\\/#website\"},\"primaryImageOfPage\":{\"@id\":\"https:\\\/\\\/skin-heal.com\\\/product\\\/hyafilia-filler-1-x-1ml\\\/#primaryimage\"},\"image\":{\"@id\":\"https:\\\/\\\/skin-heal.com\\\/product\\\/hyafilia-filler-1-x-1ml\\\/#primaryimage\"},\"thumbnailUrl\":\"https:\\\/\\\/skin-heal.com\\\/wp-content\\\/uploads\\\/2019\\\/04\\\/Hyafilia-Filler.jpg\",\"datePublished\":\"2019-04-22T11:49:37+00:00\",\"dateModified\":\"2021-08-02T13:24:56+00:00\",\"description\":\"A reliable lip filler that comes with guaranteed naturally looking results of enhanced volume and lip shape. Hyafilia Filler can also remove moderate wrinkles.\",\"breadcrumb\":{\"@id\":\"https:\\\/\\\/skin-heal.com\\\/product\\\/hyafilia-filler-1-x-1ml\\\/#breadcrumb\"},\"inLanguage\":\"es\",\"potentialAction\":[{\"@type\":\"ReadAction\",\"target\":[\"https:\\\/\\\/skin-heal.com\\\/product\\\/hyafilia-filler-1-x-1ml\\\/\"]}]},{\"@type\":\"ImageObject\",\"inLanguage\":\"es\",\"@id\":\"https:\\\/\\\/skin-heal.com\\\/product\\\/hyafilia-filler-1-x-1ml\\\/#primaryimage\",\"url\":\"https:\\\/\\\/skin-heal.com\\\/wp-content\\\/uploads\\\/2019\\\/04\\\/Hyafilia-Filler.jpg\",\"contentUrl\":\"https:\\\/\\\/skin-heal.com\\\/wp-content\\\/uploads\\\/2019\\\/04\\\/Hyafilia-Filler.jpg\",\"width\":600,\"height\":600,\"caption\":\"Hyafilia Filler\"},{\"@type\":\"BreadcrumbList\",\"@id\":\"https:\\\/\\\/skin-heal.com\\\/product\\\/hyafilia-filler-1-x-1ml\\\/#breadcrumb\",\"itemListElement\":[{\"@type\":\"ListItem\",\"position\":1,\"name\":\"Home\",\"item\":\"https:\\\/\\\/skin-heal.com\\\/\"},{\"@type\":\"ListItem\",\"position\":2,\"name\":\"Store\",\"item\":\"https:\\\/\\\/skin-heal.com\\\/store\\\/\"},{\"@type\":\"ListItem\",\"position\":3,\"name\":\"Hyafilia Filler (1 x 1ml)\"}]},{\"@type\":\"WebSite\",\"@id\":\"https:\\\/\\\/skin-heal.com\\\/#website\",\"url\":\"https:\\\/\\\/skin-heal.com\\\/\",\"name\":\"Skin Heal\",\"description\":\"Lowest Prices for Dermal Fillers\",\"potentialAction\":[{\"@type\":\"SearchAction\",\"target\":{\"@type\":\"EntryPoint\",\"urlTemplate\":\"https:\\\/\\\/skin-heal.com\\\/?s={search_term_string}\"},\"query-input\":{\"@type\":\"PropertyValueSpecification\",\"valueRequired\":true,\"valueName\":\"search_term_string\"}}],\"inLanguage\":\"es\"}]}<\/script>\n<!-- \/ Yoast SEO plugin. -->","yoast_head_json":{"title":"Hyafilia Filler (1 x 1ml) - Skin Heal","description":"Un relleno labial fiable que garantiza unos resultados naturales de mayor volumen y forma de los labios. Hyafilia Filler tambi\u00e9n puede eliminar arrugas moderadas.","robots":{"index":"index","follow":"follow","max-snippet":"max-snippet:-1","max-image-preview":"max-image-preview:large","max-video-preview":"max-video-preview:-1"},"canonical":"https:\/\/skin-heal.com\/es\/producto\/hyafilia-filler-1-x-1ml\/","og_locale":"es_MX","og_type":"article","og_title":"Hyafilia Filler (1 x 1ml) - Skin Heal","og_description":"A reliable lip filler that comes with guaranteed naturally looking results of enhanced volume and lip shape. Hyafilia Filler can also remove moderate wrinkles.","og_url":"https:\/\/skin-heal.com\/es\/producto\/hyafilia-filler-1-x-1ml\/","og_site_name":"Skin Heal","article_modified_time":"2021-08-02T13:24:56+00:00","og_image":[{"width":600,"height":600,"url":"https:\/\/cdn.skin-heal.com\/wp-content\/uploads\/2019\/04\/Hyafilia-Filler.jpg","type":"image\/jpeg"}],"twitter_card":"summary_large_image","twitter_misc":{"Tiempo de lectura":"1 minuto"},"schema":{"@context":"https:\/\/schema.org","@graph":[{"@type":"WebPage","@id":"https:\/\/skin-heal.com\/product\/hyafilia-filler-1-x-1ml\/","url":"https:\/\/skin-heal.com\/product\/hyafilia-filler-1-x-1ml\/","name":"Hyafilia Filler (1 x 1ml) - Skin Heal","isPartOf":{"@id":"https:\/\/skin-heal.com\/#website"},"primaryImageOfPage":{"@id":"https:\/\/skin-heal.com\/product\/hyafilia-filler-1-x-1ml\/#primaryimage"},"image":{"@id":"https:\/\/skin-heal.com\/product\/hyafilia-filler-1-x-1ml\/#primaryimage"},"thumbnailUrl":"https:\/\/cdn.skin-heal.com\/wp-content\/uploads\/2019\/04\/Hyafilia-Filler.jpg","datePublished":"2019-04-22T11:49:37+00:00","dateModified":"2021-08-02T13:24:56+00:00","description":"Un relleno labial fiable que garantiza unos resultados naturales de mayor volumen y forma de los labios. Hyafilia Filler tambi\u00e9n puede eliminar arrugas moderadas.","breadcrumb":{"@id":"https:\/\/skin-heal.com\/product\/hyafilia-filler-1-x-1ml\/#breadcrumb"},"inLanguage":"es","potentialAction":[{"@type":"ReadAction","target":["https:\/\/skin-heal.com\/product\/hyafilia-filler-1-x-1ml\/"]}]},{"@type":"ImageObject","inLanguage":"es","@id":"https:\/\/skin-heal.com\/product\/hyafilia-filler-1-x-1ml\/#primaryimage","url":"https:\/\/cdn.skin-heal.com\/wp-content\/uploads\/2019\/04\/Hyafilia-Filler.jpg","contentUrl":"https:\/\/cdn.skin-heal.com\/wp-content\/uploads\/2019\/04\/Hyafilia-Filler.jpg","width":600,"height":600,"caption":"Hyafilia Filler"},{"@type":"BreadcrumbList","@id":"https:\/\/skin-heal.com\/product\/hyafilia-filler-1-x-1ml\/#breadcrumb","itemListElement":[{"@type":"ListItem","position":1,"name":"Home","item":"https:\/\/skin-heal.com\/"},{"@type":"ListItem","position":2,"name":"Store","item":"https:\/\/skin-heal.com\/store\/"},{"@type":"ListItem","position":3,"name":"Hyafilia Filler (1 x 1ml)"}]},{"@type":"WebSite","@id":"https:\/\/skin-heal.com\/#website","url":"https:\/\/skin-heal.com\/","name":"Curaci\u00f3n de la piel","description":"Los precios m\u00e1s bajos para los rellenos d\u00e9rmicos","potentialAction":[{"@type":"SearchAction","target":{"@type":"EntryPoint","urlTemplate":"https:\/\/skin-heal.com\/?s={search_term_string}"},"query-input":{"@type":"PropertyValueSpecification","valueRequired":true,"valueName":"search_term_string"}}],"inLanguage":"es"}]}},"_links":{"self":[{"href":"https:\/\/skin-heal.com\/es\/wp-json\/wp\/v2\/product\/1300","targetHints":{"allow":["GET"]}}],"collection":[{"href":"https:\/\/skin-heal.com\/es\/wp-json\/wp\/v2\/product"}],"about":[{"href":"https:\/\/skin-heal.com\/es\/wp-json\/wp\/v2\/types\/product"}],"wp:featuredmedia":[{"embeddable":true,"href":"https:\/\/skin-heal.com\/es\/wp-json\/wp\/v2\/media\/1301"}],"wp:attachment":[{"href":"https:\/\/skin-heal.com\/es\/wp-json\/wp\/v2\/media?parent=1300"}],"wp:term":[{"taxonomy":"product_brand","embeddable":true,"href":"https:\/\/skin-heal.com\/es\/wp-json\/wp\/v2\/product_brand?post=1300"},{"taxonomy":"product_cat","embeddable":true,"href":"https:\/\/skin-heal.com\/es\/wp-json\/wp\/v2\/product_cat?post=1300"},{"taxonomy":"product_tag","embeddable":true,"href":"https:\/\/skin-heal.com\/es\/wp-json\/wp\/v2\/product_tag?post=1300"}],"curies":[{"name":"wp","href":"https:\/\/api.w.org\/{rel}","templated":true}]}}