{"id":17281,"date":"2020-01-27T15:14:11","date_gmt":"2020-01-27T13:14:11","guid":{"rendered":"https:\/\/skin-heal.com\/?post_type=product&#038;p=17281"},"modified":"2024-10-01T18:20:26","modified_gmt":"2024-10-01T15:20:26","slug":"liporase-10-vials-hyaluronidase-solution","status":"publish","type":"product","link":"https:\/\/skin-heal.com\/es\/producto\/liporase-10-vials-hyaluronidase-solution\/","title":{"rendered":"Liporase - 10 viales (soluci\u00f3n de hialuronidasa)"},"content":{"rendered":"<h3>Tipos de rellenos d\u00e9rmicos que Liporase puede disolver<\/h3>\n<p>El principal ingrediente activo de este producto inyectable es <u>Hialuronidasa<\/u> - una magn\u00edfica enzima proteica que existe libremente en el cuerpo humano. Por ello, los casos de hipersensibilidad, reacciones al\u00e9rgicas u otros efectos secundarios son bastante raros. La hialuronidasa puede estimular el organismo para <em>disuelven y metabolizan r\u00e1pidamente el \u00e1cido hialur\u00f3nico<\/em> por lo que invierte los efectos de relleno y elevaci\u00f3n de <strong>Inyecciones de relleno a base de HA<\/strong> cuando se administra en aquellas capas d\u00e9rmicas que han sido tratadas con este tipo de soluci\u00f3n antiarrugas. Sin embargo, Liporase no puede eliminar o corregir los rellenos de tejidos blandos semipermanentes o permanentes que se hayan inyectado de forma irregular, incorrecta o excesiva.<\/p>\n<ul>\n<li>Seguro y biol\u00f3gicamente compatible<\/li>\n<li>Resultados permanentes<\/li>\n<li>Muy eficaz<\/li>\n<li>Acci\u00f3n instant\u00e1nea<\/li>\n<li>Procedimiento r\u00e1pido y no quir\u00fargico<\/li>\n<\/ul>\n<p>Tras el tratamiento, se suele pedir a los pacientes que concierten una cita de revisi\u00f3n medio mes despu\u00e9s.<\/p>\n<h3>Otras aplicaciones de este producto a base de hialuronidasa<\/h3>\n<p>Algunos profesionales de la est\u00e9tica con experiencia mezclan la hialuronidasa Liporase con las inyecciones de lipodisoluci\u00f3n. Eso puede significar <u>aumentar los efectos de fusi\u00f3n de la grasa<\/u> de dichos productos y acelerar el ritmo de destrucci\u00f3n de las c\u00e9lulas grasas y d\u00e9spotas en el organismo. Para preparar la soluci\u00f3n inyectable, basta con a\u00f1adir 10 cc de suero disolvente de grasa y 5 cc de agua salina por cada vial de Liporase que utilice.<\/p>","protected":false},"excerpt":{"rendered":"<p>Fabricado por Daehan New Pharm, <strong>Liporasa Hialuronidasa<\/strong> es un producto de nueva generaci\u00f3n que descompone f\u00e1cilmente el \u00e1cido hialur\u00f3nico producido sint\u00e9ticamente. Es la soluci\u00f3n a la que recurren los cirujanos pl\u00e1sticos cualificados que necesitan <em>corregir los resultados no deseados despu\u00e9s de un tratamiento antienvejecimiento<\/em> con rellenos cut\u00e1neos de HA. La soluci\u00f3n se mezcla con suero fisiol\u00f3gico antes de su uso y es altamente biocompatible, por lo que casi no produce efectos o reacciones adversas.<\/p>","protected":false},"featured_media":17282,"template":"","meta":[],"product_brand":[],"product_cat":[79,143],"product_tag":[],"class_list":{"0":"post-17281","1":"product","2":"type-product","3":"status-publish","4":"has-post-thumbnail","6":"product_cat-dermal-fillers","7":"product_cat-liporase","8":"clearfix","10":"first","11":"outofstock","12":"taxable","13":"shipping-taxable","14":"purchasable","15":"product-type-simple"},"yoast_head":"<!-- This site is optimized with the Yoast SEO plugin v27.3 - https:\/\/yoast.com\/product\/yoast-seo-wordpress\/ -->\n<title>Liporase \u2013 10 vials (Hyaluronidase Solution) - Skin Heal<\/title>\n<meta name=\"description\" content=\"Rely on Skin Heal to buy safe Hyaluronidase injections Liporase. Use Liporase Hyaluronidase to break down HA dermal fillers that were incorrectly injected.\" \/>\n<meta name=\"robots\" content=\"index, follow, max-snippet:-1, max-image-preview:large, max-video-preview:-1\" \/>\n<link rel=\"canonical\" href=\"https:\/\/skin-heal.com\/es\/producto\/liporase-10-vials-hyaluronidase-solution\/\" \/>\n<meta property=\"og:locale\" content=\"es_MX\" \/>\n<meta property=\"og:type\" content=\"article\" \/>\n<meta property=\"og:title\" content=\"Liporase \u2013 10 vials (Hyaluronidase Solution) - Skin Heal\" \/>\n<meta property=\"og:description\" content=\"Rely on Skin Heal to buy safe Hyaluronidase injections Liporase. Use Liporase Hyaluronidase to break down HA dermal fillers that were incorrectly injected.\" \/>\n<meta property=\"og:url\" content=\"https:\/\/skin-heal.com\/es\/producto\/liporase-10-vials-hyaluronidase-solution\/\" \/>\n<meta property=\"og:site_name\" content=\"Skin Heal\" \/>\n<meta property=\"article:modified_time\" content=\"2024-10-01T15:20:26+00:00\" \/>\n<meta property=\"og:image\" content=\"https:\/\/cdn.skin-heal.com\/wp-content\/uploads\/2020\/01\/Liporase.jpg\" \/>\n\t<meta property=\"og:image:width\" content=\"600\" \/>\n\t<meta property=\"og:image:height\" content=\"600\" \/>\n\t<meta property=\"og:image:type\" content=\"image\/jpeg\" \/>\n<meta name=\"twitter:card\" content=\"summary_large_image\" \/>\n<meta name=\"twitter:label1\" content=\"Tiempo de lectura\" \/>\n\t<meta name=\"twitter:data1\" content=\"1 minuto\" \/>\n<script type=\"application\/ld+json\" class=\"yoast-schema-graph\">{\"@context\":\"https:\\\/\\\/schema.org\",\"@graph\":[{\"@type\":\"WebPage\",\"@id\":\"https:\\\/\\\/skin-heal.com\\\/product\\\/liporase-10-vials-hyaluronidase-solution\\\/\",\"url\":\"https:\\\/\\\/skin-heal.com\\\/product\\\/liporase-10-vials-hyaluronidase-solution\\\/\",\"name\":\"Liporase \u2013 10 vials (Hyaluronidase Solution) - Skin Heal\",\"isPartOf\":{\"@id\":\"https:\\\/\\\/skin-heal.com\\\/#website\"},\"primaryImageOfPage\":{\"@id\":\"https:\\\/\\\/skin-heal.com\\\/product\\\/liporase-10-vials-hyaluronidase-solution\\\/#primaryimage\"},\"image\":{\"@id\":\"https:\\\/\\\/skin-heal.com\\\/product\\\/liporase-10-vials-hyaluronidase-solution\\\/#primaryimage\"},\"thumbnailUrl\":\"https:\\\/\\\/skin-heal.com\\\/wp-content\\\/uploads\\\/2020\\\/01\\\/Liporase.jpg\",\"datePublished\":\"2020-01-27T13:14:11+00:00\",\"dateModified\":\"2024-10-01T15:20:26+00:00\",\"description\":\"Rely on Skin Heal to buy safe Hyaluronidase injections Liporase. Use Liporase Hyaluronidase to break down HA dermal fillers that were incorrectly injected.\",\"breadcrumb\":{\"@id\":\"https:\\\/\\\/skin-heal.com\\\/product\\\/liporase-10-vials-hyaluronidase-solution\\\/#breadcrumb\"},\"inLanguage\":\"es\",\"potentialAction\":[{\"@type\":\"ReadAction\",\"target\":[\"https:\\\/\\\/skin-heal.com\\\/product\\\/liporase-10-vials-hyaluronidase-solution\\\/\"]}]},{\"@type\":\"ImageObject\",\"inLanguage\":\"es\",\"@id\":\"https:\\\/\\\/skin-heal.com\\\/product\\\/liporase-10-vials-hyaluronidase-solution\\\/#primaryimage\",\"url\":\"https:\\\/\\\/skin-heal.com\\\/wp-content\\\/uploads\\\/2020\\\/01\\\/Liporase.jpg\",\"contentUrl\":\"https:\\\/\\\/skin-heal.com\\\/wp-content\\\/uploads\\\/2020\\\/01\\\/Liporase.jpg\",\"width\":600,\"height\":600,\"caption\":\"Liporase\"},{\"@type\":\"BreadcrumbList\",\"@id\":\"https:\\\/\\\/skin-heal.com\\\/product\\\/liporase-10-vials-hyaluronidase-solution\\\/#breadcrumb\",\"itemListElement\":[{\"@type\":\"ListItem\",\"position\":1,\"name\":\"Home\",\"item\":\"https:\\\/\\\/skin-heal.com\\\/\"},{\"@type\":\"ListItem\",\"position\":2,\"name\":\"Store\",\"item\":\"https:\\\/\\\/skin-heal.com\\\/store\\\/\"},{\"@type\":\"ListItem\",\"position\":3,\"name\":\"Liporase \u2013 10 vials (Hyaluronidase Solution)\"}]},{\"@type\":\"WebSite\",\"@id\":\"https:\\\/\\\/skin-heal.com\\\/#website\",\"url\":\"https:\\\/\\\/skin-heal.com\\\/\",\"name\":\"Skin Heal\",\"description\":\"Lowest Prices for Dermal Fillers\",\"potentialAction\":[{\"@type\":\"SearchAction\",\"target\":{\"@type\":\"EntryPoint\",\"urlTemplate\":\"https:\\\/\\\/skin-heal.com\\\/?s={search_term_string}\"},\"query-input\":{\"@type\":\"PropertyValueSpecification\",\"valueRequired\":true,\"valueName\":\"search_term_string\"}}],\"inLanguage\":\"es\"}]}<\/script>\n<!-- \/ Yoast SEO plugin. -->","yoast_head_json":{"title":"Liporase - 10 viales (Soluci\u00f3n de hialuronidasa) - Skin Heal","description":"Conf\u00ede en Skin Heal para comprar inyecciones seguras de hialuronidasa Liporase. Utilice Liporase Hialuronidasa para descomponer los rellenos d\u00e9rmicos de HA que se inyectaron incorrectamente.","robots":{"index":"index","follow":"follow","max-snippet":"max-snippet:-1","max-image-preview":"max-image-preview:large","max-video-preview":"max-video-preview:-1"},"canonical":"https:\/\/skin-heal.com\/es\/producto\/liporase-10-vials-hyaluronidase-solution\/","og_locale":"es_MX","og_type":"article","og_title":"Liporase \u2013 10 vials (Hyaluronidase Solution) - Skin Heal","og_description":"Rely on Skin Heal to buy safe Hyaluronidase injections Liporase. Use Liporase Hyaluronidase to break down HA dermal fillers that were incorrectly injected.","og_url":"https:\/\/skin-heal.com\/es\/producto\/liporase-10-vials-hyaluronidase-solution\/","og_site_name":"Skin Heal","article_modified_time":"2024-10-01T15:20:26+00:00","og_image":[{"width":600,"height":600,"url":"https:\/\/cdn.skin-heal.com\/wp-content\/uploads\/2020\/01\/Liporase.jpg","type":"image\/jpeg"}],"twitter_card":"summary_large_image","twitter_misc":{"Tiempo de lectura":"1 minuto"},"schema":{"@context":"https:\/\/schema.org","@graph":[{"@type":"WebPage","@id":"https:\/\/skin-heal.com\/product\/liporase-10-vials-hyaluronidase-solution\/","url":"https:\/\/skin-heal.com\/product\/liporase-10-vials-hyaluronidase-solution\/","name":"Liporase - 10 viales (Soluci\u00f3n de hialuronidasa) - Skin Heal","isPartOf":{"@id":"https:\/\/skin-heal.com\/#website"},"primaryImageOfPage":{"@id":"https:\/\/skin-heal.com\/product\/liporase-10-vials-hyaluronidase-solution\/#primaryimage"},"image":{"@id":"https:\/\/skin-heal.com\/product\/liporase-10-vials-hyaluronidase-solution\/#primaryimage"},"thumbnailUrl":"https:\/\/cdn.skin-heal.com\/wp-content\/uploads\/2020\/01\/Liporase.jpg","datePublished":"2020-01-27T13:14:11+00:00","dateModified":"2024-10-01T15:20:26+00:00","description":"Conf\u00ede en Skin Heal para comprar inyecciones seguras de hialuronidasa Liporase. Utilice Liporase Hialuronidasa para descomponer los rellenos d\u00e9rmicos de HA que se inyectaron incorrectamente.","breadcrumb":{"@id":"https:\/\/skin-heal.com\/product\/liporase-10-vials-hyaluronidase-solution\/#breadcrumb"},"inLanguage":"es","potentialAction":[{"@type":"ReadAction","target":["https:\/\/skin-heal.com\/product\/liporase-10-vials-hyaluronidase-solution\/"]}]},{"@type":"ImageObject","inLanguage":"es","@id":"https:\/\/skin-heal.com\/product\/liporase-10-vials-hyaluronidase-solution\/#primaryimage","url":"https:\/\/cdn.skin-heal.com\/wp-content\/uploads\/2020\/01\/Liporase.jpg","contentUrl":"https:\/\/cdn.skin-heal.com\/wp-content\/uploads\/2020\/01\/Liporase.jpg","width":600,"height":600,"caption":"Liporase"},{"@type":"BreadcrumbList","@id":"https:\/\/skin-heal.com\/product\/liporase-10-vials-hyaluronidase-solution\/#breadcrumb","itemListElement":[{"@type":"ListItem","position":1,"name":"Home","item":"https:\/\/skin-heal.com\/"},{"@type":"ListItem","position":2,"name":"Store","item":"https:\/\/skin-heal.com\/store\/"},{"@type":"ListItem","position":3,"name":"Liporase \u2013 10 vials (Hyaluronidase Solution)"}]},{"@type":"WebSite","@id":"https:\/\/skin-heal.com\/#website","url":"https:\/\/skin-heal.com\/","name":"Curaci\u00f3n de la piel","description":"Los precios m\u00e1s bajos para los rellenos d\u00e9rmicos","potentialAction":[{"@type":"SearchAction","target":{"@type":"EntryPoint","urlTemplate":"https:\/\/skin-heal.com\/?s={search_term_string}"},"query-input":{"@type":"PropertyValueSpecification","valueRequired":true,"valueName":"search_term_string"}}],"inLanguage":"es"}]}},"_links":{"self":[{"href":"https:\/\/skin-heal.com\/es\/wp-json\/wp\/v2\/product\/17281","targetHints":{"allow":["GET"]}}],"collection":[{"href":"https:\/\/skin-heal.com\/es\/wp-json\/wp\/v2\/product"}],"about":[{"href":"https:\/\/skin-heal.com\/es\/wp-json\/wp\/v2\/types\/product"}],"wp:featuredmedia":[{"embeddable":true,"href":"https:\/\/skin-heal.com\/es\/wp-json\/wp\/v2\/media\/17282"}],"wp:attachment":[{"href":"https:\/\/skin-heal.com\/es\/wp-json\/wp\/v2\/media?parent=17281"}],"wp:term":[{"taxonomy":"product_brand","embeddable":true,"href":"https:\/\/skin-heal.com\/es\/wp-json\/wp\/v2\/product_brand?post=17281"},{"taxonomy":"product_cat","embeddable":true,"href":"https:\/\/skin-heal.com\/es\/wp-json\/wp\/v2\/product_cat?post=17281"},{"taxonomy":"product_tag","embeddable":true,"href":"https:\/\/skin-heal.com\/es\/wp-json\/wp\/v2\/product_tag?post=17281"}],"curies":[{"name":"wp","href":"https:\/\/api.w.org\/{rel}","templated":true}]}}