{"id":21008,"date":"2020-04-28T13:43:32","date_gmt":"2020-04-28T13:43:32","guid":{"rendered":"https:\/\/skin-heal.com\/?post_type=product&#038;p=21008"},"modified":"2021-03-08T15:34:17","modified_gmt":"2021-03-08T15:34:17","slug":"neufidence-with-lidocaine-2-x-1ml","status":"publish","type":"product","link":"https:\/\/skin-heal.com\/es\/producto\/neufidence-with-lidocaine-2-x-1ml\/","title":{"rendered":"Neufidence con Lidoca\u00edna (2 x 1ml)"},"content":{"rendered":"<p>A simple vista, Neufidence es el t\u00edpico relleno blando, hecho de \u00e1cido hialur\u00f3nico, que se utiliza para tratar arrugas y pliegues menos pronunciados. Pero lo importante son los detalles y lo que obtienes por tu dinero. La concentraci\u00f3n de AH de este gel inyectable es de 20mg\/ml de \u00e1cido hialur\u00f3nico no animal, derivado de bacterias. Todos los ingredientes utilizados son completamente est\u00e9riles y seguros, que el propio relleno es 100% biocompatible y biodegradable de forma segura.<\/p>\n<p>El producto tiene una fluidez perfecta, que combinada con la soluci\u00f3n de lidoca\u00edna de 0,3%, garantiza una experiencia de inyecci\u00f3n sin dolor. A ello contribuyen tambi\u00e9n las agujas de inyecci\u00f3n de pared ultrafina incluidas. El relleno de HA se puede inyectar nada m\u00e1s sacarlo de la caja. Cada uno de los dos rellenos incluidos est\u00e1 en una jeringa precargada con un par de agujas de inyecci\u00f3n incluidas.<\/p>\n<h3>\u00bfQu\u00e9 resultados puede esperar con Neufidence?<\/h3>\n<p>Al elegir el Neufidence de Medytox est\u00e1 eligiendo:<\/p>\n<ul>\n<li>Larga duraci\u00f3n del gel (resistente a las enzimas)<\/li>\n<li>Resultados de aspecto natural<\/li>\n<li>Experiencia sin dolor y con m\u00ednimos efectos secundarios<\/li>\n<\/ul>\n<p>La aplicaci\u00f3n del relleno d\u00e9rmico dura apenas unos minutos y la inclusi\u00f3n no de una, sino de dos jeringas de 1 ml de gel de \u00e1cido hialur\u00f3nico, permite el tratamiento de zonas extensas o m\u00faltiples de la cara, especialmente en la parte inferior del rostro. No se requiere tiempo de inactividad. El producto no est\u00e1 recomendado para mujeres embarazadas y en periodo de lactancia, as\u00ed como para pacientes al\u00e9rgicos a la lidoca\u00edna.<\/p>","protected":false},"excerpt":{"rendered":"<p>Neufidence es la nueva l\u00ednea de productos de Medytox - el reconocido fabricante coreano de inyectables de belleza. La base Neufidence, reconocible por el color rojo de su envase, es el relleno m\u00e1s suave de la l\u00ednea de productos, espec\u00edficamente dise\u00f1ado para la eliminaci\u00f3n de arrugas y l\u00edneas m\u00e1s delicadas. El producto, que contiene 0,3% de Lidoca\u00edna, es una soluci\u00f3n excelente y se recomienda especialmente para tratar los pliegues nasolabiales menos pronunciados.<\/p>","protected":false},"featured_media":21011,"template":"","meta":[],"product_brand":[],"product_cat":[79,112,121],"product_tag":[],"class_list":{"0":"post-21008","1":"product","2":"type-product","3":"status-publish","4":"has-post-thumbnail","6":"product_cat-dermal-fillers","7":"product_cat-medytox","8":"product_cat-neufidence","9":"clearfix","11":"first","12":"outofstock","13":"sale","14":"taxable","15":"shipping-taxable","16":"purchasable","17":"product-type-simple"},"yoast_head":"<!-- This site is optimized with the Yoast SEO plugin v27.3 - https:\/\/yoast.com\/product\/yoast-seo-wordpress\/ -->\n<title>Neufidence with Lidocaine (2 x 1ml) - Skin Heal<\/title>\n<meta name=\"description\" content=\"Neufidence is a new and affordable two-in-one pack of soft dermal filler, tailored for the removal of less dep nasolabial folds, wrinkles and skin lines.\" \/>\n<meta name=\"robots\" content=\"index, follow, max-snippet:-1, max-image-preview:large, max-video-preview:-1\" \/>\n<link rel=\"canonical\" href=\"https:\/\/skin-heal.com\/es\/producto\/neufidence-with-lidocaine-2-x-1ml\/\" \/>\n<meta property=\"og:locale\" content=\"es_MX\" \/>\n<meta property=\"og:type\" content=\"article\" \/>\n<meta property=\"og:title\" content=\"Neufidence with Lidocaine (2 x 1ml) - Skin Heal\" \/>\n<meta property=\"og:description\" content=\"Neufidence is a new and affordable two-in-one pack of soft dermal filler, tailored for the removal of less dep nasolabial folds, wrinkles and skin lines.\" \/>\n<meta property=\"og:url\" content=\"https:\/\/skin-heal.com\/es\/producto\/neufidence-with-lidocaine-2-x-1ml\/\" \/>\n<meta property=\"og:site_name\" content=\"Skin Heal\" \/>\n<meta property=\"article:modified_time\" content=\"2021-03-08T15:34:17+00:00\" \/>\n<meta property=\"og:image\" content=\"https:\/\/cdn.skin-heal.com\/wp-content\/uploads\/2020\/04\/Neufidence-Lidocaine.jpg\" \/>\n\t<meta property=\"og:image:width\" content=\"600\" \/>\n\t<meta property=\"og:image:height\" content=\"600\" \/>\n\t<meta property=\"og:image:type\" content=\"image\/jpeg\" \/>\n<meta name=\"twitter:card\" content=\"summary_large_image\" \/>\n<meta name=\"twitter:label1\" content=\"Tiempo de lectura\" \/>\n\t<meta name=\"twitter:data1\" content=\"1 minuto\" \/>\n<script type=\"application\/ld+json\" class=\"yoast-schema-graph\">{\"@context\":\"https:\\\/\\\/schema.org\",\"@graph\":[{\"@type\":\"WebPage\",\"@id\":\"https:\\\/\\\/skin-heal.com\\\/product\\\/neufidence-with-lidocaine-2-x-1ml\\\/\",\"url\":\"https:\\\/\\\/skin-heal.com\\\/product\\\/neufidence-with-lidocaine-2-x-1ml\\\/\",\"name\":\"Neufidence with Lidocaine (2 x 1ml) - Skin Heal\",\"isPartOf\":{\"@id\":\"https:\\\/\\\/skin-heal.com\\\/#website\"},\"primaryImageOfPage\":{\"@id\":\"https:\\\/\\\/skin-heal.com\\\/product\\\/neufidence-with-lidocaine-2-x-1ml\\\/#primaryimage\"},\"image\":{\"@id\":\"https:\\\/\\\/skin-heal.com\\\/product\\\/neufidence-with-lidocaine-2-x-1ml\\\/#primaryimage\"},\"thumbnailUrl\":\"https:\\\/\\\/skin-heal.com\\\/wp-content\\\/uploads\\\/2020\\\/04\\\/Neufidence-Lidocaine.jpg\",\"datePublished\":\"2020-04-28T13:43:32+00:00\",\"dateModified\":\"2021-03-08T15:34:17+00:00\",\"description\":\"Neufidence is a new and affordable two-in-one pack of soft dermal filler, tailored for the removal of less dep nasolabial folds, wrinkles and skin lines.\",\"breadcrumb\":{\"@id\":\"https:\\\/\\\/skin-heal.com\\\/product\\\/neufidence-with-lidocaine-2-x-1ml\\\/#breadcrumb\"},\"inLanguage\":\"es\",\"potentialAction\":[{\"@type\":\"ReadAction\",\"target\":[\"https:\\\/\\\/skin-heal.com\\\/product\\\/neufidence-with-lidocaine-2-x-1ml\\\/\"]}]},{\"@type\":\"ImageObject\",\"inLanguage\":\"es\",\"@id\":\"https:\\\/\\\/skin-heal.com\\\/product\\\/neufidence-with-lidocaine-2-x-1ml\\\/#primaryimage\",\"url\":\"https:\\\/\\\/skin-heal.com\\\/wp-content\\\/uploads\\\/2020\\\/04\\\/Neufidence-Lidocaine.jpg\",\"contentUrl\":\"https:\\\/\\\/skin-heal.com\\\/wp-content\\\/uploads\\\/2020\\\/04\\\/Neufidence-Lidocaine.jpg\",\"width\":600,\"height\":600,\"caption\":\"Neufidence Lidocaine\"},{\"@type\":\"BreadcrumbList\",\"@id\":\"https:\\\/\\\/skin-heal.com\\\/product\\\/neufidence-with-lidocaine-2-x-1ml\\\/#breadcrumb\",\"itemListElement\":[{\"@type\":\"ListItem\",\"position\":1,\"name\":\"Home\",\"item\":\"https:\\\/\\\/skin-heal.com\\\/\"},{\"@type\":\"ListItem\",\"position\":2,\"name\":\"Store\",\"item\":\"https:\\\/\\\/skin-heal.com\\\/store\\\/\"},{\"@type\":\"ListItem\",\"position\":3,\"name\":\"Neufidence with Lidocaine (2 x 1ml)\"}]},{\"@type\":\"WebSite\",\"@id\":\"https:\\\/\\\/skin-heal.com\\\/#website\",\"url\":\"https:\\\/\\\/skin-heal.com\\\/\",\"name\":\"Skin Heal\",\"description\":\"Lowest Prices for Dermal Fillers\",\"potentialAction\":[{\"@type\":\"SearchAction\",\"target\":{\"@type\":\"EntryPoint\",\"urlTemplate\":\"https:\\\/\\\/skin-heal.com\\\/?s={search_term_string}\"},\"query-input\":{\"@type\":\"PropertyValueSpecification\",\"valueRequired\":true,\"valueName\":\"search_term_string\"}}],\"inLanguage\":\"es\"}]}<\/script>\n<!-- \/ Yoast SEO plugin. -->","yoast_head_json":{"title":"Neufidence con Lidoca\u00edna (2 x 1ml) - Skin Heal","description":"Neufidence es un nuevo y asequible pack dos en uno de relleno d\u00e9rmico blando, adaptado para la eliminaci\u00f3n de los pliegues nasolabiales menos dep, arrugas y l\u00edneas de la piel.","robots":{"index":"index","follow":"follow","max-snippet":"max-snippet:-1","max-image-preview":"max-image-preview:large","max-video-preview":"max-video-preview:-1"},"canonical":"https:\/\/skin-heal.com\/es\/producto\/neufidence-with-lidocaine-2-x-1ml\/","og_locale":"es_MX","og_type":"article","og_title":"Neufidence with Lidocaine (2 x 1ml) - Skin Heal","og_description":"Neufidence is a new and affordable two-in-one pack of soft dermal filler, tailored for the removal of less dep nasolabial folds, wrinkles and skin lines.","og_url":"https:\/\/skin-heal.com\/es\/producto\/neufidence-with-lidocaine-2-x-1ml\/","og_site_name":"Skin Heal","article_modified_time":"2021-03-08T15:34:17+00:00","og_image":[{"width":600,"height":600,"url":"https:\/\/cdn.skin-heal.com\/wp-content\/uploads\/2020\/04\/Neufidence-Lidocaine.jpg","type":"image\/jpeg"}],"twitter_card":"summary_large_image","twitter_misc":{"Tiempo de lectura":"1 minuto"},"schema":{"@context":"https:\/\/schema.org","@graph":[{"@type":"WebPage","@id":"https:\/\/skin-heal.com\/product\/neufidence-with-lidocaine-2-x-1ml\/","url":"https:\/\/skin-heal.com\/product\/neufidence-with-lidocaine-2-x-1ml\/","name":"Neufidence con Lidoca\u00edna (2 x 1ml) - Skin Heal","isPartOf":{"@id":"https:\/\/skin-heal.com\/#website"},"primaryImageOfPage":{"@id":"https:\/\/skin-heal.com\/product\/neufidence-with-lidocaine-2-x-1ml\/#primaryimage"},"image":{"@id":"https:\/\/skin-heal.com\/product\/neufidence-with-lidocaine-2-x-1ml\/#primaryimage"},"thumbnailUrl":"https:\/\/cdn.skin-heal.com\/wp-content\/uploads\/2020\/04\/Neufidence-Lidocaine.jpg","datePublished":"2020-04-28T13:43:32+00:00","dateModified":"2021-03-08T15:34:17+00:00","description":"Neufidence es un nuevo y asequible pack dos en uno de relleno d\u00e9rmico blando, adaptado para la eliminaci\u00f3n de los pliegues nasolabiales menos dep, arrugas y l\u00edneas de la piel.","breadcrumb":{"@id":"https:\/\/skin-heal.com\/product\/neufidence-with-lidocaine-2-x-1ml\/#breadcrumb"},"inLanguage":"es","potentialAction":[{"@type":"ReadAction","target":["https:\/\/skin-heal.com\/product\/neufidence-with-lidocaine-2-x-1ml\/"]}]},{"@type":"ImageObject","inLanguage":"es","@id":"https:\/\/skin-heal.com\/product\/neufidence-with-lidocaine-2-x-1ml\/#primaryimage","url":"https:\/\/cdn.skin-heal.com\/wp-content\/uploads\/2020\/04\/Neufidence-Lidocaine.jpg","contentUrl":"https:\/\/cdn.skin-heal.com\/wp-content\/uploads\/2020\/04\/Neufidence-Lidocaine.jpg","width":600,"height":600,"caption":"Neufidence Lidocaine"},{"@type":"BreadcrumbList","@id":"https:\/\/skin-heal.com\/product\/neufidence-with-lidocaine-2-x-1ml\/#breadcrumb","itemListElement":[{"@type":"ListItem","position":1,"name":"Home","item":"https:\/\/skin-heal.com\/"},{"@type":"ListItem","position":2,"name":"Store","item":"https:\/\/skin-heal.com\/store\/"},{"@type":"ListItem","position":3,"name":"Neufidence with Lidocaine (2 x 1ml)"}]},{"@type":"WebSite","@id":"https:\/\/skin-heal.com\/#website","url":"https:\/\/skin-heal.com\/","name":"Curaci\u00f3n de la piel","description":"Los precios m\u00e1s bajos para los rellenos d\u00e9rmicos","potentialAction":[{"@type":"SearchAction","target":{"@type":"EntryPoint","urlTemplate":"https:\/\/skin-heal.com\/?s={search_term_string}"},"query-input":{"@type":"PropertyValueSpecification","valueRequired":true,"valueName":"search_term_string"}}],"inLanguage":"es"}]}},"_links":{"self":[{"href":"https:\/\/skin-heal.com\/es\/wp-json\/wp\/v2\/product\/21008","targetHints":{"allow":["GET"]}}],"collection":[{"href":"https:\/\/skin-heal.com\/es\/wp-json\/wp\/v2\/product"}],"about":[{"href":"https:\/\/skin-heal.com\/es\/wp-json\/wp\/v2\/types\/product"}],"wp:featuredmedia":[{"embeddable":true,"href":"https:\/\/skin-heal.com\/es\/wp-json\/wp\/v2\/media\/21011"}],"wp:attachment":[{"href":"https:\/\/skin-heal.com\/es\/wp-json\/wp\/v2\/media?parent=21008"}],"wp:term":[{"taxonomy":"product_brand","embeddable":true,"href":"https:\/\/skin-heal.com\/es\/wp-json\/wp\/v2\/product_brand?post=21008"},{"taxonomy":"product_cat","embeddable":true,"href":"https:\/\/skin-heal.com\/es\/wp-json\/wp\/v2\/product_cat?post=21008"},{"taxonomy":"product_tag","embeddable":true,"href":"https:\/\/skin-heal.com\/es\/wp-json\/wp\/v2\/product_tag?post=21008"}],"curies":[{"name":"wp","href":"https:\/\/api.w.org\/{rel}","templated":true}]}}