{"id":21009,"date":"2020-04-28T13:47:45","date_gmt":"2020-04-28T13:47:45","guid":{"rendered":"https:\/\/skin-heal.com\/?post_type=product&#038;p=21009"},"modified":"2021-03-08T15:34:16","modified_gmt":"2021-03-08T15:34:16","slug":"neufidence-volume-with-lidocaine-2-x-1ml","status":"publish","type":"product","link":"https:\/\/skin-heal.com\/es\/producto\/neufidence-volume-with-lidocaine-2-x-1ml\/","title":{"rendered":"Volumen Neufidence con Lidoca\u00edna (2 x 1ml)"},"content":{"rendered":"<p>Normalmente los rellenos de la clase m\u00e1s econ\u00f3mica no est\u00e1n disponibles en paquetes de dos en uno, Medytox entiende que a menudo los profesionales necesitan mayores cantidades de relleno cuando necesitan inyectar. El Volumen Neufidence est\u00e1 pensado sobre todo para el procedimiento de inyecci\u00f3n inicial, con un aumento intensivo en zonas como la l\u00ednea de la mand\u00edbula o las mejillas, m\u00e1s que para un retoque posterior. Con el total de 2ml de gel de HA inyectable en el envase, el dermat\u00f3logo puede realizar con \u00e9xito mejoras pronunciadas en los rasgos faciales de sus pacientes.<\/p>\n<h3>\u00bfD\u00f3nde es mejor inyectar Neufidence Volume?<\/h3>\n<p>El gran tama\u00f1o de las part\u00edculas del gel y el alto factor de reticulaci\u00f3n, hacen que este relleno sea muy espeso. Se puede inyectar de forma fiable para aumentar el contorno de la cara, proporcionando un resultado natural, con la garant\u00eda de cero riesgo de desplazamiento del gel. Con Vulume del enlace NEufidence, los profesionales pueden aumentar el:<\/p>\n<ul>\n<li>Chin<\/li>\n<li>Mejillas<\/li>\n<li>P\u00f3mulos<\/li>\n<li>L\u00ednea de la mand\u00edbula<\/li>\n<li>Nariz<\/li>\n<\/ul>\n<p>El gel HA tambi\u00e9n es muy eficaz para la inyecci\u00f3n y el relleno de depresiones cut\u00e1neas severas como los pliegues nasolabiales muy profundos.<\/p>\n<p>Se trata de un producto seguro y biodegradable, basado en \u00e1cido hialur\u00f3nico reticulado, con una concentraci\u00f3n de 20mg\/ml. Medytox utiliza \u00fanicamente HA de origen no animal, derivado de bacterias.<\/p>","protected":false},"excerpt":{"rendered":"<p>Al igual que los mejores rellenos de contorno del mercado, Neufidence Volume est\u00e1 disponible en un paquete de jeringa doble precargada. Se trata de un relleno d\u00e9rmico de primera calidad para inyectar en pliegues y depresiones de la piel de profundos a severos, pero tambi\u00e9n para dar forma y aumentar las l\u00edneas de la cara, la nariz, restaurar el volumen de las mejillas y hacer los p\u00f3mulos m\u00e1s pronunciados. Listo para inyectar nada m\u00e1s sacarlo de la caja con las agujas de pared ultrafina incluidas, este relleno de HA de alto factor de reticulaci\u00f3n es una herramienta de mejora de los rasgos faciales eficaz pero asequible.<\/p>","protected":false},"featured_media":21014,"template":"","meta":[],"product_brand":[],"product_cat":[79,112,121],"product_tag":[],"class_list":{"0":"post-21009","1":"product","2":"type-product","3":"status-publish","4":"has-post-thumbnail","6":"product_cat-dermal-fillers","7":"product_cat-medytox","8":"product_cat-neufidence","9":"clearfix","11":"first","12":"outofstock","13":"sale","14":"taxable","15":"shipping-taxable","16":"purchasable","17":"product-type-simple"},"yoast_head":"<!-- This site is optimized with the Yoast SEO plugin v27.3 - https:\/\/yoast.com\/product\/yoast-seo-wordpress\/ -->\n<title>Neufidence Volume with Lidocaine (2 x 1ml) - Skin Heal<\/title>\n<meta name=\"description\" content=\"Neufidence Volume is a top sculpting filler, which can impressively augment the facial features of a patient in multiple areas.\" \/>\n<meta name=\"robots\" content=\"index, follow, max-snippet:-1, max-image-preview:large, max-video-preview:-1\" \/>\n<link rel=\"canonical\" href=\"https:\/\/skin-heal.com\/es\/producto\/neufidence-volume-with-lidocaine-2-x-1ml\/\" \/>\n<meta property=\"og:locale\" content=\"es_MX\" \/>\n<meta property=\"og:type\" content=\"article\" \/>\n<meta property=\"og:title\" content=\"Neufidence Volume with Lidocaine (2 x 1ml) - Skin Heal\" \/>\n<meta property=\"og:description\" content=\"Neufidence Volume is a top sculpting filler, which can impressively augment the facial features of a patient in multiple areas.\" \/>\n<meta property=\"og:url\" content=\"https:\/\/skin-heal.com\/es\/producto\/neufidence-volume-with-lidocaine-2-x-1ml\/\" \/>\n<meta property=\"og:site_name\" content=\"Skin Heal\" \/>\n<meta property=\"article:modified_time\" content=\"2021-03-08T15:34:16+00:00\" \/>\n<meta property=\"og:image\" content=\"https:\/\/cdn.skin-heal.com\/wp-content\/uploads\/2020\/04\/Neufidence-Volume-Lidocaine.jpg\" \/>\n\t<meta property=\"og:image:width\" content=\"600\" \/>\n\t<meta property=\"og:image:height\" content=\"600\" \/>\n\t<meta property=\"og:image:type\" content=\"image\/jpeg\" \/>\n<meta name=\"twitter:card\" content=\"summary_large_image\" \/>\n<meta name=\"twitter:label1\" content=\"Tiempo de lectura\" \/>\n\t<meta name=\"twitter:data1\" content=\"1 minuto\" \/>\n<script type=\"application\/ld+json\" class=\"yoast-schema-graph\">{\"@context\":\"https:\\\/\\\/schema.org\",\"@graph\":[{\"@type\":\"WebPage\",\"@id\":\"https:\\\/\\\/skin-heal.com\\\/product\\\/neufidence-volume-with-lidocaine-2-x-1ml\\\/\",\"url\":\"https:\\\/\\\/skin-heal.com\\\/product\\\/neufidence-volume-with-lidocaine-2-x-1ml\\\/\",\"name\":\"Neufidence Volume with Lidocaine (2 x 1ml) - Skin Heal\",\"isPartOf\":{\"@id\":\"https:\\\/\\\/skin-heal.com\\\/#website\"},\"primaryImageOfPage\":{\"@id\":\"https:\\\/\\\/skin-heal.com\\\/product\\\/neufidence-volume-with-lidocaine-2-x-1ml\\\/#primaryimage\"},\"image\":{\"@id\":\"https:\\\/\\\/skin-heal.com\\\/product\\\/neufidence-volume-with-lidocaine-2-x-1ml\\\/#primaryimage\"},\"thumbnailUrl\":\"https:\\\/\\\/skin-heal.com\\\/wp-content\\\/uploads\\\/2020\\\/04\\\/Neufidence-Volume-Lidocaine.jpg\",\"datePublished\":\"2020-04-28T13:47:45+00:00\",\"dateModified\":\"2021-03-08T15:34:16+00:00\",\"description\":\"Neufidence Volume is a top sculpting filler, which can impressively augment the facial features of a patient in multiple areas.\",\"breadcrumb\":{\"@id\":\"https:\\\/\\\/skin-heal.com\\\/product\\\/neufidence-volume-with-lidocaine-2-x-1ml\\\/#breadcrumb\"},\"inLanguage\":\"es\",\"potentialAction\":[{\"@type\":\"ReadAction\",\"target\":[\"https:\\\/\\\/skin-heal.com\\\/product\\\/neufidence-volume-with-lidocaine-2-x-1ml\\\/\"]}]},{\"@type\":\"ImageObject\",\"inLanguage\":\"es\",\"@id\":\"https:\\\/\\\/skin-heal.com\\\/product\\\/neufidence-volume-with-lidocaine-2-x-1ml\\\/#primaryimage\",\"url\":\"https:\\\/\\\/skin-heal.com\\\/wp-content\\\/uploads\\\/2020\\\/04\\\/Neufidence-Volume-Lidocaine.jpg\",\"contentUrl\":\"https:\\\/\\\/skin-heal.com\\\/wp-content\\\/uploads\\\/2020\\\/04\\\/Neufidence-Volume-Lidocaine.jpg\",\"width\":600,\"height\":600,\"caption\":\"Neufidence Volume Lidocaine\"},{\"@type\":\"BreadcrumbList\",\"@id\":\"https:\\\/\\\/skin-heal.com\\\/product\\\/neufidence-volume-with-lidocaine-2-x-1ml\\\/#breadcrumb\",\"itemListElement\":[{\"@type\":\"ListItem\",\"position\":1,\"name\":\"Home\",\"item\":\"https:\\\/\\\/skin-heal.com\\\/\"},{\"@type\":\"ListItem\",\"position\":2,\"name\":\"Store\",\"item\":\"https:\\\/\\\/skin-heal.com\\\/store\\\/\"},{\"@type\":\"ListItem\",\"position\":3,\"name\":\"Neufidence Volume with Lidocaine (2 x 1ml)\"}]},{\"@type\":\"WebSite\",\"@id\":\"https:\\\/\\\/skin-heal.com\\\/#website\",\"url\":\"https:\\\/\\\/skin-heal.com\\\/\",\"name\":\"Skin Heal\",\"description\":\"Lowest Prices for Dermal Fillers\",\"potentialAction\":[{\"@type\":\"SearchAction\",\"target\":{\"@type\":\"EntryPoint\",\"urlTemplate\":\"https:\\\/\\\/skin-heal.com\\\/?s={search_term_string}\"},\"query-input\":{\"@type\":\"PropertyValueSpecification\",\"valueRequired\":true,\"valueName\":\"search_term_string\"}}],\"inLanguage\":\"es\"}]}<\/script>\n<!-- \/ Yoast SEO plugin. -->","yoast_head_json":{"title":"Neufidence Volumen con Lidoca\u00edna (2 x 1ml) - Skin Heal","description":"Neufidence Volume es un relleno que puede aumentar de forma impresionante los rasgos faciales de un paciente en m\u00faltiples \u00e1reas.","robots":{"index":"index","follow":"follow","max-snippet":"max-snippet:-1","max-image-preview":"max-image-preview:large","max-video-preview":"max-video-preview:-1"},"canonical":"https:\/\/skin-heal.com\/es\/producto\/neufidence-volume-with-lidocaine-2-x-1ml\/","og_locale":"es_MX","og_type":"article","og_title":"Neufidence Volume with Lidocaine (2 x 1ml) - Skin Heal","og_description":"Neufidence Volume is a top sculpting filler, which can impressively augment the facial features of a patient in multiple areas.","og_url":"https:\/\/skin-heal.com\/es\/producto\/neufidence-volume-with-lidocaine-2-x-1ml\/","og_site_name":"Skin Heal","article_modified_time":"2021-03-08T15:34:16+00:00","og_image":[{"width":600,"height":600,"url":"https:\/\/cdn.skin-heal.com\/wp-content\/uploads\/2020\/04\/Neufidence-Volume-Lidocaine.jpg","type":"image\/jpeg"}],"twitter_card":"summary_large_image","twitter_misc":{"Tiempo de lectura":"1 minuto"},"schema":{"@context":"https:\/\/schema.org","@graph":[{"@type":"WebPage","@id":"https:\/\/skin-heal.com\/product\/neufidence-volume-with-lidocaine-2-x-1ml\/","url":"https:\/\/skin-heal.com\/product\/neufidence-volume-with-lidocaine-2-x-1ml\/","name":"Neufidence Volumen con Lidoca\u00edna (2 x 1ml) - Skin Heal","isPartOf":{"@id":"https:\/\/skin-heal.com\/#website"},"primaryImageOfPage":{"@id":"https:\/\/skin-heal.com\/product\/neufidence-volume-with-lidocaine-2-x-1ml\/#primaryimage"},"image":{"@id":"https:\/\/skin-heal.com\/product\/neufidence-volume-with-lidocaine-2-x-1ml\/#primaryimage"},"thumbnailUrl":"https:\/\/cdn.skin-heal.com\/wp-content\/uploads\/2020\/04\/Neufidence-Volume-Lidocaine.jpg","datePublished":"2020-04-28T13:47:45+00:00","dateModified":"2021-03-08T15:34:16+00:00","description":"Neufidence Volume es un relleno que puede aumentar de forma impresionante los rasgos faciales de un paciente en m\u00faltiples \u00e1reas.","breadcrumb":{"@id":"https:\/\/skin-heal.com\/product\/neufidence-volume-with-lidocaine-2-x-1ml\/#breadcrumb"},"inLanguage":"es","potentialAction":[{"@type":"ReadAction","target":["https:\/\/skin-heal.com\/product\/neufidence-volume-with-lidocaine-2-x-1ml\/"]}]},{"@type":"ImageObject","inLanguage":"es","@id":"https:\/\/skin-heal.com\/product\/neufidence-volume-with-lidocaine-2-x-1ml\/#primaryimage","url":"https:\/\/cdn.skin-heal.com\/wp-content\/uploads\/2020\/04\/Neufidence-Volume-Lidocaine.jpg","contentUrl":"https:\/\/cdn.skin-heal.com\/wp-content\/uploads\/2020\/04\/Neufidence-Volume-Lidocaine.jpg","width":600,"height":600,"caption":"Neufidence Volume Lidocaine"},{"@type":"BreadcrumbList","@id":"https:\/\/skin-heal.com\/product\/neufidence-volume-with-lidocaine-2-x-1ml\/#breadcrumb","itemListElement":[{"@type":"ListItem","position":1,"name":"Home","item":"https:\/\/skin-heal.com\/"},{"@type":"ListItem","position":2,"name":"Store","item":"https:\/\/skin-heal.com\/store\/"},{"@type":"ListItem","position":3,"name":"Neufidence Volume with Lidocaine (2 x 1ml)"}]},{"@type":"WebSite","@id":"https:\/\/skin-heal.com\/#website","url":"https:\/\/skin-heal.com\/","name":"Curaci\u00f3n de la piel","description":"Los precios m\u00e1s bajos para los rellenos d\u00e9rmicos","potentialAction":[{"@type":"SearchAction","target":{"@type":"EntryPoint","urlTemplate":"https:\/\/skin-heal.com\/?s={search_term_string}"},"query-input":{"@type":"PropertyValueSpecification","valueRequired":true,"valueName":"search_term_string"}}],"inLanguage":"es"}]}},"_links":{"self":[{"href":"https:\/\/skin-heal.com\/es\/wp-json\/wp\/v2\/product\/21009","targetHints":{"allow":["GET"]}}],"collection":[{"href":"https:\/\/skin-heal.com\/es\/wp-json\/wp\/v2\/product"}],"about":[{"href":"https:\/\/skin-heal.com\/es\/wp-json\/wp\/v2\/types\/product"}],"wp:featuredmedia":[{"embeddable":true,"href":"https:\/\/skin-heal.com\/es\/wp-json\/wp\/v2\/media\/21014"}],"wp:attachment":[{"href":"https:\/\/skin-heal.com\/es\/wp-json\/wp\/v2\/media?parent=21009"}],"wp:term":[{"taxonomy":"product_brand","embeddable":true,"href":"https:\/\/skin-heal.com\/es\/wp-json\/wp\/v2\/product_brand?post=21009"},{"taxonomy":"product_cat","embeddable":true,"href":"https:\/\/skin-heal.com\/es\/wp-json\/wp\/v2\/product_cat?post=21009"},{"taxonomy":"product_tag","embeddable":true,"href":"https:\/\/skin-heal.com\/es\/wp-json\/wp\/v2\/product_tag?post=21009"}],"curies":[{"name":"wp","href":"https:\/\/api.w.org\/{rel}","templated":true}]}}