{"id":21010,"date":"2020-04-28T13:44:06","date_gmt":"2020-04-28T13:44:06","guid":{"rendered":"https:\/\/skin-heal.com\/?post_type=product&#038;p=21010"},"modified":"2021-03-08T15:34:17","modified_gmt":"2021-03-08T15:34:17","slug":"neufidence-deep-with-lidocaine-2-x-1ml","status":"publish","type":"product","link":"https:\/\/skin-heal.com\/es\/producto\/neufidence-deep-with-lidocaine-2-x-1ml\/","title":{"rendered":"Neufidence Deep con Lidoca\u00edna (2 x 1ml)"},"content":{"rendered":"<p>A diferencia de la mayor\u00eda de los rellenos labiales, Neufidence Deep no viene con una, sino con dos jeringas precargadas de gel de \u00e1cido hialur\u00f3nico, dentro de la caja. Por un lado, esto es una gran oferta para los m\u00e9dicos que quieren optimizar su uso de relleno d\u00e9rmico y de labios. Por otro lado, los pacientes que buscan un efecto m\u00e1s dram\u00e1tico al aumentar el volumen de sus labios o mejorar sus labios y cuidar de los pliegues nasolabiales moderadamente profundos al mismo tiempo, obtienen una gran oferta, tambi\u00e9n.<\/p>\n<h3>Resumen del producto Neufidence Deep<\/h3>\n<ul>\n<li>Concentraci\u00f3n de \u00e1cido hialur\u00f3nico - 20mg\/ml<\/li>\n<li>Dos jeringas precargadas - 1ml cada una<\/li>\n<li>Agujas incluidas - 27 1\/2 G con paredes ultrafinas<\/li>\n<li>Concentraci\u00f3n de lidoca\u00edna - 0,3%<\/li>\n<\/ul>\n<p>Los profesionales tienen todo listo fuera de la caja para inyectar a los pacientes. Cada jeringa est\u00e1 envasada individualmente, por lo que al abrir la caja el m\u00e9dico o la esteticista no tiene que inyectar el gel de AH inmediatamente. Mientras el embalaje interno de la jeringa est\u00e9 intacto, el relleno que contiene es est\u00e9ril.<\/p>\n<h3>\u00bfDuele la inyecci\u00f3n? \u00bfY los resultados?<\/h3>\n<p>En cuanto a la inyecci\u00f3n del relleno Neufidence Deep, el dolor es pr\u00e1cticamente inexistente. No s\u00f3lo el relleno de labios contiene Lidoca\u00edna, para adormecer cualquier dolor o molestia, sino que las agujas UTW incluidas hacen que la inyecci\u00f3n y la conformaci\u00f3n del relleno sean a\u00fan menos desagradables.<\/p>\n<p>En cuanto a los resultados, el relleno dar\u00e1 a los pacientes resultados de aspecto muy natural una vez inyectado en los labios o en la piel.<\/p>","protected":false},"excerpt":{"rendered":"<p>Dise\u00f1ado para eliminar pliegues y depresiones de la piel moderadamente profundos, especialmente en la parte inferior de la cara, y tambi\u00e9n como relleno labial fiable, que garantiza una buena mejora del volumen y una mejora general de la forma y el contorno, Neuramis Deep es una oferta a tener en cuenta. Si a\u00f1adimos el hecho de que Medytox ha fabricado el relleno d\u00e9rmico como una opci\u00f3n dos en uno, lo que garantiza que hay las cantidades necesarias de gel de HA para inyectar, se trata de una compra obligada para los profesionales de la belleza y los dermat\u00f3logos.<\/p>","protected":false},"featured_media":21013,"template":"","meta":[],"product_brand":[],"product_cat":[79,112,121],"product_tag":[],"class_list":{"0":"post-21010","1":"product","2":"type-product","3":"status-publish","4":"has-post-thumbnail","6":"product_cat-dermal-fillers","7":"product_cat-medytox","8":"product_cat-neufidence","9":"clearfix","11":"first","12":"outofstock","13":"sale","14":"taxable","15":"shipping-taxable","16":"purchasable","17":"product-type-simple"},"yoast_head":"<!-- This site is optimized with the Yoast SEO plugin v27.4 - https:\/\/yoast.com\/product\/yoast-seo-wordpress\/ -->\n<title>Neufidence Deep with Lidocaine (2 x 1ml) - Skin Heal<\/title>\n<meta name=\"description\" content=\"A lip filler that can also effectively deal with moderately deep nasolabial folds, Neufidence Deep is a double syringe filler for lip enhancement.\" \/>\n<meta name=\"robots\" content=\"index, follow, max-snippet:-1, max-image-preview:large, max-video-preview:-1\" \/>\n<link rel=\"canonical\" href=\"https:\/\/skin-heal.com\/es\/producto\/neufidence-deep-with-lidocaine-2-x-1ml\/\" \/>\n<meta property=\"og:locale\" content=\"es_MX\" \/>\n<meta property=\"og:type\" content=\"article\" \/>\n<meta property=\"og:title\" content=\"Neufidence Deep with Lidocaine (2 x 1ml) - Skin Heal\" \/>\n<meta property=\"og:description\" content=\"A lip filler that can also effectively deal with moderately deep nasolabial folds, Neufidence Deep is a double syringe filler for lip enhancement.\" \/>\n<meta property=\"og:url\" content=\"https:\/\/skin-heal.com\/es\/producto\/neufidence-deep-with-lidocaine-2-x-1ml\/\" \/>\n<meta property=\"og:site_name\" content=\"Skin Heal\" \/>\n<meta property=\"article:modified_time\" content=\"2021-03-08T15:34:17+00:00\" \/>\n<meta property=\"og:image\" content=\"https:\/\/cdn.skin-heal.com\/wp-content\/uploads\/2020\/04\/Neufidence-Deep-Lidocaine.jpg\" \/>\n\t<meta property=\"og:image:width\" content=\"600\" \/>\n\t<meta property=\"og:image:height\" content=\"600\" \/>\n\t<meta property=\"og:image:type\" content=\"image\/jpeg\" \/>\n<meta name=\"twitter:card\" content=\"summary_large_image\" \/>\n<meta name=\"twitter:label1\" content=\"Tiempo de lectura\" \/>\n\t<meta name=\"twitter:data1\" content=\"1 minuto\" \/>\n<script type=\"application\/ld+json\" class=\"yoast-schema-graph\">{\"@context\":\"https:\\\/\\\/schema.org\",\"@graph\":[{\"@type\":\"WebPage\",\"@id\":\"https:\\\/\\\/skin-heal.com\\\/product\\\/neufidence-deep-with-lidocaine-2-x-1ml\\\/\",\"url\":\"https:\\\/\\\/skin-heal.com\\\/product\\\/neufidence-deep-with-lidocaine-2-x-1ml\\\/\",\"name\":\"Neufidence Deep with Lidocaine (2 x 1ml) - Skin Heal\",\"isPartOf\":{\"@id\":\"https:\\\/\\\/skin-heal.com\\\/#website\"},\"primaryImageOfPage\":{\"@id\":\"https:\\\/\\\/skin-heal.com\\\/product\\\/neufidence-deep-with-lidocaine-2-x-1ml\\\/#primaryimage\"},\"image\":{\"@id\":\"https:\\\/\\\/skin-heal.com\\\/product\\\/neufidence-deep-with-lidocaine-2-x-1ml\\\/#primaryimage\"},\"thumbnailUrl\":\"https:\\\/\\\/skin-heal.com\\\/wp-content\\\/uploads\\\/2020\\\/04\\\/Neufidence-Deep-Lidocaine.jpg\",\"datePublished\":\"2020-04-28T13:44:06+00:00\",\"dateModified\":\"2021-03-08T15:34:17+00:00\",\"description\":\"A lip filler that can also effectively deal with moderately deep nasolabial folds, Neufidence Deep is a double syringe filler for lip enhancement.\",\"breadcrumb\":{\"@id\":\"https:\\\/\\\/skin-heal.com\\\/product\\\/neufidence-deep-with-lidocaine-2-x-1ml\\\/#breadcrumb\"},\"inLanguage\":\"es\",\"potentialAction\":[{\"@type\":\"ReadAction\",\"target\":[\"https:\\\/\\\/skin-heal.com\\\/product\\\/neufidence-deep-with-lidocaine-2-x-1ml\\\/\"]}]},{\"@type\":\"ImageObject\",\"inLanguage\":\"es\",\"@id\":\"https:\\\/\\\/skin-heal.com\\\/product\\\/neufidence-deep-with-lidocaine-2-x-1ml\\\/#primaryimage\",\"url\":\"https:\\\/\\\/skin-heal.com\\\/wp-content\\\/uploads\\\/2020\\\/04\\\/Neufidence-Deep-Lidocaine.jpg\",\"contentUrl\":\"https:\\\/\\\/skin-heal.com\\\/wp-content\\\/uploads\\\/2020\\\/04\\\/Neufidence-Deep-Lidocaine.jpg\",\"width\":600,\"height\":600,\"caption\":\"Neufidence Deep Lidocaine\"},{\"@type\":\"BreadcrumbList\",\"@id\":\"https:\\\/\\\/skin-heal.com\\\/product\\\/neufidence-deep-with-lidocaine-2-x-1ml\\\/#breadcrumb\",\"itemListElement\":[{\"@type\":\"ListItem\",\"position\":1,\"name\":\"Home\",\"item\":\"https:\\\/\\\/skin-heal.com\\\/\"},{\"@type\":\"ListItem\",\"position\":2,\"name\":\"Store\",\"item\":\"https:\\\/\\\/skin-heal.com\\\/store\\\/\"},{\"@type\":\"ListItem\",\"position\":3,\"name\":\"Neufidence Deep with Lidocaine (2 x 1ml)\"}]},{\"@type\":\"WebSite\",\"@id\":\"https:\\\/\\\/skin-heal.com\\\/#website\",\"url\":\"https:\\\/\\\/skin-heal.com\\\/\",\"name\":\"Skin Heal\",\"description\":\"Lowest Prices for Dermal Fillers\",\"potentialAction\":[{\"@type\":\"SearchAction\",\"target\":{\"@type\":\"EntryPoint\",\"urlTemplate\":\"https:\\\/\\\/skin-heal.com\\\/?s={search_term_string}\"},\"query-input\":{\"@type\":\"PropertyValueSpecification\",\"valueRequired\":true,\"valueName\":\"search_term_string\"}}],\"inLanguage\":\"es\"}]}<\/script>\n<!-- \/ Yoast SEO plugin. -->","yoast_head_json":{"title":"Neufidence Deep con Lidoca\u00edna (2 x 1ml) - Skin Heal","description":"Neufidence Deep es un relleno labial que tambi\u00e9n puede tratar eficazmente los pliegues nasolabiales moderadamente profundos, Neufidence Deep es un relleno de doble jeringa para el realce de los labios.","robots":{"index":"index","follow":"follow","max-snippet":"max-snippet:-1","max-image-preview":"max-image-preview:large","max-video-preview":"max-video-preview:-1"},"canonical":"https:\/\/skin-heal.com\/es\/producto\/neufidence-deep-with-lidocaine-2-x-1ml\/","og_locale":"es_MX","og_type":"article","og_title":"Neufidence Deep with Lidocaine (2 x 1ml) - Skin Heal","og_description":"A lip filler that can also effectively deal with moderately deep nasolabial folds, Neufidence Deep is a double syringe filler for lip enhancement.","og_url":"https:\/\/skin-heal.com\/es\/producto\/neufidence-deep-with-lidocaine-2-x-1ml\/","og_site_name":"Skin Heal","article_modified_time":"2021-03-08T15:34:17+00:00","og_image":[{"width":600,"height":600,"url":"https:\/\/cdn.skin-heal.com\/wp-content\/uploads\/2020\/04\/Neufidence-Deep-Lidocaine.jpg","type":"image\/jpeg"}],"twitter_card":"summary_large_image","twitter_misc":{"Tiempo de lectura":"1 minuto"},"schema":{"@context":"https:\/\/schema.org","@graph":[{"@type":"WebPage","@id":"https:\/\/skin-heal.com\/product\/neufidence-deep-with-lidocaine-2-x-1ml\/","url":"https:\/\/skin-heal.com\/product\/neufidence-deep-with-lidocaine-2-x-1ml\/","name":"Neufidence Deep con Lidoca\u00edna (2 x 1ml) - Skin Heal","isPartOf":{"@id":"https:\/\/skin-heal.com\/#website"},"primaryImageOfPage":{"@id":"https:\/\/skin-heal.com\/product\/neufidence-deep-with-lidocaine-2-x-1ml\/#primaryimage"},"image":{"@id":"https:\/\/skin-heal.com\/product\/neufidence-deep-with-lidocaine-2-x-1ml\/#primaryimage"},"thumbnailUrl":"https:\/\/cdn.skin-heal.com\/wp-content\/uploads\/2020\/04\/Neufidence-Deep-Lidocaine.jpg","datePublished":"2020-04-28T13:44:06+00:00","dateModified":"2021-03-08T15:34:17+00:00","description":"Neufidence Deep es un relleno labial que tambi\u00e9n puede tratar eficazmente los pliegues nasolabiales moderadamente profundos, Neufidence Deep es un relleno de doble jeringa para el realce de los labios.","breadcrumb":{"@id":"https:\/\/skin-heal.com\/product\/neufidence-deep-with-lidocaine-2-x-1ml\/#breadcrumb"},"inLanguage":"es","potentialAction":[{"@type":"ReadAction","target":["https:\/\/skin-heal.com\/product\/neufidence-deep-with-lidocaine-2-x-1ml\/"]}]},{"@type":"ImageObject","inLanguage":"es","@id":"https:\/\/skin-heal.com\/product\/neufidence-deep-with-lidocaine-2-x-1ml\/#primaryimage","url":"https:\/\/cdn.skin-heal.com\/wp-content\/uploads\/2020\/04\/Neufidence-Deep-Lidocaine.jpg","contentUrl":"https:\/\/cdn.skin-heal.com\/wp-content\/uploads\/2020\/04\/Neufidence-Deep-Lidocaine.jpg","width":600,"height":600,"caption":"Neufidence Deep Lidocaine"},{"@type":"BreadcrumbList","@id":"https:\/\/skin-heal.com\/product\/neufidence-deep-with-lidocaine-2-x-1ml\/#breadcrumb","itemListElement":[{"@type":"ListItem","position":1,"name":"Home","item":"https:\/\/skin-heal.com\/"},{"@type":"ListItem","position":2,"name":"Store","item":"https:\/\/skin-heal.com\/store\/"},{"@type":"ListItem","position":3,"name":"Neufidence Deep with Lidocaine (2 x 1ml)"}]},{"@type":"WebSite","@id":"https:\/\/skin-heal.com\/#website","url":"https:\/\/skin-heal.com\/","name":"Curaci\u00f3n de la piel","description":"Los precios m\u00e1s bajos para los rellenos d\u00e9rmicos","potentialAction":[{"@type":"SearchAction","target":{"@type":"EntryPoint","urlTemplate":"https:\/\/skin-heal.com\/?s={search_term_string}"},"query-input":{"@type":"PropertyValueSpecification","valueRequired":true,"valueName":"search_term_string"}}],"inLanguage":"es"}]}},"_links":{"self":[{"href":"https:\/\/skin-heal.com\/es\/wp-json\/wp\/v2\/product\/21010","targetHints":{"allow":["GET"]}}],"collection":[{"href":"https:\/\/skin-heal.com\/es\/wp-json\/wp\/v2\/product"}],"about":[{"href":"https:\/\/skin-heal.com\/es\/wp-json\/wp\/v2\/types\/product"}],"wp:featuredmedia":[{"embeddable":true,"href":"https:\/\/skin-heal.com\/es\/wp-json\/wp\/v2\/media\/21013"}],"wp:attachment":[{"href":"https:\/\/skin-heal.com\/es\/wp-json\/wp\/v2\/media?parent=21010"}],"wp:term":[{"taxonomy":"product_brand","embeddable":true,"href":"https:\/\/skin-heal.com\/es\/wp-json\/wp\/v2\/product_brand?post=21010"},{"taxonomy":"product_cat","embeddable":true,"href":"https:\/\/skin-heal.com\/es\/wp-json\/wp\/v2\/product_cat?post=21010"},{"taxonomy":"product_tag","embeddable":true,"href":"https:\/\/skin-heal.com\/es\/wp-json\/wp\/v2\/product_tag?post=21010"}],"curies":[{"name":"wp","href":"https:\/\/api.w.org\/{rel}","templated":true}]}}