{"id":21016,"date":"2020-04-28T16:01:59","date_gmt":"2020-04-28T13:01:59","guid":{"rendered":"https:\/\/skin-heal.com\/?post_type=product&#038;p=21016"},"modified":"2023-07-10T12:04:46","modified_gmt":"2023-07-10T09:04:46","slug":"gana-ha-body-50ml","status":"publish","type":"product","link":"https:\/\/skin-heal.com\/es\/producto\/gana-ha-body-50ml\/","title":{"rendered":"Gana HA Body 50ml"},"content":{"rendered":"<p>Desde el punto de vista cient\u00edfico y de fabricaci\u00f3n, Gana HA body es un relleno incre\u00edble. Tiene un factor de reticulaci\u00f3n mucho mayor que los productos de HA de la competencia en el mercado. Este relleno corporal tiene una incre\u00edble relaci\u00f3n de reticulaci\u00f3n de 10%, en contraposici\u00f3n a un est\u00e1ndar de hasta s\u00f3lo 6% en la mayor\u00eda de los otros productos. Adem\u00e1s, se trata de un gel reticulado 100%, mientras que otras soluciones inyectables mezclan HA no reticulado, con el fin de utilizarlo para la lubricaci\u00f3n y facilitar la inyecci\u00f3n bajo la piel.<\/p>\n<p>Gana HA Body filler toma lo mejor de ambos mundos, teniendo la durabilidad de los rellenos monof\u00e1sicos y la flexibilidad y facilidad de modelado del gel de \u00e1cido hialur\u00f3nico bif\u00e1sico. Este relleno ofrece a los m\u00e9dicos un control total que permite realizar aumentos corporales eficaces, mejorando la forma y el tama\u00f1o de los pechos o contorneando las nalgas de los pacientes. Con el tama\u00f1o de part\u00edcula y la viscoelasticidad adecuados, se garantiza que el producto permanecer\u00e1 en su sitio una vez inyectado bajo la piel, con un aspecto totalmente natural.<\/p>\n<p>Otra ventaja importante de este producto es la excelente durabilidad y resistencia del relleno corporal Gana HA a las enzimas. El gel de hialur\u00f3n inyectado durar\u00e1 hasta 24 meses, el doble que los rellenos corporales habituales.<\/p>\n<h3>\u00bfC\u00f3mo se inyecta el relleno corporal Gana HA?<\/h3>\n<p>A diferencia de los otros rellenos de HA de Gana, Body no est\u00e1 listo para ser inyectado fuera de la caja. Por favor, siga el siguiente protocolo:<\/p>\n<ol>\n<li>Preparar la soluci\u00f3n salina normal<\/li>\n<li>Consigue una jeringa de 10ml<\/li>\n<li>Extraer 10ml de soluci\u00f3n salina con la jeringa<\/li>\n<li>Mezclar la soluci\u00f3n salina con el relleno Gana HA<\/li>\n<li>Inyectar en la zona del cuerpo que se desea mejorar<\/li>\n<\/ol>","protected":false},"excerpt":{"rendered":"<p>Gana HA Body es una entrada especial en la serie de rellenos de HA de la marca. Mientras que los A, B y C se centran en la cara del paciente, Body, como su nombre indica, est\u00e1 destinado a la inyecci\u00f3n por debajo del cuello. Este producto de \u00e1cido hialur\u00f3nico es un m\u00e9todo avanzado para el contorno del cuerpo, el aumento de los gl\u00fateos y de la bestia. Se caracteriza por un efecto mucho m\u00e1s prolongado, resultados mejores y m\u00e1s naturales que los productos comparables, incluso de las mejores marcas del mercado.<\/p>","protected":false},"featured_media":21017,"template":"","meta":[],"product_brand":[],"product_cat":[79,104,105,144],"product_tag":[146],"class_list":{"0":"post-21016","1":"product","2":"type-product","3":"status-publish","4":"has-post-thumbnail","6":"product_cat-dermal-fillers","7":"product_cat-gana","8":"product_cat-gana-rd","9":"product_cat-holiday-mega-sale","10":"product_tag-10off","11":"clearfix","13":"first","14":"outofstock","15":"sale","16":"taxable","17":"shipping-taxable","18":"purchasable","19":"product-type-simple"},"yoast_head":"<!-- This site is optimized with the Yoast SEO plugin v27.3 - https:\/\/yoast.com\/product\/yoast-seo-wordpress\/ -->\n<title>Gana HA Body 50ml - Skin Heal<\/title>\n<meta name=\"description\" content=\"The best and most advanced body filler on the market, Gana HA Body is a lasting and effective body sculpting solution for breast and buttocks augmentation.\" \/>\n<meta name=\"robots\" content=\"index, follow, max-snippet:-1, max-image-preview:large, max-video-preview:-1\" \/>\n<link rel=\"canonical\" href=\"https:\/\/skin-heal.com\/es\/producto\/gana-ha-body-50ml\/\" \/>\n<meta property=\"og:locale\" content=\"es_MX\" \/>\n<meta property=\"og:type\" content=\"article\" \/>\n<meta property=\"og:title\" content=\"Gana HA Body 50ml - Skin Heal\" \/>\n<meta property=\"og:description\" content=\"The best and most advanced body filler on the market, Gana HA Body is a lasting and effective body sculpting solution for breast and buttocks augmentation.\" \/>\n<meta property=\"og:url\" content=\"https:\/\/skin-heal.com\/es\/producto\/gana-ha-body-50ml\/\" \/>\n<meta property=\"og:site_name\" content=\"Skin Heal\" \/>\n<meta property=\"article:modified_time\" content=\"2023-07-10T09:04:46+00:00\" \/>\n<meta property=\"og:image\" content=\"https:\/\/cdn.skin-heal.com\/wp-content\/uploads\/2020\/04\/Gana-HA-Body.jpg\" \/>\n\t<meta property=\"og:image:width\" content=\"600\" \/>\n\t<meta property=\"og:image:height\" content=\"600\" \/>\n\t<meta property=\"og:image:type\" content=\"image\/jpeg\" \/>\n<meta name=\"twitter:card\" content=\"summary_large_image\" \/>\n<meta name=\"twitter:label1\" content=\"Tiempo de lectura\" \/>\n\t<meta name=\"twitter:data1\" content=\"1 minuto\" \/>\n<script type=\"application\/ld+json\" class=\"yoast-schema-graph\">{\"@context\":\"https:\\\/\\\/schema.org\",\"@graph\":[{\"@type\":\"WebPage\",\"@id\":\"https:\\\/\\\/skin-heal.com\\\/product\\\/gana-ha-body-50ml\\\/\",\"url\":\"https:\\\/\\\/skin-heal.com\\\/product\\\/gana-ha-body-50ml\\\/\",\"name\":\"Gana HA Body 50ml - Skin Heal\",\"isPartOf\":{\"@id\":\"https:\\\/\\\/skin-heal.com\\\/#website\"},\"primaryImageOfPage\":{\"@id\":\"https:\\\/\\\/skin-heal.com\\\/product\\\/gana-ha-body-50ml\\\/#primaryimage\"},\"image\":{\"@id\":\"https:\\\/\\\/skin-heal.com\\\/product\\\/gana-ha-body-50ml\\\/#primaryimage\"},\"thumbnailUrl\":\"https:\\\/\\\/skin-heal.com\\\/wp-content\\\/uploads\\\/2020\\\/04\\\/Gana-HA-Body.jpg\",\"datePublished\":\"2020-04-28T13:01:59+00:00\",\"dateModified\":\"2023-07-10T09:04:46+00:00\",\"description\":\"The best and most advanced body filler on the market, Gana HA Body is a lasting and effective body sculpting solution for breast and buttocks augmentation.\",\"breadcrumb\":{\"@id\":\"https:\\\/\\\/skin-heal.com\\\/product\\\/gana-ha-body-50ml\\\/#breadcrumb\"},\"inLanguage\":\"es\",\"potentialAction\":[{\"@type\":\"ReadAction\",\"target\":[\"https:\\\/\\\/skin-heal.com\\\/product\\\/gana-ha-body-50ml\\\/\"]}]},{\"@type\":\"ImageObject\",\"inLanguage\":\"es\",\"@id\":\"https:\\\/\\\/skin-heal.com\\\/product\\\/gana-ha-body-50ml\\\/#primaryimage\",\"url\":\"https:\\\/\\\/skin-heal.com\\\/wp-content\\\/uploads\\\/2020\\\/04\\\/Gana-HA-Body.jpg\",\"contentUrl\":\"https:\\\/\\\/skin-heal.com\\\/wp-content\\\/uploads\\\/2020\\\/04\\\/Gana-HA-Body.jpg\",\"width\":600,\"height\":600,\"caption\":\"Gana HA Body\"},{\"@type\":\"BreadcrumbList\",\"@id\":\"https:\\\/\\\/skin-heal.com\\\/product\\\/gana-ha-body-50ml\\\/#breadcrumb\",\"itemListElement\":[{\"@type\":\"ListItem\",\"position\":1,\"name\":\"Home\",\"item\":\"https:\\\/\\\/skin-heal.com\\\/\"},{\"@type\":\"ListItem\",\"position\":2,\"name\":\"Store\",\"item\":\"https:\\\/\\\/skin-heal.com\\\/store\\\/\"},{\"@type\":\"ListItem\",\"position\":3,\"name\":\"Gana HA Body 50ml\"}]},{\"@type\":\"WebSite\",\"@id\":\"https:\\\/\\\/skin-heal.com\\\/#website\",\"url\":\"https:\\\/\\\/skin-heal.com\\\/\",\"name\":\"Skin Heal\",\"description\":\"Lowest Prices for Dermal Fillers\",\"potentialAction\":[{\"@type\":\"SearchAction\",\"target\":{\"@type\":\"EntryPoint\",\"urlTemplate\":\"https:\\\/\\\/skin-heal.com\\\/?s={search_term_string}\"},\"query-input\":{\"@type\":\"PropertyValueSpecification\",\"valueRequired\":true,\"valueName\":\"search_term_string\"}}],\"inLanguage\":\"es\"}]}<\/script>\n<!-- \/ Yoast SEO plugin. -->","yoast_head_json":{"title":"Gana HA Cuerpo 50ml - Skin Heal","description":"Gana HA Body, el mejor y m\u00e1s avanzado relleno corporal del mercado, es una soluci\u00f3n duradera y eficaz de esculpido corporal para el aumento de mamas y gl\u00fateos.","robots":{"index":"index","follow":"follow","max-snippet":"max-snippet:-1","max-image-preview":"max-image-preview:large","max-video-preview":"max-video-preview:-1"},"canonical":"https:\/\/skin-heal.com\/es\/producto\/gana-ha-body-50ml\/","og_locale":"es_MX","og_type":"article","og_title":"Gana HA Body 50ml - Skin Heal","og_description":"The best and most advanced body filler on the market, Gana HA Body is a lasting and effective body sculpting solution for breast and buttocks augmentation.","og_url":"https:\/\/skin-heal.com\/es\/producto\/gana-ha-body-50ml\/","og_site_name":"Skin Heal","article_modified_time":"2023-07-10T09:04:46+00:00","og_image":[{"width":600,"height":600,"url":"https:\/\/cdn.skin-heal.com\/wp-content\/uploads\/2020\/04\/Gana-HA-Body.jpg","type":"image\/jpeg"}],"twitter_card":"summary_large_image","twitter_misc":{"Tiempo de lectura":"1 minuto"},"schema":{"@context":"https:\/\/schema.org","@graph":[{"@type":"WebPage","@id":"https:\/\/skin-heal.com\/product\/gana-ha-body-50ml\/","url":"https:\/\/skin-heal.com\/product\/gana-ha-body-50ml\/","name":"Gana HA Cuerpo 50ml - Skin Heal","isPartOf":{"@id":"https:\/\/skin-heal.com\/#website"},"primaryImageOfPage":{"@id":"https:\/\/skin-heal.com\/product\/gana-ha-body-50ml\/#primaryimage"},"image":{"@id":"https:\/\/skin-heal.com\/product\/gana-ha-body-50ml\/#primaryimage"},"thumbnailUrl":"https:\/\/cdn.skin-heal.com\/wp-content\/uploads\/2020\/04\/Gana-HA-Body.jpg","datePublished":"2020-04-28T13:01:59+00:00","dateModified":"2023-07-10T09:04:46+00:00","description":"Gana HA Body, el mejor y m\u00e1s avanzado relleno corporal del mercado, es una soluci\u00f3n duradera y eficaz de esculpido corporal para el aumento de mamas y gl\u00fateos.","breadcrumb":{"@id":"https:\/\/skin-heal.com\/product\/gana-ha-body-50ml\/#breadcrumb"},"inLanguage":"es","potentialAction":[{"@type":"ReadAction","target":["https:\/\/skin-heal.com\/product\/gana-ha-body-50ml\/"]}]},{"@type":"ImageObject","inLanguage":"es","@id":"https:\/\/skin-heal.com\/product\/gana-ha-body-50ml\/#primaryimage","url":"https:\/\/cdn.skin-heal.com\/wp-content\/uploads\/2020\/04\/Gana-HA-Body.jpg","contentUrl":"https:\/\/cdn.skin-heal.com\/wp-content\/uploads\/2020\/04\/Gana-HA-Body.jpg","width":600,"height":600,"caption":"Gana HA Body"},{"@type":"BreadcrumbList","@id":"https:\/\/skin-heal.com\/product\/gana-ha-body-50ml\/#breadcrumb","itemListElement":[{"@type":"ListItem","position":1,"name":"Home","item":"https:\/\/skin-heal.com\/"},{"@type":"ListItem","position":2,"name":"Store","item":"https:\/\/skin-heal.com\/store\/"},{"@type":"ListItem","position":3,"name":"Gana HA Body 50ml"}]},{"@type":"WebSite","@id":"https:\/\/skin-heal.com\/#website","url":"https:\/\/skin-heal.com\/","name":"Curaci\u00f3n de la piel","description":"Los precios m\u00e1s bajos para los rellenos d\u00e9rmicos","potentialAction":[{"@type":"SearchAction","target":{"@type":"EntryPoint","urlTemplate":"https:\/\/skin-heal.com\/?s={search_term_string}"},"query-input":{"@type":"PropertyValueSpecification","valueRequired":true,"valueName":"search_term_string"}}],"inLanguage":"es"}]}},"_links":{"self":[{"href":"https:\/\/skin-heal.com\/es\/wp-json\/wp\/v2\/product\/21016","targetHints":{"allow":["GET"]}}],"collection":[{"href":"https:\/\/skin-heal.com\/es\/wp-json\/wp\/v2\/product"}],"about":[{"href":"https:\/\/skin-heal.com\/es\/wp-json\/wp\/v2\/types\/product"}],"wp:featuredmedia":[{"embeddable":true,"href":"https:\/\/skin-heal.com\/es\/wp-json\/wp\/v2\/media\/21017"}],"wp:attachment":[{"href":"https:\/\/skin-heal.com\/es\/wp-json\/wp\/v2\/media?parent=21016"}],"wp:term":[{"taxonomy":"product_brand","embeddable":true,"href":"https:\/\/skin-heal.com\/es\/wp-json\/wp\/v2\/product_brand?post=21016"},{"taxonomy":"product_cat","embeddable":true,"href":"https:\/\/skin-heal.com\/es\/wp-json\/wp\/v2\/product_cat?post=21016"},{"taxonomy":"product_tag","embeddable":true,"href":"https:\/\/skin-heal.com\/es\/wp-json\/wp\/v2\/product_tag?post=21016"}],"curies":[{"name":"wp","href":"https:\/\/api.w.org\/{rel}","templated":true}]}}