{"id":21028,"date":"2020-04-29T12:09:52","date_gmt":"2020-04-29T12:09:52","guid":{"rendered":"https:\/\/skin-heal.com\/?post_type=product&#038;p=21028"},"modified":"2020-04-29T12:10:52","modified_gmt":"2020-04-29T12:10:52","slug":"smart-mirror-skin-analysis-device","status":"publish","type":"product","link":"https:\/\/skin-heal.com\/es\/producto\/smart-mirror-skin-analysis-device\/","title":{"rendered":"Espejo inteligente - Dispositivo de an\u00e1lisis de la piel"},"content":{"rendered":"<p>La m\u00e1quina cuenta con 10 modos de an\u00e1lisis incluidos en el software, que se realizan mediante un potente objetivo de 15 megap\u00edxeles y luces sin sombras 24HD. El manejo del dispositivo se realiza a trav\u00e9s de un panel LED muy c\u00f3modo de usar, que se puede girar a 180 grados. El software se instala en la parte superior de Windows 10 y se puede instalar cerrar la aplicaci\u00f3n e instalar cliente de correo adicional, por lo que puede enviar f\u00e1cilmente a los pacientes sus resultados y \/ o sus recomendaciones directamente desde la m\u00e1quina. Para mayor comodidad, puede crear, mantener y actualizar un perfil individual de cada uno de sus clientes, directamente en el dispositivo de an\u00e1lisis de la piel Smart Mirror. La pantalla LED es t\u00e1ctil y tiene un teclado en pantalla, sin embargo, puede conectar un rat\u00f3n y un teclado Bluetooth, para facilitar su uso. La m\u00e1quina puede conectarse a su red WiFi.<\/p>\n<p>En cuanto al funcionamiento real, es bastante sencillo: el paciente pone su cara delante de la c\u00e1mara y se cubre la cabeza con el escudo plegable. Con un solo clic\/toque puede iniciar el an\u00e1lisis inteligente, que tarda 10 segundos en la captura facial y otros 20 en el an\u00e1lisis cut\u00e1neo propiamente dicho. Los resultados de cada an\u00e1lisis de la piel proporcionan una amplia informaci\u00f3n y la m\u00e1quina ofrecer\u00e1 sugerencias autom\u00e1ticas para el tratamiento de la piel, basadas en los problemas de la piel que ha detectado.<\/p>\n<h3>Especificaciones t\u00e9cnicas del sistema de an\u00e1lisis de la piel Smart Mirror<\/h3>\n<ul>\n<li>10 modos de an\u00e1lisis<\/li>\n<li>24 luces separadas de alta definici\u00f3n y sin sombras<\/li>\n<li>Espectro de imagen de luz RGB, ultravioleta y pulsada<\/li>\n<li>Pantalla t\u00e1ctil de 10 pulgadas<\/li>\n<li>Sistema operativo Windows 10<\/li>\n<li>Software dedicado con perfiles de clientes, exportaci\u00f3n de an\u00e1lisis y tienda integrada<\/li>\n<\/ul>","protected":false},"excerpt":{"rendered":"<p>El Smart Mirror es un dispositivo revolucionario que puede facilitar enormemente el trabajo de cosmet\u00f3logos y dermat\u00f3logos. Es un sistema avanzado de an\u00e1lisis de la piel, que puede realizar 10 tipos diferentes de escaneo de la piel de su paciente, permitiendo obtener una informaci\u00f3n precisa sobre su estado. El sistema Smart Mirror es f\u00e1cil de manejar, puede conservar los datos de todos sus pacientes. Permite exportar el an\u00e1lisis junto con sus recomendaciones, para poder enviarlo por correo electr\u00f3nico al paciente. Adem\u00e1s, el software incluye una aplicaci\u00f3n de tienda, que puede utilizarse para vender los productos recomendados a los clientes de c.<\/p>","protected":false},"featured_media":21029,"template":"","meta":[],"product_brand":[],"product_cat":[87],"product_tag":[],"class_list":{"0":"post-21028","1":"product","2":"type-product","3":"status-publish","4":"has-post-thumbnail","6":"product_cat-cosmetics","7":"clearfix","9":"first","10":"instock","11":"taxable","12":"shipping-taxable","13":"purchasable","14":"product-type-simple"},"yoast_head":"<!-- This site is optimized with the Yoast SEO plugin v27.3 - https:\/\/yoast.com\/product\/yoast-seo-wordpress\/ -->\n<title>Smart Mirror - Skin Analysis Device - Skin Heal<\/title>\n<meta name=\"robots\" content=\"index, follow, max-snippet:-1, max-image-preview:large, max-video-preview:-1\" \/>\n<link rel=\"canonical\" href=\"https:\/\/skin-heal.com\/es\/producto\/smart-mirror-skin-analysis-device\/\" \/>\n<meta property=\"og:locale\" content=\"es_MX\" \/>\n<meta property=\"og:type\" content=\"article\" \/>\n<meta property=\"og:title\" content=\"Smart Mirror - Skin Analysis Device - Skin Heal\" \/>\n<meta property=\"og:description\" content=\"The Smart Mirror is a revolutionary device that can immensely ease the work of cosmeticians and dermatologists. An advanced skin analysis system, it can perform 10 different types of scan of the skin of your patient, allowing to get a precise information about its condition. The Smart Mirror system is easy to operate, can retain the data of all your patients. It allows for the analysis to be exported along with your recommendations, so it can be emailed to the patient. Additionally, the software includes a store application, which can be used to sell recommended products to c customers.\" \/>\n<meta property=\"og:url\" content=\"https:\/\/skin-heal.com\/es\/producto\/smart-mirror-skin-analysis-device\/\" \/>\n<meta property=\"og:site_name\" content=\"Skin Heal\" \/>\n<meta property=\"article:modified_time\" content=\"2020-04-29T12:10:52+00:00\" \/>\n<meta property=\"og:image\" content=\"https:\/\/cdn.skin-heal.com\/wp-content\/uploads\/2020\/04\/Smart-Mirror.jpg\" \/>\n\t<meta property=\"og:image:width\" content=\"600\" \/>\n\t<meta property=\"og:image:height\" content=\"600\" \/>\n\t<meta property=\"og:image:type\" content=\"image\/jpeg\" \/>\n<meta name=\"twitter:card\" content=\"summary_large_image\" \/>\n<meta name=\"twitter:label1\" content=\"Tiempo de lectura\" \/>\n\t<meta name=\"twitter:data1\" content=\"1 minuto\" \/>\n<script type=\"application\/ld+json\" class=\"yoast-schema-graph\">{\"@context\":\"https:\\\/\\\/schema.org\",\"@graph\":[{\"@type\":\"WebPage\",\"@id\":\"https:\\\/\\\/skin-heal.com\\\/product\\\/smart-mirror-skin-analysis-device\\\/\",\"url\":\"https:\\\/\\\/skin-heal.com\\\/product\\\/smart-mirror-skin-analysis-device\\\/\",\"name\":\"Smart Mirror - Skin Analysis Device - Skin Heal\",\"isPartOf\":{\"@id\":\"https:\\\/\\\/skin-heal.com\\\/#website\"},\"primaryImageOfPage\":{\"@id\":\"https:\\\/\\\/skin-heal.com\\\/product\\\/smart-mirror-skin-analysis-device\\\/#primaryimage\"},\"image\":{\"@id\":\"https:\\\/\\\/skin-heal.com\\\/product\\\/smart-mirror-skin-analysis-device\\\/#primaryimage\"},\"thumbnailUrl\":\"https:\\\/\\\/skin-heal.com\\\/wp-content\\\/uploads\\\/2020\\\/04\\\/Smart-Mirror.jpg\",\"datePublished\":\"2020-04-29T12:09:52+00:00\",\"dateModified\":\"2020-04-29T12:10:52+00:00\",\"breadcrumb\":{\"@id\":\"https:\\\/\\\/skin-heal.com\\\/product\\\/smart-mirror-skin-analysis-device\\\/#breadcrumb\"},\"inLanguage\":\"es\",\"potentialAction\":[{\"@type\":\"ReadAction\",\"target\":[\"https:\\\/\\\/skin-heal.com\\\/product\\\/smart-mirror-skin-analysis-device\\\/\"]}]},{\"@type\":\"ImageObject\",\"inLanguage\":\"es\",\"@id\":\"https:\\\/\\\/skin-heal.com\\\/product\\\/smart-mirror-skin-analysis-device\\\/#primaryimage\",\"url\":\"https:\\\/\\\/skin-heal.com\\\/wp-content\\\/uploads\\\/2020\\\/04\\\/Smart-Mirror.jpg\",\"contentUrl\":\"https:\\\/\\\/skin-heal.com\\\/wp-content\\\/uploads\\\/2020\\\/04\\\/Smart-Mirror.jpg\",\"width\":600,\"height\":600,\"caption\":\"Smart Mirror\"},{\"@type\":\"BreadcrumbList\",\"@id\":\"https:\\\/\\\/skin-heal.com\\\/product\\\/smart-mirror-skin-analysis-device\\\/#breadcrumb\",\"itemListElement\":[{\"@type\":\"ListItem\",\"position\":1,\"name\":\"Home\",\"item\":\"https:\\\/\\\/skin-heal.com\\\/\"},{\"@type\":\"ListItem\",\"position\":2,\"name\":\"Store\",\"item\":\"https:\\\/\\\/skin-heal.com\\\/store\\\/\"},{\"@type\":\"ListItem\",\"position\":3,\"name\":\"Smart Mirror &#8211; Skin Analysis Device\"}]},{\"@type\":\"WebSite\",\"@id\":\"https:\\\/\\\/skin-heal.com\\\/#website\",\"url\":\"https:\\\/\\\/skin-heal.com\\\/\",\"name\":\"Skin Heal\",\"description\":\"Lowest Prices for Dermal Fillers\",\"potentialAction\":[{\"@type\":\"SearchAction\",\"target\":{\"@type\":\"EntryPoint\",\"urlTemplate\":\"https:\\\/\\\/skin-heal.com\\\/?s={search_term_string}\"},\"query-input\":{\"@type\":\"PropertyValueSpecification\",\"valueRequired\":true,\"valueName\":\"search_term_string\"}}],\"inLanguage\":\"es\"}]}<\/script>\n<!-- \/ Yoast SEO plugin. -->","yoast_head_json":{"title":"Espejo inteligente - Dispositivo de an\u00e1lisis de la piel - Skin Heal","robots":{"index":"index","follow":"follow","max-snippet":"max-snippet:-1","max-image-preview":"max-image-preview:large","max-video-preview":"max-video-preview:-1"},"canonical":"https:\/\/skin-heal.com\/es\/producto\/smart-mirror-skin-analysis-device\/","og_locale":"es_MX","og_type":"article","og_title":"Smart Mirror - Skin Analysis Device - Skin Heal","og_description":"The Smart Mirror is a revolutionary device that can immensely ease the work of cosmeticians and dermatologists. An advanced skin analysis system, it can perform 10 different types of scan of the skin of your patient, allowing to get a precise information about its condition. The Smart Mirror system is easy to operate, can retain the data of all your patients. It allows for the analysis to be exported along with your recommendations, so it can be emailed to the patient. Additionally, the software includes a store application, which can be used to sell recommended products to c customers.","og_url":"https:\/\/skin-heal.com\/es\/producto\/smart-mirror-skin-analysis-device\/","og_site_name":"Skin Heal","article_modified_time":"2020-04-29T12:10:52+00:00","og_image":[{"width":600,"height":600,"url":"https:\/\/cdn.skin-heal.com\/wp-content\/uploads\/2020\/04\/Smart-Mirror.jpg","type":"image\/jpeg"}],"twitter_card":"summary_large_image","twitter_misc":{"Tiempo de lectura":"1 minuto"},"schema":{"@context":"https:\/\/schema.org","@graph":[{"@type":"WebPage","@id":"https:\/\/skin-heal.com\/product\/smart-mirror-skin-analysis-device\/","url":"https:\/\/skin-heal.com\/product\/smart-mirror-skin-analysis-device\/","name":"Espejo inteligente - Dispositivo de an\u00e1lisis de la piel - Skin Heal","isPartOf":{"@id":"https:\/\/skin-heal.com\/#website"},"primaryImageOfPage":{"@id":"https:\/\/skin-heal.com\/product\/smart-mirror-skin-analysis-device\/#primaryimage"},"image":{"@id":"https:\/\/skin-heal.com\/product\/smart-mirror-skin-analysis-device\/#primaryimage"},"thumbnailUrl":"https:\/\/cdn.skin-heal.com\/wp-content\/uploads\/2020\/04\/Smart-Mirror.jpg","datePublished":"2020-04-29T12:09:52+00:00","dateModified":"2020-04-29T12:10:52+00:00","breadcrumb":{"@id":"https:\/\/skin-heal.com\/product\/smart-mirror-skin-analysis-device\/#breadcrumb"},"inLanguage":"es","potentialAction":[{"@type":"ReadAction","target":["https:\/\/skin-heal.com\/product\/smart-mirror-skin-analysis-device\/"]}]},{"@type":"ImageObject","inLanguage":"es","@id":"https:\/\/skin-heal.com\/product\/smart-mirror-skin-analysis-device\/#primaryimage","url":"https:\/\/cdn.skin-heal.com\/wp-content\/uploads\/2020\/04\/Smart-Mirror.jpg","contentUrl":"https:\/\/cdn.skin-heal.com\/wp-content\/uploads\/2020\/04\/Smart-Mirror.jpg","width":600,"height":600,"caption":"Smart Mirror"},{"@type":"BreadcrumbList","@id":"https:\/\/skin-heal.com\/product\/smart-mirror-skin-analysis-device\/#breadcrumb","itemListElement":[{"@type":"ListItem","position":1,"name":"Home","item":"https:\/\/skin-heal.com\/"},{"@type":"ListItem","position":2,"name":"Store","item":"https:\/\/skin-heal.com\/store\/"},{"@type":"ListItem","position":3,"name":"Smart Mirror &#8211; Skin Analysis Device"}]},{"@type":"WebSite","@id":"https:\/\/skin-heal.com\/#website","url":"https:\/\/skin-heal.com\/","name":"Curaci\u00f3n de la piel","description":"Los precios m\u00e1s bajos para los rellenos d\u00e9rmicos","potentialAction":[{"@type":"SearchAction","target":{"@type":"EntryPoint","urlTemplate":"https:\/\/skin-heal.com\/?s={search_term_string}"},"query-input":{"@type":"PropertyValueSpecification","valueRequired":true,"valueName":"search_term_string"}}],"inLanguage":"es"}]}},"_links":{"self":[{"href":"https:\/\/skin-heal.com\/es\/wp-json\/wp\/v2\/product\/21028","targetHints":{"allow":["GET"]}}],"collection":[{"href":"https:\/\/skin-heal.com\/es\/wp-json\/wp\/v2\/product"}],"about":[{"href":"https:\/\/skin-heal.com\/es\/wp-json\/wp\/v2\/types\/product"}],"wp:featuredmedia":[{"embeddable":true,"href":"https:\/\/skin-heal.com\/es\/wp-json\/wp\/v2\/media\/21029"}],"wp:attachment":[{"href":"https:\/\/skin-heal.com\/es\/wp-json\/wp\/v2\/media?parent=21028"}],"wp:term":[{"taxonomy":"product_brand","embeddable":true,"href":"https:\/\/skin-heal.com\/es\/wp-json\/wp\/v2\/product_brand?post=21028"},{"taxonomy":"product_cat","embeddable":true,"href":"https:\/\/skin-heal.com\/es\/wp-json\/wp\/v2\/product_cat?post=21028"},{"taxonomy":"product_tag","embeddable":true,"href":"https:\/\/skin-heal.com\/es\/wp-json\/wp\/v2\/product_tag?post=21028"}],"curies":[{"name":"wp","href":"https:\/\/api.w.org\/{rel}","templated":true}]}}