{"id":21042,"date":"2020-04-30T13:02:28","date_gmt":"2020-04-30T10:02:28","guid":{"rendered":"https:\/\/skin-heal.com\/?post_type=product&#038;p=21042"},"modified":"2023-07-07T12:42:46","modified_gmt":"2023-07-07T09:42:46","slug":"dermaheal-eyebag-solution-5-x-1-5ml","status":"publish","type":"product","link":"https:\/\/skin-heal.com\/es\/producto\/dermaheal-eyebag-solution-5-x-1-5ml\/","title":{"rendered":"Soluci\u00f3n Dermaheal para bolsas de ojos (5 x 1,5 ml)"},"content":{"rendered":"<p>Aunque los dem\u00e1s productos de mesoterapia Dermaheal tambi\u00e9n tienen una influencia positiva en las bolsas de los ojos, este producto ofrece una soluci\u00f3n m\u00e1s espec\u00edfica y racional. Inyectado en la zona de los ojos, Dermaheal Eyebag Solution no s\u00f3lo se ocupa del problema de las bolsas de los ojos, directamente, sino que tiene un efecto beneficioso en todos los problemas que las acompa\u00f1an: arrugas, ojeras, formaci\u00f3n de dep\u00f3sitos de tejido graso bajo la piel.<\/p>\n<p>Los factores que provocan la formaci\u00f3n de bolsas en los ojos son muchos. Las razones m\u00e1s comunes son la fatiga, la falta de sue\u00f1o y el estr\u00e9s. Sin embargo, otros culpables notables de este problema de la piel bajo los ojos son algunas enfermedades, condiciones autoinmunes, factores ambientales, la dieta y m\u00e1s. Pero el resultado final es siempre el mismo: hinchaz\u00f3n bajo los ojos (a veces grave).<\/p>\n<p>Para hacer frente a los s\u00edntomas mencionados, la mesoterapia Dermaheal Eyebag reduce la hinchaz\u00f3n real y proh\u00edbe la obstrucci\u00f3n linf\u00e1tica, al tiempo que disuelve los tejidos grasos que puedan haberse acumulado en la zona. Adem\u00e1s, mejora el estado general de la piel alrededor de los ojos y aborda directamente los problemas secundarios, resultado de las bolsas de los ojos, como las arrugas, el oscurecimiento del tono de la piel y la p\u00e9rdida de humedad de la piel.<\/p>\n<h3>\u00bfCu\u00e1l es el secreto de la soluci\u00f3n Dermaheal para bolsas de ojos?<\/h3>\n<p>Como siempre con la mesoterapia Dermaheal - son los p\u00e9ptidos, siendo cuatro los principales ingredientes activos:<\/p>\n<ul>\n<li>Tripeptide-41 \/ CG-Lipoxyn<\/li>\n<li>Nonapeptide-18 \/ CG-Formade<\/li>\n<li>Oligopeptide-61 \/ CG-Cellsolin<\/li>\n<li>Oligopeptide-73 \/ CG-EPG<\/li>\n<\/ul>\n<p>El primero induce la lip\u00f3lisis y disuelve los tejidos grasos no deseados bajo los ojos. El segundo potencia el rejuvenecimiento de la piel, previniendo la formaci\u00f3n de arrugas, y tambi\u00e9n tiene una influencia beneficiosa sobre cualquier proceso inflamatorio en curso.  El tercero bloquea la adipog\u00e9nesis - la formaci\u00f3n de c\u00e9lulas grasas, y potencia el efecto lipo. El \u00faltimo reduce los efectos y protege la piel contra los factores ambientales, especialmente los rayos solares.<\/p>\n<h3>Protocolo de inyecci\u00f3n de Dermaheal Eyebag<\/h3>\n<p>El esquema de inyecci\u00f3n recomendado es un frasco, una vez a la semana. El n\u00famero de sesiones se determina por sus dermat\u00f3logos o cosmet\u00f3logos.<\/p>","protected":false},"excerpt":{"rendered":"<p>Dermaheal Eyebag Solution es un producto de mesoterapia especialmente desarrollado por Caregen para eliminar y prevenir la formaci\u00f3n de bolsas en los ojos. Al igual que el resto de la l\u00ednea de mesoterapia Dermaheal, Eyebags se basa en gran medida en el poder de los p\u00e9ptidos para ocuparse de uno de los problemas m\u00e1s comunes de la piel tanto de las mujeres como de los hombres. Con un complejo especial de p\u00e9ptidos, Dermaheal Eubag Solution proporcionar\u00e1 resultados efectivos y duraderos en el tratamiento de las bolsas de los ojos.<\/p>","protected":false},"featured_media":21045,"template":"","meta":[],"product_brand":[],"product_cat":[82,53,80,144],"product_tag":[146],"class_list":{"0":"post-21042","1":"product","2":"type-product","3":"status-publish","4":"has-post-thumbnail","6":"product_cat-caregen","7":"product_cat-dermaheal","8":"product_cat-mesotherapy","9":"product_cat-holiday-mega-sale","10":"product_tag-10off","11":"clearfix","13":"first","14":"instock","15":"sale","16":"taxable","17":"shipping-taxable","18":"purchasable","19":"product-type-simple"},"yoast_head":"<!-- This site is optimized with the Yoast SEO plugin v27.4 - https:\/\/yoast.com\/product\/yoast-seo-wordpress\/ -->\n<title>Dermaheal Eyebag Solution (5 x 1.5ml) - Skin Heal<\/title>\n<meta name=\"description\" content=\"Effective mesotherapy against eyebags, helping also with wrinkles, dark circles and swelling in the area under the eyes \u2013 Dermaheal Eyebag.\" \/>\n<meta name=\"robots\" content=\"index, follow, max-snippet:-1, max-image-preview:large, max-video-preview:-1\" \/>\n<link rel=\"canonical\" href=\"https:\/\/skin-heal.com\/es\/producto\/dermaheal-eyebag-solution-5-x-1-5ml\/\" \/>\n<meta property=\"og:locale\" content=\"es_MX\" \/>\n<meta property=\"og:type\" content=\"article\" \/>\n<meta property=\"og:title\" content=\"Dermaheal Eyebag Solution (5 x 1.5ml) - Skin Heal\" \/>\n<meta property=\"og:description\" content=\"Effective mesotherapy against eyebags, helping also with wrinkles, dark circles and swelling in the area under the eyes \u2013 Dermaheal Eyebag.\" \/>\n<meta property=\"og:url\" content=\"https:\/\/skin-heal.com\/es\/producto\/dermaheal-eyebag-solution-5-x-1-5ml\/\" \/>\n<meta property=\"og:site_name\" content=\"Skin Heal\" \/>\n<meta property=\"article:modified_time\" content=\"2023-07-07T09:42:46+00:00\" \/>\n<meta property=\"og:image\" content=\"https:\/\/cdn.skin-heal.com\/wp-content\/uploads\/2020\/04\/Dermaheal-Eyebag-Solution-large-box.jpg\" \/>\n\t<meta property=\"og:image:width\" content=\"600\" \/>\n\t<meta property=\"og:image:height\" content=\"600\" \/>\n\t<meta property=\"og:image:type\" content=\"image\/jpeg\" \/>\n<meta name=\"twitter:card\" content=\"summary_large_image\" \/>\n<meta name=\"twitter:label1\" content=\"Tiempo de lectura\" \/>\n\t<meta name=\"twitter:data1\" content=\"1 minuto\" \/>\n<script type=\"application\/ld+json\" class=\"yoast-schema-graph\">{\"@context\":\"https:\\\/\\\/schema.org\",\"@graph\":[{\"@type\":\"WebPage\",\"@id\":\"https:\\\/\\\/skin-heal.com\\\/product\\\/dermaheal-eyebag-solution-5-x-1-5ml\\\/\",\"url\":\"https:\\\/\\\/skin-heal.com\\\/product\\\/dermaheal-eyebag-solution-5-x-1-5ml\\\/\",\"name\":\"Dermaheal Eyebag Solution (5 x 1.5ml) - Skin Heal\",\"isPartOf\":{\"@id\":\"https:\\\/\\\/skin-heal.com\\\/#website\"},\"primaryImageOfPage\":{\"@id\":\"https:\\\/\\\/skin-heal.com\\\/product\\\/dermaheal-eyebag-solution-5-x-1-5ml\\\/#primaryimage\"},\"image\":{\"@id\":\"https:\\\/\\\/skin-heal.com\\\/product\\\/dermaheal-eyebag-solution-5-x-1-5ml\\\/#primaryimage\"},\"thumbnailUrl\":\"https:\\\/\\\/skin-heal.com\\\/wp-content\\\/uploads\\\/2020\\\/04\\\/Dermaheal-Eyebag-Solution-large-box.jpg\",\"datePublished\":\"2020-04-30T10:02:28+00:00\",\"dateModified\":\"2023-07-07T09:42:46+00:00\",\"description\":\"Effective mesotherapy against eyebags, helping also with wrinkles, dark circles and swelling in the area under the eyes \u2013 Dermaheal Eyebag.\",\"breadcrumb\":{\"@id\":\"https:\\\/\\\/skin-heal.com\\\/product\\\/dermaheal-eyebag-solution-5-x-1-5ml\\\/#breadcrumb\"},\"inLanguage\":\"es\",\"potentialAction\":[{\"@type\":\"ReadAction\",\"target\":[\"https:\\\/\\\/skin-heal.com\\\/product\\\/dermaheal-eyebag-solution-5-x-1-5ml\\\/\"]}]},{\"@type\":\"ImageObject\",\"inLanguage\":\"es\",\"@id\":\"https:\\\/\\\/skin-heal.com\\\/product\\\/dermaheal-eyebag-solution-5-x-1-5ml\\\/#primaryimage\",\"url\":\"https:\\\/\\\/skin-heal.com\\\/wp-content\\\/uploads\\\/2020\\\/04\\\/Dermaheal-Eyebag-Solution-large-box.jpg\",\"contentUrl\":\"https:\\\/\\\/skin-heal.com\\\/wp-content\\\/uploads\\\/2020\\\/04\\\/Dermaheal-Eyebag-Solution-large-box.jpg\",\"width\":600,\"height\":600,\"caption\":\"Dermaheal Eyebag Solution - large box\"},{\"@type\":\"BreadcrumbList\",\"@id\":\"https:\\\/\\\/skin-heal.com\\\/product\\\/dermaheal-eyebag-solution-5-x-1-5ml\\\/#breadcrumb\",\"itemListElement\":[{\"@type\":\"ListItem\",\"position\":1,\"name\":\"Home\",\"item\":\"https:\\\/\\\/skin-heal.com\\\/\"},{\"@type\":\"ListItem\",\"position\":2,\"name\":\"Store\",\"item\":\"https:\\\/\\\/skin-heal.com\\\/store\\\/\"},{\"@type\":\"ListItem\",\"position\":3,\"name\":\"Dermaheal Eyebag Solution (5 x 1.5ml)\"}]},{\"@type\":\"WebSite\",\"@id\":\"https:\\\/\\\/skin-heal.com\\\/#website\",\"url\":\"https:\\\/\\\/skin-heal.com\\\/\",\"name\":\"Skin Heal\",\"description\":\"Lowest Prices for Dermal Fillers\",\"potentialAction\":[{\"@type\":\"SearchAction\",\"target\":{\"@type\":\"EntryPoint\",\"urlTemplate\":\"https:\\\/\\\/skin-heal.com\\\/?s={search_term_string}\"},\"query-input\":{\"@type\":\"PropertyValueSpecification\",\"valueRequired\":true,\"valueName\":\"search_term_string\"}}],\"inLanguage\":\"es\"}]}<\/script>\n<!-- \/ Yoast SEO plugin. -->","yoast_head_json":{"title":"Soluci\u00f3n Dermaheal para bolsas de los ojos (5 x 1,5ml) - Skin Heal","description":"Mesoterapia eficaz contra las bolsas de los ojos, ayudando tambi\u00e9n con las arrugas, ojeras e hinchaz\u00f3n en la zona debajo de los ojos - Dermaheal Eyebag.","robots":{"index":"index","follow":"follow","max-snippet":"max-snippet:-1","max-image-preview":"max-image-preview:large","max-video-preview":"max-video-preview:-1"},"canonical":"https:\/\/skin-heal.com\/es\/producto\/dermaheal-eyebag-solution-5-x-1-5ml\/","og_locale":"es_MX","og_type":"article","og_title":"Dermaheal Eyebag Solution (5 x 1.5ml) - Skin Heal","og_description":"Effective mesotherapy against eyebags, helping also with wrinkles, dark circles and swelling in the area under the eyes \u2013 Dermaheal Eyebag.","og_url":"https:\/\/skin-heal.com\/es\/producto\/dermaheal-eyebag-solution-5-x-1-5ml\/","og_site_name":"Skin Heal","article_modified_time":"2023-07-07T09:42:46+00:00","og_image":[{"width":600,"height":600,"url":"https:\/\/cdn.skin-heal.com\/wp-content\/uploads\/2020\/04\/Dermaheal-Eyebag-Solution-large-box.jpg","type":"image\/jpeg"}],"twitter_card":"summary_large_image","twitter_misc":{"Tiempo de lectura":"1 minuto"},"schema":{"@context":"https:\/\/schema.org","@graph":[{"@type":"WebPage","@id":"https:\/\/skin-heal.com\/product\/dermaheal-eyebag-solution-5-x-1-5ml\/","url":"https:\/\/skin-heal.com\/product\/dermaheal-eyebag-solution-5-x-1-5ml\/","name":"Soluci\u00f3n Dermaheal para bolsas de los ojos (5 x 1,5ml) - Skin Heal","isPartOf":{"@id":"https:\/\/skin-heal.com\/#website"},"primaryImageOfPage":{"@id":"https:\/\/skin-heal.com\/product\/dermaheal-eyebag-solution-5-x-1-5ml\/#primaryimage"},"image":{"@id":"https:\/\/skin-heal.com\/product\/dermaheal-eyebag-solution-5-x-1-5ml\/#primaryimage"},"thumbnailUrl":"https:\/\/cdn.skin-heal.com\/wp-content\/uploads\/2020\/04\/Dermaheal-Eyebag-Solution-large-box.jpg","datePublished":"2020-04-30T10:02:28+00:00","dateModified":"2023-07-07T09:42:46+00:00","description":"Mesoterapia eficaz contra las bolsas de los ojos, ayudando tambi\u00e9n con las arrugas, ojeras e hinchaz\u00f3n en la zona debajo de los ojos - Dermaheal Eyebag.","breadcrumb":{"@id":"https:\/\/skin-heal.com\/product\/dermaheal-eyebag-solution-5-x-1-5ml\/#breadcrumb"},"inLanguage":"es","potentialAction":[{"@type":"ReadAction","target":["https:\/\/skin-heal.com\/product\/dermaheal-eyebag-solution-5-x-1-5ml\/"]}]},{"@type":"ImageObject","inLanguage":"es","@id":"https:\/\/skin-heal.com\/product\/dermaheal-eyebag-solution-5-x-1-5ml\/#primaryimage","url":"https:\/\/cdn.skin-heal.com\/wp-content\/uploads\/2020\/04\/Dermaheal-Eyebag-Solution-large-box.jpg","contentUrl":"https:\/\/cdn.skin-heal.com\/wp-content\/uploads\/2020\/04\/Dermaheal-Eyebag-Solution-large-box.jpg","width":600,"height":600,"caption":"Dermaheal Eyebag Solution - large box"},{"@type":"BreadcrumbList","@id":"https:\/\/skin-heal.com\/product\/dermaheal-eyebag-solution-5-x-1-5ml\/#breadcrumb","itemListElement":[{"@type":"ListItem","position":1,"name":"Home","item":"https:\/\/skin-heal.com\/"},{"@type":"ListItem","position":2,"name":"Store","item":"https:\/\/skin-heal.com\/store\/"},{"@type":"ListItem","position":3,"name":"Dermaheal Eyebag Solution (5 x 1.5ml)"}]},{"@type":"WebSite","@id":"https:\/\/skin-heal.com\/#website","url":"https:\/\/skin-heal.com\/","name":"Curaci\u00f3n de la piel","description":"Los precios m\u00e1s bajos para los rellenos d\u00e9rmicos","potentialAction":[{"@type":"SearchAction","target":{"@type":"EntryPoint","urlTemplate":"https:\/\/skin-heal.com\/?s={search_term_string}"},"query-input":{"@type":"PropertyValueSpecification","valueRequired":true,"valueName":"search_term_string"}}],"inLanguage":"es"}]}},"_links":{"self":[{"href":"https:\/\/skin-heal.com\/es\/wp-json\/wp\/v2\/product\/21042","targetHints":{"allow":["GET"]}}],"collection":[{"href":"https:\/\/skin-heal.com\/es\/wp-json\/wp\/v2\/product"}],"about":[{"href":"https:\/\/skin-heal.com\/es\/wp-json\/wp\/v2\/types\/product"}],"wp:featuredmedia":[{"embeddable":true,"href":"https:\/\/skin-heal.com\/es\/wp-json\/wp\/v2\/media\/21045"}],"wp:attachment":[{"href":"https:\/\/skin-heal.com\/es\/wp-json\/wp\/v2\/media?parent=21042"}],"wp:term":[{"taxonomy":"product_brand","embeddable":true,"href":"https:\/\/skin-heal.com\/es\/wp-json\/wp\/v2\/product_brand?post=21042"},{"taxonomy":"product_cat","embeddable":true,"href":"https:\/\/skin-heal.com\/es\/wp-json\/wp\/v2\/product_cat?post=21042"},{"taxonomy":"product_tag","embeddable":true,"href":"https:\/\/skin-heal.com\/es\/wp-json\/wp\/v2\/product_tag?post=21042"}],"curies":[{"name":"wp","href":"https:\/\/api.w.org\/{rel}","templated":true}]}}