{"id":21043,"date":"2020-04-30T13:03:14","date_gmt":"2020-04-30T10:03:14","guid":{"rendered":"https:\/\/skin-heal.com\/?post_type=product&#038;p=21043"},"modified":"2023-07-07T12:42:45","modified_gmt":"2023-07-07T09:42:45","slug":"dermaheal-dark-circle-5-x-1-5ml","status":"publish","type":"product","link":"https:\/\/skin-heal.com\/es\/producto\/dermaheal-dark-circle-5-x-1-5ml\/","title":{"rendered":"Dermaheal Ojeras (5 x 1,5ml)"},"content":{"rendered":"<p>Para conseguir el resultado adecuado, cualquier producto de mesoterapia debe utilizar los ingredientes activos adecuados. Toda la l\u00ednea de mesoterapia Dermaheal se basa en gran medida en p\u00e9ptidos biomim\u00e9ticos para lograr una variedad de efectos beneficiosos para la piel.<\/p>\n<ul>\n<li>Oligopeptide-34 \/ CG-TGP2<\/li>\n<li>Oligopeptide-24 \/ CG-EDP3<\/li>\n<li>Decapeptide-4 \/ CG-IDP2<\/li>\n<\/ul>\n<h3>Oligopeptide-34<\/h3>\n<p>El primero se utiliza en la industria de la belleza en productos para aclarar la piel. Las manchas de la edad, el oscurecimiento causado por el sol y los cambios de tono en general son problemas muy comunes y los principales problemas de las personas con ojeras. El oligop\u00e9ptido 34 ayuda a aclarar la piel y a equilibrar su tono, a la vez que ofrece protecci\u00f3n contra los factores ambientales que podr\u00edan provocar un r\u00e1pido aumento de la producci\u00f3n de melanina (que reduce), como los rayos solares y la luz UV.<\/p>\n<h3>Oligopeptide-24<\/h3>\n<p>El Oligopeptide-24 ayuda a mejorar el estado general de la piel. Las ojeras son una de las principales causas de las arrugas bajo los ojos. Este p\u00e9ptido biomim\u00e9tico tiene un fuerte efecto reafirmante en la piel, que endereza las arrugas y mejora la elasticidad. Potencia la capacidad de regeneraci\u00f3n natural de la piel, lo que puede ayudar a evitar la formaci\u00f3n de futuras ojeras.<\/p>\n<h3>Decapeptide-4<\/h3>\n<p>Y el \u00faltimo - Decapeptide-4, potencia el efecto antiedad de Dermaheal Dark Circle. Las ojeras son a menudo causadas por el envejecimiento prematuro, pero este p\u00e9ptido abordar\u00e1 el problema para aumentar la regeneraci\u00f3n y la formaci\u00f3n de c\u00e9lulas en el \u00e1rea de la inyecci\u00f3n, as\u00ed como aumentar dr\u00e1sticamente la producci\u00f3n de col\u00e1geno y elastina en la piel - los dos factores principales para una piel sana, suave y el\u00e1stica.<\/p>\n<p>\u00bfC\u00f3mo se inyecta Dermaheal Ojeras?<\/p>\n<p>Aplicar una ampolla del producto por sesi\u00f3n, con un m\u00e1ximo de una sesi\u00f3n cada siete d\u00edas. Continuar con la mesoterapia Dermaheal Dark Circle hasta la completa eliminaci\u00f3n del problema cut\u00e1neo, siendo la duraci\u00f3n del curso determinada por su dermat\u00f3logo\/cosm\u00e9tico.\u0437<\/p>","protected":false},"excerpt":{"rendered":"<p>Gracias a un potente complejo de p\u00e9ptidos biomim\u00e9ticos, Dermaheal Dark Circle ayuda a los pacientes a deshacerse de, probablemente, el problema m\u00e1s com\u00fan de una zona del rostro. A menudo precursoras de las bolsas de los ojos, las ojeras son los primeros signos de falta de sue\u00f1o, estr\u00e9s, fatiga cr\u00f3nica, pero tambi\u00e9n, a veces, los primeros signos de problemas de salud. Unas pocas noches de falta de sue\u00f1o o de sue\u00f1o insuficiente son suficientes para provocar la aparici\u00f3n de ojeras, pero esta mesoterapia Dermaheal eliminar\u00e1 r\u00e1pidamente los tonos m\u00e1s oscuros y enderezar\u00e1 las l\u00edneas de la piel.<\/p>","protected":false},"featured_media":21044,"template":"","meta":[],"product_brand":[],"product_cat":[82,53,80,144],"product_tag":[146],"class_list":{"0":"post-21043","1":"product","2":"type-product","3":"status-publish","4":"has-post-thumbnail","6":"product_cat-caregen","7":"product_cat-dermaheal","8":"product_cat-mesotherapy","9":"product_cat-holiday-mega-sale","10":"product_tag-10off","11":"clearfix","13":"first","14":"instock","15":"sale","16":"taxable","17":"shipping-taxable","18":"purchasable","19":"product-type-simple"},"yoast_head":"<!-- This site is optimized with the Yoast SEO plugin v27.3 - https:\/\/yoast.com\/product\/yoast-seo-wordpress\/ -->\n<title>Dermaheal Dark Circle (5 x 1.5ml) - Skin Heal<\/title>\n<meta name=\"description\" content=\"Dermaheal Dark Circle is the most effective mesotherapy for dealing is a common problem. Dark circle and wrinkles in the eye area removal product.\" \/>\n<meta name=\"robots\" content=\"index, follow, max-snippet:-1, max-image-preview:large, max-video-preview:-1\" \/>\n<link rel=\"canonical\" href=\"https:\/\/skin-heal.com\/es\/producto\/dermaheal-dark-circle-5-x-1-5ml\/\" \/>\n<meta property=\"og:locale\" content=\"es_MX\" \/>\n<meta property=\"og:type\" content=\"article\" \/>\n<meta property=\"og:title\" content=\"Dermaheal Dark Circle (5 x 1.5ml) - Skin Heal\" \/>\n<meta property=\"og:description\" content=\"Dermaheal Dark Circle is the most effective mesotherapy for dealing is a common problem. Dark circle and wrinkles in the eye area removal product.\" \/>\n<meta property=\"og:url\" content=\"https:\/\/skin-heal.com\/es\/producto\/dermaheal-dark-circle-5-x-1-5ml\/\" \/>\n<meta property=\"og:site_name\" content=\"Skin Heal\" \/>\n<meta property=\"article:modified_time\" content=\"2023-07-07T09:42:45+00:00\" \/>\n<meta property=\"og:image\" content=\"https:\/\/cdn.skin-heal.com\/wp-content\/uploads\/2020\/04\/Dermaheal-Dark-Circle-Solution-large-box.jpg\" \/>\n\t<meta property=\"og:image:width\" content=\"600\" \/>\n\t<meta property=\"og:image:height\" content=\"600\" \/>\n\t<meta property=\"og:image:type\" content=\"image\/jpeg\" \/>\n<meta name=\"twitter:card\" content=\"summary_large_image\" \/>\n<meta name=\"twitter:label1\" content=\"Tiempo de lectura\" \/>\n\t<meta name=\"twitter:data1\" content=\"1 minuto\" \/>\n<script type=\"application\/ld+json\" class=\"yoast-schema-graph\">{\"@context\":\"https:\\\/\\\/schema.org\",\"@graph\":[{\"@type\":\"WebPage\",\"@id\":\"https:\\\/\\\/skin-heal.com\\\/product\\\/dermaheal-dark-circle-5-x-1-5ml\\\/\",\"url\":\"https:\\\/\\\/skin-heal.com\\\/product\\\/dermaheal-dark-circle-5-x-1-5ml\\\/\",\"name\":\"Dermaheal Dark Circle (5 x 1.5ml) - Skin Heal\",\"isPartOf\":{\"@id\":\"https:\\\/\\\/skin-heal.com\\\/#website\"},\"primaryImageOfPage\":{\"@id\":\"https:\\\/\\\/skin-heal.com\\\/product\\\/dermaheal-dark-circle-5-x-1-5ml\\\/#primaryimage\"},\"image\":{\"@id\":\"https:\\\/\\\/skin-heal.com\\\/product\\\/dermaheal-dark-circle-5-x-1-5ml\\\/#primaryimage\"},\"thumbnailUrl\":\"https:\\\/\\\/skin-heal.com\\\/wp-content\\\/uploads\\\/2020\\\/04\\\/Dermaheal-Dark-Circle-Solution-large-box.jpg\",\"datePublished\":\"2020-04-30T10:03:14+00:00\",\"dateModified\":\"2023-07-07T09:42:45+00:00\",\"description\":\"Dermaheal Dark Circle is the most effective mesotherapy for dealing is a common problem. Dark circle and wrinkles in the eye area removal product.\",\"breadcrumb\":{\"@id\":\"https:\\\/\\\/skin-heal.com\\\/product\\\/dermaheal-dark-circle-5-x-1-5ml\\\/#breadcrumb\"},\"inLanguage\":\"es\",\"potentialAction\":[{\"@type\":\"ReadAction\",\"target\":[\"https:\\\/\\\/skin-heal.com\\\/product\\\/dermaheal-dark-circle-5-x-1-5ml\\\/\"]}]},{\"@type\":\"ImageObject\",\"inLanguage\":\"es\",\"@id\":\"https:\\\/\\\/skin-heal.com\\\/product\\\/dermaheal-dark-circle-5-x-1-5ml\\\/#primaryimage\",\"url\":\"https:\\\/\\\/skin-heal.com\\\/wp-content\\\/uploads\\\/2020\\\/04\\\/Dermaheal-Dark-Circle-Solution-large-box.jpg\",\"contentUrl\":\"https:\\\/\\\/skin-heal.com\\\/wp-content\\\/uploads\\\/2020\\\/04\\\/Dermaheal-Dark-Circle-Solution-large-box.jpg\",\"width\":600,\"height\":600,\"caption\":\"Dermaheal Dark Circle Solution - large box\"},{\"@type\":\"BreadcrumbList\",\"@id\":\"https:\\\/\\\/skin-heal.com\\\/product\\\/dermaheal-dark-circle-5-x-1-5ml\\\/#breadcrumb\",\"itemListElement\":[{\"@type\":\"ListItem\",\"position\":1,\"name\":\"Home\",\"item\":\"https:\\\/\\\/skin-heal.com\\\/\"},{\"@type\":\"ListItem\",\"position\":2,\"name\":\"Store\",\"item\":\"https:\\\/\\\/skin-heal.com\\\/store\\\/\"},{\"@type\":\"ListItem\",\"position\":3,\"name\":\"Dermaheal Dark Circle (5 x 1.5ml)\"}]},{\"@type\":\"WebSite\",\"@id\":\"https:\\\/\\\/skin-heal.com\\\/#website\",\"url\":\"https:\\\/\\\/skin-heal.com\\\/\",\"name\":\"Skin Heal\",\"description\":\"Lowest Prices for Dermal Fillers\",\"potentialAction\":[{\"@type\":\"SearchAction\",\"target\":{\"@type\":\"EntryPoint\",\"urlTemplate\":\"https:\\\/\\\/skin-heal.com\\\/?s={search_term_string}\"},\"query-input\":{\"@type\":\"PropertyValueSpecification\",\"valueRequired\":true,\"valueName\":\"search_term_string\"}}],\"inLanguage\":\"es\"}]}<\/script>\n<!-- \/ Yoast SEO plugin. -->","yoast_head_json":{"title":"Dermaheal Ojeras (5 x 1,5ml) - Skin Heal","description":"Dermaheal Dark Circle es la mesoterapia m\u00e1s eficaz para hacer frente es un problema com\u00fan. C\u00edrculo oscuro y arrugas en el producto de eliminaci\u00f3n de \u00e1rea de los ojos.","robots":{"index":"index","follow":"follow","max-snippet":"max-snippet:-1","max-image-preview":"max-image-preview:large","max-video-preview":"max-video-preview:-1"},"canonical":"https:\/\/skin-heal.com\/es\/producto\/dermaheal-dark-circle-5-x-1-5ml\/","og_locale":"es_MX","og_type":"article","og_title":"Dermaheal Dark Circle (5 x 1.5ml) - Skin Heal","og_description":"Dermaheal Dark Circle is the most effective mesotherapy for dealing is a common problem. Dark circle and wrinkles in the eye area removal product.","og_url":"https:\/\/skin-heal.com\/es\/producto\/dermaheal-dark-circle-5-x-1-5ml\/","og_site_name":"Skin Heal","article_modified_time":"2023-07-07T09:42:45+00:00","og_image":[{"width":600,"height":600,"url":"https:\/\/cdn.skin-heal.com\/wp-content\/uploads\/2020\/04\/Dermaheal-Dark-Circle-Solution-large-box.jpg","type":"image\/jpeg"}],"twitter_card":"summary_large_image","twitter_misc":{"Tiempo de lectura":"1 minuto"},"schema":{"@context":"https:\/\/schema.org","@graph":[{"@type":"WebPage","@id":"https:\/\/skin-heal.com\/product\/dermaheal-dark-circle-5-x-1-5ml\/","url":"https:\/\/skin-heal.com\/product\/dermaheal-dark-circle-5-x-1-5ml\/","name":"Dermaheal Ojeras (5 x 1,5ml) - Skin Heal","isPartOf":{"@id":"https:\/\/skin-heal.com\/#website"},"primaryImageOfPage":{"@id":"https:\/\/skin-heal.com\/product\/dermaheal-dark-circle-5-x-1-5ml\/#primaryimage"},"image":{"@id":"https:\/\/skin-heal.com\/product\/dermaheal-dark-circle-5-x-1-5ml\/#primaryimage"},"thumbnailUrl":"https:\/\/cdn.skin-heal.com\/wp-content\/uploads\/2020\/04\/Dermaheal-Dark-Circle-Solution-large-box.jpg","datePublished":"2020-04-30T10:03:14+00:00","dateModified":"2023-07-07T09:42:45+00:00","description":"Dermaheal Dark Circle es la mesoterapia m\u00e1s eficaz para hacer frente es un problema com\u00fan. C\u00edrculo oscuro y arrugas en el producto de eliminaci\u00f3n de \u00e1rea de los ojos.","breadcrumb":{"@id":"https:\/\/skin-heal.com\/product\/dermaheal-dark-circle-5-x-1-5ml\/#breadcrumb"},"inLanguage":"es","potentialAction":[{"@type":"ReadAction","target":["https:\/\/skin-heal.com\/product\/dermaheal-dark-circle-5-x-1-5ml\/"]}]},{"@type":"ImageObject","inLanguage":"es","@id":"https:\/\/skin-heal.com\/product\/dermaheal-dark-circle-5-x-1-5ml\/#primaryimage","url":"https:\/\/cdn.skin-heal.com\/wp-content\/uploads\/2020\/04\/Dermaheal-Dark-Circle-Solution-large-box.jpg","contentUrl":"https:\/\/cdn.skin-heal.com\/wp-content\/uploads\/2020\/04\/Dermaheal-Dark-Circle-Solution-large-box.jpg","width":600,"height":600,"caption":"Dermaheal Dark Circle Solution - large box"},{"@type":"BreadcrumbList","@id":"https:\/\/skin-heal.com\/product\/dermaheal-dark-circle-5-x-1-5ml\/#breadcrumb","itemListElement":[{"@type":"ListItem","position":1,"name":"Home","item":"https:\/\/skin-heal.com\/"},{"@type":"ListItem","position":2,"name":"Store","item":"https:\/\/skin-heal.com\/store\/"},{"@type":"ListItem","position":3,"name":"Dermaheal Dark Circle (5 x 1.5ml)"}]},{"@type":"WebSite","@id":"https:\/\/skin-heal.com\/#website","url":"https:\/\/skin-heal.com\/","name":"Curaci\u00f3n de la piel","description":"Los precios m\u00e1s bajos para los rellenos d\u00e9rmicos","potentialAction":[{"@type":"SearchAction","target":{"@type":"EntryPoint","urlTemplate":"https:\/\/skin-heal.com\/?s={search_term_string}"},"query-input":{"@type":"PropertyValueSpecification","valueRequired":true,"valueName":"search_term_string"}}],"inLanguage":"es"}]}},"_links":{"self":[{"href":"https:\/\/skin-heal.com\/es\/wp-json\/wp\/v2\/product\/21043","targetHints":{"allow":["GET"]}}],"collection":[{"href":"https:\/\/skin-heal.com\/es\/wp-json\/wp\/v2\/product"}],"about":[{"href":"https:\/\/skin-heal.com\/es\/wp-json\/wp\/v2\/types\/product"}],"wp:featuredmedia":[{"embeddable":true,"href":"https:\/\/skin-heal.com\/es\/wp-json\/wp\/v2\/media\/21044"}],"wp:attachment":[{"href":"https:\/\/skin-heal.com\/es\/wp-json\/wp\/v2\/media?parent=21043"}],"wp:term":[{"taxonomy":"product_brand","embeddable":true,"href":"https:\/\/skin-heal.com\/es\/wp-json\/wp\/v2\/product_brand?post=21043"},{"taxonomy":"product_cat","embeddable":true,"href":"https:\/\/skin-heal.com\/es\/wp-json\/wp\/v2\/product_cat?post=21043"},{"taxonomy":"product_tag","embeddable":true,"href":"https:\/\/skin-heal.com\/es\/wp-json\/wp\/v2\/product_tag?post=21043"}],"curies":[{"name":"wp","href":"https:\/\/api.w.org\/{rel}","templated":true}]}}