{"id":21069,"date":"2020-04-30T16:50:47","date_gmt":"2020-04-30T16:50:47","guid":{"rendered":"https:\/\/skin-heal.com\/product\/filorga-nctf-135-5-x-3ml\/"},"modified":"2020-06-02T07:17:12","modified_gmt":"2020-06-02T07:17:12","slug":"filorga-nctf-135-5-x-3ml","status":"publish","type":"product","link":"https:\/\/skin-heal.com\/es\/producto\/filorga-nctf-135-5-x-3ml\/","title":{"rendered":"Filorga NCTF 135 (5 x 3ml)"},"content":{"rendered":"","protected":false},"excerpt":{"rendered":"","protected":false},"featured_media":0,"template":"","meta":[],"product_brand":[],"product_cat":[79],"product_tag":[125],"class_list":{"0":"post-21069","1":"product","2":"type-product","3":"status-publish","5":"product_cat-dermal-fillers","6":"product_tag-backorder","7":"clearfix","9":"first","10":"onbackorder","11":"taxable","12":"shipping-taxable","13":"purchasable","14":"product-type-simple"},"yoast_head":"<!-- This site is optimized with the Yoast SEO plugin v27.4 - https:\/\/yoast.com\/product\/yoast-seo-wordpress\/ -->\n<title>Filorga NCTF 135 (5 x 3ml) - Skin Heal<\/title>\n<meta name=\"robots\" content=\"index, follow, max-snippet:-1, max-image-preview:large, max-video-preview:-1\" \/>\n<link rel=\"canonical\" href=\"https:\/\/skin-heal.com\/es\/producto\/filorga-nctf-135-5-x-3ml\/\" \/>\n<meta property=\"og:locale\" content=\"es_MX\" \/>\n<meta property=\"og:type\" content=\"article\" \/>\n<meta property=\"og:title\" content=\"Filorga NCTF 135 (5 x 3ml) - Skin Heal\" \/>\n<meta property=\"og:url\" content=\"https:\/\/skin-heal.com\/es\/producto\/filorga-nctf-135-5-x-3ml\/\" \/>\n<meta property=\"og:site_name\" content=\"Skin Heal\" \/>\n<meta property=\"article:modified_time\" content=\"2020-06-02T07:17:12+00:00\" \/>\n<meta property=\"og:image\" content=\"https:\/\/cdn.skin-heal.com\/wp-content\/uploads\/2018\/11\/SH-logo-3.png\" \/>\n\t<meta property=\"og:image:width\" content=\"350\" \/>\n\t<meta property=\"og:image:height\" content=\"139\" \/>\n\t<meta property=\"og:image:type\" content=\"image\/png\" \/>\n<meta name=\"twitter:card\" content=\"summary_large_image\" \/>\n<script type=\"application\/ld+json\" class=\"yoast-schema-graph\">{\"@context\":\"https:\\\/\\\/schema.org\",\"@graph\":[{\"@type\":\"WebPage\",\"@id\":\"https:\\\/\\\/skin-heal.com\\\/product\\\/filorga-nctf-135-5-x-3ml\\\/\",\"url\":\"https:\\\/\\\/skin-heal.com\\\/product\\\/filorga-nctf-135-5-x-3ml\\\/\",\"name\":\"Filorga NCTF 135 (5 x 3ml) - Skin Heal\",\"isPartOf\":{\"@id\":\"https:\\\/\\\/skin-heal.com\\\/#website\"},\"datePublished\":\"2020-04-30T16:50:47+00:00\",\"dateModified\":\"2020-06-02T07:17:12+00:00\",\"breadcrumb\":{\"@id\":\"https:\\\/\\\/skin-heal.com\\\/product\\\/filorga-nctf-135-5-x-3ml\\\/#breadcrumb\"},\"inLanguage\":\"es\",\"potentialAction\":[{\"@type\":\"ReadAction\",\"target\":[\"https:\\\/\\\/skin-heal.com\\\/product\\\/filorga-nctf-135-5-x-3ml\\\/\"]}]},{\"@type\":\"BreadcrumbList\",\"@id\":\"https:\\\/\\\/skin-heal.com\\\/product\\\/filorga-nctf-135-5-x-3ml\\\/#breadcrumb\",\"itemListElement\":[{\"@type\":\"ListItem\",\"position\":1,\"name\":\"Home\",\"item\":\"https:\\\/\\\/skin-heal.com\\\/\"},{\"@type\":\"ListItem\",\"position\":2,\"name\":\"Store\",\"item\":\"https:\\\/\\\/skin-heal.com\\\/store\\\/\"},{\"@type\":\"ListItem\",\"position\":3,\"name\":\"Filorga NCTF 135 (5 x 3ml)\"}]},{\"@type\":\"WebSite\",\"@id\":\"https:\\\/\\\/skin-heal.com\\\/#website\",\"url\":\"https:\\\/\\\/skin-heal.com\\\/\",\"name\":\"Skin Heal\",\"description\":\"Lowest Prices for Dermal Fillers\",\"potentialAction\":[{\"@type\":\"SearchAction\",\"target\":{\"@type\":\"EntryPoint\",\"urlTemplate\":\"https:\\\/\\\/skin-heal.com\\\/?s={search_term_string}\"},\"query-input\":{\"@type\":\"PropertyValueSpecification\",\"valueRequired\":true,\"valueName\":\"search_term_string\"}}],\"inLanguage\":\"es\"}]}<\/script>\n<!-- \/ Yoast SEO plugin. -->","yoast_head_json":{"title":"Filorga NCTF 135 (5 x 3ml) - Piel sana","robots":{"index":"index","follow":"follow","max-snippet":"max-snippet:-1","max-image-preview":"max-image-preview:large","max-video-preview":"max-video-preview:-1"},"canonical":"https:\/\/skin-heal.com\/es\/producto\/filorga-nctf-135-5-x-3ml\/","og_locale":"es_MX","og_type":"article","og_title":"Filorga NCTF 135 (5 x 3ml) - Skin Heal","og_url":"https:\/\/skin-heal.com\/es\/producto\/filorga-nctf-135-5-x-3ml\/","og_site_name":"Skin Heal","article_modified_time":"2020-06-02T07:17:12+00:00","og_image":[{"width":350,"height":139,"url":"https:\/\/cdn.skin-heal.com\/wp-content\/uploads\/2018\/11\/SH-logo-3.png","type":"image\/png"}],"twitter_card":"summary_large_image","schema":{"@context":"https:\/\/schema.org","@graph":[{"@type":"WebPage","@id":"https:\/\/skin-heal.com\/product\/filorga-nctf-135-5-x-3ml\/","url":"https:\/\/skin-heal.com\/product\/filorga-nctf-135-5-x-3ml\/","name":"Filorga NCTF 135 (5 x 3ml) - Piel sana","isPartOf":{"@id":"https:\/\/skin-heal.com\/#website"},"datePublished":"2020-04-30T16:50:47+00:00","dateModified":"2020-06-02T07:17:12+00:00","breadcrumb":{"@id":"https:\/\/skin-heal.com\/product\/filorga-nctf-135-5-x-3ml\/#breadcrumb"},"inLanguage":"es","potentialAction":[{"@type":"ReadAction","target":["https:\/\/skin-heal.com\/product\/filorga-nctf-135-5-x-3ml\/"]}]},{"@type":"BreadcrumbList","@id":"https:\/\/skin-heal.com\/product\/filorga-nctf-135-5-x-3ml\/#breadcrumb","itemListElement":[{"@type":"ListItem","position":1,"name":"Home","item":"https:\/\/skin-heal.com\/"},{"@type":"ListItem","position":2,"name":"Store","item":"https:\/\/skin-heal.com\/store\/"},{"@type":"ListItem","position":3,"name":"Filorga NCTF 135 (5 x 3ml)"}]},{"@type":"WebSite","@id":"https:\/\/skin-heal.com\/#website","url":"https:\/\/skin-heal.com\/","name":"Curaci\u00f3n de la piel","description":"Los precios m\u00e1s bajos para los rellenos d\u00e9rmicos","potentialAction":[{"@type":"SearchAction","target":{"@type":"EntryPoint","urlTemplate":"https:\/\/skin-heal.com\/?s={search_term_string}"},"query-input":{"@type":"PropertyValueSpecification","valueRequired":true,"valueName":"search_term_string"}}],"inLanguage":"es"}]}},"_links":{"self":[{"href":"https:\/\/skin-heal.com\/es\/wp-json\/wp\/v2\/product\/21069","targetHints":{"allow":["GET"]}}],"collection":[{"href":"https:\/\/skin-heal.com\/es\/wp-json\/wp\/v2\/product"}],"about":[{"href":"https:\/\/skin-heal.com\/es\/wp-json\/wp\/v2\/types\/product"}],"wp:attachment":[{"href":"https:\/\/skin-heal.com\/es\/wp-json\/wp\/v2\/media?parent=21069"}],"wp:term":[{"taxonomy":"product_brand","embeddable":true,"href":"https:\/\/skin-heal.com\/es\/wp-json\/wp\/v2\/product_brand?post=21069"},{"taxonomy":"product_cat","embeddable":true,"href":"https:\/\/skin-heal.com\/es\/wp-json\/wp\/v2\/product_cat?post=21069"},{"taxonomy":"product_tag","embeddable":true,"href":"https:\/\/skin-heal.com\/es\/wp-json\/wp\/v2\/product_tag?post=21069"}],"curies":[{"name":"wp","href":"https:\/\/api.w.org\/{rel}","templated":true}]}}