{"id":21074,"date":"2020-04-30T16:50:48","date_gmt":"2020-04-30T16:50:48","guid":{"rendered":"https:\/\/skin-heal.com\/product\/revitacare-cytocare-516-10-x-5-ml\/"},"modified":"2020-06-02T07:17:12","modified_gmt":"2020-06-02T07:17:12","slug":"revitacare-cytocare-516-10-x-5-ml","status":"publish","type":"product","link":"https:\/\/skin-heal.com\/es\/producto\/revitacare-cytocare-516-10-x-5-ml\/","title":{"rendered":"Revitacare CytoCare 516 (10 x 5 ml)"},"content":{"rendered":"","protected":false},"excerpt":{"rendered":"<p>Revitacare CytoCare 516 de los Laboratorios Revitacare es un avanzado <strong>producto de mesoterapia<\/strong> que rejuvenece la piel mediante un tratamiento no invasivo. El producto puede utilizarse en la piel del cuello, la cara y el dorso de las manos de pacientes con <em>signos tempranos de envejecimiento<\/em>. Est\u00e1 especialmente indicado para la eliminaci\u00f3n de las l\u00edneas superficiales de la zona perioral y periorbital. Revitacare CytoCare 516 se basa en \u00e1cido hialur\u00f3nico no animal y en un complejo rejuvenecedor especial.<\/p>","protected":false},"featured_media":21295,"template":"","meta":[],"product_brand":[],"product_cat":[79],"product_tag":[125],"class_list":{"0":"post-21074","1":"product","2":"type-product","3":"status-publish","4":"has-post-thumbnail","6":"product_cat-dermal-fillers","7":"product_tag-backorder","8":"clearfix","10":"first","11":"onbackorder","12":"taxable","13":"shipping-taxable","14":"product-type-simple"},"yoast_head":"<!-- This site is optimized with the Yoast SEO plugin v27.4 - https:\/\/yoast.com\/product\/yoast-seo-wordpress\/ -->\n<title>Revitacare CytoCare 516 (10 x 5 ml) - Skin Heal<\/title>\n<meta name=\"description\" content=\"Revitacare CytoCare 516 rejuvenates skin that is showing early signs of aging. Quality mesotherapy solution Revitacare CytoCare 516 corrects fine lines.\" \/>\n<meta name=\"robots\" content=\"index, follow, max-snippet:-1, max-image-preview:large, max-video-preview:-1\" \/>\n<link rel=\"canonical\" href=\"https:\/\/skin-heal.com\/es\/producto\/revitacare-cytocare-516-10-x-5-ml\/\" \/>\n<meta property=\"og:locale\" content=\"es_MX\" \/>\n<meta property=\"og:type\" content=\"article\" \/>\n<meta property=\"og:title\" content=\"Revitacare CytoCare 516 (10 x 5 ml) - Skin Heal\" \/>\n<meta property=\"og:description\" content=\"Revitacare CytoCare 516 rejuvenates skin that is showing early signs of aging. Quality mesotherapy solution Revitacare CytoCare 516 corrects fine lines.\" \/>\n<meta property=\"og:url\" content=\"https:\/\/skin-heal.com\/es\/producto\/revitacare-cytocare-516-10-x-5-ml\/\" \/>\n<meta property=\"og:site_name\" content=\"Skin Heal\" \/>\n<meta property=\"article:modified_time\" content=\"2020-06-02T07:17:12+00:00\" \/>\n<meta property=\"og:image\" content=\"https:\/\/cdn.skin-heal.com\/wp-content\/uploads\/2020\/05\/Cytocare-516.jpg\" \/>\n\t<meta property=\"og:image:width\" content=\"600\" \/>\n\t<meta property=\"og:image:height\" content=\"600\" \/>\n\t<meta property=\"og:image:type\" content=\"image\/jpeg\" \/>\n<meta name=\"twitter:card\" content=\"summary_large_image\" \/>\n<script type=\"application\/ld+json\" class=\"yoast-schema-graph\">{\"@context\":\"https:\\\/\\\/schema.org\",\"@graph\":[{\"@type\":\"WebPage\",\"@id\":\"https:\\\/\\\/skin-heal.com\\\/product\\\/revitacare-cytocare-516-10-x-5-ml\\\/\",\"url\":\"https:\\\/\\\/skin-heal.com\\\/product\\\/revitacare-cytocare-516-10-x-5-ml\\\/\",\"name\":\"Revitacare CytoCare 516 (10 x 5 ml) - Skin Heal\",\"isPartOf\":{\"@id\":\"https:\\\/\\\/skin-heal.com\\\/#website\"},\"primaryImageOfPage\":{\"@id\":\"https:\\\/\\\/skin-heal.com\\\/product\\\/revitacare-cytocare-516-10-x-5-ml\\\/#primaryimage\"},\"image\":{\"@id\":\"https:\\\/\\\/skin-heal.com\\\/product\\\/revitacare-cytocare-516-10-x-5-ml\\\/#primaryimage\"},\"thumbnailUrl\":\"https:\\\/\\\/skin-heal.com\\\/wp-content\\\/uploads\\\/2020\\\/05\\\/Cytocare-516.jpg\",\"datePublished\":\"2020-04-30T16:50:48+00:00\",\"dateModified\":\"2020-06-02T07:17:12+00:00\",\"description\":\"Revitacare CytoCare 516 rejuvenates skin that is showing early signs of aging. Quality mesotherapy solution Revitacare CytoCare 516 corrects fine lines.\",\"breadcrumb\":{\"@id\":\"https:\\\/\\\/skin-heal.com\\\/product\\\/revitacare-cytocare-516-10-x-5-ml\\\/#breadcrumb\"},\"inLanguage\":\"es\",\"potentialAction\":[{\"@type\":\"ReadAction\",\"target\":[\"https:\\\/\\\/skin-heal.com\\\/product\\\/revitacare-cytocare-516-10-x-5-ml\\\/\"]}]},{\"@type\":\"ImageObject\",\"inLanguage\":\"es\",\"@id\":\"https:\\\/\\\/skin-heal.com\\\/product\\\/revitacare-cytocare-516-10-x-5-ml\\\/#primaryimage\",\"url\":\"https:\\\/\\\/skin-heal.com\\\/wp-content\\\/uploads\\\/2020\\\/05\\\/Cytocare-516.jpg\",\"contentUrl\":\"https:\\\/\\\/skin-heal.com\\\/wp-content\\\/uploads\\\/2020\\\/05\\\/Cytocare-516.jpg\",\"width\":600,\"height\":600,\"caption\":\"Cytocare 516\"},{\"@type\":\"BreadcrumbList\",\"@id\":\"https:\\\/\\\/skin-heal.com\\\/product\\\/revitacare-cytocare-516-10-x-5-ml\\\/#breadcrumb\",\"itemListElement\":[{\"@type\":\"ListItem\",\"position\":1,\"name\":\"Home\",\"item\":\"https:\\\/\\\/skin-heal.com\\\/\"},{\"@type\":\"ListItem\",\"position\":2,\"name\":\"Store\",\"item\":\"https:\\\/\\\/skin-heal.com\\\/store\\\/\"},{\"@type\":\"ListItem\",\"position\":3,\"name\":\"Revitacare CytoCare 516 (10 x 5 ml)\"}]},{\"@type\":\"WebSite\",\"@id\":\"https:\\\/\\\/skin-heal.com\\\/#website\",\"url\":\"https:\\\/\\\/skin-heal.com\\\/\",\"name\":\"Skin Heal\",\"description\":\"Lowest Prices for Dermal Fillers\",\"potentialAction\":[{\"@type\":\"SearchAction\",\"target\":{\"@type\":\"EntryPoint\",\"urlTemplate\":\"https:\\\/\\\/skin-heal.com\\\/?s={search_term_string}\"},\"query-input\":{\"@type\":\"PropertyValueSpecification\",\"valueRequired\":true,\"valueName\":\"search_term_string\"}}],\"inLanguage\":\"es\"}]}<\/script>\n<!-- \/ Yoast SEO plugin. -->","yoast_head_json":{"title":"Revitacare CytoCare 516 (10 x 5 ml) - Skin Heal","description":"Revitacare CytoCare 516 rejuvenece la piel que muestra signos precoces de envejecimiento. La soluci\u00f3n de mesoterapia de calidad Revitacare CytoCare 516 corrige las l\u00edneas de expresi\u00f3n.","robots":{"index":"index","follow":"follow","max-snippet":"max-snippet:-1","max-image-preview":"max-image-preview:large","max-video-preview":"max-video-preview:-1"},"canonical":"https:\/\/skin-heal.com\/es\/producto\/revitacare-cytocare-516-10-x-5-ml\/","og_locale":"es_MX","og_type":"article","og_title":"Revitacare CytoCare 516 (10 x 5 ml) - Skin Heal","og_description":"Revitacare CytoCare 516 rejuvenates skin that is showing early signs of aging. Quality mesotherapy solution Revitacare CytoCare 516 corrects fine lines.","og_url":"https:\/\/skin-heal.com\/es\/producto\/revitacare-cytocare-516-10-x-5-ml\/","og_site_name":"Skin Heal","article_modified_time":"2020-06-02T07:17:12+00:00","og_image":[{"width":600,"height":600,"url":"https:\/\/cdn.skin-heal.com\/wp-content\/uploads\/2020\/05\/Cytocare-516.jpg","type":"image\/jpeg"}],"twitter_card":"summary_large_image","schema":{"@context":"https:\/\/schema.org","@graph":[{"@type":"WebPage","@id":"https:\/\/skin-heal.com\/product\/revitacare-cytocare-516-10-x-5-ml\/","url":"https:\/\/skin-heal.com\/product\/revitacare-cytocare-516-10-x-5-ml\/","name":"Revitacare CytoCare 516 (10 x 5 ml) - Skin Heal","isPartOf":{"@id":"https:\/\/skin-heal.com\/#website"},"primaryImageOfPage":{"@id":"https:\/\/skin-heal.com\/product\/revitacare-cytocare-516-10-x-5-ml\/#primaryimage"},"image":{"@id":"https:\/\/skin-heal.com\/product\/revitacare-cytocare-516-10-x-5-ml\/#primaryimage"},"thumbnailUrl":"https:\/\/cdn.skin-heal.com\/wp-content\/uploads\/2020\/05\/Cytocare-516.jpg","datePublished":"2020-04-30T16:50:48+00:00","dateModified":"2020-06-02T07:17:12+00:00","description":"Revitacare CytoCare 516 rejuvenece la piel que muestra signos precoces de envejecimiento. La soluci\u00f3n de mesoterapia de calidad Revitacare CytoCare 516 corrige las l\u00edneas de expresi\u00f3n.","breadcrumb":{"@id":"https:\/\/skin-heal.com\/product\/revitacare-cytocare-516-10-x-5-ml\/#breadcrumb"},"inLanguage":"es","potentialAction":[{"@type":"ReadAction","target":["https:\/\/skin-heal.com\/product\/revitacare-cytocare-516-10-x-5-ml\/"]}]},{"@type":"ImageObject","inLanguage":"es","@id":"https:\/\/skin-heal.com\/product\/revitacare-cytocare-516-10-x-5-ml\/#primaryimage","url":"https:\/\/cdn.skin-heal.com\/wp-content\/uploads\/2020\/05\/Cytocare-516.jpg","contentUrl":"https:\/\/cdn.skin-heal.com\/wp-content\/uploads\/2020\/05\/Cytocare-516.jpg","width":600,"height":600,"caption":"Cytocare 516"},{"@type":"BreadcrumbList","@id":"https:\/\/skin-heal.com\/product\/revitacare-cytocare-516-10-x-5-ml\/#breadcrumb","itemListElement":[{"@type":"ListItem","position":1,"name":"Home","item":"https:\/\/skin-heal.com\/"},{"@type":"ListItem","position":2,"name":"Store","item":"https:\/\/skin-heal.com\/store\/"},{"@type":"ListItem","position":3,"name":"Revitacare CytoCare 516 (10 x 5 ml)"}]},{"@type":"WebSite","@id":"https:\/\/skin-heal.com\/#website","url":"https:\/\/skin-heal.com\/","name":"Curaci\u00f3n de la piel","description":"Los precios m\u00e1s bajos para los rellenos d\u00e9rmicos","potentialAction":[{"@type":"SearchAction","target":{"@type":"EntryPoint","urlTemplate":"https:\/\/skin-heal.com\/?s={search_term_string}"},"query-input":{"@type":"PropertyValueSpecification","valueRequired":true,"valueName":"search_term_string"}}],"inLanguage":"es"}]}},"_links":{"self":[{"href":"https:\/\/skin-heal.com\/es\/wp-json\/wp\/v2\/product\/21074","targetHints":{"allow":["GET"]}}],"collection":[{"href":"https:\/\/skin-heal.com\/es\/wp-json\/wp\/v2\/product"}],"about":[{"href":"https:\/\/skin-heal.com\/es\/wp-json\/wp\/v2\/types\/product"}],"wp:featuredmedia":[{"embeddable":true,"href":"https:\/\/skin-heal.com\/es\/wp-json\/wp\/v2\/media\/21295"}],"wp:attachment":[{"href":"https:\/\/skin-heal.com\/es\/wp-json\/wp\/v2\/media?parent=21074"}],"wp:term":[{"taxonomy":"product_brand","embeddable":true,"href":"https:\/\/skin-heal.com\/es\/wp-json\/wp\/v2\/product_brand?post=21074"},{"taxonomy":"product_cat","embeddable":true,"href":"https:\/\/skin-heal.com\/es\/wp-json\/wp\/v2\/product_cat?post=21074"},{"taxonomy":"product_tag","embeddable":true,"href":"https:\/\/skin-heal.com\/es\/wp-json\/wp\/v2\/product_tag?post=21074"}],"curies":[{"name":"wp","href":"https:\/\/api.w.org\/{rel}","templated":true}]}}